{"id":5184,"date":"2025-04-28T11:06:29","date_gmt":"2025-04-28T09:06:29","guid":{"rendered":"https:\/\/art-bijoux.com\/?post_type=product&#038;p=5184"},"modified":"2025-04-28T11:16:36","modified_gmt":"2025-04-28T09:16:36","slug":"pendentif-verre-grisaille-oiseau-2","status":"publish","type":"product","link":"https:\/\/art-bijoux.com\/en\/boutique\/pendentif-verre-grisaille-oiseau-2\/","title":{"rendered":"L\u2019\u00c9chassier &#8211; Pendentif unique en verre antique peint \u00e0 la grisaille"},"content":{"rendered":"<figure id=\"attachment_5187\" aria-describedby=\"caption-attachment-5187\" style=\"width: 153px\" class=\"wp-caption alignleft\"><img decoding=\"async\" class=\"size-medium wp-image-5187\" src=\"https:\/\/art-bijoux.com\/wp-content\/uploads\/2025\/04\/Enluminure-9-Echassier-153x300.jpg\" alt=\"Pendentif Echassier vertical \u00e0 la grisaille sur verre antique\" width=\"153\" height=\"300\" srcset=\"https:\/\/art-bijoux.com\/wp-content\/uploads\/2025\/04\/Enluminure-9-Echassier-153x300.jpg 153w, https:\/\/art-bijoux.com\/wp-content\/uploads\/2025\/04\/Enluminure-9-Echassier-521x1024.jpg 521w, https:\/\/art-bijoux.com\/wp-content\/uploads\/2025\/04\/Enluminure-9-Echassier-768x1509.jpg 768w, https:\/\/art-bijoux.com\/wp-content\/uploads\/2025\/04\/Enluminure-9-Echassier-782x1536.jpg 782w, https:\/\/art-bijoux.com\/wp-content\/uploads\/2025\/04\/Enluminure-9-Echassier-600x1179.jpg 600w, https:\/\/art-bijoux.com\/wp-content\/uploads\/2025\/04\/Enluminure-9-Echassier.jpg 977w\" sizes=\"(max-width: 153px) 100vw, 153px\" \/><figcaption id=\"caption-attachment-5187\" class=\"wp-caption-text\">Pendentif \u00c9chassier vertical \u00e0 la grisaille sur verre antique<\/figcaption><\/figure>\n<p data-pm-slice=\"1 1 []\">Chaque bijou de cette s\u00e9rie unique est mont\u00e9 sur un rectangle de m\u00e9tal de 1,2 cm par 6 cm, inspir\u00e9 par les marges des livre m\u00e9di\u00e9vaux enlumin\u00e9s. Le d\u00e9cor est peint sur des verres antiques souffl\u00e9s \u00e0 la bouche, r\u00e9cup\u00e9r\u00e9s lors de restaurations de vitraux d\u2019\u00e9glises. Ces verres sont riches en bulles d\u2019air et en irr\u00e9gularit\u00e9s, marques pr\u00e9cieuses du travail artisanal du souffleur de verre. Sur chaque pi\u00e8ce, j\u2019ai peint \u00e0 la main une miniature inspir\u00e9e des enluminures m\u00e9di\u00e9vales, \u00e0 la grisaille, technique en usage d\u00e8s le XIIe si\u00e8cle. Les teintes dominantes sont des bruns typiques, rehauss\u00e9s parfois d\u2019un trait de bleu, de rouge, de jaune ou de vert.<\/p>\n<p data-pm-slice=\"1 1 [&quot;ordered_list&quot;,{&quot;spread&quot;:true,&quot;startingNumber&quot;:1,&quot;start&quot;:688,&quot;end&quot;:3692},&quot;regular_list_item&quot;,{&quot;start&quot;:946,&quot;end&quot;:1254}]\">Pendentif L\u2019\u00c9chassier :<\/p>\n<p data-pm-slice=\"1 1 [&quot;ordered_list&quot;,{&quot;spread&quot;:true,&quot;startingNumber&quot;:1,&quot;start&quot;:688,&quot;end&quot;:3692},&quot;regular_list_item&quot;,{&quot;start&quot;:688,&quot;end&quot;:944}]\">Un oiseau finement peint en nuances de brun XIe, au plumage d\u00e9taill\u00e9, repose sur ses longues jambes jaune. Son long cou, sa fine t\u00eate et son bec conf\u00e9rent \u00e0 ce bijou une sensation d&#8217;intimit\u00e9 dans des couleurs d&#8217;automne.<\/p>\n","protected":false},"excerpt":{"rendered":"<p>Un oiseau finement peint en brun, au plumage d\u00e9taill\u00e9, repose sur ses longues jambes . Son long cou, sa fine t\u00eate et son bec rappellent l&#8217;automne.<\/p>\n","protected":false},"featured_media":5189,"comment_status":"open","ping_status":"closed","template":"","meta":[],"product_brand":[],"product_cat":[287],"product_tag":[52,293,26],"class_list":{"0":"post-5184","1":"product","2":"type-product","3":"status-publish","4":"has-post-thumbnail","6":"product_cat-verre-peint-grisaille-antique","7":"product_tag-portrait-animal","8":"product_tag-oiseau-peinture","9":"product_tag-pendentif-verre","10":"pa_bijou-pendentif","12":"first","13":"instock","14":"purchasable","15":"product-type-simple"},"_links":{"self":[{"href":"https:\/\/art-bijoux.com\/en\/wp-json\/wp\/v2\/product\/5184","targetHints":{"allow":["GET"]}}],"collection":[{"href":"https:\/\/art-bijoux.com\/en\/wp-json\/wp\/v2\/product"}],"about":[{"href":"https:\/\/art-bijoux.com\/en\/wp-json\/wp\/v2\/types\/product"}],"replies":[{"embeddable":true,"href":"https:\/\/art-bijoux.com\/en\/wp-json\/wp\/v2\/comments?post=5184"}],"version-history":[{"count":0,"href":"https:\/\/art-bijoux.com\/en\/wp-json\/wp\/v2\/product\/5184\/revisions"}],"wp:featuredmedia":[{"embeddable":true,"href":"https:\/\/art-bijoux.com\/en\/wp-json\/wp\/v2\/media\/5189"}],"wp:attachment":[{"href":"https:\/\/art-bijoux.com\/en\/wp-json\/wp\/v2\/media?parent=5184"}],"wp:term":[{"taxonomy":"product_brand","embeddable":true,"href":"https:\/\/art-bijoux.com\/en\/wp-json\/wp\/v2\/product_brand?post=5184"},{"taxonomy":"product_cat","embeddable":true,"href":"https:\/\/art-bijoux.com\/en\/wp-json\/wp\/v2\/product_cat?post=5184"},{"taxonomy":"product_tag","embeddable":true,"href":"https:\/\/art-bijoux.com\/en\/wp-json\/wp\/v2\/product_tag?post=5184"}],"curies":[{"name":"wp","href":"https:\/\/api.w.org\/{rel}","templated":true}]}}