{"id":5220,"date":"2025-05-06T14:27:36","date_gmt":"2025-05-06T12:27:36","guid":{"rendered":"https:\/\/art-bijoux.com\/?post_type=product&#038;p=5220"},"modified":"2025-05-06T14:27:36","modified_gmt":"2025-05-06T12:27:36","slug":"tableau-arbre-ecorce-pin","status":"publish","type":"product","link":"https:\/\/art-bijoux.com\/en\/boutique\/tableau-arbre-ecorce-pin\/","title":{"rendered":"\u00c9crit avec des aiguilles de pin &#8211; tableau encres sur papier d&#8217;\u00e9corce"},"content":{"rendered":"<figure id=\"attachment_5221\" aria-describedby=\"caption-attachment-5221\" style=\"width: 300px\" class=\"wp-caption alignleft\"><img fetchpriority=\"high\" decoding=\"async\" class=\"size-medium wp-image-5221\" src=\"https:\/\/art-bijoux.com\/wp-content\/uploads\/2025\/05\/Ecrits-avec-des-aiguilles-d-300x286.jpg\" alt=\"\u00c9crit avec des aiguilles de pin, encres sur papier d'\u00e9corce\" width=\"300\" height=\"286\" srcset=\"https:\/\/art-bijoux.com\/wp-content\/uploads\/2025\/05\/Ecrits-avec-des-aiguilles-d-300x286.jpg 300w, https:\/\/art-bijoux.com\/wp-content\/uploads\/2025\/05\/Ecrits-avec-des-aiguilles-d.jpg 500w\" sizes=\"(max-width: 300px) 100vw, 300px\" \/><figcaption id=\"caption-attachment-5221\" class=\"wp-caption-text\">\u00c9crit avec des aiguilles de pin, encres sur papier d&#8217;\u00e9corce<\/figcaption><\/figure>\n<p>Tableau unique peint \u00e0 l&#8217;encre sur papier d&#8217;\u00e9corce, rehauss\u00e9 de feuille d&#8217;or<\/p>\n","protected":false},"excerpt":{"rendered":"<p>Tableau peint \u00e0 l&#8217;encre sur papier d&#8217;\u00e9corce, rehauss\u00e9 de feuille d&#8217;or, repr\u00e9sentant un pin et des \u00e9critures imaginaires d&#8217;inspiration chinois m\u00e9di\u00e9val.<\/p>\n","protected":false},"featured_media":5225,"comment_status":"open","ping_status":"closed","template":"","meta":[],"product_brand":[],"product_cat":[297,197,296,24],"product_tag":[198,221],"class_list":{"0":"post-5220","1":"product","2":"type-product","3":"status-publish","4":"has-post-thumbnail","6":"product_cat-encre-peinture-papierecorce","7":"product_cat-feuille-doree","8":"product_cat-papierecorce-peinture-encre","9":"product_cat-diversite-oeuvres-art","10":"product_tag-feuille-doree","11":"product_tag-tableau","12":"pa_tableau-papier-decorce","14":"first","15":"instock","16":"purchasable","17":"product-type-simple"},"yoast_head":"<!-- This site is optimized with the Yoast SEO plugin v27.4 - https:\/\/yoast.com\/product\/yoast-seo-wordpress\/ -->\n<title>\u00c9crit avec des aiguilles de pin - tableau encres sur papier d&#039;\u00e9corce - art-bijoux<\/title>\n<meta name=\"description\" content=\"Tableau peint \u00e0 l&#039;encre sur papier d&#039;\u00e9corce, rehauss\u00e9 de feuille d&#039;or, repr\u00e9sentant un pin et des \u00e9critures imaginaires d&#039;inspiration chinois m\u00e9di\u00e9val.\" \/>\n<meta name=\"robots\" content=\"index, follow, max-snippet:-1, max-image-preview:large, max-video-preview:-1\" \/>\n<link rel=\"canonical\" href=\"https:\/\/art-bijoux.com\/en\/boutique\/tableau-arbre-ecorce-pin\/\" \/>\n<meta property=\"og:locale\" content=\"en_US\" \/>\n<meta property=\"og:type\" content=\"article\" \/>\n<meta property=\"og:title\" content=\"\u00c9crit avec des aiguilles de pin - tableau encres sur papier d&#039;\u00e9corce - art-bijoux\" \/>\n<meta property=\"og:description\" content=\"Tableau peint \u00e0 l&#039;encre sur papier d&#039;\u00e9corce, rehauss\u00e9 de feuille d&#039;or, repr\u00e9sentant un pin et des \u00e9critures imaginaires d&#039;inspiration chinois m\u00e9di\u00e9val.\" \/>\n<meta property=\"og:url\" content=\"https:\/\/art-bijoux.com\/en\/boutique\/tableau-arbre-ecorce-pin\/\" \/>\n<meta property=\"og:site_name\" content=\"art-bijoux\" \/>\n<meta property=\"og:image\" content=\"https:\/\/art-bijoux.com\/wp-content\/uploads\/2025\/05\/Aiguilles-de-pin-1.jpg\" \/>\n\t<meta property=\"og:image:width\" content=\"1080\" \/>\n\t<meta property=\"og:image:height\" content=\"1920\" \/>\n\t<meta property=\"og:image:type\" content=\"image\/jpeg\" \/>\n<meta name=\"twitter:card\" content=\"summary_large_image\" \/>\n<meta name=\"twitter:label1\" content=\"Est. reading time\" \/>\n\t<meta name=\"twitter:data1\" content=\"1 minute\" \/>\n<script type=\"application\/ld+json\" class=\"yoast-schema-graph\">{\"@context\":\"https:\\\/\\\/schema.org\",\"@graph\":[{\"@type\":\"WebPage\",\"@id\":\"https:\\\/\\\/art-bijoux.com\\\/en\\\/boutique\\\/tableau-arbre-ecorce-pin\\\/\",\"url\":\"https:\\\/\\\/art-bijoux.com\\\/en\\\/boutique\\\/tableau-arbre-ecorce-pin\\\/\",\"name\":\"\u00c9crit avec des aiguilles de pin - tableau encres sur papier d'\u00e9corce - art-bijoux\",\"isPartOf\":{\"@id\":\"https:\\\/\\\/art-bijoux.com\\\/en\\\/#website\"},\"primaryImageOfPage\":{\"@id\":\"https:\\\/\\\/art-bijoux.com\\\/en\\\/boutique\\\/tableau-arbre-ecorce-pin\\\/#primaryimage\"},\"image\":{\"@id\":\"https:\\\/\\\/art-bijoux.com\\\/en\\\/boutique\\\/tableau-arbre-ecorce-pin\\\/#primaryimage\"},\"thumbnailUrl\":\"https:\\\/\\\/art-bijoux.com\\\/wp-content\\\/uploads\\\/2025\\\/05\\\/Aiguilles-de-pin-1.jpg\",\"datePublished\":\"2025-05-06T12:27:36+00:00\",\"description\":\"Tableau peint \u00e0 l'encre sur papier d'\u00e9corce, rehauss\u00e9 de feuille d'or, repr\u00e9sentant un pin et des \u00e9critures imaginaires d'inspiration chinois m\u00e9di\u00e9val.\",\"breadcrumb\":{\"@id\":\"https:\\\/\\\/art-bijoux.com\\\/en\\\/boutique\\\/tableau-arbre-ecorce-pin\\\/#breadcrumb\"},\"inLanguage\":\"en-US\",\"potentialAction\":[{\"@type\":\"ReadAction\",\"target\":[\"https:\\\/\\\/art-bijoux.com\\\/en\\\/boutique\\\/tableau-arbre-ecorce-pin\\\/\"]}]},{\"@type\":\"ImageObject\",\"inLanguage\":\"en-US\",\"@id\":\"https:\\\/\\\/art-bijoux.com\\\/en\\\/boutique\\\/tableau-arbre-ecorce-pin\\\/#primaryimage\",\"url\":\"https:\\\/\\\/art-bijoux.com\\\/wp-content\\\/uploads\\\/2025\\\/05\\\/Aiguilles-de-pin-1.jpg\",\"contentUrl\":\"https:\\\/\\\/art-bijoux.com\\\/wp-content\\\/uploads\\\/2025\\\/05\\\/Aiguilles-de-pin-1.jpg\",\"width\":1080,\"height\":1920,\"caption\":\"\u00c9crit avec des aiguilles de pin, encres sur papier d'\u00e9corce\"},{\"@type\":\"BreadcrumbList\",\"@id\":\"https:\\\/\\\/art-bijoux.com\\\/en\\\/boutique\\\/tableau-arbre-ecorce-pin\\\/#breadcrumb\",\"itemListElement\":[{\"@type\":\"ListItem\",\"position\":1,\"name\":\"Accueil\",\"item\":\"https:\\\/\\\/art-bijoux.com\\\/en\\\/home\\\/\"},{\"@type\":\"ListItem\",\"position\":2,\"name\":\"Shop\",\"item\":\"https:\\\/\\\/art-bijoux.com\\\/en\\\/shop\\\/\"},{\"@type\":\"ListItem\",\"position\":3,\"name\":\"\u00c9crit avec des aiguilles de pin &#8211; tableau encres sur papier d&rsquo;\u00e9corce\"}]},{\"@type\":\"WebSite\",\"@id\":\"https:\\\/\\\/art-bijoux.com\\\/en\\\/#website\",\"url\":\"https:\\\/\\\/art-bijoux.com\\\/en\\\/\",\"name\":\"art-bijoux\",\"description\":\"Osez porter \\\/ offrir un vitrail unique \u00e0 prix abordable\",\"publisher\":{\"@id\":\"https:\\\/\\\/art-bijoux.com\\\/en\\\/#organization\"},\"potentialAction\":[{\"@type\":\"SearchAction\",\"target\":{\"@type\":\"EntryPoint\",\"urlTemplate\":\"https:\\\/\\\/art-bijoux.com\\\/en\\\/?s={search_term_string}\"},\"query-input\":{\"@type\":\"PropertyValueSpecification\",\"valueRequired\":true,\"valueName\":\"search_term_string\"}}],\"inLanguage\":\"en-US\"},{\"@type\":\"Organization\",\"@id\":\"https:\\\/\\\/art-bijoux.com\\\/en\\\/#organization\",\"name\":\"art-bijoux\",\"url\":\"https:\\\/\\\/art-bijoux.com\\\/en\\\/\",\"logo\":{\"@type\":\"ImageObject\",\"inLanguage\":\"en-US\",\"@id\":\"https:\\\/\\\/art-bijoux.com\\\/en\\\/#\\\/schema\\\/logo\\\/image\\\/\",\"url\":\"https:\\\/\\\/art-bijoux.com\\\/wp-content\\\/uploads\\\/2024\\\/06\\\/Art-Bijoux-Logo-Small.png\",\"contentUrl\":\"https:\\\/\\\/art-bijoux.com\\\/wp-content\\\/uploads\\\/2024\\\/06\\\/Art-Bijoux-Logo-Small.png\",\"width\":722,\"height\":137,\"caption\":\"art-bijoux\"},\"image\":{\"@id\":\"https:\\\/\\\/art-bijoux.com\\\/en\\\/#\\\/schema\\\/logo\\\/image\\\/\"}}]}<\/script>\n<!-- \/ Yoast SEO plugin. -->","yoast_head_json":{"title":"\u00c9crit avec des aiguilles de pin - tableau encres sur papier d'\u00e9corce - art-bijoux","description":"Tableau peint \u00e0 l'encre sur papier d'\u00e9corce, rehauss\u00e9 de feuille d'or, repr\u00e9sentant un pin et des \u00e9critures imaginaires d'inspiration chinois m\u00e9di\u00e9val.","robots":{"index":"index","follow":"follow","max-snippet":"max-snippet:-1","max-image-preview":"max-image-preview:large","max-video-preview":"max-video-preview:-1"},"canonical":"https:\/\/art-bijoux.com\/en\/boutique\/tableau-arbre-ecorce-pin\/","og_locale":"en_US","og_type":"article","og_title":"\u00c9crit avec des aiguilles de pin - tableau encres sur papier d'\u00e9corce - art-bijoux","og_description":"Tableau peint \u00e0 l'encre sur papier d'\u00e9corce, rehauss\u00e9 de feuille d'or, repr\u00e9sentant un pin et des \u00e9critures imaginaires d'inspiration chinois m\u00e9di\u00e9val.","og_url":"https:\/\/art-bijoux.com\/en\/boutique\/tableau-arbre-ecorce-pin\/","og_site_name":"art-bijoux","og_image":[{"width":1080,"height":1920,"url":"https:\/\/art-bijoux.com\/wp-content\/uploads\/2025\/05\/Aiguilles-de-pin-1.jpg","type":"image\/jpeg"}],"twitter_card":"summary_large_image","twitter_misc":{"Est. reading time":"1 minute"},"schema":{"@context":"https:\/\/schema.org","@graph":[{"@type":"WebPage","@id":"https:\/\/art-bijoux.com\/en\/boutique\/tableau-arbre-ecorce-pin\/","url":"https:\/\/art-bijoux.com\/en\/boutique\/tableau-arbre-ecorce-pin\/","name":"\u00c9crit avec des aiguilles de pin - tableau encres sur papier d'\u00e9corce - art-bijoux","isPartOf":{"@id":"https:\/\/art-bijoux.com\/en\/#website"},"primaryImageOfPage":{"@id":"https:\/\/art-bijoux.com\/en\/boutique\/tableau-arbre-ecorce-pin\/#primaryimage"},"image":{"@id":"https:\/\/art-bijoux.com\/en\/boutique\/tableau-arbre-ecorce-pin\/#primaryimage"},"thumbnailUrl":"https:\/\/art-bijoux.com\/wp-content\/uploads\/2025\/05\/Aiguilles-de-pin-1.jpg","datePublished":"2025-05-06T12:27:36+00:00","description":"Tableau peint \u00e0 l'encre sur papier d'\u00e9corce, rehauss\u00e9 de feuille d'or, repr\u00e9sentant un pin et des \u00e9critures imaginaires d'inspiration chinois m\u00e9di\u00e9val.","breadcrumb":{"@id":"https:\/\/art-bijoux.com\/en\/boutique\/tableau-arbre-ecorce-pin\/#breadcrumb"},"inLanguage":"en-US","potentialAction":[{"@type":"ReadAction","target":["https:\/\/art-bijoux.com\/en\/boutique\/tableau-arbre-ecorce-pin\/"]}]},{"@type":"ImageObject","inLanguage":"en-US","@id":"https:\/\/art-bijoux.com\/en\/boutique\/tableau-arbre-ecorce-pin\/#primaryimage","url":"https:\/\/art-bijoux.com\/wp-content\/uploads\/2025\/05\/Aiguilles-de-pin-1.jpg","contentUrl":"https:\/\/art-bijoux.com\/wp-content\/uploads\/2025\/05\/Aiguilles-de-pin-1.jpg","width":1080,"height":1920,"caption":"\u00c9crit avec des aiguilles de pin, encres sur papier d'\u00e9corce"},{"@type":"BreadcrumbList","@id":"https:\/\/art-bijoux.com\/en\/boutique\/tableau-arbre-ecorce-pin\/#breadcrumb","itemListElement":[{"@type":"ListItem","position":1,"name":"Accueil","item":"https:\/\/art-bijoux.com\/en\/home\/"},{"@type":"ListItem","position":2,"name":"Shop","item":"https:\/\/art-bijoux.com\/en\/shop\/"},{"@type":"ListItem","position":3,"name":"\u00c9crit avec des aiguilles de pin &#8211; tableau encres sur papier d&rsquo;\u00e9corce"}]},{"@type":"WebSite","@id":"https:\/\/art-bijoux.com\/en\/#website","url":"https:\/\/art-bijoux.com\/en\/","name":"art-bijoux","description":"Osez porter \/ offrir un vitrail unique \u00e0 prix abordable","publisher":{"@id":"https:\/\/art-bijoux.com\/en\/#organization"},"potentialAction":[{"@type":"SearchAction","target":{"@type":"EntryPoint","urlTemplate":"https:\/\/art-bijoux.com\/en\/?s={search_term_string}"},"query-input":{"@type":"PropertyValueSpecification","valueRequired":true,"valueName":"search_term_string"}}],"inLanguage":"en-US"},{"@type":"Organization","@id":"https:\/\/art-bijoux.com\/en\/#organization","name":"art-bijoux","url":"https:\/\/art-bijoux.com\/en\/","logo":{"@type":"ImageObject","inLanguage":"en-US","@id":"https:\/\/art-bijoux.com\/en\/#\/schema\/logo\/image\/","url":"https:\/\/art-bijoux.com\/wp-content\/uploads\/2024\/06\/Art-Bijoux-Logo-Small.png","contentUrl":"https:\/\/art-bijoux.com\/wp-content\/uploads\/2024\/06\/Art-Bijoux-Logo-Small.png","width":722,"height":137,"caption":"art-bijoux"},"image":{"@id":"https:\/\/art-bijoux.com\/en\/#\/schema\/logo\/image\/"}}]}},"_links":{"self":[{"href":"https:\/\/art-bijoux.com\/en\/wp-json\/wp\/v2\/product\/5220","targetHints":{"allow":["GET"]}}],"collection":[{"href":"https:\/\/art-bijoux.com\/en\/wp-json\/wp\/v2\/product"}],"about":[{"href":"https:\/\/art-bijoux.com\/en\/wp-json\/wp\/v2\/types\/product"}],"replies":[{"embeddable":true,"href":"https:\/\/art-bijoux.com\/en\/wp-json\/wp\/v2\/comments?post=5220"}],"version-history":[{"count":0,"href":"https:\/\/art-bijoux.com\/en\/wp-json\/wp\/v2\/product\/5220\/revisions"}],"wp:featuredmedia":[{"embeddable":true,"href":"https:\/\/art-bijoux.com\/en\/wp-json\/wp\/v2\/media\/5225"}],"wp:attachment":[{"href":"https:\/\/art-bijoux.com\/en\/wp-json\/wp\/v2\/media?parent=5220"}],"wp:term":[{"taxonomy":"product_brand","embeddable":true,"href":"https:\/\/art-bijoux.com\/en\/wp-json\/wp\/v2\/product_brand?post=5220"},{"taxonomy":"product_cat","embeddable":true,"href":"https:\/\/art-bijoux.com\/en\/wp-json\/wp\/v2\/product_cat?post=5220"},{"taxonomy":"product_tag","embeddable":true,"href":"https:\/\/art-bijoux.com\/en\/wp-json\/wp\/v2\/product_tag?post=5220"}],"curies":[{"name":"wp","href":"https:\/\/api.w.org\/{rel}","templated":true}]}}