{"id":5227,"date":"2025-05-06T14:37:07","date_gmt":"2025-05-06T12:37:07","guid":{"rendered":"https:\/\/art-bijoux.com\/?post_type=product&#038;p=5227"},"modified":"2025-05-06T14:37:08","modified_gmt":"2025-05-06T12:37:08","slug":"tableau-tigres-virelangue-encre-ecorce","status":"publish","type":"product","link":"https:\/\/art-bijoux.com\/en\/boutique\/tableau-tigres-virelangue-encre-ecorce\/","title":{"rendered":"Tres tristes tigres &#8211; encres sur papier d&#8217;\u00e9corce"},"content":{"rendered":"<figure id=\"attachment_5228\" aria-describedby=\"caption-attachment-5228\" style=\"width: 300px\" class=\"wp-caption alignleft\"><img fetchpriority=\"high\" decoding=\"async\" class=\"size-medium wp-image-5228\" src=\"https:\/\/art-bijoux.com\/wp-content\/uploads\/2025\/05\/Trestigres1-300x225.jpg\" alt=\"Tres tristes tigres, encre sur papier d'\u00e9corce\" width=\"300\" height=\"225\" srcset=\"https:\/\/art-bijoux.com\/wp-content\/uploads\/2025\/05\/Trestigres1-300x225.jpg 300w, https:\/\/art-bijoux.com\/wp-content\/uploads\/2025\/05\/Trestigres1-1024x768.jpg 1024w, https:\/\/art-bijoux.com\/wp-content\/uploads\/2025\/05\/Trestigres1-768x576.jpg 768w, https:\/\/art-bijoux.com\/wp-content\/uploads\/2025\/05\/Trestigres1-1536x1152.jpg 1536w, https:\/\/art-bijoux.com\/wp-content\/uploads\/2025\/05\/Trestigres1-2048x1536.jpg 2048w, https:\/\/art-bijoux.com\/wp-content\/uploads\/2025\/05\/Trestigres1-600x450.jpg 600w\" sizes=\"(max-width: 300px) 100vw, 300px\" \/><figcaption id=\"caption-attachment-5228\" class=\"wp-caption-text\">Tres tristes tigres, encre sur papier d&#8217;\u00e9corce<\/figcaption><\/figure>\n<p>Tableau repr\u00e9sentant un Trabalengua, virelangue en espagnol : Trois tristes tigres ont aval\u00e9 3 \u00e9pis de bl\u00e9!<\/p>\n<p>Encres sur papier d&#8217;\u00e9corce rehauss\u00e9 \u00e0 la feuille d&#8217;or.<\/p>\n<p>&nbsp;<\/p>\n","protected":false},"excerpt":{"rendered":"<p>Tableau repr\u00e9sentant un virelangue en espagnol : Trois tristes tigres ont aval\u00e9 3 \u00e9pis de bl\u00e9 ! Encres sur papier d&#8217;\u00e9corce rehauss\u00e9 \u00e0 la feuille d&#8217;or.<\/p>\n","protected":false},"featured_media":5230,"comment_status":"open","ping_status":"closed","template":"","meta":[],"product_brand":[],"product_cat":[297,296,24],"product_tag":[52,198,224,221],"class_list":{"0":"post-5227","1":"product","2":"type-product","3":"status-publish","4":"has-post-thumbnail","6":"product_cat-encre-peinture-papierecorce","7":"product_cat-papierecorce-peinture-encre","8":"product_cat-diversite-oeuvres-art","9":"product_tag-portrait-animal","10":"product_tag-feuille-doree","11":"product_tag-portrait-animalier","12":"product_tag-tableau","13":"pa_tableau-papier-decorce","15":"first","16":"instock","17":"purchasable","18":"product-type-simple"},"yoast_head":"<!-- This site is optimized with the Yoast SEO plugin v27.4 - https:\/\/yoast.com\/product\/yoast-seo-wordpress\/ -->\n<title>Tres tristes tigres - encres sur papier d&#039;\u00e9corce - art-bijoux<\/title>\n<meta name=\"description\" content=\"Tableau repr\u00e9sentant un virelangue en espagnol : Trois tristes tigres ont aval\u00e9 3 \u00e9pis de bl\u00e9 ! Encres sur papier d&#039;\u00e9corce rehauss\u00e9 \u00e0 la feuille d&#039;or.\" \/>\n<meta name=\"robots\" content=\"index, follow, max-snippet:-1, max-image-preview:large, max-video-preview:-1\" \/>\n<link rel=\"canonical\" href=\"https:\/\/art-bijoux.com\/en\/boutique\/tableau-tigres-virelangue-encre-ecorce\/\" \/>\n<meta property=\"og:locale\" content=\"en_US\" \/>\n<meta property=\"og:type\" content=\"article\" \/>\n<meta property=\"og:title\" content=\"Tres tristes tigres - encres sur papier d&#039;\u00e9corce - art-bijoux\" \/>\n<meta property=\"og:description\" content=\"Tableau repr\u00e9sentant un virelangue en espagnol : Trois tristes tigres ont aval\u00e9 3 \u00e9pis de bl\u00e9 ! Encres sur papier d&#039;\u00e9corce rehauss\u00e9 \u00e0 la feuille d&#039;or.\" \/>\n<meta property=\"og:url\" content=\"https:\/\/art-bijoux.com\/en\/boutique\/tableau-tigres-virelangue-encre-ecorce\/\" \/>\n<meta property=\"og:site_name\" content=\"art-bijoux\" \/>\n<meta property=\"article:modified_time\" content=\"2025-05-06T12:37:08+00:00\" \/>\n<meta property=\"og:image\" content=\"https:\/\/art-bijoux.com\/wp-content\/uploads\/2025\/05\/Trbalengua-3-tristes-tigres-avec-pattes.jpg\" \/>\n\t<meta property=\"og:image:width\" content=\"1080\" \/>\n\t<meta property=\"og:image:height\" content=\"1920\" \/>\n\t<meta property=\"og:image:type\" content=\"image\/jpeg\" \/>\n<meta name=\"twitter:card\" content=\"summary_large_image\" \/>\n<meta name=\"twitter:label1\" content=\"Est. reading time\" \/>\n\t<meta name=\"twitter:data1\" content=\"1 minute\" \/>\n<script type=\"application\/ld+json\" class=\"yoast-schema-graph\">{\"@context\":\"https:\\\/\\\/schema.org\",\"@graph\":[{\"@type\":\"WebPage\",\"@id\":\"https:\\\/\\\/art-bijoux.com\\\/en\\\/boutique\\\/tableau-tigres-virelangue-encre-ecorce\\\/\",\"url\":\"https:\\\/\\\/art-bijoux.com\\\/en\\\/boutique\\\/tableau-tigres-virelangue-encre-ecorce\\\/\",\"name\":\"Tres tristes tigres - encres sur papier d'\u00e9corce - art-bijoux\",\"isPartOf\":{\"@id\":\"https:\\\/\\\/art-bijoux.com\\\/en\\\/#website\"},\"primaryImageOfPage\":{\"@id\":\"https:\\\/\\\/art-bijoux.com\\\/en\\\/boutique\\\/tableau-tigres-virelangue-encre-ecorce\\\/#primaryimage\"},\"image\":{\"@id\":\"https:\\\/\\\/art-bijoux.com\\\/en\\\/boutique\\\/tableau-tigres-virelangue-encre-ecorce\\\/#primaryimage\"},\"thumbnailUrl\":\"https:\\\/\\\/art-bijoux.com\\\/wp-content\\\/uploads\\\/2025\\\/05\\\/Trbalengua-3-tristes-tigres-avec-pattes.jpg\",\"datePublished\":\"2025-05-06T12:37:07+00:00\",\"dateModified\":\"2025-05-06T12:37:08+00:00\",\"description\":\"Tableau repr\u00e9sentant un virelangue en espagnol : Trois tristes tigres ont aval\u00e9 3 \u00e9pis de bl\u00e9 ! Encres sur papier d'\u00e9corce rehauss\u00e9 \u00e0 la feuille d'or.\",\"breadcrumb\":{\"@id\":\"https:\\\/\\\/art-bijoux.com\\\/en\\\/boutique\\\/tableau-tigres-virelangue-encre-ecorce\\\/#breadcrumb\"},\"inLanguage\":\"en-US\",\"potentialAction\":[{\"@type\":\"ReadAction\",\"target\":[\"https:\\\/\\\/art-bijoux.com\\\/en\\\/boutique\\\/tableau-tigres-virelangue-encre-ecorce\\\/\"]}]},{\"@type\":\"ImageObject\",\"inLanguage\":\"en-US\",\"@id\":\"https:\\\/\\\/art-bijoux.com\\\/en\\\/boutique\\\/tableau-tigres-virelangue-encre-ecorce\\\/#primaryimage\",\"url\":\"https:\\\/\\\/art-bijoux.com\\\/wp-content\\\/uploads\\\/2025\\\/05\\\/Trbalengua-3-tristes-tigres-avec-pattes.jpg\",\"contentUrl\":\"https:\\\/\\\/art-bijoux.com\\\/wp-content\\\/uploads\\\/2025\\\/05\\\/Trbalengua-3-tristes-tigres-avec-pattes.jpg\",\"width\":1080,\"height\":1920,\"caption\":\"3 tristes tigres, encre sur papier d'\u00e9corce\"},{\"@type\":\"BreadcrumbList\",\"@id\":\"https:\\\/\\\/art-bijoux.com\\\/en\\\/boutique\\\/tableau-tigres-virelangue-encre-ecorce\\\/#breadcrumb\",\"itemListElement\":[{\"@type\":\"ListItem\",\"position\":1,\"name\":\"Accueil\",\"item\":\"https:\\\/\\\/art-bijoux.com\\\/en\\\/home\\\/\"},{\"@type\":\"ListItem\",\"position\":2,\"name\":\"Shop\",\"item\":\"https:\\\/\\\/art-bijoux.com\\\/en\\\/shop\\\/\"},{\"@type\":\"ListItem\",\"position\":3,\"name\":\"Tres tristes tigres &#8211; encres sur papier d&rsquo;\u00e9corce\"}]},{\"@type\":\"WebSite\",\"@id\":\"https:\\\/\\\/art-bijoux.com\\\/en\\\/#website\",\"url\":\"https:\\\/\\\/art-bijoux.com\\\/en\\\/\",\"name\":\"art-bijoux\",\"description\":\"Osez porter \\\/ offrir un vitrail unique \u00e0 prix abordable\",\"publisher\":{\"@id\":\"https:\\\/\\\/art-bijoux.com\\\/en\\\/#organization\"},\"potentialAction\":[{\"@type\":\"SearchAction\",\"target\":{\"@type\":\"EntryPoint\",\"urlTemplate\":\"https:\\\/\\\/art-bijoux.com\\\/en\\\/?s={search_term_string}\"},\"query-input\":{\"@type\":\"PropertyValueSpecification\",\"valueRequired\":true,\"valueName\":\"search_term_string\"}}],\"inLanguage\":\"en-US\"},{\"@type\":\"Organization\",\"@id\":\"https:\\\/\\\/art-bijoux.com\\\/en\\\/#organization\",\"name\":\"art-bijoux\",\"url\":\"https:\\\/\\\/art-bijoux.com\\\/en\\\/\",\"logo\":{\"@type\":\"ImageObject\",\"inLanguage\":\"en-US\",\"@id\":\"https:\\\/\\\/art-bijoux.com\\\/en\\\/#\\\/schema\\\/logo\\\/image\\\/\",\"url\":\"https:\\\/\\\/art-bijoux.com\\\/wp-content\\\/uploads\\\/2024\\\/06\\\/Art-Bijoux-Logo-Small.png\",\"contentUrl\":\"https:\\\/\\\/art-bijoux.com\\\/wp-content\\\/uploads\\\/2024\\\/06\\\/Art-Bijoux-Logo-Small.png\",\"width\":722,\"height\":137,\"caption\":\"art-bijoux\"},\"image\":{\"@id\":\"https:\\\/\\\/art-bijoux.com\\\/en\\\/#\\\/schema\\\/logo\\\/image\\\/\"}}]}<\/script>\n<!-- \/ Yoast SEO plugin. -->","yoast_head_json":{"title":"Tres tristes tigres - encres sur papier d'\u00e9corce - art-bijoux","description":"Tableau repr\u00e9sentant un virelangue en espagnol : Trois tristes tigres ont aval\u00e9 3 \u00e9pis de bl\u00e9 ! Encres sur papier d'\u00e9corce rehauss\u00e9 \u00e0 la feuille d'or.","robots":{"index":"index","follow":"follow","max-snippet":"max-snippet:-1","max-image-preview":"max-image-preview:large","max-video-preview":"max-video-preview:-1"},"canonical":"https:\/\/art-bijoux.com\/en\/boutique\/tableau-tigres-virelangue-encre-ecorce\/","og_locale":"en_US","og_type":"article","og_title":"Tres tristes tigres - encres sur papier d'\u00e9corce - art-bijoux","og_description":"Tableau repr\u00e9sentant un virelangue en espagnol : Trois tristes tigres ont aval\u00e9 3 \u00e9pis de bl\u00e9 ! Encres sur papier d'\u00e9corce rehauss\u00e9 \u00e0 la feuille d'or.","og_url":"https:\/\/art-bijoux.com\/en\/boutique\/tableau-tigres-virelangue-encre-ecorce\/","og_site_name":"art-bijoux","article_modified_time":"2025-05-06T12:37:08+00:00","og_image":[{"width":1080,"height":1920,"url":"https:\/\/art-bijoux.com\/wp-content\/uploads\/2025\/05\/Trbalengua-3-tristes-tigres-avec-pattes.jpg","type":"image\/jpeg"}],"twitter_card":"summary_large_image","twitter_misc":{"Est. reading time":"1 minute"},"schema":{"@context":"https:\/\/schema.org","@graph":[{"@type":"WebPage","@id":"https:\/\/art-bijoux.com\/en\/boutique\/tableau-tigres-virelangue-encre-ecorce\/","url":"https:\/\/art-bijoux.com\/en\/boutique\/tableau-tigres-virelangue-encre-ecorce\/","name":"Tres tristes tigres - encres sur papier d'\u00e9corce - art-bijoux","isPartOf":{"@id":"https:\/\/art-bijoux.com\/en\/#website"},"primaryImageOfPage":{"@id":"https:\/\/art-bijoux.com\/en\/boutique\/tableau-tigres-virelangue-encre-ecorce\/#primaryimage"},"image":{"@id":"https:\/\/art-bijoux.com\/en\/boutique\/tableau-tigres-virelangue-encre-ecorce\/#primaryimage"},"thumbnailUrl":"https:\/\/art-bijoux.com\/wp-content\/uploads\/2025\/05\/Trbalengua-3-tristes-tigres-avec-pattes.jpg","datePublished":"2025-05-06T12:37:07+00:00","dateModified":"2025-05-06T12:37:08+00:00","description":"Tableau repr\u00e9sentant un virelangue en espagnol : Trois tristes tigres ont aval\u00e9 3 \u00e9pis de bl\u00e9 ! Encres sur papier d'\u00e9corce rehauss\u00e9 \u00e0 la feuille d'or.","breadcrumb":{"@id":"https:\/\/art-bijoux.com\/en\/boutique\/tableau-tigres-virelangue-encre-ecorce\/#breadcrumb"},"inLanguage":"en-US","potentialAction":[{"@type":"ReadAction","target":["https:\/\/art-bijoux.com\/en\/boutique\/tableau-tigres-virelangue-encre-ecorce\/"]}]},{"@type":"ImageObject","inLanguage":"en-US","@id":"https:\/\/art-bijoux.com\/en\/boutique\/tableau-tigres-virelangue-encre-ecorce\/#primaryimage","url":"https:\/\/art-bijoux.com\/wp-content\/uploads\/2025\/05\/Trbalengua-3-tristes-tigres-avec-pattes.jpg","contentUrl":"https:\/\/art-bijoux.com\/wp-content\/uploads\/2025\/05\/Trbalengua-3-tristes-tigres-avec-pattes.jpg","width":1080,"height":1920,"caption":"3 tristes tigres, encre sur papier d'\u00e9corce"},{"@type":"BreadcrumbList","@id":"https:\/\/art-bijoux.com\/en\/boutique\/tableau-tigres-virelangue-encre-ecorce\/#breadcrumb","itemListElement":[{"@type":"ListItem","position":1,"name":"Accueil","item":"https:\/\/art-bijoux.com\/en\/home\/"},{"@type":"ListItem","position":2,"name":"Shop","item":"https:\/\/art-bijoux.com\/en\/shop\/"},{"@type":"ListItem","position":3,"name":"Tres tristes tigres &#8211; encres sur papier d&rsquo;\u00e9corce"}]},{"@type":"WebSite","@id":"https:\/\/art-bijoux.com\/en\/#website","url":"https:\/\/art-bijoux.com\/en\/","name":"art-bijoux","description":"Osez porter \/ offrir un vitrail unique \u00e0 prix abordable","publisher":{"@id":"https:\/\/art-bijoux.com\/en\/#organization"},"potentialAction":[{"@type":"SearchAction","target":{"@type":"EntryPoint","urlTemplate":"https:\/\/art-bijoux.com\/en\/?s={search_term_string}"},"query-input":{"@type":"PropertyValueSpecification","valueRequired":true,"valueName":"search_term_string"}}],"inLanguage":"en-US"},{"@type":"Organization","@id":"https:\/\/art-bijoux.com\/en\/#organization","name":"art-bijoux","url":"https:\/\/art-bijoux.com\/en\/","logo":{"@type":"ImageObject","inLanguage":"en-US","@id":"https:\/\/art-bijoux.com\/en\/#\/schema\/logo\/image\/","url":"https:\/\/art-bijoux.com\/wp-content\/uploads\/2024\/06\/Art-Bijoux-Logo-Small.png","contentUrl":"https:\/\/art-bijoux.com\/wp-content\/uploads\/2024\/06\/Art-Bijoux-Logo-Small.png","width":722,"height":137,"caption":"art-bijoux"},"image":{"@id":"https:\/\/art-bijoux.com\/en\/#\/schema\/logo\/image\/"}}]}},"_links":{"self":[{"href":"https:\/\/art-bijoux.com\/en\/wp-json\/wp\/v2\/product\/5227","targetHints":{"allow":["GET"]}}],"collection":[{"href":"https:\/\/art-bijoux.com\/en\/wp-json\/wp\/v2\/product"}],"about":[{"href":"https:\/\/art-bijoux.com\/en\/wp-json\/wp\/v2\/types\/product"}],"replies":[{"embeddable":true,"href":"https:\/\/art-bijoux.com\/en\/wp-json\/wp\/v2\/comments?post=5227"}],"version-history":[{"count":0,"href":"https:\/\/art-bijoux.com\/en\/wp-json\/wp\/v2\/product\/5227\/revisions"}],"wp:featuredmedia":[{"embeddable":true,"href":"https:\/\/art-bijoux.com\/en\/wp-json\/wp\/v2\/media\/5230"}],"wp:attachment":[{"href":"https:\/\/art-bijoux.com\/en\/wp-json\/wp\/v2\/media?parent=5227"}],"wp:term":[{"taxonomy":"product_brand","embeddable":true,"href":"https:\/\/art-bijoux.com\/en\/wp-json\/wp\/v2\/product_brand?post=5227"},{"taxonomy":"product_cat","embeddable":true,"href":"https:\/\/art-bijoux.com\/en\/wp-json\/wp\/v2\/product_cat?post=5227"},{"taxonomy":"product_tag","embeddable":true,"href":"https:\/\/art-bijoux.com\/en\/wp-json\/wp\/v2\/product_tag?post=5227"}],"curies":[{"name":"wp","href":"https:\/\/api.w.org\/{rel}","templated":true}]}}