{"id":5232,"date":"2025-05-06T14:47:28","date_gmt":"2025-05-06T12:47:28","guid":{"rendered":"https:\/\/art-bijoux.com\/?post_type=product&#038;p=5232"},"modified":"2025-05-06T14:47:28","modified_gmt":"2025-05-06T12:47:28","slug":"les-chevaux-du-soleil-encre-sur-papier-decorce","status":"publish","type":"product","link":"https:\/\/art-bijoux.com\/en\/boutique\/les-chevaux-du-soleil-encre-sur-papier-decorce\/","title":{"rendered":"Les Chevaux du soleil &#8211; Encre sur papier d&#8217;\u00e9corce"},"content":{"rendered":"<figure id=\"attachment_5233\" aria-describedby=\"caption-attachment-5233\" style=\"width: 203px\" class=\"wp-caption alignleft\"><img fetchpriority=\"high\" decoding=\"async\" class=\"size-medium wp-image-5233\" src=\"https:\/\/art-bijoux.com\/wp-content\/uploads\/2025\/05\/Les-Chevaux-du-soleil-203x300.jpg\" alt=\"Les Chevaux du soleil, encre sur papier d'\u00e9corce\" width=\"203\" height=\"300\" srcset=\"https:\/\/art-bijoux.com\/wp-content\/uploads\/2025\/05\/Les-Chevaux-du-soleil-203x300.jpg 203w, https:\/\/art-bijoux.com\/wp-content\/uploads\/2025\/05\/Les-Chevaux-du-soleil-691x1024.jpg 691w, https:\/\/art-bijoux.com\/wp-content\/uploads\/2025\/05\/Les-Chevaux-du-soleil-768x1138.jpg 768w, https:\/\/art-bijoux.com\/wp-content\/uploads\/2025\/05\/Les-Chevaux-du-soleil-1037x1536.jpg 1037w, https:\/\/art-bijoux.com\/wp-content\/uploads\/2025\/05\/Les-Chevaux-du-soleil-600x889.jpg 600w, https:\/\/art-bijoux.com\/wp-content\/uploads\/2025\/05\/Les-Chevaux-du-soleil.jpg 1296w\" sizes=\"(max-width: 203px) 100vw, 203px\" \/><figcaption id=\"caption-attachment-5233\" class=\"wp-caption-text\">Les Chevaux du soleil, encre sur papier d&#8217;\u00e9corce<\/figcaption><\/figure>\n<p>4 chevaux s&#8217;\u00e9lancent et sortent de l&#8217;ombre orn\u00e9e de caract\u00e8res inspir\u00e9s du chinois m\u00e9di\u00e9val, pour entrer dans le soleil. Encres sur papier d&#8217;\u00e9corce rehauss\u00e9e de feuille d&#8217;or.<\/p>\n","protected":false},"excerpt":{"rendered":"<p>4 chevaux sortent de l&#8217;ombre, orn\u00e9e de caract\u00e8res inspir\u00e9s du chinois m\u00e9di\u00e9val, pour entrer dans le soleil. Tableau \u00e0 l&#8217;encre sur \u00e9corce.<\/p>\n","protected":false},"featured_media":5233,"comment_status":"open","ping_status":"closed","template":"","meta":[],"product_brand":[],"product_cat":[297,197,296,24],"product_tag":[52,280,198,221],"class_list":{"0":"post-5232","1":"product","2":"type-product","3":"status-publish","4":"has-post-thumbnail","6":"product_cat-encre-peinture-papierecorce","7":"product_cat-feuille-doree","8":"product_cat-papierecorce-peinture-encre","9":"product_cat-diversite-oeuvres-art","10":"product_tag-portrait-animal","11":"product_tag-cheval-horse","12":"product_tag-feuille-doree","13":"product_tag-tableau","14":"pa_tableau-papier-decorce","16":"first","17":"instock","18":"purchasable","19":"product-type-simple"},"_links":{"self":[{"href":"https:\/\/art-bijoux.com\/en\/wp-json\/wp\/v2\/product\/5232","targetHints":{"allow":["GET"]}}],"collection":[{"href":"https:\/\/art-bijoux.com\/en\/wp-json\/wp\/v2\/product"}],"about":[{"href":"https:\/\/art-bijoux.com\/en\/wp-json\/wp\/v2\/types\/product"}],"replies":[{"embeddable":true,"href":"https:\/\/art-bijoux.com\/en\/wp-json\/wp\/v2\/comments?post=5232"}],"version-history":[{"count":0,"href":"https:\/\/art-bijoux.com\/en\/wp-json\/wp\/v2\/product\/5232\/revisions"}],"wp:featuredmedia":[{"embeddable":true,"href":"https:\/\/art-bijoux.com\/en\/wp-json\/wp\/v2\/media\/5233"}],"wp:attachment":[{"href":"https:\/\/art-bijoux.com\/en\/wp-json\/wp\/v2\/media?parent=5232"}],"wp:term":[{"taxonomy":"product_brand","embeddable":true,"href":"https:\/\/art-bijoux.com\/en\/wp-json\/wp\/v2\/product_brand?post=5232"},{"taxonomy":"product_cat","embeddable":true,"href":"https:\/\/art-bijoux.com\/en\/wp-json\/wp\/v2\/product_cat?post=5232"},{"taxonomy":"product_tag","embeddable":true,"href":"https:\/\/art-bijoux.com\/en\/wp-json\/wp\/v2\/product_tag?post=5232"}],"curies":[{"name":"wp","href":"https:\/\/api.w.org\/{rel}","templated":true}]}}