{"id":5298,"date":"2025-05-10T14:28:00","date_gmt":"2025-05-10T12:28:00","guid":{"rendered":"https:\/\/art-bijoux.com\/?post_type=product&#038;p=5298"},"modified":"2025-05-26T01:00:01","modified_gmt":"2025-05-25T23:00:01","slug":"sac-upcycling-rotin-tissus-chat","status":"publish","type":"product","link":"https:\/\/art-bijoux.com\/en\/boutique\/sac-upcycling-rotin-tissus-chat\/","title":{"rendered":"Sac en rotin \u2013 Le chat ail\u00e9 et les fleurs secr\u00e8tes"},"content":{"rendered":"<p class=\"\" data-start=\"228\" data-end=\"388\">Un sac qui marie la rusticit\u00e9 du rotin et la douceur d\u2019un monde imaginaire, pour celles qui aiment les contrastes po\u00e9tiques et les objets singuliers.<\/p>\n<figure id=\"attachment_5299\" aria-describedby=\"caption-attachment-5299\" style=\"width: 173px\" class=\"wp-caption alignleft\"><img fetchpriority=\"high\" decoding=\"async\" class=\"size-medium wp-image-5299\" src=\"https:\/\/art-bijoux.com\/wp-content\/uploads\/2025\/05\/Sac-rotin-entier-173x300.jpg\" alt=\"Sac rotin entier\" width=\"173\" height=\"300\" srcset=\"https:\/\/art-bijoux.com\/wp-content\/uploads\/2025\/05\/Sac-rotin-entier-173x300.jpg 173w, https:\/\/art-bijoux.com\/wp-content\/uploads\/2025\/05\/Sac-rotin-entier-592x1024.jpg 592w, https:\/\/art-bijoux.com\/wp-content\/uploads\/2025\/05\/Sac-rotin-entier-768x1328.jpg 768w, https:\/\/art-bijoux.com\/wp-content\/uploads\/2025\/05\/Sac-rotin-entier-888x1536.jpg 888w, https:\/\/art-bijoux.com\/wp-content\/uploads\/2025\/05\/Sac-rotin-entier-600x1038.jpg 600w, https:\/\/art-bijoux.com\/wp-content\/uploads\/2025\/05\/Sac-rotin-entier.jpg 1110w\" sizes=\"(max-width: 173px) 100vw, 173px\" \/><figcaption id=\"caption-attachment-5299\" class=\"wp-caption-text\">Sac rotin entier<\/figcaption><\/figure>\n<p class=\"\" data-start=\"390\" data-end=\"705\">Le corps du sac est en rotin tress\u00e9<strong data-start=\"425\" data-end=\"448\"> beige<\/strong>, naturel, sobre et robuste avec une bordure. Il est enti\u00e8rement <strong data-start=\"498\" data-end=\"541\">doubl\u00e9 d\u2019un tissu d\u2019ameublement recycl\u00e9<\/strong>, orn\u00e9 d\u2019<strong data-start=\"550\" data-end=\"579\">hortensias et de pivoines<\/strong> \u00e9clatants sur <strong data-start=\"594\" data-end=\"607\">fond noir<\/strong> profond. L\u2019int\u00e9rieur offre ainsi une touche florale et romantique \u00e0 d\u00e9couvrir \u00e0 chaque ouverture.<\/p>\n<p class=\"\" data-start=\"707\" data-end=\"1092\">Sur le devant, une <strong data-start=\"726\" data-end=\"743\">poche en jute<\/strong> d\u00e9cor\u00e9e de <strong data-start=\"755\" data-end=\"777\">tricotin entrelac\u00e9<\/strong> dans des tons <strong data-start=\"792\" data-end=\"817\">verts, bleus et roses<\/strong> attire le regard et invite \u00e0 la curiosit\u00e9. Au centre, se cache une <strong data-start=\"889\" data-end=\"912\">breloque attachante<\/strong> : un <strong data-start=\"918\" data-end=\"931\">chat ail\u00e9<\/strong>, yeux ferm\u00e9s, sourire paisible et satisfait, arborant un <strong data-start=\"976\" data-end=\"999\">c\u0153ur en strass bleu<\/strong> sur la poitrine. Une petite pr\u00e9sence discr\u00e8te et bienveillante, comme un gardien silencieux.<\/p>\n<p class=\"\" data-start=\"1094\" data-end=\"1262\">Le sac <strong data-start=\"1101\" data-end=\"1144\">se ferme avec un bouton pression solide<\/strong>, assurant s\u00e9curit\u00e9 et praticit\u00e9. \u00c0 l\u2019int\u00e9rieur, une <strong data-start=\"1197\" data-end=\"1213\">poche double<\/strong> (format carte de cr\u00e9dit) permet de mieux organiser ses effets personnels.<\/p>\n<p class=\"\" data-start=\"1264\" data-end=\"1403\">\u00c0 la fois <strong data-start=\"1274\" data-end=\"1309\">fonctionnel, po\u00e9tique et engag\u00e9<\/strong>, ce sac est un hommage aux mati\u00e8res simples sublim\u00e9es par l\u2019imaginaire et le geste artisanal.<\/p>\n<hr class=\"\" data-start=\"1405\" data-end=\"1408\" \/>\n<h3 class=\"\" data-start=\"1410\" data-end=\"1471\">\u2705 <strong data-start=\"1416\" data-end=\"1471\">Fiche produit \u2013 Sac en jute et tissu fleuri recycl\u00e9<\/strong><\/h3>\n<p class=\"\" data-start=\"1473\" data-end=\"1492\">\ud83d\udccf <strong data-start=\"1476\" data-end=\"1490\">Dimensions<\/strong><\/p>\n<ul data-start=\"1493\" data-end=\"1580\">\n<li class=\"\" data-start=\"1493\" data-end=\"1545\">\n<p class=\"\" data-start=\"1495\" data-end=\"1545\">Taille pratique pour le quotidien (moyen format) : largeur : 17cm, longueur: 32cm, hauteur : 23cm<\/p>\n<\/li>\n<li data-start=\"1493\" data-end=\"1545\">Bandouli\u00e8re dans le m\u00eame tissus que la doublure : longueur 1 m\u00e8tre, largeur: 5cm<\/li>\n<li class=\"\" data-start=\"1546\" data-end=\"1580\">\n<p class=\"\" data-start=\"1548\" data-end=\"1580\">Structure souple mais r\u00e9sistante<\/p>\n<\/li>\n<\/ul>\n<p class=\"\" data-start=\"1582\" data-end=\"1599\">\ud83e\uddf5 <strong data-start=\"1585\" data-end=\"1597\">Mati\u00e8res<\/strong><\/p>\n<ul data-start=\"1600\" data-end=\"1874\">\n<li class=\"\" data-start=\"1600\" data-end=\"1635\">\n<p class=\"\" data-start=\"1602\" data-end=\"1635\">Ext\u00e9rieur : rotin tress\u00e9 beige<\/p>\n<\/li>\n<li class=\"\" data-start=\"1636\" data-end=\"1709\">\n<p class=\"\" data-start=\"1638\" data-end=\"1709\">Doublure : tissu d\u2019ameublement recycl\u00e9 (motifs floraux sur fond noir)<\/p>\n<\/li>\n<li class=\"\" data-start=\"1710\" data-end=\"1757\">\n<p class=\"\" data-start=\"1712\" data-end=\"1757\">D\u00e9cor : tricotin recycl\u00e9 (vert, bleu, rose)<\/p>\n<\/li>\n<li class=\"\" data-start=\"1758\" data-end=\"1800\">\n<p class=\"\" data-start=\"1760\" data-end=\"1800\">Fermeture : <strong data-start=\"1772\" data-end=\"1798\">bouton pression solide<\/strong><\/p>\n<\/li>\n<li class=\"\" data-start=\"1801\" data-end=\"1874\">\n<p class=\"\" data-start=\"1803\" data-end=\"1874\">Breloque : <strong data-start=\"1814\" data-end=\"1836\">chat ail\u00e9 en m\u00e9tal<\/strong>, yeux ferm\u00e9s, <strong data-start=\"1851\" data-end=\"1874\">c\u0153ur en strass bleu<\/strong><\/p>\n<\/li>\n<\/ul>\n<p class=\"\" data-start=\"1876\" data-end=\"1891\">\ud83d\udc5d <strong data-start=\"1879\" data-end=\"1889\">Poches<\/strong><\/p>\n<ul data-start=\"1892\" data-end=\"1998\">\n<li class=\"\" data-start=\"1892\" data-end=\"1934\">\n<p class=\"\" data-start=\"1894\" data-end=\"1934\">1 poche ext\u00e9rieure d\u00e9cor\u00e9e, refermable, de 17cmX14cm<\/p>\n<\/li>\n<li class=\"\" data-start=\"1935\" data-end=\"1998\">\n<p class=\"\" data-start=\"1937\" data-end=\"1998\">1 <strong data-start=\"1939\" data-end=\"1966\">poche int\u00e9rieure double<\/strong> pour mieux organiser le contenu hauteur:9cm, largeur:19cm, divis\u00e9e en 2<\/p>\n<\/li>\n<\/ul>\n<p class=\"\" data-start=\"2000\" data-end=\"2026\">\ud83c\udfa8 <strong data-start=\"2003\" data-end=\"2024\">Style et couleurs<\/strong><\/p>\n<ul data-start=\"2027\" data-end=\"2151\">\n<li class=\"\" data-start=\"2027\" data-end=\"2074\">\n<p class=\"\" data-start=\"2029\" data-end=\"2074\">Naturel \u00e0 l\u2019ext\u00e9rieur, floral \u00e0 l\u2019int\u00e9rieur<\/p>\n<\/li>\n<li class=\"\" data-start=\"2075\" data-end=\"2109\">\n<p class=\"\" data-start=\"2077\" data-end=\"2109\">D\u00e9tails color\u00e9s &amp; fantaisistes<\/p>\n<\/li>\n<li class=\"\" data-start=\"2110\" data-end=\"2151\">\n<p class=\"\" data-start=\"2112\" data-end=\"2151\">Ambiance boh\u00e8me, po\u00e9tique et artisanale<\/p>\n<\/li>\n<\/ul>\n<p class=\"\" data-start=\"2153\" data-end=\"2180\">\ud83c\udf3f <strong data-start=\"2156\" data-end=\"2178\">Engagement \u00e9thique<\/strong><\/p>\n<ul data-start=\"2181\" data-end=\"2320\">\n<li class=\"\" data-start=\"2181\" data-end=\"2223\">\n<p class=\"\" data-start=\"2183\" data-end=\"2223\">Tissus et \u00e9l\u00e9ments d\u00e9coratifs recycl\u00e9s<\/p>\n<\/li>\n<li class=\"\" data-start=\"2224\" data-end=\"2261\">\n<p class=\"\" data-start=\"2226\" data-end=\"2261\">Cr\u00e9ation artisanale, pi\u00e8ce unique<\/p>\n<\/li>\n<li class=\"\" data-start=\"2262\" data-end=\"2320\">\n<p class=\"\" data-start=\"2264\" data-end=\"2320\">Fabrication responsable, \u00e0 partir de mati\u00e8res d\u00e9tourn\u00e9es<\/p>\n<\/li>\n<\/ul>\n<p class=\"\" data-start=\"2322\" data-end=\"2345\">\ud83c\udf81 <strong data-start=\"2325\" data-end=\"2343\">Parfait pour :<\/strong><\/p>\n<ul data-start=\"2346\" data-end=\"2508\">\n<li class=\"\" data-start=\"2346\" data-end=\"2398\">\n<p class=\"\" data-start=\"2348\" data-end=\"2398\">Offrir un sac plein de charme et de personnalit\u00e9<\/p>\n<\/li>\n<li class=\"\" data-start=\"2399\" data-end=\"2460\">\n<p class=\"\" data-start=\"2401\" data-end=\"2460\">Un cadeau de <strong data-start=\"2414\" data-end=\"2432\">f\u00eate des m\u00e8res<\/strong> doux, \u00e9thique et original<\/p>\n<\/li>\n<li class=\"\" data-start=\"2461\" data-end=\"2508\">\n<p class=\"\" data-start=\"2463\" data-end=\"2508\">Les amatrices d\u2019objets narratifs et sensibles<\/p>\n<\/li>\n<\/ul>\n<hr class=\"\" data-start=\"2510\" data-end=\"2513\" \/>\n<h3 class=\"\" data-start=\"2515\" data-end=\"2588\">\ud83d\udcb8 <strong data-start=\"2522\" data-end=\"2588\">Disponible en promotion pour la f\u00eate des m\u00e8res<\/strong>\ud83d\udce6 Livraison rapide<\/h3>\n<figure id=\"attachment_5299\" aria-describedby=\"caption-attachment-5299\" style=\"width: 173px\" class=\"wp-caption alignnone\"><img fetchpriority=\"high\" decoding=\"async\" class=\"size-medium wp-image-5299\" src=\"https:\/\/art-bijoux.com\/wp-content\/uploads\/2025\/05\/Sac-rotin-entier-173x300.jpg\" alt=\"Sac rotin entier\" width=\"173\" height=\"300\" srcset=\"https:\/\/art-bijoux.com\/wp-content\/uploads\/2025\/05\/Sac-rotin-entier-173x300.jpg 173w, https:\/\/art-bijoux.com\/wp-content\/uploads\/2025\/05\/Sac-rotin-entier-592x1024.jpg 592w, https:\/\/art-bijoux.com\/wp-content\/uploads\/2025\/05\/Sac-rotin-entier-768x1328.jpg 768w, https:\/\/art-bijoux.com\/wp-content\/uploads\/2025\/05\/Sac-rotin-entier-888x1536.jpg 888w, https:\/\/art-bijoux.com\/wp-content\/uploads\/2025\/05\/Sac-rotin-entier-600x1038.jpg 600w, https:\/\/art-bijoux.com\/wp-content\/uploads\/2025\/05\/Sac-rotin-entier.jpg 1110w\" sizes=\"(max-width: 173px) 100vw, 173px\" \/><figcaption id=\"caption-attachment-5299\" class=\"wp-caption-text\">Sac rotin entier<\/figcaption><\/figure>\n","protected":false},"excerpt":{"rendered":"<p>Le corps du sac est cousu dans un rotin tress\u00e9 beige. Il est enti\u00e8rement doubl\u00e9 d\u2019un tissu d\u2019ameublement recycl\u00e9, hortensias et de pivoines sur fond noir.<\/p>\n","protected":false},"featured_media":5299,"comment_status":"open","ping_status":"closed","template":"","meta":[],"product_brand":[],"product_cat":[24],"product_tag":[],"class_list":{"0":"post-5298","1":"product","2":"type-product","3":"status-publish","4":"has-post-thumbnail","6":"product_cat-diversite-oeuvres-art","7":"pa_breloque-chat","9":"first","10":"instock","11":"purchasable","12":"product-type-simple"},"_links":{"self":[{"href":"https:\/\/art-bijoux.com\/en\/wp-json\/wp\/v2\/product\/5298","targetHints":{"allow":["GET"]}}],"collection":[{"href":"https:\/\/art-bijoux.com\/en\/wp-json\/wp\/v2\/product"}],"about":[{"href":"https:\/\/art-bijoux.com\/en\/wp-json\/wp\/v2\/types\/product"}],"replies":[{"embeddable":true,"href":"https:\/\/art-bijoux.com\/en\/wp-json\/wp\/v2\/comments?post=5298"}],"version-history":[{"count":0,"href":"https:\/\/art-bijoux.com\/en\/wp-json\/wp\/v2\/product\/5298\/revisions"}],"wp:featuredmedia":[{"embeddable":true,"href":"https:\/\/art-bijoux.com\/en\/wp-json\/wp\/v2\/media\/5299"}],"wp:attachment":[{"href":"https:\/\/art-bijoux.com\/en\/wp-json\/wp\/v2\/media?parent=5298"}],"wp:term":[{"taxonomy":"product_brand","embeddable":true,"href":"https:\/\/art-bijoux.com\/en\/wp-json\/wp\/v2\/product_brand?post=5298"},{"taxonomy":"product_cat","embeddable":true,"href":"https:\/\/art-bijoux.com\/en\/wp-json\/wp\/v2\/product_cat?post=5298"},{"taxonomy":"product_tag","embeddable":true,"href":"https:\/\/art-bijoux.com\/en\/wp-json\/wp\/v2\/product_tag?post=5298"}],"curies":[{"name":"wp","href":"https:\/\/api.w.org\/{rel}","templated":true}]}}