{"id":5318,"date":"2025-05-10T14:42:52","date_gmt":"2025-05-10T12:42:52","guid":{"rendered":"https:\/\/art-bijoux.com\/?post_type=product&#038;p=5318"},"modified":"2025-05-26T01:00:01","modified_gmt":"2025-05-25T23:00:01","slug":"pendentif-verre-fusing-tiffany-2","status":"publish","type":"product","link":"https:\/\/art-bijoux.com\/en\/boutique\/pendentif-verre-fusing-tiffany-2\/","title":{"rendered":"Ondes Solaires &#8211; \u00c9clats de verre dichro\u00efque sur verre pliss\u00e9"},"content":{"rendered":"<figure id=\"attachment_5319\" aria-describedby=\"caption-attachment-5319\" style=\"width: 169px\" class=\"wp-caption alignleft\"><img fetchpriority=\"high\" decoding=\"async\" class=\"size-medium wp-image-5319\" src=\"https:\/\/art-bijoux.com\/wp-content\/uploads\/2025\/05\/Prehistoire-2-169x300.jpg\" alt=\"Ondes solaires, pendentif en verre dichro\u00efque dor\u00e9 sur noir.\" width=\"169\" height=\"300\" srcset=\"https:\/\/art-bijoux.com\/wp-content\/uploads\/2025\/05\/Prehistoire-2-169x300.jpg 169w, https:\/\/art-bijoux.com\/wp-content\/uploads\/2025\/05\/Prehistoire-2-576x1024.jpg 576w, https:\/\/art-bijoux.com\/wp-content\/uploads\/2025\/05\/Prehistoire-2-768x1365.jpg 768w, https:\/\/art-bijoux.com\/wp-content\/uploads\/2025\/05\/Prehistoire-2-864x1536.jpg 864w, https:\/\/art-bijoux.com\/wp-content\/uploads\/2025\/05\/Prehistoire-2-600x1067.jpg 600w, https:\/\/art-bijoux.com\/wp-content\/uploads\/2025\/05\/Prehistoire-2.jpg 1080w\" sizes=\"(max-width: 169px) 100vw, 169px\" \/><figcaption id=\"caption-attachment-5319\" class=\"wp-caption-text\">Ondes solaires, pendentif en verre dichro\u00efque dor\u00e9 sur noir.<\/figcaption><\/figure>\n<p><strong>Ondes Solaires<\/strong><br \/>\n<em>Inspiration : \u00ab onde \u00bb pour le relief du verre et \u00ab solaire \u00bb pour les reflets dor\u00e9s\/verts<\/em><\/p>\n<p><strong>Description produit :<\/strong><br \/>\nDeux \u00e9clats de verre dichro\u00efque aux reflets m\u00e9talliques \u2014 vert for\u00eat, or liquide \u2014 semblent flotter sur un socle de verre \u00e9pais, r\u00e9cup\u00e9r\u00e9 et fondu avec soin. Sa texture pliss\u00e9e \u00e9voque une onde fig\u00e9e dans le temps. Chaque d\u00e9tail capte la lumi\u00e8re diff\u00e9remment, cr\u00e9ant un jeu de reflets hypnotiques. Ce bijou est enti\u00e8rement fa\u00e7onn\u00e9 \u00e0 la main et mont\u00e9 en Tiffany, rendant chaque pi\u00e8ce v\u00e9ritablement unique, sculpt\u00e9e par la lumi\u00e8re et l\u2019intention.<\/p>\n<p><strong>Pendentif Dichro\u00efque \u2013 &#8220;Ondes Solaires&#8221;<\/strong><\/p>\n<p><strong>FR :<\/strong> Reflets dor\u00e9s et verts fusionnent dans un \u00e9clat brut de verre dichro\u00efque, mont\u00e9 sur verre noir \u00e9pais. Une pi\u00e8ce unique fa\u00e7onn\u00e9e \u00e0 la main en Tiffany.<br \/>\n<strong>EN :<\/strong> Golden and green metallic glimmers shine through fused dichroic glass on thick black glass. A one-of-a-kind handmade Tiffany pendant.<\/p>\n","protected":false},"excerpt":{"rendered":"<p>Pendentif aux reflets dor\u00e9s et verts fondus sur un \u00e9clat de verre noir \u00e9pais. Une pi\u00e8ce unique fa\u00e7onn\u00e9e \u00e0 la main en Tiffany.<\/p>\n","protected":false},"featured_media":5319,"comment_status":"open","ping_status":"closed","template":"","meta":[],"product_brand":[],"product_cat":[182,186,28],"product_tag":[49,65,26,27],"class_list":{"0":"post-5318","1":"product","2":"type-product","3":"status-publish","4":"has-post-thumbnail","6":"product_cat-pendentif-fusing","7":"product_cat-bijou-pendentif-fusing-tiffany","8":"product_cat-pendentif-tiffany","9":"product_tag-fusing-verre","10":"product_tag-millefiori-verre","11":"product_tag-pendentif-verre","12":"product_tag-tiffany-verre","13":"pa_bijou-pendentif","15":"first","16":"instock","17":"purchasable","18":"product-type-simple"},"_links":{"self":[{"href":"https:\/\/art-bijoux.com\/en\/wp-json\/wp\/v2\/product\/5318","targetHints":{"allow":["GET"]}}],"collection":[{"href":"https:\/\/art-bijoux.com\/en\/wp-json\/wp\/v2\/product"}],"about":[{"href":"https:\/\/art-bijoux.com\/en\/wp-json\/wp\/v2\/types\/product"}],"replies":[{"embeddable":true,"href":"https:\/\/art-bijoux.com\/en\/wp-json\/wp\/v2\/comments?post=5318"}],"version-history":[{"count":0,"href":"https:\/\/art-bijoux.com\/en\/wp-json\/wp\/v2\/product\/5318\/revisions"}],"wp:featuredmedia":[{"embeddable":true,"href":"https:\/\/art-bijoux.com\/en\/wp-json\/wp\/v2\/media\/5319"}],"wp:attachment":[{"href":"https:\/\/art-bijoux.com\/en\/wp-json\/wp\/v2\/media?parent=5318"}],"wp:term":[{"taxonomy":"product_brand","embeddable":true,"href":"https:\/\/art-bijoux.com\/en\/wp-json\/wp\/v2\/product_brand?post=5318"},{"taxonomy":"product_cat","embeddable":true,"href":"https:\/\/art-bijoux.com\/en\/wp-json\/wp\/v2\/product_cat?post=5318"},{"taxonomy":"product_tag","embeddable":true,"href":"https:\/\/art-bijoux.com\/en\/wp-json\/wp\/v2\/product_tag?post=5318"}],"curies":[{"name":"wp","href":"https:\/\/api.w.org\/{rel}","templated":true}]}}