{"id":5324,"date":"2025-05-10T15:10:29","date_gmt":"2025-05-10T13:10:29","guid":{"rendered":"https:\/\/art-bijoux.com\/?post_type=product&#038;p=5324"},"modified":"2025-05-26T01:00:02","modified_gmt":"2025-05-25T23:00:02","slug":"pendentif-fusing-verre-ange","status":"publish","type":"product","link":"https:\/\/art-bijoux.com\/en\/boutique\/pendentif-fusing-verre-ange\/","title":{"rendered":"Pendentif &#8220;L&#8217;ange retrouv\u00e9&#8221; \u2013 Verre dichro\u00efque &#038; m\u00e9moire sacr\u00e9e"},"content":{"rendered":"<figure id=\"attachment_5325\" aria-describedby=\"caption-attachment-5325\" style=\"width: 169px\" class=\"wp-caption alignleft\"><img fetchpriority=\"high\" decoding=\"async\" class=\"size-medium wp-image-5325\" src=\"https:\/\/art-bijoux.com\/wp-content\/uploads\/2025\/05\/Bel-ange-169x300.jpg\" alt=\"Bel ange sur verre dichro\u00efque\" width=\"169\" height=\"300\" srcset=\"https:\/\/art-bijoux.com\/wp-content\/uploads\/2025\/05\/Bel-ange-169x300.jpg 169w, https:\/\/art-bijoux.com\/wp-content\/uploads\/2025\/05\/Bel-ange-576x1024.jpg 576w, https:\/\/art-bijoux.com\/wp-content\/uploads\/2025\/05\/Bel-ange-768x1365.jpg 768w, https:\/\/art-bijoux.com\/wp-content\/uploads\/2025\/05\/Bel-ange-864x1536.jpg 864w, https:\/\/art-bijoux.com\/wp-content\/uploads\/2025\/05\/Bel-ange-600x1067.jpg 600w, https:\/\/art-bijoux.com\/wp-content\/uploads\/2025\/05\/Bel-ange.jpg 1080w\" sizes=\"(max-width: 169px) 100vw, 169px\" \/><figcaption id=\"caption-attachment-5325\" class=\"wp-caption-text\">Bel ange sur verre dichro\u00efque<\/figcaption><\/figure>\n<p class=\"\" data-start=\"269\" data-end=\"445\">Ce bijou est une pi\u00e8ce de c\u0153ur, un fragment de lumi\u00e8re et de m\u00e9moire.<br data-start=\"338\" data-end=\"341\" \/>R\u00e9alis\u00e9 \u00e0 la main, il marie la noblesse du verre fusionn\u00e9 et la profondeur d\u2019un symbole ancien retrouv\u00e9.<\/p>\n<p class=\"\" data-start=\"447\" data-end=\"804\">La base est un <strong data-start=\"462\" data-end=\"498\">rectangle vertical de verre noir<\/strong>, sobre, profond, myst\u00e9rieux. Deux morceaux rares de <strong data-start=\"551\" data-end=\"571\">verre dichro\u00efque<\/strong> y ont \u00e9t\u00e9 fondus : l\u2019un <strong data-start=\"596\" data-end=\"615\">bleu \u00e0 chevrons<\/strong>, aux reflets \u00e9lectriques et graphiques, et l\u2019autre <strong data-start=\"667\" data-end=\"675\">dor\u00e9<\/strong>, \u00e9clatant et solaire. Le contraste de ces deux \u00e9l\u00e9ments cr\u00e9e une tension lumineuse captivante, un <em><strong>\u00e9quilibre entre ciel et terre<\/strong><\/em>.<\/p>\n<p class=\"\" data-start=\"806\" data-end=\"1193\">Mont\u00e9 selon la m\u00e9thode <strong data-start=\"829\" data-end=\"840\">Tiffany<\/strong> (verre meul\u00e9, serti, soud\u00e9 \u00e0 l\u2019\u00e9tain), le pendentif est patin\u00e9 dans des nuances <strong>de vieux bronze<\/strong>, pour une finition chaude, intemporelle, liturgique.<br data-start=\"988\" data-end=\"991\" \/>Au dos, une <strong data-start=\"1003\" data-end=\"1021\">b\u00e9li\u00e8re soud\u00e9e<\/strong> permet d\u2019y suspendre une pi\u00e8ce pr\u00e9cieuse : un <strong data-start=\"1068\" data-end=\"1081\">ange argent\u00e9<\/strong>, aux <strong data-start=\"1087\" data-end=\"1104\">mains jointes<\/strong>, en <strong data-start=\"1109\" data-end=\"1124\">longue robe<\/strong>, <strong data-start=\"1126\" data-end=\"1137\">aur\u00e9ol\u00e9<\/strong>, <strong data-start=\"1139\" data-end=\"1192\">r\u00e9cup\u00e9r\u00e9 dans une ancienne bo\u00eete \u00e0 bijoux oubli\u00e9e<\/strong>.<\/p>\n<p class=\"\" data-start=\"1195\" data-end=\"1379\">Ce bijou unique est plus qu\u2019un accessoire : c\u2019est un <strong data-start=\"1248\" data-end=\"1265\">porte-lumi\u00e8re<\/strong>, un <strong data-start=\"1270\" data-end=\"1288\">porte-souvenir<\/strong>, un <strong data-start=\"1293\" data-end=\"1312\">gardien discret<\/strong>. Il touche \u00e0 l\u2019intime, \u00e0 la spiritualit\u00e9 douce, \u00e0 la transmission.<\/p>\n<hr class=\"\" data-start=\"1381\" data-end=\"1384\" \/>\n<h3 class=\"\" data-start=\"1386\" data-end=\"1439\">\u2705 <strong data-start=\"1392\" data-end=\"1439\">Fiche produit \u2013 Pendentif &#8220;L\u2019ange retrouv\u00e9&#8221;<\/strong><\/h3>\n<p class=\"\" data-start=\"1441\" data-end=\"1468\">\ud83d\udccf <strong data-start=\"1444\" data-end=\"1466\">Dimensions &amp; poids<\/strong><\/p>\n<ul data-start=\"1469\" data-end=\"1581\">\n<li class=\"\" data-start=\"1469\" data-end=\"1518\">\n<p class=\"\" data-start=\"1471\" data-end=\"1518\">Hauteur : environ 5,3 cm (pendentif + b\u00e9li\u00e8re)<\/p>\n<\/li>\n<li class=\"\" data-start=\"1519\" data-end=\"1547\">\n<p class=\"\" data-start=\"1521\" data-end=\"1547\">Largeur : 2,4 cm<\/p>\n<\/li>\n<li class=\"\" data-start=\"1548\" data-end=\"1581\">\n<p class=\"\" data-start=\"1550\" data-end=\"1581\">Poids : mod\u00e9r\u00e9 (verre et m\u00e9tal) : 19 grammes<\/p>\n<\/li>\n<\/ul>\n<p class=\"\" data-start=\"1583\" data-end=\"1601\">\ud83e\uddf5 <strong data-start=\"1586\" data-end=\"1599\">Mat\u00e9riaux<\/strong><\/p>\n<ul data-start=\"1602\" data-end=\"1925\">\n<li class=\"\" data-start=\"1602\" data-end=\"1623\">\n<p class=\"\" data-start=\"1604\" data-end=\"1623\">Base : verre noir<\/p>\n<\/li>\n<li class=\"\" data-start=\"1624\" data-end=\"1711\">\n<p class=\"\" data-start=\"1626\" data-end=\"1711\">Fusion : 2 morceaux de verre dichro\u00efque fusionn\u00e9s (bleu \u00e0 chevrons (rare) + dor\u00e9)<\/p>\n<\/li>\n<li class=\"\" data-start=\"1712\" data-end=\"1759\">\n<p class=\"\" data-start=\"1714\" data-end=\"1759\">Montage Tiffany : verre meul\u00e9, serti, soud\u00e9<\/p>\n<\/li>\n<li class=\"\" data-start=\"1760\" data-end=\"1800\">\n<p class=\"\" data-start=\"1762\" data-end=\"1800\">Patine : vieux bronze (effet ancien)<\/p>\n<\/li>\n<li class=\"\" data-start=\"1801\" data-end=\"1831\">\n<p class=\"\" data-start=\"1803\" data-end=\"1831\">B\u00e9li\u00e8re soud\u00e9e \u00e0 l\u2019arri\u00e8re<\/p>\n<\/li>\n<li class=\"\" data-start=\"1832\" data-end=\"1925\">\n<p class=\"\" data-start=\"1834\" data-end=\"1925\">Breloque suspendue : <strong data-start=\"1855\" data-end=\"1884\">ange argent\u00e9 en m\u00e9tal<\/strong>, mains en pri\u00e8re, aur\u00e9ole et robe longue flottante<\/p>\n<\/li>\n<\/ul>\n<p class=\"\" data-start=\"1927\" data-end=\"1952\">\ud83c\udfa8 <strong data-start=\"1930\" data-end=\"1950\">Style &amp; ambiance<\/strong><\/p>\n<ul data-start=\"1953\" data-end=\"2087\">\n<li class=\"\" data-start=\"1953\" data-end=\"1982\">\n<p class=\"\" data-start=\"1955\" data-end=\"1982\">Mystique, sobre, lumineux<\/p>\n<\/li>\n<li class=\"\" data-start=\"1983\" data-end=\"2047\">\n<p class=\"\" data-start=\"1985\" data-end=\"2047\">Alliance entre design contemporain et spiritualit\u00e9 classique<\/p>\n<\/li>\n<li class=\"\" data-start=\"2048\" data-end=\"2087\">\n<p class=\"\" data-start=\"2050\" data-end=\"2087\">Pi\u00e8ce symbolique, \u00e9l\u00e9gante, puissante<\/p>\n<\/li>\n<\/ul>\n<p class=\"\" data-start=\"2089\" data-end=\"2121\">\ud83c\udf3f <strong data-start=\"2092\" data-end=\"2119\">Artisanat &amp; singularit\u00e9<\/strong><\/p>\n<ul data-start=\"2122\" data-end=\"2247\">\n<li class=\"\" data-start=\"2122\" data-end=\"2156\">\n<p class=\"\" data-start=\"2124\" data-end=\"2156\">Pi\u00e8ce unique, 100 % faite main<\/p>\n<\/li>\n<li class=\"\" data-start=\"2157\" data-end=\"2197\">\n<p class=\"\" data-start=\"2159\" data-end=\"2197\">Fusion de mat\u00e9riaux rares et anciens<\/p>\n<\/li>\n<li class=\"\" data-start=\"2198\" data-end=\"2247\">\n<p class=\"\" data-start=\"2200\" data-end=\"2247\">Bijou charg\u00e9 d\u2019histoire, d\u2019intention et de sens<\/p>\n<\/li>\n<\/ul>\n<p class=\"\" data-start=\"2249\" data-end=\"2272\">\ud83c\udf81 <strong data-start=\"2252\" data-end=\"2270\">Parfait pour :<\/strong><\/p>\n<ul data-start=\"2273\" data-end=\"2432\">\n<li class=\"\" data-start=\"2273\" data-end=\"2307\">\n<p class=\"\" data-start=\"2275\" data-end=\"2307\">Un cadeau hautement symbolique<\/p>\n<\/li>\n<li class=\"\" data-start=\"2308\" data-end=\"2362\">\n<p class=\"\" data-start=\"2310\" data-end=\"2362\">Honorer la m\u00e9moire, la protection, la spiritualit\u00e9<\/p>\n<\/li>\n<li class=\"\" data-start=\"2363\" data-end=\"2432\">\n<p class=\"\" data-start=\"2365\" data-end=\"2432\">Offrir \u00e0 une personne ch\u00e8re, ou se relier \u00e0 une pr\u00e9sence int\u00e9rieure<\/p>\n<\/li>\n<\/ul>\n<hr class=\"\" data-start=\"2434\" data-end=\"2437\" \/>\n<h3 class=\"\" data-start=\"2439\" data-end=\"2494\">\ud83d\udcb8 <strong data-start=\"2446\" data-end=\"2494\">Disponible \u2013 pi\u00e8ce unique, non reproductible<\/strong><\/h3>\n<p class=\"\" data-start=\"2495\" data-end=\"2596\"><br data-start=\"2521\" data-end=\"2524\" \/>\ud83d\udce6 Pr\u00e9sent\u00e9 dans une pochette\u00a0 | \ud83c\udf81 Emballage pochette cadeau<\/p>\n","protected":false},"excerpt":{"rendered":"<p>Sur un rectangle vertical de verre noir, deux morceaux de verre dichro\u00efque ont \u00e9t\u00e9 fondus. Une breloque retrouv\u00e9e dans une bo\u00eete \u00e0 bijou, repr\u00e9sentant un ange, a \u00e9t\u00e9 suspendue \u00e0 une b\u00e9li\u00e8re soud\u00e9e \u00e0 l&#8217;arri\u00e8re.<\/p>\n","protected":false},"featured_media":5325,"comment_status":"open","ping_status":"closed","template":"","meta":[],"product_brand":[],"product_cat":[176,182,186,28],"product_tag":[29,49,26,34,27],"class_list":{"0":"post-5324","1":"product","2":"type-product","3":"status-publish","4":"has-post-thumbnail","6":"product_cat-breloque-bijou-verre","7":"product_cat-pendentif-fusing","8":"product_cat-bijou-pendentif-fusing-tiffany","9":"product_cat-pendentif-tiffany","10":"product_tag-breloque-metal-pierre","11":"product_tag-fusing-verre","12":"product_tag-pendentif-verre","13":"product_tag-spiritualite-croix-anges","14":"product_tag-tiffany-verre","15":"pa_bijou-pendentif","16":"pa_breloque-ange","18":"first","19":"instock","20":"purchasable","21":"product-type-simple"},"_links":{"self":[{"href":"https:\/\/art-bijoux.com\/en\/wp-json\/wp\/v2\/product\/5324","targetHints":{"allow":["GET"]}}],"collection":[{"href":"https:\/\/art-bijoux.com\/en\/wp-json\/wp\/v2\/product"}],"about":[{"href":"https:\/\/art-bijoux.com\/en\/wp-json\/wp\/v2\/types\/product"}],"replies":[{"embeddable":true,"href":"https:\/\/art-bijoux.com\/en\/wp-json\/wp\/v2\/comments?post=5324"}],"version-history":[{"count":0,"href":"https:\/\/art-bijoux.com\/en\/wp-json\/wp\/v2\/product\/5324\/revisions"}],"wp:featuredmedia":[{"embeddable":true,"href":"https:\/\/art-bijoux.com\/en\/wp-json\/wp\/v2\/media\/5325"}],"wp:attachment":[{"href":"https:\/\/art-bijoux.com\/en\/wp-json\/wp\/v2\/media?parent=5324"}],"wp:term":[{"taxonomy":"product_brand","embeddable":true,"href":"https:\/\/art-bijoux.com\/en\/wp-json\/wp\/v2\/product_brand?post=5324"},{"taxonomy":"product_cat","embeddable":true,"href":"https:\/\/art-bijoux.com\/en\/wp-json\/wp\/v2\/product_cat?post=5324"},{"taxonomy":"product_tag","embeddable":true,"href":"https:\/\/art-bijoux.com\/en\/wp-json\/wp\/v2\/product_tag?post=5324"}],"curies":[{"name":"wp","href":"https:\/\/api.w.org\/{rel}","templated":true}]}}