{"id":5331,"date":"2025-05-11T20:14:09","date_gmt":"2025-05-11T18:14:09","guid":{"rendered":"https:\/\/art-bijoux.com\/?post_type=product&#038;p=5331"},"modified":"2025-05-26T01:00:02","modified_gmt":"2025-05-25T23:00:02","slug":"5331-chat-portrait-cat-aquarelle","status":"publish","type":"product","link":"https:\/\/art-bijoux.com\/en\/boutique\/5331-chat-portrait-cat-aquarelle\/","title":{"rendered":"Tableau &#8220;Regard du chat&#8221; \u2013 Aquarelle sur papier de qualit\u00e9"},"content":{"rendered":"<figure id=\"attachment_5332\" aria-describedby=\"caption-attachment-5332\" style=\"width: 300px\" class=\"wp-caption alignleft\"><img fetchpriority=\"high\" decoding=\"async\" class=\"size-medium wp-image-5332\" src=\"https:\/\/art-bijoux.com\/wp-content\/uploads\/2025\/05\/Chat-tigre-300x229.webp\" alt=\"Chat tigre aquarelle\" width=\"300\" height=\"229\" srcset=\"https:\/\/art-bijoux.com\/wp-content\/uploads\/2025\/05\/Chat-tigre-300x229.webp 300w, https:\/\/art-bijoux.com\/wp-content\/uploads\/2025\/05\/Chat-tigre-768x586.webp 768w, https:\/\/art-bijoux.com\/wp-content\/uploads\/2025\/05\/Chat-tigre-600x458.webp 600w, https:\/\/art-bijoux.com\/wp-content\/uploads\/2025\/05\/Chat-tigre.webp 800w\" sizes=\"(max-width: 300px) 100vw, 300px\" \/><figcaption id=\"caption-attachment-5332\" class=\"wp-caption-text\">Chat tigre aquarelle<\/figcaption><\/figure>\n<p class=\"\" data-start=\"245\" data-end=\"604\">Un regard direct, profond, \u00e0 la fois calme et p\u00e9n\u00e9trant.<br data-start=\"301\" data-end=\"304\" \/>Ce tableau repr\u00e9sente un <strong data-start=\"329\" data-end=\"361\">chat d\u2019inspiration asiatique<\/strong>, peint \u00e0 l\u2019<strong data-start=\"373\" data-end=\"386\">aquarelle<\/strong> sur <strong data-start=\"391\" data-end=\"423\">papier de qualit\u00e9 sup\u00e9rieure<\/strong>. L\u2019animal est <strong data-start=\"438\" data-end=\"447\">assis<\/strong>, le <strong data-start=\"452\" data-end=\"471\">corps de profil<\/strong>, la <strong data-start=\"476\" data-end=\"511\">t\u00eate tourn\u00e9e vers le spectateur<\/strong>. Son expression attentive cr\u00e9e une connexion imm\u00e9diate avec celui qui le regarde.<\/p>\n<p class=\"\" data-start=\"606\" data-end=\"984\">Son pelage est d\u00e9licatement rendu dans des tons <strong data-start=\"654\" data-end=\"681\">tigr\u00e9s orange et marron<\/strong> sur le dos et les pattes, tandis que le <strong data-start=\"722\" data-end=\"754\">cou et le ventre sont blanc<\/strong>, apportant une belle lumi\u00e8re \u00e0 la composition.<br data-start=\"801\" data-end=\"804\" \/>Le style \u00e9voque \u00e0 la fois la finesse des <strong data-start=\"845\" data-end=\"873\">illustrations orientales<\/strong> et la <strong data-start=\"880\" data-end=\"910\">libert\u00e9 du geste aquarell\u00e9<\/strong>, dans un \u00e9quilibre subtil entre observation et interpr\u00e9tation artistique.<\/p>\n<p class=\"\" data-start=\"986\" data-end=\"1111\">L\u2019ensemble d\u00e9gage une s\u00e9r\u00e9nit\u00e9 expressive, une \u00e9l\u00e9gance discr\u00e8te \u2013 parfait pour un int\u00e9rieur \u00e9pur\u00e9 ou un amateur d\u2019art f\u00e9lin.<\/p>\n<hr class=\"\" data-start=\"1113\" data-end=\"1116\" \/>\n<h3 class=\"\" data-start=\"1118\" data-end=\"1160\">\u2705 <strong data-start=\"1124\" data-end=\"1160\">Fiche produit \u2013 &#8220;Regard du chat&#8221;<\/strong><\/h3>\n<p class=\"\" data-start=\"1162\" data-end=\"1181\">\ud83d\udcd0 <strong data-start=\"1165\" data-end=\"1179\">Dimensions<\/strong><\/p>\n<ul data-start=\"1182\" data-end=\"1301\">\n<li class=\"\" data-start=\"1182\" data-end=\"1301\">\n<p class=\"\" data-start=\"1184\" data-end=\"1301\">Format : largeur : 14,8cm, hauteur: 9,8cm, encadr\u00e9 sous verre avec une baguette en bois encadr\u00e9e de noir<\/p>\n<\/li>\n<\/ul>\n<p class=\"\" data-start=\"1303\" data-end=\"1333\">\ud83c\udfa8 <strong data-start=\"1306\" data-end=\"1331\">Technique &amp; mat\u00e9riaux<\/strong><\/p>\n<ul data-start=\"1334\" data-end=\"1479\">\n<li class=\"\" data-start=\"1334\" data-end=\"1361\">\n<p class=\"\" data-start=\"1336\" data-end=\"1361\"><strong data-start=\"1336\" data-end=\"1359\">Aquarelle originale<\/strong><\/p>\n<\/li>\n<li class=\"\" data-start=\"1362\" data-end=\"1417\">\n<p class=\"\" data-start=\"1364\" data-end=\"1417\">Papier aquarelle haut de gamme (grain moyen)<\/p>\n<\/li>\n<\/ul>\n<p class=\"\" data-start=\"1481\" data-end=\"1495\">\ud83d\udc08 <strong data-start=\"1484\" data-end=\"1493\">Sujet<\/strong><\/p>\n<ul data-start=\"1496\" data-end=\"1703\">\n<li class=\"\" data-start=\"1496\" data-end=\"1545\">\n<p class=\"\" data-start=\"1498\" data-end=\"1545\">Chat assis, <strong data-start=\"1510\" data-end=\"1543\">corps de profil, t\u00eate de face<\/strong><\/p>\n<\/li>\n<li class=\"\" data-start=\"1546\" data-end=\"1608\">\n<p class=\"\" data-start=\"1548\" data-end=\"1608\">Pelage tigr\u00e9 <strong data-start=\"1561\" data-end=\"1581\">orange et marron<\/strong> sur le dos et les pattes<\/p>\n<\/li>\n<li class=\"\" data-start=\"1609\" data-end=\"1637\">\n<p class=\"\" data-start=\"1611\" data-end=\"1637\"><strong data-start=\"1611\" data-end=\"1635\">Cou et ventre blanc<\/strong><\/p>\n<\/li>\n<li class=\"\" data-start=\"1638\" data-end=\"1703\">\n<p class=\"\" data-start=\"1640\" data-end=\"1703\">Style inspir\u00e9 de l\u2019art asiatique \u2013 simple, expressif, \u00e9quilibr\u00e9<\/p>\n<\/li>\n<\/ul>\n<p class=\"\" data-start=\"1705\" data-end=\"1726\">\ud83c\udf3f <strong data-start=\"1708\" data-end=\"1724\">Pi\u00e8ce unique<\/strong><\/p>\n<ul data-start=\"1727\" data-end=\"1845\">\n<li class=\"\" data-start=\"1727\" data-end=\"1743\">\n<p class=\"\" data-start=\"1729\" data-end=\"1743\">\u0152uvre sign\u00e9e<\/p>\n<\/li>\n<li class=\"\" data-start=\"1744\" data-end=\"1787\">\n<p class=\"\" data-start=\"1746\" data-end=\"1787\">Fait main avec des mat\u00e9riaux de qualit\u00e9<\/p>\n<\/li>\n<li class=\"\" data-start=\"1788\" data-end=\"1845\">\n<p class=\"\" data-start=\"1790\" data-end=\"1845\">Id\u00e9ale pour une d\u00e9coration zen, chaleureuse ou po\u00e9tique<\/p>\n<\/li>\n<\/ul>\n<p class=\"\" data-start=\"1847\" data-end=\"1870\">\ud83c\udf81 <strong data-start=\"1850\" data-end=\"1868\">Parfait pour :<\/strong><\/p>\n<ul data-start=\"1871\" data-end=\"1991\">\n<li class=\"\" data-start=\"1871\" data-end=\"1897\">\n<p class=\"\" data-start=\"1873\" data-end=\"1897\">Les amoureux des chats<\/p>\n<\/li>\n<li class=\"\" data-start=\"1898\" data-end=\"1930\">\n<p class=\"\" data-start=\"1900\" data-end=\"1930\">Un cadeau artistique raffin\u00e9<\/p>\n<\/li>\n<li class=\"\" data-start=\"1931\" data-end=\"1991\">\n<p class=\"\" data-start=\"1933\" data-end=\"1991\">Apporter une pr\u00e9sence silencieuse et apaisante \u00e0 un espace<\/p>\n<\/li>\n<\/ul>\n<hr class=\"\" data-start=\"1993\" data-end=\"1996\" \/>\n<h3 class=\"\" data-start=\"1998\" data-end=\"2048\">\ud83d\udcb8 <strong data-start=\"2005\" data-end=\"2048\">\u0152uvre originale \u2013 Disponible \u00e0 la vente<\/strong><\/h3>\n<p class=\"\" data-start=\"2049\" data-end=\"2133\"><br data-start=\"2075\" data-end=\"2078\" \/>\ud83d\udce6 Exp\u00e9dition soign\u00e9e | Certificat d&#8217;authenticit\u00e9 joint<\/p>\n","protected":false},"excerpt":{"rendered":"<p>Ce tableau repr\u00e9sente un chat d\u2019inspiration asiatique, peint \u00e0 l\u2019aquarelle sur papier. L\u2019animal est assis, corps de profil, t\u00eate tourn\u00e9e vers le spectateur. Son expression est attentive.<\/p>\n","protected":false},"featured_media":5332,"comment_status":"open","ping_status":"closed","template":"","meta":[],"product_brand":[],"product_cat":[225,178,24],"product_tag":[52,47,221],"class_list":{"0":"post-5331","1":"product","2":"type-product","3":"status-publish","4":"has-post-thumbnail","6":"product_cat-aquarelle-tableau-papier","7":"product_cat-carte-soie-animal","8":"product_cat-diversite-oeuvres-art","9":"product_tag-portrait-animal","10":"product_tag-chat","11":"product_tag-tableau","12":"pa_tableau-aquarelle-animal","14":"first","15":"instock","16":"purchasable","17":"product-type-simple"},"_links":{"self":[{"href":"https:\/\/art-bijoux.com\/en\/wp-json\/wp\/v2\/product\/5331","targetHints":{"allow":["GET"]}}],"collection":[{"href":"https:\/\/art-bijoux.com\/en\/wp-json\/wp\/v2\/product"}],"about":[{"href":"https:\/\/art-bijoux.com\/en\/wp-json\/wp\/v2\/types\/product"}],"replies":[{"embeddable":true,"href":"https:\/\/art-bijoux.com\/en\/wp-json\/wp\/v2\/comments?post=5331"}],"version-history":[{"count":0,"href":"https:\/\/art-bijoux.com\/en\/wp-json\/wp\/v2\/product\/5331\/revisions"}],"wp:featuredmedia":[{"embeddable":true,"href":"https:\/\/art-bijoux.com\/en\/wp-json\/wp\/v2\/media\/5332"}],"wp:attachment":[{"href":"https:\/\/art-bijoux.com\/en\/wp-json\/wp\/v2\/media?parent=5331"}],"wp:term":[{"taxonomy":"product_brand","embeddable":true,"href":"https:\/\/art-bijoux.com\/en\/wp-json\/wp\/v2\/product_brand?post=5331"},{"taxonomy":"product_cat","embeddable":true,"href":"https:\/\/art-bijoux.com\/en\/wp-json\/wp\/v2\/product_cat?post=5331"},{"taxonomy":"product_tag","embeddable":true,"href":"https:\/\/art-bijoux.com\/en\/wp-json\/wp\/v2\/product_tag?post=5331"}],"curies":[{"name":"wp","href":"https:\/\/api.w.org\/{rel}","templated":true}]}}