{"id":5392,"date":"2025-05-16T14:02:39","date_gmt":"2025-05-16T12:02:39","guid":{"rendered":"https:\/\/art-bijoux.com\/?post_type=product&#038;p=5392"},"modified":"2025-05-25T01:00:01","modified_gmt":"2025-05-24T23:00:01","slug":"carte-postcard-silk-soie-fleur-tulipe","status":"publish","type":"product","link":"https:\/\/art-bijoux.com\/en\/boutique\/carte-postcard-silk-soie-fleur-tulipe\/","title":{"rendered":"Carte postale unique peinte sur soie \u2013 &#8220;Tulipes rouges sur fond rose tyrien&#8221;"},"content":{"rendered":"<figure id=\"attachment_5393\" aria-describedby=\"caption-attachment-5393\" style=\"width: 300px\" class=\"wp-caption alignleft\"><img fetchpriority=\"high\" decoding=\"async\" class=\"size-medium wp-image-5393\" src=\"https:\/\/art-bijoux.com\/wp-content\/uploads\/2025\/05\/Carte-4-tulipes-rouges-carre-300x300.jpg\" alt=\"Carte soie 4 tulipes rouges\" width=\"300\" height=\"300\" srcset=\"https:\/\/art-bijoux.com\/wp-content\/uploads\/2025\/05\/Carte-4-tulipes-rouges-carre-300x300.jpg 300w, https:\/\/art-bijoux.com\/wp-content\/uploads\/2025\/05\/Carte-4-tulipes-rouges-carre-1024x1024.jpg 1024w, https:\/\/art-bijoux.com\/wp-content\/uploads\/2025\/05\/Carte-4-tulipes-rouges-carre-150x150.jpg 150w, https:\/\/art-bijoux.com\/wp-content\/uploads\/2025\/05\/Carte-4-tulipes-rouges-carre-768x768.jpg 768w, https:\/\/art-bijoux.com\/wp-content\/uploads\/2025\/05\/Carte-4-tulipes-rouges-carre-600x600.jpg 600w, https:\/\/art-bijoux.com\/wp-content\/uploads\/2025\/05\/Carte-4-tulipes-rouges-carre-100x100.jpg 100w, https:\/\/art-bijoux.com\/wp-content\/uploads\/2025\/05\/Carte-4-tulipes-rouges-carre.jpg 1080w\" sizes=\"(max-width: 300px) 100vw, 300px\" \/><figcaption id=\"caption-attachment-5393\" class=\"wp-caption-text\">Carte soie 4 tulipes rouges<\/figcaption><\/figure>\n<p class=\"\" data-start=\"222\" data-end=\"511\">Cette <strong data-start=\"228\" data-end=\"244\">carte unique<\/strong>, peinte \u00e0 la main sur un morceau de <strong data-start=\"281\" data-end=\"299\">soie r\u00e9cup\u00e9r\u00e9e<\/strong> d\u2019une \u00e9charpe, \u00e9voque la fra\u00eecheur spontan\u00e9e d\u2019un bouquet \u00e9clat\u00e9 : <strong data-start=\"367\" data-end=\"390\">cinq tulipes rouges<\/strong>, l\u00e9g\u00e8rement dispers\u00e9es sur la soie, accompagn\u00e9es de leur <strong data-start=\"448\" data-end=\"470\">feuillage vert vif<\/strong>, dans une composition vivante et l\u00e9g\u00e8re.<\/p>\n<p class=\"\" data-start=\"513\" data-end=\"780\">Le fond, d\u2019un <strong data-start=\"527\" data-end=\"550\">rose tyrien profond<\/strong>, met en valeur l\u2019intensit\u00e9 des fleurs tout en conservant une grande douceur. Comme les autres pi\u00e8ces de la collection, les <strong data-start=\"674\" data-end=\"718\">coins blancs de la soie restent visibles<\/strong>, accentuant l\u2019impression de l\u00e9g\u00e8ret\u00e9 et de mati\u00e8re naturelle.<\/p>\n<p class=\"\" data-start=\"782\" data-end=\"947\">Les motifs sont entour\u00e9s d\u2019un <strong data-start=\"812\" data-end=\"845\">serti dor\u00e9<\/strong>, trac\u00e9 \u00e0 la main, et les <strong data-start=\"871\" data-end=\"906\">encres ont \u00e9t\u00e9 fix\u00e9es \u00e0 l\u2019\u00e9tuve<\/strong> pour garantir la p\u00e9rennit\u00e9 des couleurs.<\/p>\n<p class=\"\" data-start=\"943\" data-end=\"1149\">\ud83d\udcd0 <strong data-start=\"946\" data-end=\"977\">Format : environ 14 x 12 cm<\/strong><br data-start=\"977\" data-end=\"980\" \/>\ud83c\udfa8 Soie mont\u00e9e sur <strong data-start=\"999\" data-end=\"1015\">carton \u00e9pais<\/strong>, ouverture en <strong data-start=\"1030\" data-end=\"1050\">fen\u00eatre centrale bord\u00e9e d&#8217;un filet dor\u00e9.<\/strong><br data-start=\"1050\" data-end=\"1053\" \/>\u2709\ufe0f <strong data-start=\"1056\" data-end=\"1090\">Livr\u00e9e avec enveloppe assortie<\/strong><br data-start=\"1090\" data-end=\"1093\" \/>\ud83d\uddbc\ufe0f <strong data-start=\"1097\" data-end=\"1149\">Option sous-verre encadr\u00e9 disponible sur demande<\/strong><\/p>\n<hr class=\"\" data-start=\"1151\" data-end=\"1154\" \/>\n<h3 class=\"\" data-start=\"1156\" data-end=\"1192\">\u2705 <strong data-start=\"1162\" data-end=\"1190\">\u00c0 offrir ou \u00e0 s\u2019offrir :<\/strong><\/h3>\n<p class=\"\" data-start=\"1193\" data-end=\"1355\">\u2013 Comme <strong data-start=\"1201\" data-end=\"1220\">carte pr\u00e9cieuse<\/strong> pour accompagner un message<br data-start=\"1248\" data-end=\"1251\" \/>\u2013 Comme <strong data-start=\"1259\" data-end=\"1286\">\u0153uvre textile miniature<\/strong> \u00e0 encadrer<br data-start=\"1297\" data-end=\"1300\" \/>\u2013 Comme pi\u00e8ce d\u2019une <strong data-start=\"1320\" data-end=\"1355\">collection de peinture sur soie<\/strong><\/p>\n<p class=\"\" data-start=\"1357\" data-end=\"1414\">\u267b\ufe0f <strong data-start=\"1360\" data-end=\"1414\">Fait main \u2013 Pi\u00e8ce unique \u2013 Soie recycl\u00e9e avec soin<\/strong><\/p>\n<p>&nbsp;<\/p>\n","protected":false},"excerpt":{"rendered":"<p>Carte postale unique, peinte sur soie r\u00e9cup\u00e9r\u00e9e, repr\u00e9sente 5 tulipes rouge sur fond rose tyrien. Le serti est dor\u00e9.<\/p>\n","protected":false},"featured_media":5393,"comment_status":"open","ping_status":"closed","template":"","meta":[],"product_brand":[],"product_cat":[304,24],"product_tag":[200,35,38],"class_list":{"0":"post-5392","1":"product","2":"type-product","3":"status-publish","4":"has-post-thumbnail","6":"product_cat-carte-sous-verre-fleurs","7":"product_cat-diversite-oeuvres-art","8":"product_tag-carte-postale-soie-verre","9":"product_tag-feuille-breloque-metal","10":"product_tag-fleur-soie-metal","11":"pa_carte-postale-carte-fleurs","13":"first","14":"instock","15":"sale","16":"purchasable","17":"product-type-simple"},"_links":{"self":[{"href":"https:\/\/art-bijoux.com\/en\/wp-json\/wp\/v2\/product\/5392","targetHints":{"allow":["GET"]}}],"collection":[{"href":"https:\/\/art-bijoux.com\/en\/wp-json\/wp\/v2\/product"}],"about":[{"href":"https:\/\/art-bijoux.com\/en\/wp-json\/wp\/v2\/types\/product"}],"replies":[{"embeddable":true,"href":"https:\/\/art-bijoux.com\/en\/wp-json\/wp\/v2\/comments?post=5392"}],"version-history":[{"count":0,"href":"https:\/\/art-bijoux.com\/en\/wp-json\/wp\/v2\/product\/5392\/revisions"}],"wp:featuredmedia":[{"embeddable":true,"href":"https:\/\/art-bijoux.com\/en\/wp-json\/wp\/v2\/media\/5393"}],"wp:attachment":[{"href":"https:\/\/art-bijoux.com\/en\/wp-json\/wp\/v2\/media?parent=5392"}],"wp:term":[{"taxonomy":"product_brand","embeddable":true,"href":"https:\/\/art-bijoux.com\/en\/wp-json\/wp\/v2\/product_brand?post=5392"},{"taxonomy":"product_cat","embeddable":true,"href":"https:\/\/art-bijoux.com\/en\/wp-json\/wp\/v2\/product_cat?post=5392"},{"taxonomy":"product_tag","embeddable":true,"href":"https:\/\/art-bijoux.com\/en\/wp-json\/wp\/v2\/product_tag?post=5392"}],"curies":[{"name":"wp","href":"https:\/\/api.w.org\/{rel}","templated":true}]}}