{"id":5398,"date":"2025-05-26T11:29:59","date_gmt":"2025-05-26T09:29:59","guid":{"rendered":"https:\/\/art-bijoux.com\/?post_type=product&#038;p=5398"},"modified":"2025-05-26T11:29:59","modified_gmt":"2025-05-26T09:29:59","slug":"aquarelle-originale-soleil-ecrit-sur-les-roseaux","status":"publish","type":"product","link":"https:\/\/art-bijoux.com\/en\/boutique\/aquarelle-originale-soleil-ecrit-sur-les-roseaux\/","title":{"rendered":"Aquarelle originale &#8211; Soleil \u00e9crit sur les roseaux"},"content":{"rendered":"<figure id=\"attachment_5399\" aria-describedby=\"caption-attachment-5399\" style=\"width: 230px\" class=\"wp-caption alignleft\"><img fetchpriority=\"high\" decoding=\"async\" class=\"size-medium wp-image-5399\" src=\"https:\/\/art-bijoux.com\/wp-content\/uploads\/2025\/05\/Soleil-ecrit-roseaux-230x300.webp\" alt=\"Aquarelle V\" width=\"230\" height=\"300\" srcset=\"https:\/\/art-bijoux.com\/wp-content\/uploads\/2025\/05\/Soleil-ecrit-roseaux-230x300.webp 230w, https:\/\/art-bijoux.com\/wp-content\/uploads\/2025\/05\/Soleil-ecrit-roseaux-600x783.webp 600w, https:\/\/art-bijoux.com\/wp-content\/uploads\/2025\/05\/Soleil-ecrit-roseaux.webp 613w\" sizes=\"(max-width: 230px) 100vw, 230px\" \/><figcaption id=\"caption-attachment-5399\" class=\"wp-caption-text\">Soleil \u00e9crit sur les roseaux<\/figcaption><\/figure>\n<h3 data-start=\"154\" data-end=\"210\"><strong data-start=\"158\" data-end=\"210\">Aquarelle originale \u2013 &#8220;Soleil \u00e9crit sur les roseaux&#8221;<\/strong><\/h3>\n<p data-start=\"212\" data-end=\"263\">Une atmosph\u00e8re silencieuse, profonde et m\u00e9ditative.<\/p>\n<p data-start=\"265\" data-end=\"486\">Cette <strong data-start=\"271\" data-end=\"291\">aquarelle unique<\/strong>, r\u00e9alis\u00e9e \u00e0 la main \u00e0 l\u2019encre et \u00e0 l\u2019aquarelle, repr\u00e9sente un <strong data-start=\"354\" data-end=\"384\">paysage mar\u00e9cageux stylis\u00e9<\/strong>, compos\u00e9 de <strong data-start=\"397\" data-end=\"416\">roseaux \u00e9lanc\u00e9s<\/strong> aux teintes sombres, entour\u00e9s de brume et de formes v\u00e9g\u00e9tales floues.<\/p>\n<p data-start=\"488\" data-end=\"683\">Un <strong data-start=\"491\" data-end=\"507\">soleil rouge<\/strong>, plac\u00e9 en hauteur, domine la composition. Il est orn\u00e9 d\u2019une <strong data-start=\"577\" data-end=\"622\">calligraphie imaginaire \u00e0 la feuille d\u2019or<\/strong>, ajoutant \u00e0 l\u2019\u0153uvre une dimension symbolique et myst\u00e9rieuse. Il fait partie de ma collection de &#8220;Soleils \u00e9crits&#8221; inspir\u00e9s par le fameuses taches sur le soleil\/<\/p>\n<p data-start=\"685\" data-end=\"773\">L\u2019ensemble \u00e9voque la <strong data-start=\"706\" data-end=\"728\">peinture asiatique<\/strong>, entre force contenue et po\u00e9sie silencieuse.<\/p>\n<p data-start=\"775\" data-end=\"1066\">\ud83d\udd8c\ufe0f <strong data-start=\"779\" data-end=\"793\">Techniques<\/strong> : aquarelle, encre noire, feuille d\u2019or appliqu\u00e9e manuellement<br data-start=\"855\" data-end=\"858\" \/>\ud83d\udcd0 <strong data-start=\"861\" data-end=\"875\">Dimensions<\/strong> : format carte postale \u2013 environ 14,8 x 10,5 cm<br data-start=\"923\" data-end=\"926\" \/>\ud83d\uddbc\ufe0f <strong data-start=\"930\" data-end=\"945\">Encadrement<\/strong> : sous verre, cadre fin bois fonc\u00e9 inclus<br data-start=\"987\" data-end=\"990\" \/>\ud83d\udce6 Exp\u00e9dition s\u00e9curis\u00e9e \u2013 emballage soign\u00e9<br data-start=\"1032\" data-end=\"1035\" \/>\n<\/p>\n<hr data-start=\"1068\" data-end=\"1071\" \/>\n<h3 data-start=\"1073\" data-end=\"1093\">\u2705 Id\u00e9al pour :<\/h3>\n<p data-start=\"1094\" data-end=\"1249\">\u2013 Offrir une <strong data-start=\"1107\" data-end=\"1132\">\u0153uvre d\u2019art originale<\/strong><br data-start=\"1132\" data-end=\"1135\" \/>\u2013 Les amateurs d\u2019<strong data-start=\"1152\" data-end=\"1198\">esth\u00e9tique zen, asiatique ou contemplative<\/strong><br data-start=\"1198\" data-end=\"1201\" \/>\u2013 Un <strong data-start=\"1206\" data-end=\"1235\">cadeau de derni\u00e8re minute<\/strong> plein de sens<\/p>\n<p data-start=\"1251\" data-end=\"1304\">\u267b\ufe0f <strong data-start=\"1254\" data-end=\"1304\">\u0152uvre unique \u2013 sign\u00e9e \u2013 pr\u00eate \u00e0 \u00eatre accroch\u00e9e<\/strong><\/p>\n","protected":false},"excerpt":{"rendered":"<p>Aquarelle unique, repr\u00e9sentant un paysage mar\u00e9cageux avec des roseaux aux teintes sombres. Un soleil rouge, est orn\u00e9 d\u2019une calligraphie imaginaire \u00e0 la feuille d\u2019or, surplombe la composition.<\/p>\n","protected":false},"featured_media":5399,"comment_status":"open","ping_status":"closed","template":"","meta":[],"product_brand":[],"product_cat":[225,261,24],"product_tag":[198,221],"class_list":{"0":"post-5398","1":"product","2":"type-product","3":"status-publish","4":"has-post-thumbnail","6":"product_cat-aquarelle-tableau-papier","7":"product_cat-paysage","8":"product_cat-diversite-oeuvres-art","9":"product_tag-feuille-doree","10":"product_tag-tableau","11":"pa_tableau-aquarelle-paysage","13":"first","14":"instock","15":"purchasable","16":"product-type-simple"},"_links":{"self":[{"href":"https:\/\/art-bijoux.com\/en\/wp-json\/wp\/v2\/product\/5398","targetHints":{"allow":["GET"]}}],"collection":[{"href":"https:\/\/art-bijoux.com\/en\/wp-json\/wp\/v2\/product"}],"about":[{"href":"https:\/\/art-bijoux.com\/en\/wp-json\/wp\/v2\/types\/product"}],"replies":[{"embeddable":true,"href":"https:\/\/art-bijoux.com\/en\/wp-json\/wp\/v2\/comments?post=5398"}],"version-history":[{"count":0,"href":"https:\/\/art-bijoux.com\/en\/wp-json\/wp\/v2\/product\/5398\/revisions"}],"wp:featuredmedia":[{"embeddable":true,"href":"https:\/\/art-bijoux.com\/en\/wp-json\/wp\/v2\/media\/5399"}],"wp:attachment":[{"href":"https:\/\/art-bijoux.com\/en\/wp-json\/wp\/v2\/media?parent=5398"}],"wp:term":[{"taxonomy":"product_brand","embeddable":true,"href":"https:\/\/art-bijoux.com\/en\/wp-json\/wp\/v2\/product_brand?post=5398"},{"taxonomy":"product_cat","embeddable":true,"href":"https:\/\/art-bijoux.com\/en\/wp-json\/wp\/v2\/product_cat?post=5398"},{"taxonomy":"product_tag","embeddable":true,"href":"https:\/\/art-bijoux.com\/en\/wp-json\/wp\/v2\/product_tag?post=5398"}],"curies":[{"name":"wp","href":"https:\/\/api.w.org\/{rel}","templated":true}]}}