{"id":54,"date":"2024-04-15T12:02:21","date_gmt":"2024-04-15T10:02:21","guid":{"rendered":"https:\/\/art-bijoux.com\/?post_type=product&#038;p=54"},"modified":"2024-05-28T17:39:18","modified_gmt":"2024-05-28T15:39:18","slug":"pendentif-unique-verre-opalescent-tiffany-breloque-libellule","status":"publish","type":"product","link":"https:\/\/art-bijoux.com\/en\/boutique\/pendentif-unique-verre-opalescent-tiffany-breloque-libellule\/","title":{"rendered":"Ne recule jamais ! &#8211; Pendentif Unique en Verre Opalescent Tiffany avec Breloque Libellule"},"content":{"rendered":"<figure id=\"attachment_55\" aria-describedby=\"caption-attachment-55\" style=\"width: 231px\" class=\"wp-caption alignleft\"><img fetchpriority=\"high\" decoding=\"async\" class=\"size-medium wp-image-55\" src=\"https:\/\/art-bijoux.com\/wp-content\/uploads\/2024\/04\/Libellule-rose-bleu-231x300.webp\" alt=\"Libellule argent\u00e9 sur glycine rose\" width=\"231\" height=\"300\" srcset=\"https:\/\/art-bijoux.com\/wp-content\/uploads\/2024\/04\/Libellule-rose-bleu-231x300.webp 231w, https:\/\/art-bijoux.com\/wp-content\/uploads\/2024\/04\/Libellule-rose-bleu-600x778.webp 600w, https:\/\/art-bijoux.com\/wp-content\/uploads\/2024\/04\/Libellule-rose-bleu-790x1024.webp 790w, https:\/\/art-bijoux.com\/wp-content\/uploads\/2024\/04\/Libellule-rose-bleu-768x995.webp 768w, https:\/\/art-bijoux.com\/wp-content\/uploads\/2024\/04\/Libellule-rose-bleu-1185x1536.webp 1185w, https:\/\/art-bijoux.com\/wp-content\/uploads\/2024\/04\/Libellule-rose-bleu.webp 1487w\" sizes=\"(max-width: 231px) 100vw, 231px\" \/><figcaption id=\"caption-attachment-55\" class=\"wp-caption-text\">Pour c\u00e9l\u00e9brer la pers\u00e9v\u00e9rance de tous ceux qui vont toujours de l&#8217;avant : la libellule ne recule jamais !<\/figcaption><\/figure>\n<p>D\u00e9couvrez l&#8217;\u00e9l\u00e9gance art d\u00e9co de ce pendentif artisanal, une v\u00e9ritable \u0153uvre d&#8217;art cr\u00e9\u00e9e \u00e0 partir de pi\u00e8ces de verre opalescent, r\u00e9alis\u00e9 avec des chutes de la lampe &#8220;glycine&#8221;. Ce pendentif est une pi\u00e8ce unique, fa\u00e7onne avec soin \u00e0 partir de quatre morceaux de verre rose et une pi\u00e8ce bleue, de qualit\u00e9 Tiffany, c&#8217;est \u00e0 dire opaques.<\/p>\n<p>Chaque pi\u00e8ce de ce pendentif raconte une histoire et incarne l&#8217;artisanat d&#8217;art dans sa forme la plus aboutie. La technique Tiffany, r\u00e9put\u00e9e pour sa qualit\u00e9 et sa beaut\u00e9, est utilis\u00e9e pour monter chaque pi\u00e8ce avec pr\u00e9cision : Le verre est m\u00e9ticuleusement meul\u00e9 pour assurer l&#8217;ajustement entre les pi\u00e8ces, puis serti de cuivre et soud\u00e9 \u00e0 l&#8217;\u00e9tain, cr\u00e9ant ainsi une structure solide et durable. Une patine couleur cuivre ancien ajoute une touche de caract\u00e8re et une apparence d&#8217;usure. Pour couronner le tout, une breloque en m\u00e9tal argent\u00e9, en forme de libellule, \u00e0 l&#8217;\u00e9chelle d&#8217;une vraie, un insecte qui ne recule jamais, symbole de pers\u00e9v\u00e9rance et de libert\u00e9, est pos\u00e9e dessus avec d\u00e9licatesse.<\/p>\n<p>Portez ce pendentif avec fiert\u00e9 car il repr\u00e9sente vos capacit\u00e9s de pers\u00e9v\u00e9rance, et laissez-vous s\u00e9duire par son charme unique.\u00a0 Vous \u00eates de ceux qui ne reculent jamais devant les difficult\u00e9s ? Offrez-vous ou offrez \u00e0 un \u00eatre cher un bijou qui ne se contente pas d&#8217;embellir, mais qui inspire \u00e9galement par son caract\u00e8re distinctif et son histoire singuli\u00e8re.<\/p>\n<p>hauteur : 9,4 cm, largeur 7,2 cm<\/p>\n<p>Pi\u00e8ces issues de la lampe Glycine :<\/p>\n<p><img decoding=\"async\" class=\"alignnone size-medium wp-image-324\" src=\"https:\/\/art-bijoux.com\/wp-content\/uploads\/2024\/04\/Lampe-Glycine-1-300x225.webp\" alt=\"\" width=\"300\" height=\"225\" srcset=\"https:\/\/art-bijoux.com\/wp-content\/uploads\/2024\/04\/Lampe-Glycine-1-300x225.webp 300w, https:\/\/art-bijoux.com\/wp-content\/uploads\/2024\/04\/Lampe-Glycine-1-600x450.webp 600w, https:\/\/art-bijoux.com\/wp-content\/uploads\/2024\/04\/Lampe-Glycine-1-768x576.webp 768w, https:\/\/art-bijoux.com\/wp-content\/uploads\/2024\/04\/Lampe-Glycine-1.webp 800w\" sizes=\"(max-width: 300px) 100vw, 300px\" \/><\/p>\n<p>&nbsp;<\/p>\n<p>&nbsp;<\/p>\n","protected":false},"excerpt":{"rendered":"<p>Une fleur compos\u00e9e de 5 p\u00e9tales rose et un bleu. Une libellule argent\u00e9e s&#8217;est pos\u00e9e dessus !<\/p>\n","protected":false},"featured_media":55,"comment_status":"open","ping_status":"closed","template":"","meta":[],"product_brand":[],"product_cat":[176,28],"product_tag":[29,26,27],"class_list":{"0":"post-54","1":"product","2":"type-product","3":"status-publish","4":"has-post-thumbnail","6":"product_cat-breloque-bijou-verre","7":"product_cat-pendentif-tiffany","8":"product_tag-breloque-metal-pierre","9":"product_tag-pendentif-verre","10":"product_tag-tiffany-verre","11":"pa_bijou-pendentif","12":"pa_breloque-libellule","14":"first","15":"instock","16":"purchasable","17":"product-type-simple"},"_links":{"self":[{"href":"https:\/\/art-bijoux.com\/en\/wp-json\/wp\/v2\/product\/54","targetHints":{"allow":["GET"]}}],"collection":[{"href":"https:\/\/art-bijoux.com\/en\/wp-json\/wp\/v2\/product"}],"about":[{"href":"https:\/\/art-bijoux.com\/en\/wp-json\/wp\/v2\/types\/product"}],"replies":[{"embeddable":true,"href":"https:\/\/art-bijoux.com\/en\/wp-json\/wp\/v2\/comments?post=54"}],"version-history":[{"count":1,"href":"https:\/\/art-bijoux.com\/en\/wp-json\/wp\/v2\/product\/54\/revisions"}],"predecessor-version":[{"id":307,"href":"https:\/\/art-bijoux.com\/en\/wp-json\/wp\/v2\/product\/54\/revisions\/307"}],"wp:featuredmedia":[{"embeddable":true,"href":"https:\/\/art-bijoux.com\/en\/wp-json\/wp\/v2\/media\/55"}],"wp:attachment":[{"href":"https:\/\/art-bijoux.com\/en\/wp-json\/wp\/v2\/media?parent=54"}],"wp:term":[{"taxonomy":"product_brand","embeddable":true,"href":"https:\/\/art-bijoux.com\/en\/wp-json\/wp\/v2\/product_brand?post=54"},{"taxonomy":"product_cat","embeddable":true,"href":"https:\/\/art-bijoux.com\/en\/wp-json\/wp\/v2\/product_cat?post=54"},{"taxonomy":"product_tag","embeddable":true,"href":"https:\/\/art-bijoux.com\/en\/wp-json\/wp\/v2\/product_tag?post=54"}],"curies":[{"name":"wp","href":"https:\/\/api.w.org\/{rel}","templated":true}]}}