{"id":5405,"date":"2025-05-27T13:07:41","date_gmt":"2025-05-27T11:07:41","guid":{"rendered":"https:\/\/art-bijoux.com\/?post_type=product&#038;p=5405"},"modified":"2025-05-27T13:07:41","modified_gmt":"2025-05-27T11:07:41","slug":"tableau-en-verre-peint-sous-bois-avec-mare-bleue","status":"publish","type":"product","link":"https:\/\/art-bijoux.com\/en\/boutique\/tableau-en-verre-peint-sous-bois-avec-mare-bleue\/","title":{"rendered":"Tableau en verre peint &#8211; Sous bois avec mare bleue"},"content":{"rendered":"<figure id=\"attachment_5406\" aria-describedby=\"caption-attachment-5406\" style=\"width: 300px\" class=\"wp-caption alignleft\"><img fetchpriority=\"high\" decoding=\"async\" class=\"size-medium wp-image-5406\" src=\"https:\/\/art-bijoux.com\/wp-content\/uploads\/2025\/05\/Tableau-mare-c-300x296.jpg\" alt=\"Tableau verre peint, sous-bois avec mare \" width=\"300\" height=\"296\" srcset=\"https:\/\/art-bijoux.com\/wp-content\/uploads\/2025\/05\/Tableau-mare-c-300x296.jpg 300w, https:\/\/art-bijoux.com\/wp-content\/uploads\/2025\/05\/Tableau-mare-c-768x757.jpg 768w, https:\/\/art-bijoux.com\/wp-content\/uploads\/2025\/05\/Tableau-mare-c-600x591.jpg 600w, https:\/\/art-bijoux.com\/wp-content\/uploads\/2025\/05\/Tableau-mare-c-100x100.jpg 100w, https:\/\/art-bijoux.com\/wp-content\/uploads\/2025\/05\/Tableau-mare-c.jpg 1024w\" sizes=\"(max-width: 300px) 100vw, 300px\" \/><figcaption id=\"caption-attachment-5406\" class=\"wp-caption-text\">Tableau verre peint, sous-bois avec mare<\/figcaption><\/figure>\n<p>Une \u00e9vocation abstraite des sous-bois o\u00f9 se dressent des troncs noirs ponctu\u00e9s de feuillages verts et roux. EN bas au centre, une petite mare d\u2019un bleu vif attire le regard, comme une clairi\u00e8re secr\u00e8te. La cuisson en four fixe les pigments et cr\u00e9e des effets brillants, renfor\u00e7ant l\u2019atmosph\u00e8re myst\u00e9rieuse de cette micro-paysage forestier.<\/p>\n<p><strong data-start=\"155\" data-end=\"171\">Dimensions :<\/strong> 10 \u00d7 10 cm (verre peint), encadrement bois naturel<br data-start=\"222\" data-end=\"225\" \/><strong data-start=\"225\" data-end=\"240\">Technique :<\/strong> Peinture sur verre, cuisson au four<br data-start=\"276\" data-end=\"279\" \/><br data-start=\"296\" data-end=\"299\" \/><\/p>\n","protected":false},"excerpt":{"rendered":"<p>Sous-bois avec des troncs noirs aux feuillages verts et roux. Une petite mare d\u2019un bleu vif attire le regard, comme une clairi\u00e8re secr\u00e8te.<\/p>\n","protected":false},"featured_media":5406,"comment_status":"open","ping_status":"closed","template":"","meta":[],"product_brand":[],"product_cat":[261,24,302],"product_tag":[221],"class_list":{"0":"post-5405","1":"product","2":"type-product","3":"status-publish","4":"has-post-thumbnail","6":"product_cat-paysage","7":"product_cat-diversite-oeuvres-art","8":"product_cat-verre-vitrail-peinture-upcycling","9":"product_tag-tableau","10":"pa_tableau-verre-peint","12":"first","13":"instock","14":"purchasable","15":"product-type-simple"},"_links":{"self":[{"href":"https:\/\/art-bijoux.com\/en\/wp-json\/wp\/v2\/product\/5405","targetHints":{"allow":["GET"]}}],"collection":[{"href":"https:\/\/art-bijoux.com\/en\/wp-json\/wp\/v2\/product"}],"about":[{"href":"https:\/\/art-bijoux.com\/en\/wp-json\/wp\/v2\/types\/product"}],"replies":[{"embeddable":true,"href":"https:\/\/art-bijoux.com\/en\/wp-json\/wp\/v2\/comments?post=5405"}],"version-history":[{"count":0,"href":"https:\/\/art-bijoux.com\/en\/wp-json\/wp\/v2\/product\/5405\/revisions"}],"wp:featuredmedia":[{"embeddable":true,"href":"https:\/\/art-bijoux.com\/en\/wp-json\/wp\/v2\/media\/5406"}],"wp:attachment":[{"href":"https:\/\/art-bijoux.com\/en\/wp-json\/wp\/v2\/media?parent=5405"}],"wp:term":[{"taxonomy":"product_brand","embeddable":true,"href":"https:\/\/art-bijoux.com\/en\/wp-json\/wp\/v2\/product_brand?post=5405"},{"taxonomy":"product_cat","embeddable":true,"href":"https:\/\/art-bijoux.com\/en\/wp-json\/wp\/v2\/product_cat?post=5405"},{"taxonomy":"product_tag","embeddable":true,"href":"https:\/\/art-bijoux.com\/en\/wp-json\/wp\/v2\/product_tag?post=5405"}],"curies":[{"name":"wp","href":"https:\/\/api.w.org\/{rel}","templated":true}]}}