{"id":5408,"date":"2025-05-27T13:07:54","date_gmt":"2025-05-27T11:07:54","guid":{"rendered":"https:\/\/art-bijoux.com\/?post_type=product&#038;p=5408"},"modified":"2025-05-27T13:11:55","modified_gmt":"2025-05-27T11:11:55","slug":"tableau-en-verre-peint-sous-bois","status":"publish","type":"product","link":"https:\/\/art-bijoux.com\/en\/boutique\/tableau-en-verre-peint-sous-bois\/","title":{"rendered":"Tableau en verre peint &#8211; Sous bois abstrait"},"content":{"rendered":"<figure id=\"attachment_5409\" aria-describedby=\"caption-attachment-5409\" style=\"width: 300px\" class=\"wp-caption alignleft\"><img fetchpriority=\"high\" decoding=\"async\" class=\"size-medium wp-image-5409\" src=\"https:\/\/art-bijoux.com\/wp-content\/uploads\/2025\/05\/Verre-peint-tableau-sous-bois-abstrait-c-300x300.jpg\" alt=\"Verre peint tableau sous bois abstrait\" width=\"300\" height=\"300\" srcset=\"https:\/\/art-bijoux.com\/wp-content\/uploads\/2025\/05\/Verre-peint-tableau-sous-bois-abstrait-c-300x300.jpg 300w, https:\/\/art-bijoux.com\/wp-content\/uploads\/2025\/05\/Verre-peint-tableau-sous-bois-abstrait-c-150x150.jpg 150w, https:\/\/art-bijoux.com\/wp-content\/uploads\/2025\/05\/Verre-peint-tableau-sous-bois-abstrait-c-768x769.jpg 768w, https:\/\/art-bijoux.com\/wp-content\/uploads\/2025\/05\/Verre-peint-tableau-sous-bois-abstrait-c-600x601.jpg 600w, https:\/\/art-bijoux.com\/wp-content\/uploads\/2025\/05\/Verre-peint-tableau-sous-bois-abstrait-c-100x100.jpg 100w, https:\/\/art-bijoux.com\/wp-content\/uploads\/2025\/05\/Verre-peint-tableau-sous-bois-abstrait-c.jpg 1024w\" sizes=\"(max-width: 300px) 100vw, 300px\" \/><figcaption id=\"caption-attachment-5409\" class=\"wp-caption-text\">Verre peint tableau sous bois abstrait<\/figcaption><\/figure>\n<p>L&#8217;\u00e9vocation abstraite d&#8217;un sous-bois o\u00f9 se dressent des troncs noirs ponctu\u00e9s de feuillages verts et roux qui\u00a0 s\u2019organisent autour d\u2019une fente de lumi\u00e8re verticale. Cette mince lueur, perc\u00e9e dans l\u2019\u00e9paisseur de la for\u00eat, cr\u00e9e une perspective saisissante et invite \u00e0 plonger votre regard au c\u0153ur du tableau.<\/p>\n<p><strong data-start=\"155\" data-end=\"171\">Dimensions :<\/strong> 10 \u00d7 10 cm (verre peint), encadrement bois naturel<br data-start=\"222\" data-end=\"225\" \/><strong data-start=\"225\" data-end=\"240\">Technique :<\/strong> Peinture sur verre, cuisson au four<br data-start=\"276\" data-end=\"279\" \/><br data-start=\"296\" data-end=\"299\" \/><\/p>\n","protected":false},"excerpt":{"rendered":"<p>Sous-bois compos\u00e9 de troncs noirs avec des feuillages verts et roux qui\u00a0 s\u2019organisent autour d\u2019une fente de lumi\u00e8re verticale qui cr\u00e9e une perspective.<\/p>\n","protected":false},"featured_media":5409,"comment_status":"open","ping_status":"closed","template":"","meta":[],"product_brand":[],"product_cat":[261,24,302],"product_tag":[221],"class_list":{"0":"post-5408","1":"product","2":"type-product","3":"status-publish","4":"has-post-thumbnail","6":"product_cat-paysage","7":"product_cat-diversite-oeuvres-art","8":"product_cat-verre-vitrail-peinture-upcycling","9":"product_tag-tableau","10":"pa_tableau-verre-peint","12":"first","13":"instock","14":"purchasable","15":"product-type-simple"},"_links":{"self":[{"href":"https:\/\/art-bijoux.com\/en\/wp-json\/wp\/v2\/product\/5408","targetHints":{"allow":["GET"]}}],"collection":[{"href":"https:\/\/art-bijoux.com\/en\/wp-json\/wp\/v2\/product"}],"about":[{"href":"https:\/\/art-bijoux.com\/en\/wp-json\/wp\/v2\/types\/product"}],"replies":[{"embeddable":true,"href":"https:\/\/art-bijoux.com\/en\/wp-json\/wp\/v2\/comments?post=5408"}],"version-history":[{"count":0,"href":"https:\/\/art-bijoux.com\/en\/wp-json\/wp\/v2\/product\/5408\/revisions"}],"wp:featuredmedia":[{"embeddable":true,"href":"https:\/\/art-bijoux.com\/en\/wp-json\/wp\/v2\/media\/5409"}],"wp:attachment":[{"href":"https:\/\/art-bijoux.com\/en\/wp-json\/wp\/v2\/media?parent=5408"}],"wp:term":[{"taxonomy":"product_brand","embeddable":true,"href":"https:\/\/art-bijoux.com\/en\/wp-json\/wp\/v2\/product_brand?post=5408"},{"taxonomy":"product_cat","embeddable":true,"href":"https:\/\/art-bijoux.com\/en\/wp-json\/wp\/v2\/product_cat?post=5408"},{"taxonomy":"product_tag","embeddable":true,"href":"https:\/\/art-bijoux.com\/en\/wp-json\/wp\/v2\/product_tag?post=5408"}],"curies":[{"name":"wp","href":"https:\/\/api.w.org\/{rel}","templated":true}]}}