{"id":5411,"date":"2025-05-27T13:12:10","date_gmt":"2025-05-27T11:12:10","guid":{"rendered":"https:\/\/art-bijoux.com\/?post_type=product&#038;p=5411"},"modified":"2025-05-27T13:17:28","modified_gmt":"2025-05-27T11:17:28","slug":"tableau-en-verre-peint-coulisse-de-deux-arbres","status":"publish","type":"product","link":"https:\/\/art-bijoux.com\/en\/boutique\/tableau-en-verre-peint-coulisse-de-deux-arbres\/","title":{"rendered":"Tableau en verre peint &#8211; Coulisse de deux arbres"},"content":{"rendered":"<figure id=\"attachment_5412\" aria-describedby=\"caption-attachment-5412\" style=\"width: 294px\" class=\"wp-caption alignleft\"><img fetchpriority=\"high\" decoding=\"async\" class=\"size-medium wp-image-5412\" src=\"https:\/\/art-bijoux.com\/wp-content\/uploads\/2025\/05\/Verre-peint-tableau-2-arbres-294x300.jpg\" alt=\"Deux arbres en coulisse, verre peint\" width=\"294\" height=\"300\" srcset=\"https:\/\/art-bijoux.com\/wp-content\/uploads\/2025\/05\/Verre-peint-tableau-2-arbres-294x300.jpg 294w, https:\/\/art-bijoux.com\/wp-content\/uploads\/2025\/05\/Verre-peint-tableau-2-arbres-1003x1024.jpg 1003w, https:\/\/art-bijoux.com\/wp-content\/uploads\/2025\/05\/Verre-peint-tableau-2-arbres-768x784.jpg 768w, https:\/\/art-bijoux.com\/wp-content\/uploads\/2025\/05\/Verre-peint-tableau-2-arbres-600x612.jpg 600w, https:\/\/art-bijoux.com\/wp-content\/uploads\/2025\/05\/Verre-peint-tableau-2-arbres.jpg 1024w\" sizes=\"(max-width: 294px) 100vw, 294px\" \/><figcaption id=\"caption-attachment-5412\" class=\"wp-caption-text\">Deux arbres en coulisse, verre peint<\/figcaption><\/figure>\n<p>Le plus figuratif des trois : deux arbres noirs encadrent les bords du tableau, technique picturale appel\u00e9e &#8220;coulisse&#8221;. De bas en haut, une bande de terre ocre c\u00e8de la place \u00e0 une prairie verte, s\u00e9par\u00e9e par une fine ligne d\u2019horizon noire. Au-dessus, un bandeau de collines stylis\u00e9es surmonte un ciel bleu intense, ponctu\u00e9 de nuages blancs. La cuisson a d\u00e9form\u00e9 le verre, dont on aper\u00e7oit en haut une vague.<\/p>\n<p><strong data-start=\"155\" data-end=\"171\">Dimensions :<\/strong> 10 \u00d7 10 cm (verre peint), encadrement bois naturel<br data-start=\"222\" data-end=\"225\" \/><strong data-start=\"225\" data-end=\"240\">Technique :<\/strong> Peinture sur verre, cuisson au four<br data-start=\"276\" data-end=\"279\" \/><br data-start=\"296\" data-end=\"299\" \/><\/p>\n","protected":false},"excerpt":{"rendered":"<p>Deux arbres noir encadrent les bords du tableau. Une succession de bandes de terre s\u00e9pare le ciel bleu par une fine ligne d\u2019horizon noire.<\/p>\n","protected":false},"featured_media":5412,"comment_status":"open","ping_status":"closed","template":"","meta":[],"product_brand":[],"product_cat":[261,24,302],"product_tag":[221],"class_list":{"0":"post-5411","1":"product","2":"type-product","3":"status-publish","4":"has-post-thumbnail","6":"product_cat-paysage","7":"product_cat-diversite-oeuvres-art","8":"product_cat-verre-vitrail-peinture-upcycling","9":"product_tag-tableau","10":"pa_tableau-verre-peint","12":"first","13":"instock","14":"purchasable","15":"product-type-simple"},"_links":{"self":[{"href":"https:\/\/art-bijoux.com\/en\/wp-json\/wp\/v2\/product\/5411","targetHints":{"allow":["GET"]}}],"collection":[{"href":"https:\/\/art-bijoux.com\/en\/wp-json\/wp\/v2\/product"}],"about":[{"href":"https:\/\/art-bijoux.com\/en\/wp-json\/wp\/v2\/types\/product"}],"replies":[{"embeddable":true,"href":"https:\/\/art-bijoux.com\/en\/wp-json\/wp\/v2\/comments?post=5411"}],"version-history":[{"count":0,"href":"https:\/\/art-bijoux.com\/en\/wp-json\/wp\/v2\/product\/5411\/revisions"}],"wp:featuredmedia":[{"embeddable":true,"href":"https:\/\/art-bijoux.com\/en\/wp-json\/wp\/v2\/media\/5412"}],"wp:attachment":[{"href":"https:\/\/art-bijoux.com\/en\/wp-json\/wp\/v2\/media?parent=5411"}],"wp:term":[{"taxonomy":"product_brand","embeddable":true,"href":"https:\/\/art-bijoux.com\/en\/wp-json\/wp\/v2\/product_brand?post=5411"},{"taxonomy":"product_cat","embeddable":true,"href":"https:\/\/art-bijoux.com\/en\/wp-json\/wp\/v2\/product_cat?post=5411"},{"taxonomy":"product_tag","embeddable":true,"href":"https:\/\/art-bijoux.com\/en\/wp-json\/wp\/v2\/product_tag?post=5411"}],"curies":[{"name":"wp","href":"https:\/\/api.w.org\/{rel}","templated":true}]}}