{"id":5419,"date":"2025-05-28T00:58:32","date_gmt":"2025-05-27T22:58:32","guid":{"rendered":"https:\/\/art-bijoux.com\/?post_type=product&#038;p=5419"},"modified":"2026-03-12T16:26:51","modified_gmt":"2026-03-12T15:26:51","slug":"collection-ascension-2025-pendentif-rayon-espoir","status":"publish","type":"product","link":"https:\/\/art-bijoux.com\/en\/boutique\/collection-ascension-2025-pendentif-rayon-espoir\/","title":{"rendered":"Collection Ascension 2025 &#8211; Pendentif \u00ab Rayon d\u2019Espoir \u00bb"},"content":{"rendered":"<figure id=\"attachment_5420\" aria-describedby=\"caption-attachment-5420\" style=\"width: 196px\" class=\"wp-caption alignleft\"><img fetchpriority=\"high\" decoding=\"async\" class=\"size-medium wp-image-5420\" src=\"https:\/\/art-bijoux.com\/wp-content\/uploads\/2025\/05\/Ascension-2025-baie-orange-ange-pierre-rouge-et-verte-196x300.jpg\" alt=\"Ascension 2025 baie orange avec breloque en pierre rouge et verte\" width=\"196\" height=\"300\" srcset=\"https:\/\/art-bijoux.com\/wp-content\/uploads\/2025\/05\/Ascension-2025-baie-orange-ange-pierre-rouge-et-verte-196x300.jpg 196w, https:\/\/art-bijoux.com\/wp-content\/uploads\/2025\/05\/Ascension-2025-baie-orange-ange-pierre-rouge-et-verte-669x1024.jpg 669w, https:\/\/art-bijoux.com\/wp-content\/uploads\/2025\/05\/Ascension-2025-baie-orange-ange-pierre-rouge-et-verte-768x1175.jpg 768w, https:\/\/art-bijoux.com\/wp-content\/uploads\/2025\/05\/Ascension-2025-baie-orange-ange-pierre-rouge-et-verte-1004x1536.jpg 1004w, https:\/\/art-bijoux.com\/wp-content\/uploads\/2025\/05\/Ascension-2025-baie-orange-ange-pierre-rouge-et-verte-600x918.jpg 600w, https:\/\/art-bijoux.com\/wp-content\/uploads\/2025\/05\/Ascension-2025-baie-orange-ange-pierre-rouge-et-verte.jpg 1080w\" sizes=\"(max-width: 196px) 100vw, 196px\" \/><figcaption id=\"caption-attachment-5420\" class=\"wp-caption-text\">Ascension 2025 baie orange avec breloque en pierre rouge et verte<\/figcaption><\/figure>\n<p data-start=\"744\" data-end=\"763\">Un vitrail d&#8217;\u00e9glise en verre orange recycl\u00e9 qui prend vie gr\u00e2ce \u00e0 ses \u00e9clats color\u00e9s et son sertissage Tiffany patin\u00e9 bronze. Une breloque en pierres rouge et verte symbolise l\u2019\u00e9quilibre entre la passion et l\u2019esp\u00e9rance, un rappel que chaque ascension est guid\u00e9e par la lumi\u00e8re int\u00e9rieure.<\/p>\n<p data-start=\"744\" data-end=\"763\"><strong data-start=\"744\" data-end=\"763\">Fiche technique<\/strong><\/p>\n<div class=\"_tableContainer_16hzy_1\">\n<div class=\"_tableWrapper_16hzy_14 group flex w-fit flex-col-reverse\" tabindex=\"-1\">\n<table class=\"w-fit min-w-(--thread-content-width)\" data-start=\"765\" data-end=\"2007\">\n<thead data-start=\"765\" data-end=\"860\">\n<tr data-start=\"765\" data-end=\"860\">\n<th data-start=\"765\" data-end=\"796\" data-col-size=\"sm\">Caract\u00e9ristique<\/th>\n<th data-start=\"796\" data-end=\"860\" data-col-size=\"md\">D\u00e9tail<\/th>\n<\/tr>\n<\/thead>\n<tbody data-start=\"957\" data-end=\"2007\">\n<tr data-start=\"957\" data-end=\"1052\">\n<td data-start=\"957\" data-end=\"988\" data-col-size=\"sm\"><strong data-start=\"959\" data-end=\"968\">Verre<\/strong><\/td>\n<td data-col-size=\"md\" data-start=\"988\" data-end=\"1052\">Verre recycl\u00e9 orange, formes de baie d\u2019\u00e9glise<\/td>\n<\/tr>\n<tr data-start=\"1053\" data-end=\"1148\">\n<td data-start=\"1053\" data-end=\"1084\" data-col-size=\"sm\"><strong data-start=\"1055\" data-end=\"1076\">Technique vitrail<\/strong><\/td>\n<td data-col-size=\"md\" data-start=\"1084\" data-end=\"1148\">\u00c9clats de verre fin fondus pour effet vitrail<\/td>\n<\/tr>\n<tr data-start=\"1149\" data-end=\"1244\">\n<td data-start=\"1149\" data-end=\"1180\" data-col-size=\"sm\"><strong data-start=\"1151\" data-end=\"1162\">Montage<\/strong><\/td>\n<td data-col-size=\"md\" data-start=\"1180\" data-end=\"1244\">M\u00e9thode Tiffany (meul\u00e9 + cuivre + \u00e9tain sans plomb)<\/td>\n<\/tr>\n<tr data-start=\"1245\" data-end=\"1340\">\n<td data-start=\"1245\" data-end=\"1276\" data-col-size=\"sm\"><strong data-start=\"1247\" data-end=\"1257\">Patine<\/strong><\/td>\n<td data-col-size=\"md\" data-start=\"1276\" data-end=\"1340\">Finitions vieux bronze<\/td>\n<\/tr>\n<tr data-start=\"1341\" data-end=\"1437\">\n<td data-start=\"1341\" data-end=\"1372\" data-col-size=\"sm\"><strong data-start=\"1343\" data-end=\"1354\">B\u00e9li\u00e8re<\/strong><\/td>\n<td data-col-size=\"md\" data-start=\"1372\" data-end=\"1437\">M\u00e9tal argent\u00e9, soud\u00e9e<\/td>\n<\/tr>\n<tr data-start=\"1438\" data-end=\"1533\">\n<td data-start=\"1438\" data-end=\"1469\" data-col-size=\"sm\"><strong data-start=\"1440\" data-end=\"1452\">Breloque<\/strong><\/td>\n<td data-col-size=\"md\" data-start=\"1469\" data-end=\"1533\">Ange en pierre rouge et verte<\/td>\n<\/tr>\n<tr data-start=\"1534\" data-end=\"1628\">\n<td data-start=\"1534\" data-end=\"1565\" data-col-size=\"sm\"><strong data-start=\"1536\" data-end=\"1558\">Anneau de jonction<\/strong><\/td>\n<td data-col-size=\"md\" data-start=\"1565\" data-end=\"1628\">M\u00e9tal argent\u00e9<\/td>\n<\/tr>\n<tr data-start=\"1629\" data-end=\"1719\">\n<td data-start=\"1629\" data-end=\"1660\" data-col-size=\"sm\"><strong data-start=\"1631\" data-end=\"1659\">Dimensions (hors cha\u00eene)<\/strong><\/td>\n<td data-col-size=\"md\" data-start=\"1660\" data-end=\"1719\">Hauteur totale : env. 5,4 cm (2,5 cm breloque)<\/td>\n<\/tr>\n<tr data-start=\"1720\" data-end=\"1815\">\n<td data-start=\"1720\" data-end=\"1751\" data-col-size=\"sm\"><\/td>\n<td data-col-size=\"md\" data-start=\"1751\" data-end=\"1815\">Largeur : env. 3 cm<\/td>\n<\/tr>\n<tr data-start=\"1816\" data-end=\"1911\">\n<td data-start=\"1816\" data-end=\"1847\" data-col-size=\"sm\"><strong data-start=\"1818\" data-end=\"1837\">Poids (approx.)<\/strong><\/td>\n<td data-col-size=\"md\" data-start=\"1847\" data-end=\"1911\">10 g<\/td>\n<\/tr>\n<tr data-start=\"1912\" data-end=\"2007\">\n<td data-start=\"1912\" data-end=\"1943\" data-col-size=\"sm\"><strong data-start=\"1914\" data-end=\"1935\">Cha\u00eene conseill\u00e9e<\/strong><\/td>\n<td data-col-size=\"md\" data-start=\"1943\" data-end=\"2007\">Cha\u00eene fine ou lacet offert<\/td>\n<\/tr>\n<\/tbody>\n<\/table>\n<\/div>\n<\/div>\n","protected":false},"excerpt":{"rendered":"<p>Un vitrail de baie d&#8217;\u00e9glise gothique en verre orange recycl\u00e9 prend vie gr\u00e2ce \u00e0 ses \u00e9clats color\u00e9s et son sertissage Tiffany patin\u00e9 bronze. Une breloque mobile en pierre rouge et verte symbolise l\u2019\u00e9quilibre entre la passion et l\u2019esp\u00e9rance, un rappel que chaque Ascension est guid\u00e9e par la lumi\u00e8re int\u00e9rieure.<\/p>\n","protected":false},"featured_media":5420,"comment_status":"open","ping_status":"closed","template":"","meta":[],"product_brand":[],"product_cat":[176,182,186,28],"product_tag":[29,49,26,34,27],"class_list":{"0":"post-5419","1":"product","2":"type-product","3":"status-publish","4":"has-post-thumbnail","6":"product_cat-breloque-bijou-verre","7":"product_cat-pendentif-fusing","8":"product_cat-bijou-pendentif-fusing-tiffany","9":"product_cat-pendentif-tiffany","10":"product_tag-breloque-metal-pierre","11":"product_tag-fusing-verre","12":"product_tag-pendentif-verre","13":"product_tag-spiritualite-croix-anges","14":"product_tag-tiffany-verre","15":"pa_bijou-pendentif","16":"pa_breloque-ange","18":"first","19":"outofstock","20":"purchasable","21":"product-type-simple"},"_links":{"self":[{"href":"https:\/\/art-bijoux.com\/en\/wp-json\/wp\/v2\/product\/5419","targetHints":{"allow":["GET"]}}],"collection":[{"href":"https:\/\/art-bijoux.com\/en\/wp-json\/wp\/v2\/product"}],"about":[{"href":"https:\/\/art-bijoux.com\/en\/wp-json\/wp\/v2\/types\/product"}],"replies":[{"embeddable":true,"href":"https:\/\/art-bijoux.com\/en\/wp-json\/wp\/v2\/comments?post=5419"}],"version-history":[{"count":1,"href":"https:\/\/art-bijoux.com\/en\/wp-json\/wp\/v2\/product\/5419\/revisions"}],"predecessor-version":[{"id":6348,"href":"https:\/\/art-bijoux.com\/en\/wp-json\/wp\/v2\/product\/5419\/revisions\/6348"}],"wp:featuredmedia":[{"embeddable":true,"href":"https:\/\/art-bijoux.com\/en\/wp-json\/wp\/v2\/media\/5420"}],"wp:attachment":[{"href":"https:\/\/art-bijoux.com\/en\/wp-json\/wp\/v2\/media?parent=5419"}],"wp:term":[{"taxonomy":"product_brand","embeddable":true,"href":"https:\/\/art-bijoux.com\/en\/wp-json\/wp\/v2\/product_brand?post=5419"},{"taxonomy":"product_cat","embeddable":true,"href":"https:\/\/art-bijoux.com\/en\/wp-json\/wp\/v2\/product_cat?post=5419"},{"taxonomy":"product_tag","embeddable":true,"href":"https:\/\/art-bijoux.com\/en\/wp-json\/wp\/v2\/product_tag?post=5419"}],"curies":[{"name":"wp","href":"https:\/\/api.w.org\/{rel}","templated":true}]}}