{"id":5431,"date":"2025-06-15T16:46:58","date_gmt":"2025-06-15T14:46:58","guid":{"rendered":"https:\/\/art-bijoux.com\/?post_type=product&#038;p=5431"},"modified":"2025-06-15T16:56:30","modified_gmt":"2025-06-15T14:56:30","slug":"5431-pendentif-verre-recycle-rouge-bleu-quel-eclat","status":"publish","type":"product","link":"https:\/\/art-bijoux.com\/en\/boutique\/5431-pendentif-verre-recycle-rouge-bleu-quel-eclat\/","title":{"rendered":"Pendentif \u201cQuel \u00e9clat\u201d \u2013 Rouge &#038; Bleu sur fond blanc"},"content":{"rendered":"<figure id=\"attachment_5432\" aria-describedby=\"caption-attachment-5432\" style=\"width: 246px\" class=\"wp-caption alignleft\"><img fetchpriority=\"high\" decoding=\"async\" class=\"size-medium wp-image-5432\" src=\"https:\/\/art-bijoux.com\/wp-content\/uploads\/2025\/06\/2-cabochons-grenads_un-bleu-fond-blanc-246x300.webp\" alt=\"Pendentif fusing rouge et bleu sur fond blanc\" width=\"246\" height=\"300\" srcset=\"https:\/\/art-bijoux.com\/wp-content\/uploads\/2025\/06\/2-cabochons-grenads_un-bleu-fond-blanc-246x300.webp 246w, https:\/\/art-bijoux.com\/wp-content\/uploads\/2025\/06\/2-cabochons-grenads_un-bleu-fond-blanc-840x1024.webp 840w, https:\/\/art-bijoux.com\/wp-content\/uploads\/2025\/06\/2-cabochons-grenads_un-bleu-fond-blanc-768x936.webp 768w, https:\/\/art-bijoux.com\/wp-content\/uploads\/2025\/06\/2-cabochons-grenads_un-bleu-fond-blanc-600x732.webp 600w, https:\/\/art-bijoux.com\/wp-content\/uploads\/2025\/06\/2-cabochons-grenads_un-bleu-fond-blanc.webp 1058w\" sizes=\"(max-width: 246px) 100vw, 246px\" \/><figcaption id=\"caption-attachment-5432\" class=\"wp-caption-text\">Pendentif fusing rouge et bleu sur fond blanc<\/figcaption><\/figure>\n<p data-start=\"263\" data-end=\"406\">Ce pendentif fait partie des toutes derni\u00e8res pi\u00e8ces de la collection <em data-start=\"333\" data-end=\"345\">Quel \u00e9clat<\/em>, l\u2019une des premi\u00e8res que j\u2019ai cr\u00e9\u00e9es avec du verre r\u00e9cup\u00e9r\u00e9.<\/p>\n<p data-start=\"408\" data-end=\"814\">Sur une base blanche, deux cabochons rouge intense et un \u00e9clat bleu ont \u00e9t\u00e9 fondus \u00e0 basse temp\u00e9rature pour pr\u00e9server leur relief. Chaque \u00e9l\u00e9ment provient de fragments issus de mes cr\u00e9ations de vitraux \u2013 principalement des chevaux lusitaniens en verre rouge et bleu. L\u2019ensemble a \u00e9t\u00e9 solidifi\u00e9 par fusion, meul\u00e9 avec soin, et une b\u00e9li\u00e8re en m\u00e9tal argent\u00e9 a \u00e9t\u00e9 coll\u00e9e \u00e0 l\u2019arri\u00e8re, visible par transparence.<\/p>\n<p data-start=\"816\" data-end=\"927\">Une pi\u00e8ce lumineuse, sobre et pleine de caract\u00e8re.<br data-start=\"866\" data-end=\"869\" \/>Bijou artisanal unique, r\u00e9alis\u00e9 \u00e0 partir de verre recycl\u00e9.<\/p>\n<p data-start=\"929\" data-end=\"1020\">\ud83d\udccf Dimensions : 2,3 cm de large \u00d7 3,2 cm de haut<br data-start=\"977\" data-end=\"980\" \/>\ud83d\udce6 Pi\u00e8ce unique \u2013 impossible \u00e0 reproduite<\/p>\n","protected":false},"excerpt":{"rendered":"<p data-start=\"1094\" data-end=\"1225\">Pendentif unique en verre recycl\u00e9, fond blanc avec \u00e9clats rouges et bleus fondus. Dernier exemplaire de la collection <em data-start=\"1212\" data-end=\"1224\">Quel \u00e9clat!<\/em><\/p>\n","protected":false},"featured_media":5432,"comment_status":"open","ping_status":"closed","template":"","meta":[],"product_brand":[],"product_cat":[269,182],"product_tag":[36,49,26],"class_list":{"0":"post-5431","1":"product","2":"type-product","3":"status-publish","4":"has-post-thumbnail","6":"product_cat-bijoux-verre-recyclage","7":"product_cat-pendentif-fusing","8":"product_tag-verre-abstrait","9":"product_tag-fusing-verre","10":"product_tag-pendentif-verre","11":"pa_bijou-pendentif","13":"first","14":"instock","15":"purchasable","16":"product-type-simple"},"yoast_head":"<!-- This site is optimized with the Yoast SEO plugin v27.4 - https:\/\/yoast.com\/product\/yoast-seo-wordpress\/ -->\n<title>Pendentif \u201cQuel \u00e9clat\u201d \u2013 Rouge &amp; Bleu sur fond blanc - art-bijoux<\/title>\n<meta name=\"description\" content=\"Pendentif unique en verre recycl\u00e9, fond blanc avec \u00e9clats rouges et bleus fondus. Dernier exemplaire de la collection Quel \u00e9clat!\" \/>\n<meta name=\"robots\" content=\"index, follow, max-snippet:-1, max-image-preview:large, max-video-preview:-1\" \/>\n<link rel=\"canonical\" href=\"https:\/\/art-bijoux.com\/en\/boutique\/5431-pendentif-verre-recycle-rouge-bleu-quel-eclat\/\" \/>\n<meta property=\"og:locale\" content=\"en_US\" \/>\n<meta property=\"og:type\" content=\"article\" \/>\n<meta property=\"og:title\" content=\"Pendentif \u201cQuel \u00e9clat\u201d \u2013 Rouge &amp; Bleu sur fond blanc - art-bijoux\" \/>\n<meta property=\"og:description\" content=\"Pendentif unique en verre recycl\u00e9, fond blanc avec \u00e9clats rouges et bleus fondus. Dernier exemplaire de la collection Quel \u00e9clat!\" \/>\n<meta property=\"og:url\" content=\"https:\/\/art-bijoux.com\/en\/boutique\/5431-pendentif-verre-recycle-rouge-bleu-quel-eclat\/\" \/>\n<meta property=\"og:site_name\" content=\"art-bijoux\" \/>\n<meta property=\"article:modified_time\" content=\"2025-06-15T14:56:30+00:00\" \/>\n<meta property=\"og:image\" content=\"https:\/\/art-bijoux.com\/wp-content\/uploads\/2025\/06\/2-cabochons-grenads_un-bleu-fond-blanc.webp\" \/>\n\t<meta property=\"og:image:width\" content=\"1058\" \/>\n\t<meta property=\"og:image:height\" content=\"1290\" \/>\n\t<meta property=\"og:image:type\" content=\"image\/webp\" \/>\n<meta name=\"twitter:card\" content=\"summary_large_image\" \/>\n<meta name=\"twitter:label1\" content=\"Est. reading time\" \/>\n\t<meta name=\"twitter:data1\" content=\"2 minutes\" \/>\n<script type=\"application\/ld+json\" class=\"yoast-schema-graph\">{\"@context\":\"https:\\\/\\\/schema.org\",\"@graph\":[{\"@type\":\"WebPage\",\"@id\":\"https:\\\/\\\/art-bijoux.com\\\/en\\\/boutique\\\/5431-pendentif-verre-recycle-rouge-bleu-quel-eclat\\\/\",\"url\":\"https:\\\/\\\/art-bijoux.com\\\/en\\\/boutique\\\/5431-pendentif-verre-recycle-rouge-bleu-quel-eclat\\\/\",\"name\":\"Pendentif \u201cQuel \u00e9clat\u201d \u2013 Rouge & Bleu sur fond blanc - art-bijoux\",\"isPartOf\":{\"@id\":\"https:\\\/\\\/art-bijoux.com\\\/en\\\/#website\"},\"primaryImageOfPage\":{\"@id\":\"https:\\\/\\\/art-bijoux.com\\\/en\\\/boutique\\\/5431-pendentif-verre-recycle-rouge-bleu-quel-eclat\\\/#primaryimage\"},\"image\":{\"@id\":\"https:\\\/\\\/art-bijoux.com\\\/en\\\/boutique\\\/5431-pendentif-verre-recycle-rouge-bleu-quel-eclat\\\/#primaryimage\"},\"thumbnailUrl\":\"https:\\\/\\\/art-bijoux.com\\\/wp-content\\\/uploads\\\/2025\\\/06\\\/2-cabochons-grenads_un-bleu-fond-blanc.webp\",\"datePublished\":\"2025-06-15T14:46:58+00:00\",\"dateModified\":\"2025-06-15T14:56:30+00:00\",\"description\":\"Pendentif unique en verre recycl\u00e9, fond blanc avec \u00e9clats rouges et bleus fondus. Dernier exemplaire de la collection Quel \u00e9clat!\",\"breadcrumb\":{\"@id\":\"https:\\\/\\\/art-bijoux.com\\\/en\\\/boutique\\\/5431-pendentif-verre-recycle-rouge-bleu-quel-eclat\\\/#breadcrumb\"},\"inLanguage\":\"en-US\",\"potentialAction\":[{\"@type\":\"ReadAction\",\"target\":[\"https:\\\/\\\/art-bijoux.com\\\/en\\\/boutique\\\/5431-pendentif-verre-recycle-rouge-bleu-quel-eclat\\\/\"]}]},{\"@type\":\"ImageObject\",\"inLanguage\":\"en-US\",\"@id\":\"https:\\\/\\\/art-bijoux.com\\\/en\\\/boutique\\\/5431-pendentif-verre-recycle-rouge-bleu-quel-eclat\\\/#primaryimage\",\"url\":\"https:\\\/\\\/art-bijoux.com\\\/wp-content\\\/uploads\\\/2025\\\/06\\\/2-cabochons-grenads_un-bleu-fond-blanc.webp\",\"contentUrl\":\"https:\\\/\\\/art-bijoux.com\\\/wp-content\\\/uploads\\\/2025\\\/06\\\/2-cabochons-grenads_un-bleu-fond-blanc.webp\",\"width\":1058,\"height\":1290,\"caption\":\"Pendentif fusing rouge et bleu sur fond blanc\"},{\"@type\":\"BreadcrumbList\",\"@id\":\"https:\\\/\\\/art-bijoux.com\\\/en\\\/boutique\\\/5431-pendentif-verre-recycle-rouge-bleu-quel-eclat\\\/#breadcrumb\",\"itemListElement\":[{\"@type\":\"ListItem\",\"position\":1,\"name\":\"Accueil\",\"item\":\"https:\\\/\\\/art-bijoux.com\\\/en\\\/home\\\/\"},{\"@type\":\"ListItem\",\"position\":2,\"name\":\"Shop\",\"item\":\"https:\\\/\\\/art-bijoux.com\\\/en\\\/shop\\\/\"},{\"@type\":\"ListItem\",\"position\":3,\"name\":\"Pendentif \u201cQuel \u00e9clat\u201d \u2013 Rouge &#038; Bleu sur fond blanc\"}]},{\"@type\":\"WebSite\",\"@id\":\"https:\\\/\\\/art-bijoux.com\\\/en\\\/#website\",\"url\":\"https:\\\/\\\/art-bijoux.com\\\/en\\\/\",\"name\":\"art-bijoux\",\"description\":\"Osez porter \\\/ offrir un vitrail unique \u00e0 prix abordable\",\"publisher\":{\"@id\":\"https:\\\/\\\/art-bijoux.com\\\/en\\\/#organization\"},\"potentialAction\":[{\"@type\":\"SearchAction\",\"target\":{\"@type\":\"EntryPoint\",\"urlTemplate\":\"https:\\\/\\\/art-bijoux.com\\\/en\\\/?s={search_term_string}\"},\"query-input\":{\"@type\":\"PropertyValueSpecification\",\"valueRequired\":true,\"valueName\":\"search_term_string\"}}],\"inLanguage\":\"en-US\"},{\"@type\":\"Organization\",\"@id\":\"https:\\\/\\\/art-bijoux.com\\\/en\\\/#organization\",\"name\":\"art-bijoux\",\"url\":\"https:\\\/\\\/art-bijoux.com\\\/en\\\/\",\"logo\":{\"@type\":\"ImageObject\",\"inLanguage\":\"en-US\",\"@id\":\"https:\\\/\\\/art-bijoux.com\\\/en\\\/#\\\/schema\\\/logo\\\/image\\\/\",\"url\":\"https:\\\/\\\/art-bijoux.com\\\/wp-content\\\/uploads\\\/2024\\\/06\\\/Art-Bijoux-Logo-Small.png\",\"contentUrl\":\"https:\\\/\\\/art-bijoux.com\\\/wp-content\\\/uploads\\\/2024\\\/06\\\/Art-Bijoux-Logo-Small.png\",\"width\":722,\"height\":137,\"caption\":\"art-bijoux\"},\"image\":{\"@id\":\"https:\\\/\\\/art-bijoux.com\\\/en\\\/#\\\/schema\\\/logo\\\/image\\\/\"}}]}<\/script>\n<!-- \/ Yoast SEO plugin. -->","yoast_head_json":{"title":"Pendentif \u201cQuel \u00e9clat\u201d \u2013 Rouge & Bleu sur fond blanc - art-bijoux","description":"Pendentif unique en verre recycl\u00e9, fond blanc avec \u00e9clats rouges et bleus fondus. Dernier exemplaire de la collection Quel \u00e9clat!","robots":{"index":"index","follow":"follow","max-snippet":"max-snippet:-1","max-image-preview":"max-image-preview:large","max-video-preview":"max-video-preview:-1"},"canonical":"https:\/\/art-bijoux.com\/en\/boutique\/5431-pendentif-verre-recycle-rouge-bleu-quel-eclat\/","og_locale":"en_US","og_type":"article","og_title":"Pendentif \u201cQuel \u00e9clat\u201d \u2013 Rouge & Bleu sur fond blanc - art-bijoux","og_description":"Pendentif unique en verre recycl\u00e9, fond blanc avec \u00e9clats rouges et bleus fondus. Dernier exemplaire de la collection Quel \u00e9clat!","og_url":"https:\/\/art-bijoux.com\/en\/boutique\/5431-pendentif-verre-recycle-rouge-bleu-quel-eclat\/","og_site_name":"art-bijoux","article_modified_time":"2025-06-15T14:56:30+00:00","og_image":[{"width":1058,"height":1290,"url":"https:\/\/art-bijoux.com\/wp-content\/uploads\/2025\/06\/2-cabochons-grenads_un-bleu-fond-blanc.webp","type":"image\/webp"}],"twitter_card":"summary_large_image","twitter_misc":{"Est. reading time":"2 minutes"},"schema":{"@context":"https:\/\/schema.org","@graph":[{"@type":"WebPage","@id":"https:\/\/art-bijoux.com\/en\/boutique\/5431-pendentif-verre-recycle-rouge-bleu-quel-eclat\/","url":"https:\/\/art-bijoux.com\/en\/boutique\/5431-pendentif-verre-recycle-rouge-bleu-quel-eclat\/","name":"Pendentif \u201cQuel \u00e9clat\u201d \u2013 Rouge & Bleu sur fond blanc - art-bijoux","isPartOf":{"@id":"https:\/\/art-bijoux.com\/en\/#website"},"primaryImageOfPage":{"@id":"https:\/\/art-bijoux.com\/en\/boutique\/5431-pendentif-verre-recycle-rouge-bleu-quel-eclat\/#primaryimage"},"image":{"@id":"https:\/\/art-bijoux.com\/en\/boutique\/5431-pendentif-verre-recycle-rouge-bleu-quel-eclat\/#primaryimage"},"thumbnailUrl":"https:\/\/art-bijoux.com\/wp-content\/uploads\/2025\/06\/2-cabochons-grenads_un-bleu-fond-blanc.webp","datePublished":"2025-06-15T14:46:58+00:00","dateModified":"2025-06-15T14:56:30+00:00","description":"Pendentif unique en verre recycl\u00e9, fond blanc avec \u00e9clats rouges et bleus fondus. Dernier exemplaire de la collection Quel \u00e9clat!","breadcrumb":{"@id":"https:\/\/art-bijoux.com\/en\/boutique\/5431-pendentif-verre-recycle-rouge-bleu-quel-eclat\/#breadcrumb"},"inLanguage":"en-US","potentialAction":[{"@type":"ReadAction","target":["https:\/\/art-bijoux.com\/en\/boutique\/5431-pendentif-verre-recycle-rouge-bleu-quel-eclat\/"]}]},{"@type":"ImageObject","inLanguage":"en-US","@id":"https:\/\/art-bijoux.com\/en\/boutique\/5431-pendentif-verre-recycle-rouge-bleu-quel-eclat\/#primaryimage","url":"https:\/\/art-bijoux.com\/wp-content\/uploads\/2025\/06\/2-cabochons-grenads_un-bleu-fond-blanc.webp","contentUrl":"https:\/\/art-bijoux.com\/wp-content\/uploads\/2025\/06\/2-cabochons-grenads_un-bleu-fond-blanc.webp","width":1058,"height":1290,"caption":"Pendentif fusing rouge et bleu sur fond blanc"},{"@type":"BreadcrumbList","@id":"https:\/\/art-bijoux.com\/en\/boutique\/5431-pendentif-verre-recycle-rouge-bleu-quel-eclat\/#breadcrumb","itemListElement":[{"@type":"ListItem","position":1,"name":"Accueil","item":"https:\/\/art-bijoux.com\/en\/home\/"},{"@type":"ListItem","position":2,"name":"Shop","item":"https:\/\/art-bijoux.com\/en\/shop\/"},{"@type":"ListItem","position":3,"name":"Pendentif \u201cQuel \u00e9clat\u201d \u2013 Rouge &#038; Bleu sur fond blanc"}]},{"@type":"WebSite","@id":"https:\/\/art-bijoux.com\/en\/#website","url":"https:\/\/art-bijoux.com\/en\/","name":"art-bijoux","description":"Osez porter \/ offrir un vitrail unique \u00e0 prix abordable","publisher":{"@id":"https:\/\/art-bijoux.com\/en\/#organization"},"potentialAction":[{"@type":"SearchAction","target":{"@type":"EntryPoint","urlTemplate":"https:\/\/art-bijoux.com\/en\/?s={search_term_string}"},"query-input":{"@type":"PropertyValueSpecification","valueRequired":true,"valueName":"search_term_string"}}],"inLanguage":"en-US"},{"@type":"Organization","@id":"https:\/\/art-bijoux.com\/en\/#organization","name":"art-bijoux","url":"https:\/\/art-bijoux.com\/en\/","logo":{"@type":"ImageObject","inLanguage":"en-US","@id":"https:\/\/art-bijoux.com\/en\/#\/schema\/logo\/image\/","url":"https:\/\/art-bijoux.com\/wp-content\/uploads\/2024\/06\/Art-Bijoux-Logo-Small.png","contentUrl":"https:\/\/art-bijoux.com\/wp-content\/uploads\/2024\/06\/Art-Bijoux-Logo-Small.png","width":722,"height":137,"caption":"art-bijoux"},"image":{"@id":"https:\/\/art-bijoux.com\/en\/#\/schema\/logo\/image\/"}}]}},"_links":{"self":[{"href":"https:\/\/art-bijoux.com\/en\/wp-json\/wp\/v2\/product\/5431","targetHints":{"allow":["GET"]}}],"collection":[{"href":"https:\/\/art-bijoux.com\/en\/wp-json\/wp\/v2\/product"}],"about":[{"href":"https:\/\/art-bijoux.com\/en\/wp-json\/wp\/v2\/types\/product"}],"replies":[{"embeddable":true,"href":"https:\/\/art-bijoux.com\/en\/wp-json\/wp\/v2\/comments?post=5431"}],"version-history":[{"count":0,"href":"https:\/\/art-bijoux.com\/en\/wp-json\/wp\/v2\/product\/5431\/revisions"}],"wp:featuredmedia":[{"embeddable":true,"href":"https:\/\/art-bijoux.com\/en\/wp-json\/wp\/v2\/media\/5432"}],"wp:attachment":[{"href":"https:\/\/art-bijoux.com\/en\/wp-json\/wp\/v2\/media?parent=5431"}],"wp:term":[{"taxonomy":"product_brand","embeddable":true,"href":"https:\/\/art-bijoux.com\/en\/wp-json\/wp\/v2\/product_brand?post=5431"},{"taxonomy":"product_cat","embeddable":true,"href":"https:\/\/art-bijoux.com\/en\/wp-json\/wp\/v2\/product_cat?post=5431"},{"taxonomy":"product_tag","embeddable":true,"href":"https:\/\/art-bijoux.com\/en\/wp-json\/wp\/v2\/product_tag?post=5431"}],"curies":[{"name":"wp","href":"https:\/\/api.w.org\/{rel}","templated":true}]}}