{"id":5487,"date":"2025-07-12T15:15:36","date_gmt":"2025-07-12T13:15:36","guid":{"rendered":"https:\/\/art-bijoux.com\/?post_type=product&#038;p=5487"},"modified":"2025-07-12T15:17:15","modified_gmt":"2025-07-12T13:17:15","slug":"tableau-verre-recycle-dragon","status":"publish","type":"product","link":"https:\/\/art-bijoux.com\/en\/boutique\/tableau-verre-recycle-dragon\/","title":{"rendered":"Cadre dragon 10x10cm en verre d\u00e9poli | Frosted glass dragon frame 10x10cm"},"content":{"rendered":"<figure id=\"attachment_5480\" aria-describedby=\"caption-attachment-5480\" style=\"width: 176px\" class=\"wp-caption alignleft\"><img fetchpriority=\"high\" decoding=\"async\" class=\"size-medium wp-image-5480\" src=\"https:\/\/art-bijoux.com\/wp-content\/uploads\/2025\/07\/Verre-depoli-dragon-v-176x300.jpg\" alt=\"Dragon en verre d\u00e9poli\" width=\"176\" height=\"300\" srcset=\"https:\/\/art-bijoux.com\/wp-content\/uploads\/2025\/07\/Verre-depoli-dragon-v-176x300.jpg 176w, https:\/\/art-bijoux.com\/wp-content\/uploads\/2025\/07\/Verre-depoli-dragon-v-600x1024.jpg 600w, https:\/\/art-bijoux.com\/wp-content\/uploads\/2025\/07\/Verre-depoli-dragon-v-768x1310.jpg 768w, https:\/\/art-bijoux.com\/wp-content\/uploads\/2025\/07\/Verre-depoli-dragon-v-900x1536.jpg 900w, https:\/\/art-bijoux.com\/wp-content\/uploads\/2025\/07\/Verre-depoli-dragon-v.jpg 1147w\" sizes=\"(max-width: 176px) 100vw, 176px\" \/><figcaption id=\"caption-attachment-5480\" class=\"wp-caption-text\">Dragon en verre d\u00e9poli<\/figcaption><\/figure>\n<p>Petit cadre mural 10x10cm repr\u00e9sentant un dragon grav\u00e9 sur verre d\u00e9poli, mont\u00e9 sur fond miroir et encadr\u00e9 bois. Pi\u00e8ce artisanale unique.<br data-start=\"523\" data-end=\"526\" \/>\u2014<br data-start=\"527\" data-end=\"530\" \/>Small 10x10cm wall frame with a frosted glass engraved dragon on a mirrored background in a wooden frame. Unique handmade piece.<\/p>\n","protected":false},"excerpt":{"rendered":"<p>Tableaux 10&#215;10 cm en verre recycl\u00e9 d\u00e9poli, r\u00e9alis\u00e9s au pochoir : dragon, upcycled frosted glass panels made with stencils: dragon.<\/p>\n","protected":false},"featured_media":5480,"comment_status":"open","ping_status":"closed","template":"","meta":[],"product_brand":[],"product_cat":[174,24],"product_tag":[52,222,221],"class_list":{"0":"post-5487","1":"product","2":"type-product","3":"status-publish","4":"has-post-thumbnail","6":"product_cat-tableau-miniature","7":"product_cat-diversite-oeuvres-art","8":"product_tag-portrait-animal","9":"product_tag-miniature","10":"product_tag-tableau","11":"pa_tableau-verre-peint","13":"first","14":"instock","15":"purchasable","16":"product-type-simple"},"yoast_head":"<!-- This site is optimized with the Yoast SEO plugin v27.5 - https:\/\/yoast.com\/product\/yoast-seo-wordpress\/ -->\n<title>Cadre dragon 10x10cm en verre d\u00e9poli | Frosted glass dragon frame 10x10cm - art-bijoux<\/title>\n<meta name=\"description\" content=\"Tableaux 10x10 cm en verre recycl\u00e9 d\u00e9poli, r\u00e9alis\u00e9s au pochoir : dragon, upcycled frosted glass panels made with stencils: dragon.\" \/>\n<meta name=\"robots\" content=\"index, follow, max-snippet:-1, max-image-preview:large, max-video-preview:-1\" \/>\n<link rel=\"canonical\" href=\"https:\/\/art-bijoux.com\/en\/boutique\/tableau-verre-recycle-dragon\/\" \/>\n<meta property=\"og:locale\" content=\"en_US\" \/>\n<meta property=\"og:type\" content=\"article\" \/>\n<meta property=\"og:title\" content=\"Cadre dragon 10x10cm en verre d\u00e9poli | Frosted glass dragon frame 10x10cm - art-bijoux\" \/>\n<meta property=\"og:description\" content=\"Tableaux 10x10 cm en verre recycl\u00e9 d\u00e9poli, r\u00e9alis\u00e9s au pochoir : dragon, upcycled frosted glass panels made with stencils: dragon.\" \/>\n<meta property=\"og:url\" content=\"https:\/\/art-bijoux.com\/en\/boutique\/tableau-verre-recycle-dragon\/\" \/>\n<meta property=\"og:site_name\" content=\"art-bijoux\" \/>\n<meta property=\"article:modified_time\" content=\"2025-07-12T13:17:15+00:00\" \/>\n<meta property=\"og:image\" content=\"https:\/\/art-bijoux.com\/wp-content\/uploads\/2025\/07\/Verre-depoli-dragon-v.jpg\" \/>\n\t<meta property=\"og:image:width\" content=\"1147\" \/>\n\t<meta property=\"og:image:height\" content=\"1957\" \/>\n\t<meta property=\"og:image:type\" content=\"image\/jpeg\" \/>\n<meta name=\"twitter:card\" content=\"summary_large_image\" \/>\n<meta name=\"twitter:label1\" content=\"Est. reading time\" \/>\n\t<meta name=\"twitter:data1\" content=\"1 minute\" \/>\n<script type=\"application\/ld+json\" class=\"yoast-schema-graph\">{\"@context\":\"https:\\\/\\\/schema.org\",\"@graph\":[{\"@type\":\"WebPage\",\"@id\":\"https:\\\/\\\/art-bijoux.com\\\/en\\\/boutique\\\/tableau-verre-recycle-dragon\\\/\",\"url\":\"https:\\\/\\\/art-bijoux.com\\\/en\\\/boutique\\\/tableau-verre-recycle-dragon\\\/\",\"name\":\"Cadre dragon 10x10cm en verre d\u00e9poli | Frosted glass dragon frame 10x10cm - art-bijoux\",\"isPartOf\":{\"@id\":\"https:\\\/\\\/art-bijoux.com\\\/en\\\/#website\"},\"primaryImageOfPage\":{\"@id\":\"https:\\\/\\\/art-bijoux.com\\\/en\\\/boutique\\\/tableau-verre-recycle-dragon\\\/#primaryimage\"},\"image\":{\"@id\":\"https:\\\/\\\/art-bijoux.com\\\/en\\\/boutique\\\/tableau-verre-recycle-dragon\\\/#primaryimage\"},\"thumbnailUrl\":\"https:\\\/\\\/art-bijoux.com\\\/wp-content\\\/uploads\\\/2025\\\/07\\\/Verre-depoli-dragon-v.jpg\",\"datePublished\":\"2025-07-12T13:15:36+00:00\",\"dateModified\":\"2025-07-12T13:17:15+00:00\",\"description\":\"Tableaux 10x10 cm en verre recycl\u00e9 d\u00e9poli, r\u00e9alis\u00e9s au pochoir : dragon, upcycled frosted glass panels made with stencils: dragon.\",\"breadcrumb\":{\"@id\":\"https:\\\/\\\/art-bijoux.com\\\/en\\\/boutique\\\/tableau-verre-recycle-dragon\\\/#breadcrumb\"},\"inLanguage\":\"en-US\",\"potentialAction\":[{\"@type\":\"ReadAction\",\"target\":[\"https:\\\/\\\/art-bijoux.com\\\/en\\\/boutique\\\/tableau-verre-recycle-dragon\\\/\"]}]},{\"@type\":\"ImageObject\",\"inLanguage\":\"en-US\",\"@id\":\"https:\\\/\\\/art-bijoux.com\\\/en\\\/boutique\\\/tableau-verre-recycle-dragon\\\/#primaryimage\",\"url\":\"https:\\\/\\\/art-bijoux.com\\\/wp-content\\\/uploads\\\/2025\\\/07\\\/Verre-depoli-dragon-v.jpg\",\"contentUrl\":\"https:\\\/\\\/art-bijoux.com\\\/wp-content\\\/uploads\\\/2025\\\/07\\\/Verre-depoli-dragon-v.jpg\",\"width\":1147,\"height\":1957,\"caption\":\"Dragon en verre d\u00e9poli\"},{\"@type\":\"BreadcrumbList\",\"@id\":\"https:\\\/\\\/art-bijoux.com\\\/en\\\/boutique\\\/tableau-verre-recycle-dragon\\\/#breadcrumb\",\"itemListElement\":[{\"@type\":\"ListItem\",\"position\":1,\"name\":\"Accueil\",\"item\":\"https:\\\/\\\/art-bijoux.com\\\/en\\\/home\\\/\"},{\"@type\":\"ListItem\",\"position\":2,\"name\":\"Shop\",\"item\":\"https:\\\/\\\/art-bijoux.com\\\/en\\\/shop\\\/\"},{\"@type\":\"ListItem\",\"position\":3,\"name\":\"Cadre dragon 10x10cm en verre d\u00e9poli | Frosted glass dragon frame 10x10cm\"}]},{\"@type\":\"WebSite\",\"@id\":\"https:\\\/\\\/art-bijoux.com\\\/en\\\/#website\",\"url\":\"https:\\\/\\\/art-bijoux.com\\\/en\\\/\",\"name\":\"art-bijoux\",\"description\":\"Osez porter \\\/ offrir un vitrail unique \u00e0 prix abordable\",\"publisher\":{\"@id\":\"https:\\\/\\\/art-bijoux.com\\\/en\\\/#organization\"},\"potentialAction\":[{\"@type\":\"SearchAction\",\"target\":{\"@type\":\"EntryPoint\",\"urlTemplate\":\"https:\\\/\\\/art-bijoux.com\\\/en\\\/?s={search_term_string}\"},\"query-input\":{\"@type\":\"PropertyValueSpecification\",\"valueRequired\":true,\"valueName\":\"search_term_string\"}}],\"inLanguage\":\"en-US\"},{\"@type\":\"Organization\",\"@id\":\"https:\\\/\\\/art-bijoux.com\\\/en\\\/#organization\",\"name\":\"art-bijoux\",\"url\":\"https:\\\/\\\/art-bijoux.com\\\/en\\\/\",\"logo\":{\"@type\":\"ImageObject\",\"inLanguage\":\"en-US\",\"@id\":\"https:\\\/\\\/art-bijoux.com\\\/en\\\/#\\\/schema\\\/logo\\\/image\\\/\",\"url\":\"https:\\\/\\\/art-bijoux.com\\\/wp-content\\\/uploads\\\/2024\\\/06\\\/Art-Bijoux-Logo-Small.png\",\"contentUrl\":\"https:\\\/\\\/art-bijoux.com\\\/wp-content\\\/uploads\\\/2024\\\/06\\\/Art-Bijoux-Logo-Small.png\",\"width\":722,\"height\":137,\"caption\":\"art-bijoux\"},\"image\":{\"@id\":\"https:\\\/\\\/art-bijoux.com\\\/en\\\/#\\\/schema\\\/logo\\\/image\\\/\"}}]}<\/script>\n<!-- \/ Yoast SEO plugin. -->","yoast_head_json":{"title":"Cadre dragon 10x10cm en verre d\u00e9poli | Frosted glass dragon frame 10x10cm - art-bijoux","description":"Tableaux 10x10 cm en verre recycl\u00e9 d\u00e9poli, r\u00e9alis\u00e9s au pochoir : dragon, upcycled frosted glass panels made with stencils: dragon.","robots":{"index":"index","follow":"follow","max-snippet":"max-snippet:-1","max-image-preview":"max-image-preview:large","max-video-preview":"max-video-preview:-1"},"canonical":"https:\/\/art-bijoux.com\/en\/boutique\/tableau-verre-recycle-dragon\/","og_locale":"en_US","og_type":"article","og_title":"Cadre dragon 10x10cm en verre d\u00e9poli | Frosted glass dragon frame 10x10cm - art-bijoux","og_description":"Tableaux 10x10 cm en verre recycl\u00e9 d\u00e9poli, r\u00e9alis\u00e9s au pochoir : dragon, upcycled frosted glass panels made with stencils: dragon.","og_url":"https:\/\/art-bijoux.com\/en\/boutique\/tableau-verre-recycle-dragon\/","og_site_name":"art-bijoux","article_modified_time":"2025-07-12T13:17:15+00:00","og_image":[{"width":1147,"height":1957,"url":"https:\/\/art-bijoux.com\/wp-content\/uploads\/2025\/07\/Verre-depoli-dragon-v.jpg","type":"image\/jpeg"}],"twitter_card":"summary_large_image","twitter_misc":{"Est. reading time":"1 minute"},"schema":{"@context":"https:\/\/schema.org","@graph":[{"@type":"WebPage","@id":"https:\/\/art-bijoux.com\/en\/boutique\/tableau-verre-recycle-dragon\/","url":"https:\/\/art-bijoux.com\/en\/boutique\/tableau-verre-recycle-dragon\/","name":"Cadre dragon 10x10cm en verre d\u00e9poli | Frosted glass dragon frame 10x10cm - art-bijoux","isPartOf":{"@id":"https:\/\/art-bijoux.com\/en\/#website"},"primaryImageOfPage":{"@id":"https:\/\/art-bijoux.com\/en\/boutique\/tableau-verre-recycle-dragon\/#primaryimage"},"image":{"@id":"https:\/\/art-bijoux.com\/en\/boutique\/tableau-verre-recycle-dragon\/#primaryimage"},"thumbnailUrl":"https:\/\/art-bijoux.com\/wp-content\/uploads\/2025\/07\/Verre-depoli-dragon-v.jpg","datePublished":"2025-07-12T13:15:36+00:00","dateModified":"2025-07-12T13:17:15+00:00","description":"Tableaux 10x10 cm en verre recycl\u00e9 d\u00e9poli, r\u00e9alis\u00e9s au pochoir : dragon, upcycled frosted glass panels made with stencils: dragon.","breadcrumb":{"@id":"https:\/\/art-bijoux.com\/en\/boutique\/tableau-verre-recycle-dragon\/#breadcrumb"},"inLanguage":"en-US","potentialAction":[{"@type":"ReadAction","target":["https:\/\/art-bijoux.com\/en\/boutique\/tableau-verre-recycle-dragon\/"]}]},{"@type":"ImageObject","inLanguage":"en-US","@id":"https:\/\/art-bijoux.com\/en\/boutique\/tableau-verre-recycle-dragon\/#primaryimage","url":"https:\/\/art-bijoux.com\/wp-content\/uploads\/2025\/07\/Verre-depoli-dragon-v.jpg","contentUrl":"https:\/\/art-bijoux.com\/wp-content\/uploads\/2025\/07\/Verre-depoli-dragon-v.jpg","width":1147,"height":1957,"caption":"Dragon en verre d\u00e9poli"},{"@type":"BreadcrumbList","@id":"https:\/\/art-bijoux.com\/en\/boutique\/tableau-verre-recycle-dragon\/#breadcrumb","itemListElement":[{"@type":"ListItem","position":1,"name":"Accueil","item":"https:\/\/art-bijoux.com\/en\/home\/"},{"@type":"ListItem","position":2,"name":"Shop","item":"https:\/\/art-bijoux.com\/en\/shop\/"},{"@type":"ListItem","position":3,"name":"Cadre dragon 10x10cm en verre d\u00e9poli | Frosted glass dragon frame 10x10cm"}]},{"@type":"WebSite","@id":"https:\/\/art-bijoux.com\/en\/#website","url":"https:\/\/art-bijoux.com\/en\/","name":"art-bijoux","description":"Osez porter \/ offrir un vitrail unique \u00e0 prix abordable","publisher":{"@id":"https:\/\/art-bijoux.com\/en\/#organization"},"potentialAction":[{"@type":"SearchAction","target":{"@type":"EntryPoint","urlTemplate":"https:\/\/art-bijoux.com\/en\/?s={search_term_string}"},"query-input":{"@type":"PropertyValueSpecification","valueRequired":true,"valueName":"search_term_string"}}],"inLanguage":"en-US"},{"@type":"Organization","@id":"https:\/\/art-bijoux.com\/en\/#organization","name":"art-bijoux","url":"https:\/\/art-bijoux.com\/en\/","logo":{"@type":"ImageObject","inLanguage":"en-US","@id":"https:\/\/art-bijoux.com\/en\/#\/schema\/logo\/image\/","url":"https:\/\/art-bijoux.com\/wp-content\/uploads\/2024\/06\/Art-Bijoux-Logo-Small.png","contentUrl":"https:\/\/art-bijoux.com\/wp-content\/uploads\/2024\/06\/Art-Bijoux-Logo-Small.png","width":722,"height":137,"caption":"art-bijoux"},"image":{"@id":"https:\/\/art-bijoux.com\/en\/#\/schema\/logo\/image\/"}}]}},"_links":{"self":[{"href":"https:\/\/art-bijoux.com\/en\/wp-json\/wp\/v2\/product\/5487","targetHints":{"allow":["GET"]}}],"collection":[{"href":"https:\/\/art-bijoux.com\/en\/wp-json\/wp\/v2\/product"}],"about":[{"href":"https:\/\/art-bijoux.com\/en\/wp-json\/wp\/v2\/types\/product"}],"replies":[{"embeddable":true,"href":"https:\/\/art-bijoux.com\/en\/wp-json\/wp\/v2\/comments?post=5487"}],"version-history":[{"count":1,"href":"https:\/\/art-bijoux.com\/en\/wp-json\/wp\/v2\/product\/5487\/revisions"}],"predecessor-version":[{"id":5488,"href":"https:\/\/art-bijoux.com\/en\/wp-json\/wp\/v2\/product\/5487\/revisions\/5488"}],"wp:featuredmedia":[{"embeddable":true,"href":"https:\/\/art-bijoux.com\/en\/wp-json\/wp\/v2\/media\/5480"}],"wp:attachment":[{"href":"https:\/\/art-bijoux.com\/en\/wp-json\/wp\/v2\/media?parent=5487"}],"wp:term":[{"taxonomy":"product_brand","embeddable":true,"href":"https:\/\/art-bijoux.com\/en\/wp-json\/wp\/v2\/product_brand?post=5487"},{"taxonomy":"product_cat","embeddable":true,"href":"https:\/\/art-bijoux.com\/en\/wp-json\/wp\/v2\/product_cat?post=5487"},{"taxonomy":"product_tag","embeddable":true,"href":"https:\/\/art-bijoux.com\/en\/wp-json\/wp\/v2\/product_tag?post=5487"}],"curies":[{"name":"wp","href":"https:\/\/api.w.org\/{rel}","templated":true}]}}