{"id":5505,"date":"2025-07-17T21:05:57","date_gmt":"2025-07-17T19:05:57","guid":{"rendered":"https:\/\/art-bijoux.com\/?post_type=product&#038;p=5505"},"modified":"2025-07-17T21:05:58","modified_gmt":"2025-07-17T19:05:58","slug":"pendentif-bleuet-verre-upcycling","status":"publish","type":"product","link":"https:\/\/art-bijoux.com\/en\/boutique\/pendentif-bleuet-verre-upcycling\/","title":{"rendered":"Pendentif \u201cBleuet de m\u00e9moire\u201d \u2013 Verre recycl\u00e9 \u201c Remembrance Cornflower\u201d Pendant \u2013 Recycled Glass"},"content":{"rendered":"<figure id=\"attachment_5506\" aria-describedby=\"caption-attachment-5506\" style=\"width: 169px\" class=\"wp-caption alignleft\"><img fetchpriority=\"high\" decoding=\"async\" class=\"size-medium wp-image-5506\" src=\"https:\/\/art-bijoux.com\/wp-content\/uploads\/2025\/07\/Bleuet-1-fini-v-169x300.jpg\" alt=\"Pendentif Bleuet de m\u00e9moire \" width=\"169\" height=\"300\" srcset=\"https:\/\/art-bijoux.com\/wp-content\/uploads\/2025\/07\/Bleuet-1-fini-v-169x300.jpg 169w, https:\/\/art-bijoux.com\/wp-content\/uploads\/2025\/07\/Bleuet-1-fini-v-576x1024.jpg 576w, https:\/\/art-bijoux.com\/wp-content\/uploads\/2025\/07\/Bleuet-1-fini-v-768x1365.jpg 768w, https:\/\/art-bijoux.com\/wp-content\/uploads\/2025\/07\/Bleuet-1-fini-v-864x1536.jpg 864w, https:\/\/art-bijoux.com\/wp-content\/uploads\/2025\/07\/Bleuet-1-fini-v-600x1067.jpg 600w, https:\/\/art-bijoux.com\/wp-content\/uploads\/2025\/07\/Bleuet-1-fini-v.jpg 1080w\" sizes=\"(max-width: 169px) 100vw, 169px\" \/><figcaption id=\"caption-attachment-5506\" class=\"wp-caption-text\">Pendentif Bleuet de m\u00e9moire<\/figcaption><\/figure>\n<p data-start=\"375\" data-end=\"734\">\ud83c\uddeb\ud83c\uddf7 <strong data-start=\"380\" data-end=\"404\">Un bijou de m\u00e9moire.<\/strong><br data-start=\"404\" data-end=\"407\" \/>Ce pendentif unique est n\u00e9 d\u2019un \u00e9clat de verre r\u00e9cup\u00e9r\u00e9, fa\u00e7onn\u00e9 et fondu dans mon atelier pour rendre hommage au Bleuet de France, fleur du souvenir. Chaque p\u00e9tale bleu profond a \u00e9t\u00e9 taill\u00e9 \u00e0 la main dans du verre de vitrail recycl\u00e9, puis fusionn\u00e9 au four avec des \u00e9l\u00e9ments v\u00e9g\u00e9taux verts et orange \u00e9voquant vie et r\u00e9silience.<\/p>\n<p data-start=\"736\" data-end=\"892\">\ud83d\udc99 Le bleuet, fragile mais tenace, est le symbole de la paix, de l\u2019espoir et de la m\u00e9moire des combattants. Porter ce bijou, c\u2019est faire vivre une histoire.<\/p>\n<p data-start=\"894\" data-end=\"1039\">\ud83d\udd39 Pi\u00e8ce unique<br data-start=\"909\" data-end=\"912\" \/>\ud83d\udd39 Enti\u00e8rement r\u00e9alis\u00e9e \u00e0 la main en Bourgogne<br data-start=\"958\" data-end=\"961\" \/>\ud83d\udd39 Montage sur mesure \u00e0 suivre (serti et b\u00e9li\u00e8re soud\u00e9e \u2013 \u00e0 d\u00e9couvrir bient\u00f4t)<\/p>\n<p data-start=\"1041\" data-end=\"1372\">\ud83c\uddec\ud83c\udde7 <strong data-start=\"1046\" data-end=\"1073\">A jewel of remembrance.<\/strong><br data-start=\"1073\" data-end=\"1076\" \/>This one-of-a-kind pendant was born from salvaged glass, hand-cut and kiln-fused in my studio as a tribute to the French <em data-start=\"1197\" data-end=\"1215\">Bleuet de France<\/em>, the flower of memory. Each deep blue petal was shaped from recycled stained glass, combined with green and amber glass details evoking life and resilience.<\/p>\n<p data-start=\"1374\" data-end=\"1495\">\ud83d\udc99 The cornflower \u2014 delicate yet resilient \u2014 is a symbol of peace, remembrance, and hope. To wear it is to carry history.<\/p>\n<p data-start=\"1497\" data-end=\"1623\">\ud83d\udd39 One-of-a-kind piece<br data-start=\"1519\" data-end=\"1522\" \/>\ud83d\udd39 Handmade in Burgundy, France<br data-start=\"1553\" data-end=\"1556\" \/>\ud83d\udd39 Custom setting in progress (soldered bail and bezel coming soon)<\/p>\n<hr data-start=\"1625\" data-end=\"1628\" \/>\n<h3 data-start=\"1630\" data-end=\"1681\">\ud83d\udcd0 <strong data-start=\"1637\" data-end=\"1679\">D\u00e9tails techniques \/ Technical details<\/strong><\/h3>\n<ul data-start=\"1682\" data-end=\"1865\">\n<li data-start=\"1682\" data-end=\"1710\">\n<p data-start=\"1684\" data-end=\"1710\">Hauteur : 6,3 cm, Largeur: 2,8cm, poids: 14 grammes<\/p>\n<\/li>\n<li data-start=\"1711\" data-end=\"1755\">\n<p data-start=\"1713\" data-end=\"1755\">Verre recycl\u00e9, fusionn\u00e9 au four (fusing)<\/p>\n<\/li>\n<\/ul>\n","protected":false},"excerpt":{"rendered":"<p>Bijou unique en verre recycl\u00e9, hommage au Bleuet de France. A meaningful pendant in fused recycled glass, tribute to remembrance and peace.<\/p>\n","protected":false},"featured_media":5506,"comment_status":"open","ping_status":"closed","template":"","meta":[],"product_brand":[],"product_cat":[182,186,28],"product_tag":[38,49,26,34,27],"class_list":{"0":"post-5505","1":"product","2":"type-product","3":"status-publish","4":"has-post-thumbnail","6":"product_cat-pendentif-fusing","7":"product_cat-bijou-pendentif-fusing-tiffany","8":"product_cat-pendentif-tiffany","9":"product_tag-fleur-soie-metal","10":"product_tag-fusing-verre","11":"product_tag-pendentif-verre","12":"product_tag-spiritualite-croix-anges","13":"product_tag-tiffany-verre","14":"pa_bijou-pendentif","16":"first","17":"instock","18":"purchasable","19":"product-type-simple"},"_links":{"self":[{"href":"https:\/\/art-bijoux.com\/en\/wp-json\/wp\/v2\/product\/5505","targetHints":{"allow":["GET"]}}],"collection":[{"href":"https:\/\/art-bijoux.com\/en\/wp-json\/wp\/v2\/product"}],"about":[{"href":"https:\/\/art-bijoux.com\/en\/wp-json\/wp\/v2\/types\/product"}],"replies":[{"embeddable":true,"href":"https:\/\/art-bijoux.com\/en\/wp-json\/wp\/v2\/comments?post=5505"}],"version-history":[{"count":1,"href":"https:\/\/art-bijoux.com\/en\/wp-json\/wp\/v2\/product\/5505\/revisions"}],"predecessor-version":[{"id":5508,"href":"https:\/\/art-bijoux.com\/en\/wp-json\/wp\/v2\/product\/5505\/revisions\/5508"}],"wp:featuredmedia":[{"embeddable":true,"href":"https:\/\/art-bijoux.com\/en\/wp-json\/wp\/v2\/media\/5506"}],"wp:attachment":[{"href":"https:\/\/art-bijoux.com\/en\/wp-json\/wp\/v2\/media?parent=5505"}],"wp:term":[{"taxonomy":"product_brand","embeddable":true,"href":"https:\/\/art-bijoux.com\/en\/wp-json\/wp\/v2\/product_brand?post=5505"},{"taxonomy":"product_cat","embeddable":true,"href":"https:\/\/art-bijoux.com\/en\/wp-json\/wp\/v2\/product_cat?post=5505"},{"taxonomy":"product_tag","embeddable":true,"href":"https:\/\/art-bijoux.com\/en\/wp-json\/wp\/v2\/product_tag?post=5505"}],"curies":[{"name":"wp","href":"https:\/\/api.w.org\/{rel}","templated":true}]}}