{"id":5514,"date":"2025-07-19T13:00:36","date_gmt":"2025-07-19T11:00:36","guid":{"rendered":"https:\/\/art-bijoux.com\/?post_type=product&#038;p=5514"},"modified":"2025-11-21T10:21:58","modified_gmt":"2025-11-21T09:21:58","slug":"mini-tableau-de-5cm2-loire-gabare","status":"publish","type":"product","link":"https:\/\/art-bijoux.com\/en\/boutique\/mini-tableau-de-5cm2-loire-gabare\/","title":{"rendered":"Miniature \u2013 Gabare sur la Loire (5&#215;5 cm, temp\u00e9ra sur toile, cadre dor\u00e9)"},"content":{"rendered":"<div class=\"flex-shrink-0 flex flex-col relative items-end\">\n<div>\n<div class=\"pt-0\">\n<div class=\"gizmo-bot-avatar flex h-8 w-8 items-center justify-center overflow-hidden rounded-full\">\n<div class=\"relative p-1 rounded-sm flex items-center justify-center bg-token-main-surface-primary text-token-text-primary h-8 w-8\">\n<figure id=\"attachment_5515\" aria-describedby=\"caption-attachment-5515\" style=\"width: 300px\" class=\"wp-caption alignleft\"><img fetchpriority=\"high\" decoding=\"async\" class=\"size-medium wp-image-5515\" src=\"https:\/\/art-bijoux.com\/wp-content\/uploads\/2025\/07\/Gabare-sanguine-Cadre-300x300.webp\" alt=\"Gabare sur la Loire, tons s\u00e9pia\" width=\"300\" height=\"300\" srcset=\"https:\/\/art-bijoux.com\/wp-content\/uploads\/2025\/07\/Gabare-sanguine-Cadre-300x300.webp 300w, https:\/\/art-bijoux.com\/wp-content\/uploads\/2025\/07\/Gabare-sanguine-Cadre-150x150.webp 150w, https:\/\/art-bijoux.com\/wp-content\/uploads\/2025\/07\/Gabare-sanguine-Cadre-768x768.webp 768w, https:\/\/art-bijoux.com\/wp-content\/uploads\/2025\/07\/Gabare-sanguine-Cadre-600x600.webp 600w, https:\/\/art-bijoux.com\/wp-content\/uploads\/2025\/07\/Gabare-sanguine-Cadre-100x100.webp 100w, https:\/\/art-bijoux.com\/wp-content\/uploads\/2025\/07\/Gabare-sanguine-Cadre.webp 800w\" sizes=\"(max-width: 300px) 100vw, 300px\" \/><figcaption id=\"caption-attachment-5515\" class=\"wp-caption-text\">Gabare sur la Loire, tons s\u00e9pia<\/figcaption><\/figure>\n<\/div>\n<div class=\"relative p-1 rounded-sm flex items-center justify-center bg-token-main-surface-primary text-token-text-primary h-8 w-8\">\n<p data-start=\"600\" data-end=\"896\">Cette miniature peinte \u00e0 la main repr\u00e9sente une <strong data-start=\"648\" data-end=\"658\">gabare<\/strong>, bateau traditionnel de la Loire, voguant paisiblement dans une lumi\u00e8re douce et s\u00e9pia. R\u00e9alis\u00e9e \u00e0 la <strong data-start=\"761\" data-end=\"782\">temp\u00e9ra sur toile<\/strong>, cette \u0153uvre unique m\u00eale finesse du trait et atmosph\u00e8re nostalgique, \u00e9voquant les paysages lig\u00e9riens d\u2019autrefois.<\/p>\n<p data-start=\"898\" data-end=\"1152\">La palette, en tons bruns, rappelle les sanguines anciennes, mettant en valeur les <strong data-start=\"989\" data-end=\"1017\">cordages, voiles et bois<\/strong> du navire avec un soin particulier du d\u00e9tail. Le <strong data-start=\"1067\" data-end=\"1094\">format miniature 5&#215;5 cm<\/strong> offre une grande expressivit\u00e9 dans un espace tr\u00e8s r\u00e9duit.<\/p>\n<p data-start=\"1154\" data-end=\"1411\">Chaque tableau est mont\u00e9 sur <strong data-start=\"1183\" data-end=\"1211\">toile tendue sur ch\u00e2ssis<\/strong>, puis <strong data-start=\"1218\" data-end=\"1240\">encadr\u00e9 sur mesure<\/strong> dans un <strong data-start=\"1249\" data-end=\"1276\">cadre en bois cir\u00e9 dor\u00e9<\/strong>, apportant chaleur et \u00e9l\u00e9gance \u00e0 l\u2019ensemble. Une pi\u00e8ce pr\u00e9cieuse, id\u00e9ale pour collectionneurs, amateurs d\u2019art ou amoureux de la Loire.<\/p>\n<hr data-start=\"1413\" data-end=\"1416\" \/>\n<h3 data-start=\"1418\" data-end=\"1458\">\ud83d\udcd0 <strong data-start=\"1425\" data-end=\"1456\">Caract\u00e9ristiques techniques<\/strong><\/h3>\n<ul data-start=\"1459\" data-end=\"1828\">\n<li data-start=\"1459\" data-end=\"1494\">\n<p data-start=\"1461\" data-end=\"1494\"><strong data-start=\"1461\" data-end=\"1470\">Titre<\/strong> : Gabare sur la Loire<\/p>\n<\/li>\n<li data-start=\"1495\" data-end=\"1540\">\n<p data-start=\"1497\" data-end=\"1540\"><strong data-start=\"1497\" data-end=\"1510\">Technique<\/strong> : Temp\u00e9ra \u00e0 l\u2019\u0153uf sur toile<\/p>\n<\/li>\n<li data-start=\"1541\" data-end=\"1588\">\n<p data-start=\"1543\" data-end=\"1588\"><strong data-start=\"1543\" data-end=\"1554\">Support<\/strong> : Toile mont\u00e9e sur ch\u00e2ssis bois<\/p>\n<\/li>\n<li data-start=\"1589\" data-end=\"1629\">\n<p data-start=\"1591\" data-end=\"1629\"><strong data-start=\"1591\" data-end=\"1616\">Dimensions du tableau<\/strong> : 5 x 5 cm<\/p>\n<\/li>\n<li data-start=\"1630\" data-end=\"1690\">\n<p data-start=\"1632\" data-end=\"1690\"><strong data-start=\"1632\" data-end=\"1647\">Encadrement<\/strong> : Bois cir\u00e9 dor\u00e9, fait sur mesure<\/p>\n<\/li>\n<li data-start=\"1691\" data-end=\"1730\">\n<p data-start=\"1693\" data-end=\"1730\"><strong data-start=\"1693\" data-end=\"1704\">Palette<\/strong> : Tons s\u00e9pia \/ sanguine<\/p>\n<\/li>\n<li data-start=\"1731\" data-end=\"1774\">\n<p data-start=\"1733\" data-end=\"1774\"><strong data-start=\"1733\" data-end=\"1752\">\u0152uvre originale<\/strong> : Oui, pi\u00e8ce unique<\/p>\n<\/li>\n<li data-start=\"1775\" data-end=\"1828\">\n<p data-start=\"1777\" data-end=\"1828\"><strong data-start=\"1777\" data-end=\"1795\">Lieu inspirant<\/strong> : Bord de Loire, Ni\u00e8vre (France)<\/p>\n<\/li>\n<\/ul>\n<\/div>\n<\/div>\n<\/div>\n<\/div>\n<\/div>\n<div class=\"group\/conversation-turn relative flex w-full min-w-0 flex-col agent-turn\">\n<div class=\"flex-col gap-1 md:gap-3\">\n<div class=\"flex max-w-full flex-col flex-grow\">\n<div class=\"min-h-[20px] text-message flex w-full flex-col items-end gap-2 whitespace-pre-wrap break-words [.text-message+&amp;]:mt-5 overflow-x-auto\" dir=\"auto\" data-message-author-role=\"assistant\" data-message-id=\"1b491d49-4f3d-4f50-b1b5-2c2cebcf0b64\">\n<div class=\"flex w-full flex-col gap-1 empty:hidden first:pt-[3px]\">\n<div class=\"markdown prose w-full break-words dark:prose-invert light\">\n<p>Ce mini tableau est une v\u00e9ritable \u0153uvre d&#8217;art, \u00e0 la fois par sa technique ancienne et par son ex\u00e9cution impeccable. Parfait pour les collectionneurs et les amateurs d&#8217;art, il offre une fen\u00eatre sur l&#8217;univers de la Loire, paisiblement et magnifiquement rendu.<\/p>\n<\/div>\n<\/div>\n<\/div>\n<\/div>\n<\/div>\n<\/div>\n","protected":false},"excerpt":{"rendered":"<p>Tableau miniature 5&#215;5 cm peint \u00e0 la temp\u00e9ra, repr\u00e9sentant une gabare sur la Loire dans des tons s\u00e9pia. \u0152uvre unique, encadr\u00e9e sur mesure en bois dor\u00e9.<\/p>\n","protected":false},"featured_media":5515,"comment_status":"open","ping_status":"closed","template":"","meta":[],"product_brand":[],"product_cat":[174,220,24],"product_tag":[222,223,221],"class_list":{"0":"post-5514","1":"product","2":"type-product","3":"status-publish","4":"has-post-thumbnail","6":"product_cat-tableau-miniature","7":"product_cat-tempera","8":"product_cat-diversite-oeuvres-art","9":"product_tag-miniature","10":"product_tag-paysage-rural","11":"product_tag-tableau","12":"pa_tableau-miniature","14":"first","15":"instock","16":"sale","17":"purchasable","18":"product-type-simple"},"yoast_head":"<!-- This site is optimized with the Yoast SEO plugin v27.4 - https:\/\/yoast.com\/product\/yoast-seo-wordpress\/ -->\n<title>Miniature \u2013 Gabare sur la Loire (5x5 cm, temp\u00e9ra sur toile, cadre dor\u00e9) - art-bijoux<\/title>\n<meta name=\"description\" content=\"Tableau miniature 5x5 cm peint \u00e0 la temp\u00e9ra, repr\u00e9sentant une gabare sur la Loire dans des tons s\u00e9pia. \u0152uvre unique, encadr\u00e9e sur mesure en bois dor\u00e9.\" \/>\n<meta name=\"robots\" content=\"index, follow, max-snippet:-1, max-image-preview:large, max-video-preview:-1\" \/>\n<link rel=\"canonical\" href=\"https:\/\/art-bijoux.com\/en\/boutique\/mini-tableau-de-5cm2-loire-gabare\/\" \/>\n<meta property=\"og:locale\" content=\"en_US\" \/>\n<meta property=\"og:type\" content=\"article\" \/>\n<meta property=\"og:title\" content=\"Miniature \u2013 Gabare sur la Loire (5x5 cm, temp\u00e9ra sur toile, cadre dor\u00e9) - art-bijoux\" \/>\n<meta property=\"og:description\" content=\"Tableau miniature 5x5 cm peint \u00e0 la temp\u00e9ra, repr\u00e9sentant une gabare sur la Loire dans des tons s\u00e9pia. \u0152uvre unique, encadr\u00e9e sur mesure en bois dor\u00e9.\" \/>\n<meta property=\"og:url\" content=\"https:\/\/art-bijoux.com\/en\/boutique\/mini-tableau-de-5cm2-loire-gabare\/\" \/>\n<meta property=\"og:site_name\" content=\"art-bijoux\" \/>\n<meta property=\"article:modified_time\" content=\"2025-11-21T09:21:58+00:00\" \/>\n<meta property=\"og:image\" content=\"https:\/\/art-bijoux.com\/wp-content\/uploads\/2025\/07\/Gabare-sanguine-Cadre.webp\" \/>\n\t<meta property=\"og:image:width\" content=\"800\" \/>\n\t<meta property=\"og:image:height\" content=\"800\" \/>\n\t<meta property=\"og:image:type\" content=\"image\/webp\" \/>\n<meta name=\"twitter:card\" content=\"summary_large_image\" \/>\n<meta name=\"twitter:label1\" content=\"Est. reading time\" \/>\n\t<meta name=\"twitter:data1\" content=\"2 minutes\" \/>\n<script type=\"application\/ld+json\" class=\"yoast-schema-graph\">{\"@context\":\"https:\\\/\\\/schema.org\",\"@graph\":[{\"@type\":\"WebPage\",\"@id\":\"https:\\\/\\\/art-bijoux.com\\\/en\\\/boutique\\\/mini-tableau-de-5cm2-loire-gabare\\\/\",\"url\":\"https:\\\/\\\/art-bijoux.com\\\/en\\\/boutique\\\/mini-tableau-de-5cm2-loire-gabare\\\/\",\"name\":\"Miniature \u2013 Gabare sur la Loire (5x5 cm, temp\u00e9ra sur toile, cadre dor\u00e9) - art-bijoux\",\"isPartOf\":{\"@id\":\"https:\\\/\\\/art-bijoux.com\\\/en\\\/#website\"},\"primaryImageOfPage\":{\"@id\":\"https:\\\/\\\/art-bijoux.com\\\/en\\\/boutique\\\/mini-tableau-de-5cm2-loire-gabare\\\/#primaryimage\"},\"image\":{\"@id\":\"https:\\\/\\\/art-bijoux.com\\\/en\\\/boutique\\\/mini-tableau-de-5cm2-loire-gabare\\\/#primaryimage\"},\"thumbnailUrl\":\"https:\\\/\\\/art-bijoux.com\\\/wp-content\\\/uploads\\\/2025\\\/07\\\/Gabare-sanguine-Cadre.webp\",\"datePublished\":\"2025-07-19T11:00:36+00:00\",\"dateModified\":\"2025-11-21T09:21:58+00:00\",\"description\":\"Tableau miniature 5x5 cm peint \u00e0 la temp\u00e9ra, repr\u00e9sentant une gabare sur la Loire dans des tons s\u00e9pia. \u0152uvre unique, encadr\u00e9e sur mesure en bois dor\u00e9.\",\"breadcrumb\":{\"@id\":\"https:\\\/\\\/art-bijoux.com\\\/en\\\/boutique\\\/mini-tableau-de-5cm2-loire-gabare\\\/#breadcrumb\"},\"inLanguage\":\"en-US\",\"potentialAction\":[{\"@type\":\"ReadAction\",\"target\":[\"https:\\\/\\\/art-bijoux.com\\\/en\\\/boutique\\\/mini-tableau-de-5cm2-loire-gabare\\\/\"]}]},{\"@type\":\"ImageObject\",\"inLanguage\":\"en-US\",\"@id\":\"https:\\\/\\\/art-bijoux.com\\\/en\\\/boutique\\\/mini-tableau-de-5cm2-loire-gabare\\\/#primaryimage\",\"url\":\"https:\\\/\\\/art-bijoux.com\\\/wp-content\\\/uploads\\\/2025\\\/07\\\/Gabare-sanguine-Cadre.webp\",\"contentUrl\":\"https:\\\/\\\/art-bijoux.com\\\/wp-content\\\/uploads\\\/2025\\\/07\\\/Gabare-sanguine-Cadre.webp\",\"width\":800,\"height\":800,\"caption\":\"Gabare sur la Loire, tons s\u00e9pia\"},{\"@type\":\"BreadcrumbList\",\"@id\":\"https:\\\/\\\/art-bijoux.com\\\/en\\\/boutique\\\/mini-tableau-de-5cm2-loire-gabare\\\/#breadcrumb\",\"itemListElement\":[{\"@type\":\"ListItem\",\"position\":1,\"name\":\"Accueil\",\"item\":\"https:\\\/\\\/art-bijoux.com\\\/en\\\/home\\\/\"},{\"@type\":\"ListItem\",\"position\":2,\"name\":\"Shop\",\"item\":\"https:\\\/\\\/art-bijoux.com\\\/en\\\/shop\\\/\"},{\"@type\":\"ListItem\",\"position\":3,\"name\":\"Miniature \u2013 Gabare sur la Loire (5&#215;5 cm, temp\u00e9ra sur toile, cadre dor\u00e9)\"}]},{\"@type\":\"WebSite\",\"@id\":\"https:\\\/\\\/art-bijoux.com\\\/en\\\/#website\",\"url\":\"https:\\\/\\\/art-bijoux.com\\\/en\\\/\",\"name\":\"art-bijoux\",\"description\":\"Osez porter \\\/ offrir un vitrail unique \u00e0 prix abordable\",\"publisher\":{\"@id\":\"https:\\\/\\\/art-bijoux.com\\\/en\\\/#organization\"},\"potentialAction\":[{\"@type\":\"SearchAction\",\"target\":{\"@type\":\"EntryPoint\",\"urlTemplate\":\"https:\\\/\\\/art-bijoux.com\\\/en\\\/?s={search_term_string}\"},\"query-input\":{\"@type\":\"PropertyValueSpecification\",\"valueRequired\":true,\"valueName\":\"search_term_string\"}}],\"inLanguage\":\"en-US\"},{\"@type\":\"Organization\",\"@id\":\"https:\\\/\\\/art-bijoux.com\\\/en\\\/#organization\",\"name\":\"art-bijoux\",\"url\":\"https:\\\/\\\/art-bijoux.com\\\/en\\\/\",\"logo\":{\"@type\":\"ImageObject\",\"inLanguage\":\"en-US\",\"@id\":\"https:\\\/\\\/art-bijoux.com\\\/en\\\/#\\\/schema\\\/logo\\\/image\\\/\",\"url\":\"https:\\\/\\\/art-bijoux.com\\\/wp-content\\\/uploads\\\/2024\\\/06\\\/Art-Bijoux-Logo-Small.png\",\"contentUrl\":\"https:\\\/\\\/art-bijoux.com\\\/wp-content\\\/uploads\\\/2024\\\/06\\\/Art-Bijoux-Logo-Small.png\",\"width\":722,\"height\":137,\"caption\":\"art-bijoux\"},\"image\":{\"@id\":\"https:\\\/\\\/art-bijoux.com\\\/en\\\/#\\\/schema\\\/logo\\\/image\\\/\"}}]}<\/script>\n<!-- \/ Yoast SEO plugin. -->","yoast_head_json":{"title":"Miniature \u2013 Gabare sur la Loire (5x5 cm, temp\u00e9ra sur toile, cadre dor\u00e9) - art-bijoux","description":"Tableau miniature 5x5 cm peint \u00e0 la temp\u00e9ra, repr\u00e9sentant une gabare sur la Loire dans des tons s\u00e9pia. \u0152uvre unique, encadr\u00e9e sur mesure en bois dor\u00e9.","robots":{"index":"index","follow":"follow","max-snippet":"max-snippet:-1","max-image-preview":"max-image-preview:large","max-video-preview":"max-video-preview:-1"},"canonical":"https:\/\/art-bijoux.com\/en\/boutique\/mini-tableau-de-5cm2-loire-gabare\/","og_locale":"en_US","og_type":"article","og_title":"Miniature \u2013 Gabare sur la Loire (5x5 cm, temp\u00e9ra sur toile, cadre dor\u00e9) - art-bijoux","og_description":"Tableau miniature 5x5 cm peint \u00e0 la temp\u00e9ra, repr\u00e9sentant une gabare sur la Loire dans des tons s\u00e9pia. \u0152uvre unique, encadr\u00e9e sur mesure en bois dor\u00e9.","og_url":"https:\/\/art-bijoux.com\/en\/boutique\/mini-tableau-de-5cm2-loire-gabare\/","og_site_name":"art-bijoux","article_modified_time":"2025-11-21T09:21:58+00:00","og_image":[{"width":800,"height":800,"url":"https:\/\/art-bijoux.com\/wp-content\/uploads\/2025\/07\/Gabare-sanguine-Cadre.webp","type":"image\/webp"}],"twitter_card":"summary_large_image","twitter_misc":{"Est. reading time":"2 minutes"},"schema":{"@context":"https:\/\/schema.org","@graph":[{"@type":"WebPage","@id":"https:\/\/art-bijoux.com\/en\/boutique\/mini-tableau-de-5cm2-loire-gabare\/","url":"https:\/\/art-bijoux.com\/en\/boutique\/mini-tableau-de-5cm2-loire-gabare\/","name":"Miniature \u2013 Gabare sur la Loire (5x5 cm, temp\u00e9ra sur toile, cadre dor\u00e9) - art-bijoux","isPartOf":{"@id":"https:\/\/art-bijoux.com\/en\/#website"},"primaryImageOfPage":{"@id":"https:\/\/art-bijoux.com\/en\/boutique\/mini-tableau-de-5cm2-loire-gabare\/#primaryimage"},"image":{"@id":"https:\/\/art-bijoux.com\/en\/boutique\/mini-tableau-de-5cm2-loire-gabare\/#primaryimage"},"thumbnailUrl":"https:\/\/art-bijoux.com\/wp-content\/uploads\/2025\/07\/Gabare-sanguine-Cadre.webp","datePublished":"2025-07-19T11:00:36+00:00","dateModified":"2025-11-21T09:21:58+00:00","description":"Tableau miniature 5x5 cm peint \u00e0 la temp\u00e9ra, repr\u00e9sentant une gabare sur la Loire dans des tons s\u00e9pia. \u0152uvre unique, encadr\u00e9e sur mesure en bois dor\u00e9.","breadcrumb":{"@id":"https:\/\/art-bijoux.com\/en\/boutique\/mini-tableau-de-5cm2-loire-gabare\/#breadcrumb"},"inLanguage":"en-US","potentialAction":[{"@type":"ReadAction","target":["https:\/\/art-bijoux.com\/en\/boutique\/mini-tableau-de-5cm2-loire-gabare\/"]}]},{"@type":"ImageObject","inLanguage":"en-US","@id":"https:\/\/art-bijoux.com\/en\/boutique\/mini-tableau-de-5cm2-loire-gabare\/#primaryimage","url":"https:\/\/art-bijoux.com\/wp-content\/uploads\/2025\/07\/Gabare-sanguine-Cadre.webp","contentUrl":"https:\/\/art-bijoux.com\/wp-content\/uploads\/2025\/07\/Gabare-sanguine-Cadre.webp","width":800,"height":800,"caption":"Gabare sur la Loire, tons s\u00e9pia"},{"@type":"BreadcrumbList","@id":"https:\/\/art-bijoux.com\/en\/boutique\/mini-tableau-de-5cm2-loire-gabare\/#breadcrumb","itemListElement":[{"@type":"ListItem","position":1,"name":"Accueil","item":"https:\/\/art-bijoux.com\/en\/home\/"},{"@type":"ListItem","position":2,"name":"Shop","item":"https:\/\/art-bijoux.com\/en\/shop\/"},{"@type":"ListItem","position":3,"name":"Miniature \u2013 Gabare sur la Loire (5&#215;5 cm, temp\u00e9ra sur toile, cadre dor\u00e9)"}]},{"@type":"WebSite","@id":"https:\/\/art-bijoux.com\/en\/#website","url":"https:\/\/art-bijoux.com\/en\/","name":"art-bijoux","description":"Osez porter \/ offrir un vitrail unique \u00e0 prix abordable","publisher":{"@id":"https:\/\/art-bijoux.com\/en\/#organization"},"potentialAction":[{"@type":"SearchAction","target":{"@type":"EntryPoint","urlTemplate":"https:\/\/art-bijoux.com\/en\/?s={search_term_string}"},"query-input":{"@type":"PropertyValueSpecification","valueRequired":true,"valueName":"search_term_string"}}],"inLanguage":"en-US"},{"@type":"Organization","@id":"https:\/\/art-bijoux.com\/en\/#organization","name":"art-bijoux","url":"https:\/\/art-bijoux.com\/en\/","logo":{"@type":"ImageObject","inLanguage":"en-US","@id":"https:\/\/art-bijoux.com\/en\/#\/schema\/logo\/image\/","url":"https:\/\/art-bijoux.com\/wp-content\/uploads\/2024\/06\/Art-Bijoux-Logo-Small.png","contentUrl":"https:\/\/art-bijoux.com\/wp-content\/uploads\/2024\/06\/Art-Bijoux-Logo-Small.png","width":722,"height":137,"caption":"art-bijoux"},"image":{"@id":"https:\/\/art-bijoux.com\/en\/#\/schema\/logo\/image\/"}}]}},"_links":{"self":[{"href":"https:\/\/art-bijoux.com\/en\/wp-json\/wp\/v2\/product\/5514","targetHints":{"allow":["GET"]}}],"collection":[{"href":"https:\/\/art-bijoux.com\/en\/wp-json\/wp\/v2\/product"}],"about":[{"href":"https:\/\/art-bijoux.com\/en\/wp-json\/wp\/v2\/types\/product"}],"replies":[{"embeddable":true,"href":"https:\/\/art-bijoux.com\/en\/wp-json\/wp\/v2\/comments?post=5514"}],"version-history":[{"count":2,"href":"https:\/\/art-bijoux.com\/en\/wp-json\/wp\/v2\/product\/5514\/revisions"}],"predecessor-version":[{"id":5526,"href":"https:\/\/art-bijoux.com\/en\/wp-json\/wp\/v2\/product\/5514\/revisions\/5526"}],"wp:featuredmedia":[{"embeddable":true,"href":"https:\/\/art-bijoux.com\/en\/wp-json\/wp\/v2\/media\/5515"}],"wp:attachment":[{"href":"https:\/\/art-bijoux.com\/en\/wp-json\/wp\/v2\/media?parent=5514"}],"wp:term":[{"taxonomy":"product_brand","embeddable":true,"href":"https:\/\/art-bijoux.com\/en\/wp-json\/wp\/v2\/product_brand?post=5514"},{"taxonomy":"product_cat","embeddable":true,"href":"https:\/\/art-bijoux.com\/en\/wp-json\/wp\/v2\/product_cat?post=5514"},{"taxonomy":"product_tag","embeddable":true,"href":"https:\/\/art-bijoux.com\/en\/wp-json\/wp\/v2\/product_tag?post=5514"}],"curies":[{"name":"wp","href":"https:\/\/api.w.org\/{rel}","templated":true}]}}