{"id":5518,"date":"2025-07-19T13:09:06","date_gmt":"2025-07-19T11:09:06","guid":{"rendered":"https:\/\/art-bijoux.com\/?post_type=product&#038;p=5518"},"modified":"2025-11-21T10:21:39","modified_gmt":"2025-11-21T09:21:39","slug":"miniature-maisons-bec-dallier-tempera","status":"publish","type":"product","link":"https:\/\/art-bijoux.com\/en\/boutique\/miniature-maisons-bec-dallier-tempera\/","title":{"rendered":"Miniature \u2013 Maisons \u00e0 Bec d\u2019Allier (5&#215;5 cm, temp\u00e9ra sur toile, cadre dor\u00e9)"},"content":{"rendered":"<div class=\"flex-shrink-0 flex flex-col relative items-end\">\n<div>\n<div class=\"pt-0\">\n<div class=\"gizmo-bot-avatar flex h-8 w-8 items-center justify-center overflow-hidden rounded-full\">\n<figure id=\"attachment_5519\" aria-describedby=\"caption-attachment-5519\" style=\"width: 300px\" class=\"wp-caption alignleft\"><img fetchpriority=\"high\" decoding=\"async\" class=\"size-medium wp-image-5519\" src=\"https:\/\/art-bijoux.com\/wp-content\/uploads\/2025\/07\/Maisons-Bec-dAllier-Cadre-300x300.webp\" alt=\"Tableau miniature, maisons \u00e0 Bec d'Allier\" width=\"300\" height=\"300\" srcset=\"https:\/\/art-bijoux.com\/wp-content\/uploads\/2025\/07\/Maisons-Bec-dAllier-Cadre-300x300.webp 300w, https:\/\/art-bijoux.com\/wp-content\/uploads\/2025\/07\/Maisons-Bec-dAllier-Cadre-150x150.webp 150w, https:\/\/art-bijoux.com\/wp-content\/uploads\/2025\/07\/Maisons-Bec-dAllier-Cadre-768x768.webp 768w, https:\/\/art-bijoux.com\/wp-content\/uploads\/2025\/07\/Maisons-Bec-dAllier-Cadre-600x600.webp 600w, https:\/\/art-bijoux.com\/wp-content\/uploads\/2025\/07\/Maisons-Bec-dAllier-Cadre-100x100.webp 100w, https:\/\/art-bijoux.com\/wp-content\/uploads\/2025\/07\/Maisons-Bec-dAllier-Cadre.webp 800w\" sizes=\"(max-width: 300px) 100vw, 300px\" \/><figcaption id=\"caption-attachment-5519\" class=\"wp-caption-text\">Tableau miniature, maisons \u00e0 Bec d&#8217;Allier<\/figcaption><\/figure>\n<div class=\"relative p-1 rounded-sm flex items-center justify-center bg-token-main-surface-primary text-token-text-primary h-8 w-8\"><\/div>\n<div class=\"relative p-1 rounded-sm flex items-center justify-center bg-token-main-surface-primary text-token-text-primary h-8 w-8\">\n<p data-start=\"506\" data-end=\"771\">Ce tableau miniature rend hommage \u00e0 l\u2019atmosph\u00e8re pittoresque d&#8217;une <strong data-start=\"573\" data-end=\"596\">rue de Bec d\u2019Allier<\/strong>, \u00e0 la confluence de la Loire et de l\u2019Allier. Les <strong data-start=\"646\" data-end=\"706\">toits anciens, les chemin\u00e9es, les pans de murs en pierre<\/strong> s\u2019imbriquent dans une composition serr\u00e9e, expressive et vivante.<\/p>\n<p data-start=\"773\" data-end=\"1067\">Peint \u00e0 la <strong data-start=\"784\" data-end=\"805\">temp\u00e9ra sur toile<\/strong>, dans un format de <strong data-start=\"825\" data-end=\"835\">5&#215;5 cm<\/strong>, ce petit bijou d\u2019observation retranscrit la chaleur d\u2019une fin de journ\u00e9e sur les fa\u00e7ades vernaculaires. Le <strong data-start=\"944\" data-end=\"965\">ciel bleu profond<\/strong> contraste avec les couleurs chaudes des maisons, \u00e9voquant la lumi\u00e8re dor\u00e9e propre aux bords de Loire.<\/p>\n<p data-start=\"1069\" data-end=\"1264\">L\u2019\u0153uvre est mont\u00e9e sur <strong data-start=\"1092\" data-end=\"1125\">toile tendue sur ch\u00e2ssis bois<\/strong>, et <strong data-start=\"1130\" data-end=\"1153\">encadr\u00e9e sur mesure<\/strong> dans un <strong data-start=\"1162\" data-end=\"1180\">bois dor\u00e9 cir\u00e9<\/strong>, qui en souligne l\u2019\u00e9clat et la finesse. Une pi\u00e8ce unique \u00e0 collectionner ou offrir.<\/p>\n<hr data-start=\"1266\" data-end=\"1269\" \/>\n<h3 data-start=\"1271\" data-end=\"1311\">\ud83d\udcd0 <strong data-start=\"1278\" data-end=\"1309\">Caract\u00e9ristiques techniques<\/strong><\/h3>\n<ul data-start=\"1312\" data-end=\"1678\">\n<li data-start=\"1312\" data-end=\"1350\">\n<p data-start=\"1314\" data-end=\"1350\"><strong data-start=\"1314\" data-end=\"1323\">Titre<\/strong> : Maisons \u00e0 Bec d\u2019Allier<\/p>\n<\/li>\n<li data-start=\"1351\" data-end=\"1396\">\n<p data-start=\"1353\" data-end=\"1396\"><strong data-start=\"1353\" data-end=\"1366\">Technique<\/strong> : Temp\u00e9ra \u00e0 l\u2019\u0153uf sur toile<\/p>\n<\/li>\n<li data-start=\"1397\" data-end=\"1444\">\n<p data-start=\"1399\" data-end=\"1444\"><strong data-start=\"1399\" data-end=\"1410\">Support<\/strong> : Toile mont\u00e9e sur ch\u00e2ssis bois<\/p>\n<\/li>\n<li data-start=\"1445\" data-end=\"1474\">\n<p data-start=\"1447\" data-end=\"1474\"><strong data-start=\"1447\" data-end=\"1461\">Dimensions<\/strong> : 5 x 5 cm<\/p>\n<\/li>\n<li data-start=\"1475\" data-end=\"1528\">\n<p data-start=\"1477\" data-end=\"1528\"><strong data-start=\"1477\" data-end=\"1492\">Encadrement<\/strong> : Bois dor\u00e9 cir\u00e9, fait sur mesure<\/p>\n<\/li>\n<li data-start=\"1529\" data-end=\"1573\">\n<p data-start=\"1531\" data-end=\"1573\"><strong data-start=\"1531\" data-end=\"1542\">Palette<\/strong> : Ocres, bruns, bleu intense<\/p>\n<\/li>\n<li data-start=\"1574\" data-end=\"1617\">\n<p data-start=\"1576\" data-end=\"1617\"><strong data-start=\"1576\" data-end=\"1595\">\u0152uvre originale<\/strong> : Oui, pi\u00e8ce unique<\/p>\n<\/li>\n<li data-start=\"1618\" data-end=\"1678\">\n<p data-start=\"1620\" data-end=\"1678\"><strong data-start=\"1620\" data-end=\"1639\">Lieu repr\u00e9sent\u00e9<\/strong> : Rue de Bec d\u2019Allier, Ni\u00e8vre (France)<\/p>\n<\/li>\n<\/ul>\n<\/div>\n<\/div>\n<\/div>\n<\/div>\n<\/div>\n<div class=\"group\/conversation-turn relative flex w-full min-w-0 flex-col agent-turn\">\n<div class=\"flex-col gap-1 md:gap-3\">\n<div class=\"flex max-w-full flex-col flex-grow\">\n<div class=\"min-h-[20px] text-message flex w-full flex-col items-end gap-2 whitespace-pre-wrap break-words [.text-message+&amp;]:mt-5 overflow-x-auto\" dir=\"auto\" data-message-author-role=\"assistant\" data-message-id=\"1b491d49-4f3d-4f50-b1b5-2c2cebcf0b64\">\n<div class=\"flex w-full flex-col gap-1 empty:hidden first:pt-[3px]\">\n<div class=\"markdown prose w-full break-words dark:prose-invert light\">\n<p>Ce mini tableau est une v\u00e9ritable \u0153uvre d&#8217;art, \u00e0 la fois par sa technique ancienne et par son ex\u00e9cution impeccable. Parfait pour les collectionneurs et les amateurs d&#8217;art, il offre une fen\u00eatre sur l&#8217;univers de la Loire, paisiblement et magnifiquement rendu.<\/p>\n<\/div>\n<\/div>\n<\/div>\n<\/div>\n<\/div>\n<\/div>\n","protected":false},"excerpt":{"rendered":"<p>Mini tableau 5&#215;5 cm peint \u00e0 la temp\u00e9ra, repr\u00e9sentant des maisons anciennes \u00e0 Bec d\u2019Allier. Ciel intense, encadrement dor\u00e9. \u0152uvre unique et po\u00e9tique.<\/p>\n","protected":false},"featured_media":5519,"comment_status":"open","ping_status":"closed","template":"","meta":[],"product_brand":[],"product_cat":[174,220,24],"product_tag":[222,223,221],"class_list":{"0":"post-5518","1":"product","2":"type-product","3":"status-publish","4":"has-post-thumbnail","6":"product_cat-tableau-miniature","7":"product_cat-tempera","8":"product_cat-diversite-oeuvres-art","9":"product_tag-miniature","10":"product_tag-paysage-rural","11":"product_tag-tableau","12":"pa_tableau-miniature","14":"first","15":"instock","16":"sale","17":"purchasable","18":"product-type-simple"},"yoast_head":"<!-- This site is optimized with the Yoast SEO plugin v27.4 - https:\/\/yoast.com\/product\/yoast-seo-wordpress\/ -->\n<title>Miniature \u2013 Maisons \u00e0 Bec d\u2019Allier (5x5 cm, temp\u00e9ra sur toile, cadre dor\u00e9) - art-bijoux<\/title>\n<meta name=\"description\" content=\"Mini tableau 5x5 cm peint \u00e0 la temp\u00e9ra, repr\u00e9sentant des maisons anciennes \u00e0 Bec d\u2019Allier. Ciel intense, encadrement dor\u00e9. \u0152uvre unique et po\u00e9tique.\" \/>\n<meta name=\"robots\" content=\"index, follow, max-snippet:-1, max-image-preview:large, max-video-preview:-1\" \/>\n<link rel=\"canonical\" href=\"https:\/\/art-bijoux.com\/en\/boutique\/miniature-maisons-bec-dallier-tempera\/\" \/>\n<meta property=\"og:locale\" content=\"en_US\" \/>\n<meta property=\"og:type\" content=\"article\" \/>\n<meta property=\"og:title\" content=\"Miniature \u2013 Maisons \u00e0 Bec d\u2019Allier (5x5 cm, temp\u00e9ra sur toile, cadre dor\u00e9) - art-bijoux\" \/>\n<meta property=\"og:description\" content=\"Mini tableau 5x5 cm peint \u00e0 la temp\u00e9ra, repr\u00e9sentant des maisons anciennes \u00e0 Bec d\u2019Allier. Ciel intense, encadrement dor\u00e9. \u0152uvre unique et po\u00e9tique.\" \/>\n<meta property=\"og:url\" content=\"https:\/\/art-bijoux.com\/en\/boutique\/miniature-maisons-bec-dallier-tempera\/\" \/>\n<meta property=\"og:site_name\" content=\"art-bijoux\" \/>\n<meta property=\"article:modified_time\" content=\"2025-11-21T09:21:39+00:00\" \/>\n<meta property=\"og:image\" content=\"https:\/\/art-bijoux.com\/wp-content\/uploads\/2025\/07\/Maisons-Bec-dAllier-Cadre.webp\" \/>\n\t<meta property=\"og:image:width\" content=\"800\" \/>\n\t<meta property=\"og:image:height\" content=\"800\" \/>\n\t<meta property=\"og:image:type\" content=\"image\/webp\" \/>\n<meta name=\"twitter:card\" content=\"summary_large_image\" \/>\n<meta name=\"twitter:label1\" content=\"Est. reading time\" \/>\n\t<meta name=\"twitter:data1\" content=\"2 minutes\" \/>\n<script type=\"application\/ld+json\" class=\"yoast-schema-graph\">{\"@context\":\"https:\\\/\\\/schema.org\",\"@graph\":[{\"@type\":\"WebPage\",\"@id\":\"https:\\\/\\\/art-bijoux.com\\\/en\\\/boutique\\\/miniature-maisons-bec-dallier-tempera\\\/\",\"url\":\"https:\\\/\\\/art-bijoux.com\\\/en\\\/boutique\\\/miniature-maisons-bec-dallier-tempera\\\/\",\"name\":\"Miniature \u2013 Maisons \u00e0 Bec d\u2019Allier (5x5 cm, temp\u00e9ra sur toile, cadre dor\u00e9) - art-bijoux\",\"isPartOf\":{\"@id\":\"https:\\\/\\\/art-bijoux.com\\\/en\\\/#website\"},\"primaryImageOfPage\":{\"@id\":\"https:\\\/\\\/art-bijoux.com\\\/en\\\/boutique\\\/miniature-maisons-bec-dallier-tempera\\\/#primaryimage\"},\"image\":{\"@id\":\"https:\\\/\\\/art-bijoux.com\\\/en\\\/boutique\\\/miniature-maisons-bec-dallier-tempera\\\/#primaryimage\"},\"thumbnailUrl\":\"https:\\\/\\\/art-bijoux.com\\\/wp-content\\\/uploads\\\/2025\\\/07\\\/Maisons-Bec-dAllier-Cadre.webp\",\"datePublished\":\"2025-07-19T11:09:06+00:00\",\"dateModified\":\"2025-11-21T09:21:39+00:00\",\"description\":\"Mini tableau 5x5 cm peint \u00e0 la temp\u00e9ra, repr\u00e9sentant des maisons anciennes \u00e0 Bec d\u2019Allier. Ciel intense, encadrement dor\u00e9. \u0152uvre unique et po\u00e9tique.\",\"breadcrumb\":{\"@id\":\"https:\\\/\\\/art-bijoux.com\\\/en\\\/boutique\\\/miniature-maisons-bec-dallier-tempera\\\/#breadcrumb\"},\"inLanguage\":\"en-US\",\"potentialAction\":[{\"@type\":\"ReadAction\",\"target\":[\"https:\\\/\\\/art-bijoux.com\\\/en\\\/boutique\\\/miniature-maisons-bec-dallier-tempera\\\/\"]}]},{\"@type\":\"ImageObject\",\"inLanguage\":\"en-US\",\"@id\":\"https:\\\/\\\/art-bijoux.com\\\/en\\\/boutique\\\/miniature-maisons-bec-dallier-tempera\\\/#primaryimage\",\"url\":\"https:\\\/\\\/art-bijoux.com\\\/wp-content\\\/uploads\\\/2025\\\/07\\\/Maisons-Bec-dAllier-Cadre.webp\",\"contentUrl\":\"https:\\\/\\\/art-bijoux.com\\\/wp-content\\\/uploads\\\/2025\\\/07\\\/Maisons-Bec-dAllier-Cadre.webp\",\"width\":800,\"height\":800,\"caption\":\"Tableau miniature, maisons \u00e0 Bec d'Allier\"},{\"@type\":\"BreadcrumbList\",\"@id\":\"https:\\\/\\\/art-bijoux.com\\\/en\\\/boutique\\\/miniature-maisons-bec-dallier-tempera\\\/#breadcrumb\",\"itemListElement\":[{\"@type\":\"ListItem\",\"position\":1,\"name\":\"Accueil\",\"item\":\"https:\\\/\\\/art-bijoux.com\\\/en\\\/home\\\/\"},{\"@type\":\"ListItem\",\"position\":2,\"name\":\"Shop\",\"item\":\"https:\\\/\\\/art-bijoux.com\\\/en\\\/shop\\\/\"},{\"@type\":\"ListItem\",\"position\":3,\"name\":\"Miniature \u2013 Maisons \u00e0 Bec d\u2019Allier (5&#215;5 cm, temp\u00e9ra sur toile, cadre dor\u00e9)\"}]},{\"@type\":\"WebSite\",\"@id\":\"https:\\\/\\\/art-bijoux.com\\\/en\\\/#website\",\"url\":\"https:\\\/\\\/art-bijoux.com\\\/en\\\/\",\"name\":\"art-bijoux\",\"description\":\"Osez porter \\\/ offrir un vitrail unique \u00e0 prix abordable\",\"publisher\":{\"@id\":\"https:\\\/\\\/art-bijoux.com\\\/en\\\/#organization\"},\"potentialAction\":[{\"@type\":\"SearchAction\",\"target\":{\"@type\":\"EntryPoint\",\"urlTemplate\":\"https:\\\/\\\/art-bijoux.com\\\/en\\\/?s={search_term_string}\"},\"query-input\":{\"@type\":\"PropertyValueSpecification\",\"valueRequired\":true,\"valueName\":\"search_term_string\"}}],\"inLanguage\":\"en-US\"},{\"@type\":\"Organization\",\"@id\":\"https:\\\/\\\/art-bijoux.com\\\/en\\\/#organization\",\"name\":\"art-bijoux\",\"url\":\"https:\\\/\\\/art-bijoux.com\\\/en\\\/\",\"logo\":{\"@type\":\"ImageObject\",\"inLanguage\":\"en-US\",\"@id\":\"https:\\\/\\\/art-bijoux.com\\\/en\\\/#\\\/schema\\\/logo\\\/image\\\/\",\"url\":\"https:\\\/\\\/art-bijoux.com\\\/wp-content\\\/uploads\\\/2024\\\/06\\\/Art-Bijoux-Logo-Small.png\",\"contentUrl\":\"https:\\\/\\\/art-bijoux.com\\\/wp-content\\\/uploads\\\/2024\\\/06\\\/Art-Bijoux-Logo-Small.png\",\"width\":722,\"height\":137,\"caption\":\"art-bijoux\"},\"image\":{\"@id\":\"https:\\\/\\\/art-bijoux.com\\\/en\\\/#\\\/schema\\\/logo\\\/image\\\/\"}}]}<\/script>\n<!-- \/ Yoast SEO plugin. -->","yoast_head_json":{"title":"Miniature \u2013 Maisons \u00e0 Bec d\u2019Allier (5x5 cm, temp\u00e9ra sur toile, cadre dor\u00e9) - art-bijoux","description":"Mini tableau 5x5 cm peint \u00e0 la temp\u00e9ra, repr\u00e9sentant des maisons anciennes \u00e0 Bec d\u2019Allier. Ciel intense, encadrement dor\u00e9. \u0152uvre unique et po\u00e9tique.","robots":{"index":"index","follow":"follow","max-snippet":"max-snippet:-1","max-image-preview":"max-image-preview:large","max-video-preview":"max-video-preview:-1"},"canonical":"https:\/\/art-bijoux.com\/en\/boutique\/miniature-maisons-bec-dallier-tempera\/","og_locale":"en_US","og_type":"article","og_title":"Miniature \u2013 Maisons \u00e0 Bec d\u2019Allier (5x5 cm, temp\u00e9ra sur toile, cadre dor\u00e9) - art-bijoux","og_description":"Mini tableau 5x5 cm peint \u00e0 la temp\u00e9ra, repr\u00e9sentant des maisons anciennes \u00e0 Bec d\u2019Allier. Ciel intense, encadrement dor\u00e9. \u0152uvre unique et po\u00e9tique.","og_url":"https:\/\/art-bijoux.com\/en\/boutique\/miniature-maisons-bec-dallier-tempera\/","og_site_name":"art-bijoux","article_modified_time":"2025-11-21T09:21:39+00:00","og_image":[{"width":800,"height":800,"url":"https:\/\/art-bijoux.com\/wp-content\/uploads\/2025\/07\/Maisons-Bec-dAllier-Cadre.webp","type":"image\/webp"}],"twitter_card":"summary_large_image","twitter_misc":{"Est. reading time":"2 minutes"},"schema":{"@context":"https:\/\/schema.org","@graph":[{"@type":"WebPage","@id":"https:\/\/art-bijoux.com\/en\/boutique\/miniature-maisons-bec-dallier-tempera\/","url":"https:\/\/art-bijoux.com\/en\/boutique\/miniature-maisons-bec-dallier-tempera\/","name":"Miniature \u2013 Maisons \u00e0 Bec d\u2019Allier (5x5 cm, temp\u00e9ra sur toile, cadre dor\u00e9) - art-bijoux","isPartOf":{"@id":"https:\/\/art-bijoux.com\/en\/#website"},"primaryImageOfPage":{"@id":"https:\/\/art-bijoux.com\/en\/boutique\/miniature-maisons-bec-dallier-tempera\/#primaryimage"},"image":{"@id":"https:\/\/art-bijoux.com\/en\/boutique\/miniature-maisons-bec-dallier-tempera\/#primaryimage"},"thumbnailUrl":"https:\/\/art-bijoux.com\/wp-content\/uploads\/2025\/07\/Maisons-Bec-dAllier-Cadre.webp","datePublished":"2025-07-19T11:09:06+00:00","dateModified":"2025-11-21T09:21:39+00:00","description":"Mini tableau 5x5 cm peint \u00e0 la temp\u00e9ra, repr\u00e9sentant des maisons anciennes \u00e0 Bec d\u2019Allier. Ciel intense, encadrement dor\u00e9. \u0152uvre unique et po\u00e9tique.","breadcrumb":{"@id":"https:\/\/art-bijoux.com\/en\/boutique\/miniature-maisons-bec-dallier-tempera\/#breadcrumb"},"inLanguage":"en-US","potentialAction":[{"@type":"ReadAction","target":["https:\/\/art-bijoux.com\/en\/boutique\/miniature-maisons-bec-dallier-tempera\/"]}]},{"@type":"ImageObject","inLanguage":"en-US","@id":"https:\/\/art-bijoux.com\/en\/boutique\/miniature-maisons-bec-dallier-tempera\/#primaryimage","url":"https:\/\/art-bijoux.com\/wp-content\/uploads\/2025\/07\/Maisons-Bec-dAllier-Cadre.webp","contentUrl":"https:\/\/art-bijoux.com\/wp-content\/uploads\/2025\/07\/Maisons-Bec-dAllier-Cadre.webp","width":800,"height":800,"caption":"Tableau miniature, maisons \u00e0 Bec d'Allier"},{"@type":"BreadcrumbList","@id":"https:\/\/art-bijoux.com\/en\/boutique\/miniature-maisons-bec-dallier-tempera\/#breadcrumb","itemListElement":[{"@type":"ListItem","position":1,"name":"Accueil","item":"https:\/\/art-bijoux.com\/en\/home\/"},{"@type":"ListItem","position":2,"name":"Shop","item":"https:\/\/art-bijoux.com\/en\/shop\/"},{"@type":"ListItem","position":3,"name":"Miniature \u2013 Maisons \u00e0 Bec d\u2019Allier (5&#215;5 cm, temp\u00e9ra sur toile, cadre dor\u00e9)"}]},{"@type":"WebSite","@id":"https:\/\/art-bijoux.com\/en\/#website","url":"https:\/\/art-bijoux.com\/en\/","name":"art-bijoux","description":"Osez porter \/ offrir un vitrail unique \u00e0 prix abordable","publisher":{"@id":"https:\/\/art-bijoux.com\/en\/#organization"},"potentialAction":[{"@type":"SearchAction","target":{"@type":"EntryPoint","urlTemplate":"https:\/\/art-bijoux.com\/en\/?s={search_term_string}"},"query-input":{"@type":"PropertyValueSpecification","valueRequired":true,"valueName":"search_term_string"}}],"inLanguage":"en-US"},{"@type":"Organization","@id":"https:\/\/art-bijoux.com\/en\/#organization","name":"art-bijoux","url":"https:\/\/art-bijoux.com\/en\/","logo":{"@type":"ImageObject","inLanguage":"en-US","@id":"https:\/\/art-bijoux.com\/en\/#\/schema\/logo\/image\/","url":"https:\/\/art-bijoux.com\/wp-content\/uploads\/2024\/06\/Art-Bijoux-Logo-Small.png","contentUrl":"https:\/\/art-bijoux.com\/wp-content\/uploads\/2024\/06\/Art-Bijoux-Logo-Small.png","width":722,"height":137,"caption":"art-bijoux"},"image":{"@id":"https:\/\/art-bijoux.com\/en\/#\/schema\/logo\/image\/"}}]}},"_links":{"self":[{"href":"https:\/\/art-bijoux.com\/en\/wp-json\/wp\/v2\/product\/5518","targetHints":{"allow":["GET"]}}],"collection":[{"href":"https:\/\/art-bijoux.com\/en\/wp-json\/wp\/v2\/product"}],"about":[{"href":"https:\/\/art-bijoux.com\/en\/wp-json\/wp\/v2\/types\/product"}],"replies":[{"embeddable":true,"href":"https:\/\/art-bijoux.com\/en\/wp-json\/wp\/v2\/comments?post=5518"}],"version-history":[{"count":1,"href":"https:\/\/art-bijoux.com\/en\/wp-json\/wp\/v2\/product\/5518\/revisions"}],"predecessor-version":[{"id":5521,"href":"https:\/\/art-bijoux.com\/en\/wp-json\/wp\/v2\/product\/5518\/revisions\/5521"}],"wp:featuredmedia":[{"embeddable":true,"href":"https:\/\/art-bijoux.com\/en\/wp-json\/wp\/v2\/media\/5519"}],"wp:attachment":[{"href":"https:\/\/art-bijoux.com\/en\/wp-json\/wp\/v2\/media?parent=5518"}],"wp:term":[{"taxonomy":"product_brand","embeddable":true,"href":"https:\/\/art-bijoux.com\/en\/wp-json\/wp\/v2\/product_brand?post=5518"},{"taxonomy":"product_cat","embeddable":true,"href":"https:\/\/art-bijoux.com\/en\/wp-json\/wp\/v2\/product_cat?post=5518"},{"taxonomy":"product_tag","embeddable":true,"href":"https:\/\/art-bijoux.com\/en\/wp-json\/wp\/v2\/product_tag?post=5518"}],"curies":[{"name":"wp","href":"https:\/\/api.w.org\/{rel}","templated":true}]}}