{"id":5522,"date":"2025-07-19T13:14:44","date_gmt":"2025-07-19T11:14:44","guid":{"rendered":"https:\/\/art-bijoux.com\/?post_type=product&#038;p=5522"},"modified":"2025-11-21T10:21:19","modified_gmt":"2025-11-21T09:21:19","slug":"miniature-rue-loges-pouilly-loire-tempera","status":"publish","type":"product","link":"https:\/\/art-bijoux.com\/en\/boutique\/miniature-rue-loges-pouilly-loire-tempera\/","title":{"rendered":"Miniature \u2013 Rue des Loges \u00e0 Pouilly-sur-Loire (5&#215;5 cm, temp\u00e9ra sur toile, cadre dor\u00e9)"},"content":{"rendered":"<div class=\"flex-shrink-0 flex flex-col relative items-end\">\n<div>\n<div class=\"pt-0\">\n<div class=\"gizmo-bot-avatar flex h-8 w-8 items-center justify-center overflow-hidden rounded-full\">\n<div class=\"relative p-1 rounded-sm flex items-center justify-center bg-token-main-surface-primary text-token-text-primary h-8 w-8\">\n<figure id=\"attachment_5523\" aria-describedby=\"caption-attachment-5523\" style=\"width: 300px\" class=\"wp-caption alignleft\"><img fetchpriority=\"high\" decoding=\"async\" class=\"size-medium wp-image-5523\" src=\"https:\/\/art-bijoux.com\/wp-content\/uploads\/2025\/07\/Les-Loges-Cadre-300x300.webp\" alt=\"Miniature \u2013 Rue des Loges \u00e0 Pouilly-sur-Loire (5x5 cm, temp\u00e9ra sur toile, cadre dor\u00e9)\" width=\"300\" height=\"300\" srcset=\"https:\/\/art-bijoux.com\/wp-content\/uploads\/2025\/07\/Les-Loges-Cadre-300x300.webp 300w, https:\/\/art-bijoux.com\/wp-content\/uploads\/2025\/07\/Les-Loges-Cadre-150x150.webp 150w, https:\/\/art-bijoux.com\/wp-content\/uploads\/2025\/07\/Les-Loges-Cadre-768x768.webp 768w, https:\/\/art-bijoux.com\/wp-content\/uploads\/2025\/07\/Les-Loges-Cadre-600x600.webp 600w, https:\/\/art-bijoux.com\/wp-content\/uploads\/2025\/07\/Les-Loges-Cadre-100x100.webp 100w, https:\/\/art-bijoux.com\/wp-content\/uploads\/2025\/07\/Les-Loges-Cadre.webp 800w\" sizes=\"(max-width: 300px) 100vw, 300px\" \/><figcaption id=\"caption-attachment-5523\" class=\"wp-caption-text\">Miniature \u2013 Rue des Loges \u00e0 Pouilly-sur-Loire (5&#215;5 cm, temp\u00e9ra sur toile, cadre dor\u00e9)<\/figcaption><\/figure>\n<\/div>\n<div class=\"relative p-1 rounded-sm flex items-center justify-center bg-token-main-surface-primary text-token-text-primary h-8 w-8\">\n<ul data-start=\"1312\" data-end=\"1678\">\n<li data-start=\"1618\" data-end=\"1678\">\n<p data-start=\"478\" data-end=\"739\">Cette miniature repr\u00e9sente une sc\u00e8ne paisible de la <strong data-start=\"530\" data-end=\"547\">rue des Loges<\/strong>, lieu dit de <strong data-start=\"560\" data-end=\"581\">Pouilly-sur-Loire<\/strong>, village viticole de la Ni\u00e8vre. Une maison jaune claire, aux pierres d\u2019angle blanches, se d\u00e9tache sous un <strong data-start=\"688\" data-end=\"706\">ciel bleu doux<\/strong>, baign\u00e9e par la lumi\u00e8re du soir.<\/p>\n<p data-start=\"741\" data-end=\"1007\">Peinte \u00e0 la <strong data-start=\"753\" data-end=\"774\">temp\u00e9ra sur toile<\/strong>, cette \u0153uvre de <strong data-start=\"791\" data-end=\"801\">5&#215;5 cm<\/strong> condense en quelques centim\u00e8tres la chaleur architecturale du <strong data-start=\"864\" data-end=\"893\">patrimoine rural lig\u00e9rien<\/strong>. Les <strong data-start=\"899\" data-end=\"950\">d\u00e9tails des fen\u00eatres, des escaliers, des ombres<\/strong> et des volumes sont rendus avec justesse et d\u00e9licatesse.<\/p>\n<p data-start=\"1009\" data-end=\"1193\">Mont\u00e9e sur <strong data-start=\"1020\" data-end=\"1039\">ch\u00e2ssis en bois<\/strong>, puis <strong data-start=\"1046\" data-end=\"1069\">encadr\u00e9e sur mesure<\/strong> dans un <strong data-start=\"1078\" data-end=\"1096\">bois dor\u00e9 cir\u00e9<\/strong>, cette \u0153uvre unique \u00e9voque les promenades tranquilles \u00e0 travers les ruelles charg\u00e9es d\u2019histoire.<\/p>\n<hr data-start=\"1195\" data-end=\"1198\" \/>\n<h3 data-start=\"1200\" data-end=\"1240\">\ud83d\udcd0 <strong data-start=\"1207\" data-end=\"1238\">Caract\u00e9ristiques techniques<\/strong><\/h3>\n<ul data-start=\"1241\" data-end=\"1644\">\n<li data-start=\"1241\" data-end=\"1290\">\n<p data-start=\"1243\" data-end=\"1290\"><strong data-start=\"1243\" data-end=\"1252\">Titre<\/strong> : Rue des Loges \u00e0 Pouilly-sur-Loire<\/p>\n<\/li>\n<li data-start=\"1291\" data-end=\"1336\">\n<p data-start=\"1293\" data-end=\"1336\"><strong data-start=\"1293\" data-end=\"1306\">Technique<\/strong> : Temp\u00e9ra \u00e0 l\u2019\u0153uf sur toile<\/p>\n<\/li>\n<li data-start=\"1337\" data-end=\"1384\">\n<p data-start=\"1339\" data-end=\"1384\"><strong data-start=\"1339\" data-end=\"1350\">Support<\/strong> : Toile mont\u00e9e sur ch\u00e2ssis bois<\/p>\n<\/li>\n<li data-start=\"1385\" data-end=\"1414\">\n<p data-start=\"1387\" data-end=\"1414\"><strong data-start=\"1387\" data-end=\"1401\">Dimensions<\/strong> : 5 x 5 cm<\/p>\n<\/li>\n<li data-start=\"1415\" data-end=\"1468\">\n<p data-start=\"1417\" data-end=\"1468\"><strong data-start=\"1417\" data-end=\"1432\">Encadrement<\/strong> : Bois dor\u00e9 cir\u00e9, fait sur mesure<\/p>\n<\/li>\n<li data-start=\"1469\" data-end=\"1526\">\n<p data-start=\"1471\" data-end=\"1526\"><strong data-start=\"1471\" data-end=\"1482\">Palette<\/strong> : Jaune p\u00e2le, ocre, rouge brun, bleu doux<\/p>\n<\/li>\n<li data-start=\"1527\" data-end=\"1570\">\n<p data-start=\"1529\" data-end=\"1570\"><strong data-start=\"1529\" data-end=\"1548\">\u0152uvre originale<\/strong> : Oui, pi\u00e8ce unique<\/p>\n<\/li>\n<li data-start=\"1571\" data-end=\"1644\">\n<p data-start=\"1573\" data-end=\"1644\"><strong data-start=\"1573\" data-end=\"1592\">Lieu repr\u00e9sent\u00e9<\/strong> : Rue des Loges, Pouilly-sur-Loire, Ni\u00e8vre (France)<\/p>\n<\/li>\n<\/ul>\n<\/li>\n<\/ul>\n<\/div>\n<\/div>\n<\/div>\n<\/div>\n<\/div>\n<div class=\"group\/conversation-turn relative flex w-full min-w-0 flex-col agent-turn\">\n<div class=\"flex-col gap-1 md:gap-3\">\n<div class=\"flex max-w-full flex-col flex-grow\">\n<div class=\"min-h-[20px] text-message flex w-full flex-col items-end gap-2 whitespace-pre-wrap break-words [.text-message+&amp;]:mt-5 overflow-x-auto\" dir=\"auto\" data-message-author-role=\"assistant\" data-message-id=\"1b491d49-4f3d-4f50-b1b5-2c2cebcf0b64\">\n<div class=\"flex w-full flex-col gap-1 empty:hidden first:pt-[3px]\">\n<div class=\"markdown prose w-full break-words dark:prose-invert light\">\n<p>Ce mini tableau est une v\u00e9ritable \u0153uvre d&#8217;art, \u00e0 la fois par sa technique ancienne et par son ex\u00e9cution impeccable. Parfait pour les collectionneurs et les amateurs d&#8217;art, il offre une fen\u00eatre sur l&#8217;univers de la Loire, paisiblement et magnifiquement rendu.<\/p>\n<\/div>\n<\/div>\n<\/div>\n<\/div>\n<\/div>\n<\/div>\n","protected":false},"excerpt":{"rendered":"<p>Peinture miniature 5&#215;5 cm repr\u00e9sentant une maison de la rue des Loges \u00e0 Pouilly-sur-Loire. Temp\u00e9ra sur toile, encadr\u00e9e en bois dor\u00e9. \u0152uvre unique et lumineuse.<\/p>\n","protected":false},"featured_media":5523,"comment_status":"open","ping_status":"closed","template":"","meta":[],"product_brand":[],"product_cat":[174,220,24],"product_tag":[222,223,221],"class_list":{"0":"post-5522","1":"product","2":"type-product","3":"status-publish","4":"has-post-thumbnail","6":"product_cat-tableau-miniature","7":"product_cat-tempera","8":"product_cat-diversite-oeuvres-art","9":"product_tag-miniature","10":"product_tag-paysage-rural","11":"product_tag-tableau","12":"pa_tableau-miniature","14":"first","15":"instock","16":"sale","17":"purchasable","18":"product-type-simple"},"yoast_head":"<!-- This site is optimized with the Yoast SEO plugin v27.4 - https:\/\/yoast.com\/product\/yoast-seo-wordpress\/ -->\n<title>Miniature \u2013 Rue des Loges \u00e0 Pouilly-sur-Loire (5x5 cm, temp\u00e9ra sur toile, cadre dor\u00e9) - art-bijoux<\/title>\n<meta name=\"description\" content=\"Peinture miniature 5x5 cm repr\u00e9sentant une maison de la rue des Loges \u00e0 Pouilly-sur-Loire. Temp\u00e9ra sur toile, encadr\u00e9e en bois dor\u00e9. \u0152uvre unique.\" \/>\n<meta name=\"robots\" content=\"index, follow, max-snippet:-1, max-image-preview:large, max-video-preview:-1\" \/>\n<link rel=\"canonical\" href=\"https:\/\/art-bijoux.com\/en\/boutique\/miniature-rue-loges-pouilly-loire-tempera\/\" \/>\n<meta property=\"og:locale\" content=\"en_US\" \/>\n<meta property=\"og:type\" content=\"article\" \/>\n<meta property=\"og:title\" content=\"Miniature \u2013 Rue des Loges \u00e0 Pouilly-sur-Loire (5x5 cm, temp\u00e9ra sur toile, cadre dor\u00e9) - art-bijoux\" \/>\n<meta property=\"og:description\" content=\"Peinture miniature 5x5 cm repr\u00e9sentant une maison de la rue des Loges \u00e0 Pouilly-sur-Loire. Temp\u00e9ra sur toile, encadr\u00e9e en bois dor\u00e9. \u0152uvre unique.\" \/>\n<meta property=\"og:url\" content=\"https:\/\/art-bijoux.com\/en\/boutique\/miniature-rue-loges-pouilly-loire-tempera\/\" \/>\n<meta property=\"og:site_name\" content=\"art-bijoux\" \/>\n<meta property=\"article:modified_time\" content=\"2025-11-21T09:21:19+00:00\" \/>\n<meta property=\"og:image\" content=\"https:\/\/art-bijoux.com\/wp-content\/uploads\/2025\/07\/Les-Loges-Cadre.webp\" \/>\n\t<meta property=\"og:image:width\" content=\"800\" \/>\n\t<meta property=\"og:image:height\" content=\"800\" \/>\n\t<meta property=\"og:image:type\" content=\"image\/webp\" \/>\n<meta name=\"twitter:card\" content=\"summary_large_image\" \/>\n<meta name=\"twitter:label1\" content=\"Est. reading time\" \/>\n\t<meta name=\"twitter:data1\" content=\"2 minutes\" \/>\n<script type=\"application\/ld+json\" class=\"yoast-schema-graph\">{\"@context\":\"https:\\\/\\\/schema.org\",\"@graph\":[{\"@type\":\"WebPage\",\"@id\":\"https:\\\/\\\/art-bijoux.com\\\/en\\\/boutique\\\/miniature-rue-loges-pouilly-loire-tempera\\\/\",\"url\":\"https:\\\/\\\/art-bijoux.com\\\/en\\\/boutique\\\/miniature-rue-loges-pouilly-loire-tempera\\\/\",\"name\":\"Miniature \u2013 Rue des Loges \u00e0 Pouilly-sur-Loire (5x5 cm, temp\u00e9ra sur toile, cadre dor\u00e9) - art-bijoux\",\"isPartOf\":{\"@id\":\"https:\\\/\\\/art-bijoux.com\\\/en\\\/#website\"},\"primaryImageOfPage\":{\"@id\":\"https:\\\/\\\/art-bijoux.com\\\/en\\\/boutique\\\/miniature-rue-loges-pouilly-loire-tempera\\\/#primaryimage\"},\"image\":{\"@id\":\"https:\\\/\\\/art-bijoux.com\\\/en\\\/boutique\\\/miniature-rue-loges-pouilly-loire-tempera\\\/#primaryimage\"},\"thumbnailUrl\":\"https:\\\/\\\/art-bijoux.com\\\/wp-content\\\/uploads\\\/2025\\\/07\\\/Les-Loges-Cadre.webp\",\"datePublished\":\"2025-07-19T11:14:44+00:00\",\"dateModified\":\"2025-11-21T09:21:19+00:00\",\"description\":\"Peinture miniature 5x5 cm repr\u00e9sentant une maison de la rue des Loges \u00e0 Pouilly-sur-Loire. Temp\u00e9ra sur toile, encadr\u00e9e en bois dor\u00e9. \u0152uvre unique.\",\"breadcrumb\":{\"@id\":\"https:\\\/\\\/art-bijoux.com\\\/en\\\/boutique\\\/miniature-rue-loges-pouilly-loire-tempera\\\/#breadcrumb\"},\"inLanguage\":\"en-US\",\"potentialAction\":[{\"@type\":\"ReadAction\",\"target\":[\"https:\\\/\\\/art-bijoux.com\\\/en\\\/boutique\\\/miniature-rue-loges-pouilly-loire-tempera\\\/\"]}]},{\"@type\":\"ImageObject\",\"inLanguage\":\"en-US\",\"@id\":\"https:\\\/\\\/art-bijoux.com\\\/en\\\/boutique\\\/miniature-rue-loges-pouilly-loire-tempera\\\/#primaryimage\",\"url\":\"https:\\\/\\\/art-bijoux.com\\\/wp-content\\\/uploads\\\/2025\\\/07\\\/Les-Loges-Cadre.webp\",\"contentUrl\":\"https:\\\/\\\/art-bijoux.com\\\/wp-content\\\/uploads\\\/2025\\\/07\\\/Les-Loges-Cadre.webp\",\"width\":800,\"height\":800,\"caption\":\"Miniature \u2013 Rue des Loges \u00e0 Pouilly-sur-Loire (5x5 cm, temp\u00e9ra sur toile, cadre dor\u00e9)\"},{\"@type\":\"BreadcrumbList\",\"@id\":\"https:\\\/\\\/art-bijoux.com\\\/en\\\/boutique\\\/miniature-rue-loges-pouilly-loire-tempera\\\/#breadcrumb\",\"itemListElement\":[{\"@type\":\"ListItem\",\"position\":1,\"name\":\"Accueil\",\"item\":\"https:\\\/\\\/art-bijoux.com\\\/en\\\/home\\\/\"},{\"@type\":\"ListItem\",\"position\":2,\"name\":\"Shop\",\"item\":\"https:\\\/\\\/art-bijoux.com\\\/en\\\/shop\\\/\"},{\"@type\":\"ListItem\",\"position\":3,\"name\":\"Miniature \u2013 Rue des Loges \u00e0 Pouilly-sur-Loire (5&#215;5 cm, temp\u00e9ra sur toile, cadre dor\u00e9)\"}]},{\"@type\":\"WebSite\",\"@id\":\"https:\\\/\\\/art-bijoux.com\\\/en\\\/#website\",\"url\":\"https:\\\/\\\/art-bijoux.com\\\/en\\\/\",\"name\":\"art-bijoux\",\"description\":\"Osez porter \\\/ offrir un vitrail unique \u00e0 prix abordable\",\"publisher\":{\"@id\":\"https:\\\/\\\/art-bijoux.com\\\/en\\\/#organization\"},\"potentialAction\":[{\"@type\":\"SearchAction\",\"target\":{\"@type\":\"EntryPoint\",\"urlTemplate\":\"https:\\\/\\\/art-bijoux.com\\\/en\\\/?s={search_term_string}\"},\"query-input\":{\"@type\":\"PropertyValueSpecification\",\"valueRequired\":true,\"valueName\":\"search_term_string\"}}],\"inLanguage\":\"en-US\"},{\"@type\":\"Organization\",\"@id\":\"https:\\\/\\\/art-bijoux.com\\\/en\\\/#organization\",\"name\":\"art-bijoux\",\"url\":\"https:\\\/\\\/art-bijoux.com\\\/en\\\/\",\"logo\":{\"@type\":\"ImageObject\",\"inLanguage\":\"en-US\",\"@id\":\"https:\\\/\\\/art-bijoux.com\\\/en\\\/#\\\/schema\\\/logo\\\/image\\\/\",\"url\":\"https:\\\/\\\/art-bijoux.com\\\/wp-content\\\/uploads\\\/2024\\\/06\\\/Art-Bijoux-Logo-Small.png\",\"contentUrl\":\"https:\\\/\\\/art-bijoux.com\\\/wp-content\\\/uploads\\\/2024\\\/06\\\/Art-Bijoux-Logo-Small.png\",\"width\":722,\"height\":137,\"caption\":\"art-bijoux\"},\"image\":{\"@id\":\"https:\\\/\\\/art-bijoux.com\\\/en\\\/#\\\/schema\\\/logo\\\/image\\\/\"}}]}<\/script>\n<!-- \/ Yoast SEO plugin. -->","yoast_head_json":{"title":"Miniature \u2013 Rue des Loges \u00e0 Pouilly-sur-Loire (5x5 cm, temp\u00e9ra sur toile, cadre dor\u00e9) - art-bijoux","description":"Peinture miniature 5x5 cm repr\u00e9sentant une maison de la rue des Loges \u00e0 Pouilly-sur-Loire. Temp\u00e9ra sur toile, encadr\u00e9e en bois dor\u00e9. \u0152uvre unique.","robots":{"index":"index","follow":"follow","max-snippet":"max-snippet:-1","max-image-preview":"max-image-preview:large","max-video-preview":"max-video-preview:-1"},"canonical":"https:\/\/art-bijoux.com\/en\/boutique\/miniature-rue-loges-pouilly-loire-tempera\/","og_locale":"en_US","og_type":"article","og_title":"Miniature \u2013 Rue des Loges \u00e0 Pouilly-sur-Loire (5x5 cm, temp\u00e9ra sur toile, cadre dor\u00e9) - art-bijoux","og_description":"Peinture miniature 5x5 cm repr\u00e9sentant une maison de la rue des Loges \u00e0 Pouilly-sur-Loire. Temp\u00e9ra sur toile, encadr\u00e9e en bois dor\u00e9. \u0152uvre unique.","og_url":"https:\/\/art-bijoux.com\/en\/boutique\/miniature-rue-loges-pouilly-loire-tempera\/","og_site_name":"art-bijoux","article_modified_time":"2025-11-21T09:21:19+00:00","og_image":[{"width":800,"height":800,"url":"https:\/\/art-bijoux.com\/wp-content\/uploads\/2025\/07\/Les-Loges-Cadre.webp","type":"image\/webp"}],"twitter_card":"summary_large_image","twitter_misc":{"Est. reading time":"2 minutes"},"schema":{"@context":"https:\/\/schema.org","@graph":[{"@type":"WebPage","@id":"https:\/\/art-bijoux.com\/en\/boutique\/miniature-rue-loges-pouilly-loire-tempera\/","url":"https:\/\/art-bijoux.com\/en\/boutique\/miniature-rue-loges-pouilly-loire-tempera\/","name":"Miniature \u2013 Rue des Loges \u00e0 Pouilly-sur-Loire (5x5 cm, temp\u00e9ra sur toile, cadre dor\u00e9) - art-bijoux","isPartOf":{"@id":"https:\/\/art-bijoux.com\/en\/#website"},"primaryImageOfPage":{"@id":"https:\/\/art-bijoux.com\/en\/boutique\/miniature-rue-loges-pouilly-loire-tempera\/#primaryimage"},"image":{"@id":"https:\/\/art-bijoux.com\/en\/boutique\/miniature-rue-loges-pouilly-loire-tempera\/#primaryimage"},"thumbnailUrl":"https:\/\/art-bijoux.com\/wp-content\/uploads\/2025\/07\/Les-Loges-Cadre.webp","datePublished":"2025-07-19T11:14:44+00:00","dateModified":"2025-11-21T09:21:19+00:00","description":"Peinture miniature 5x5 cm repr\u00e9sentant une maison de la rue des Loges \u00e0 Pouilly-sur-Loire. Temp\u00e9ra sur toile, encadr\u00e9e en bois dor\u00e9. \u0152uvre unique.","breadcrumb":{"@id":"https:\/\/art-bijoux.com\/en\/boutique\/miniature-rue-loges-pouilly-loire-tempera\/#breadcrumb"},"inLanguage":"en-US","potentialAction":[{"@type":"ReadAction","target":["https:\/\/art-bijoux.com\/en\/boutique\/miniature-rue-loges-pouilly-loire-tempera\/"]}]},{"@type":"ImageObject","inLanguage":"en-US","@id":"https:\/\/art-bijoux.com\/en\/boutique\/miniature-rue-loges-pouilly-loire-tempera\/#primaryimage","url":"https:\/\/art-bijoux.com\/wp-content\/uploads\/2025\/07\/Les-Loges-Cadre.webp","contentUrl":"https:\/\/art-bijoux.com\/wp-content\/uploads\/2025\/07\/Les-Loges-Cadre.webp","width":800,"height":800,"caption":"Miniature \u2013 Rue des Loges \u00e0 Pouilly-sur-Loire (5x5 cm, temp\u00e9ra sur toile, cadre dor\u00e9)"},{"@type":"BreadcrumbList","@id":"https:\/\/art-bijoux.com\/en\/boutique\/miniature-rue-loges-pouilly-loire-tempera\/#breadcrumb","itemListElement":[{"@type":"ListItem","position":1,"name":"Accueil","item":"https:\/\/art-bijoux.com\/en\/home\/"},{"@type":"ListItem","position":2,"name":"Shop","item":"https:\/\/art-bijoux.com\/en\/shop\/"},{"@type":"ListItem","position":3,"name":"Miniature \u2013 Rue des Loges \u00e0 Pouilly-sur-Loire (5&#215;5 cm, temp\u00e9ra sur toile, cadre dor\u00e9)"}]},{"@type":"WebSite","@id":"https:\/\/art-bijoux.com\/en\/#website","url":"https:\/\/art-bijoux.com\/en\/","name":"art-bijoux","description":"Osez porter \/ offrir un vitrail unique \u00e0 prix abordable","publisher":{"@id":"https:\/\/art-bijoux.com\/en\/#organization"},"potentialAction":[{"@type":"SearchAction","target":{"@type":"EntryPoint","urlTemplate":"https:\/\/art-bijoux.com\/en\/?s={search_term_string}"},"query-input":{"@type":"PropertyValueSpecification","valueRequired":true,"valueName":"search_term_string"}}],"inLanguage":"en-US"},{"@type":"Organization","@id":"https:\/\/art-bijoux.com\/en\/#organization","name":"art-bijoux","url":"https:\/\/art-bijoux.com\/en\/","logo":{"@type":"ImageObject","inLanguage":"en-US","@id":"https:\/\/art-bijoux.com\/en\/#\/schema\/logo\/image\/","url":"https:\/\/art-bijoux.com\/wp-content\/uploads\/2024\/06\/Art-Bijoux-Logo-Small.png","contentUrl":"https:\/\/art-bijoux.com\/wp-content\/uploads\/2024\/06\/Art-Bijoux-Logo-Small.png","width":722,"height":137,"caption":"art-bijoux"},"image":{"@id":"https:\/\/art-bijoux.com\/en\/#\/schema\/logo\/image\/"}}]}},"_links":{"self":[{"href":"https:\/\/art-bijoux.com\/en\/wp-json\/wp\/v2\/product\/5522","targetHints":{"allow":["GET"]}}],"collection":[{"href":"https:\/\/art-bijoux.com\/en\/wp-json\/wp\/v2\/product"}],"about":[{"href":"https:\/\/art-bijoux.com\/en\/wp-json\/wp\/v2\/types\/product"}],"replies":[{"embeddable":true,"href":"https:\/\/art-bijoux.com\/en\/wp-json\/wp\/v2\/comments?post=5522"}],"version-history":[{"count":1,"href":"https:\/\/art-bijoux.com\/en\/wp-json\/wp\/v2\/product\/5522\/revisions"}],"predecessor-version":[{"id":5525,"href":"https:\/\/art-bijoux.com\/en\/wp-json\/wp\/v2\/product\/5522\/revisions\/5525"}],"wp:featuredmedia":[{"embeddable":true,"href":"https:\/\/art-bijoux.com\/en\/wp-json\/wp\/v2\/media\/5523"}],"wp:attachment":[{"href":"https:\/\/art-bijoux.com\/en\/wp-json\/wp\/v2\/media?parent=5522"}],"wp:term":[{"taxonomy":"product_brand","embeddable":true,"href":"https:\/\/art-bijoux.com\/en\/wp-json\/wp\/v2\/product_brand?post=5522"},{"taxonomy":"product_cat","embeddable":true,"href":"https:\/\/art-bijoux.com\/en\/wp-json\/wp\/v2\/product_cat?post=5522"},{"taxonomy":"product_tag","embeddable":true,"href":"https:\/\/art-bijoux.com\/en\/wp-json\/wp\/v2\/product_tag?post=5522"}],"curies":[{"name":"wp","href":"https:\/\/api.w.org\/{rel}","templated":true}]}}