{"id":5528,"date":"2025-07-19T13:21:45","date_gmt":"2025-07-19T11:21:45","guid":{"rendered":"https:\/\/art-bijoux.com\/?post_type=product&#038;p=5528"},"modified":"2025-11-21T10:13:48","modified_gmt":"2025-11-21T09:13:48","slug":"miniature-vierge-donzy-prieure-tempera","status":"publish","type":"product","link":"https:\/\/art-bijoux.com\/en\/boutique\/miniature-vierge-donzy-prieure-tempera\/","title":{"rendered":"Miniature \u2013 Vierge sculpt\u00e9e du prieur\u00e9 de Donzy-le-Pr\u00e9 (10&#215;10 cm, temp\u00e9ra sur toile)"},"content":{"rendered":"<div class=\"flex-shrink-0 flex flex-col relative items-end\">\n<div>\n<div class=\"pt-0\">\n<div class=\"gizmo-bot-avatar flex h-8 w-8 items-center justify-center overflow-hidden rounded-full\">\n<div class=\"relative p-1 rounded-sm flex items-center justify-center bg-token-main-surface-primary text-token-text-primary h-8 w-8\"><\/div>\n<div class=\"relative p-1 rounded-sm flex items-center justify-center bg-token-main-surface-primary text-token-text-primary h-8 w-8\">\n<ul data-start=\"1312\" data-end=\"1678\">\n<li style=\"list-style-type: none;\" data-start=\"1618\" data-end=\"1678\">\n<ul data-start=\"1241\" data-end=\"1644\">\n<li data-start=\"1571\" data-end=\"1644\">\n<p><figure id=\"attachment_5529\" aria-describedby=\"caption-attachment-5529\" style=\"width: 300px\" class=\"wp-caption alignleft\"><img fetchpriority=\"high\" decoding=\"async\" class=\"size-medium wp-image-5529\" src=\"https:\/\/art-bijoux.com\/wp-content\/uploads\/2025\/07\/Frontispice-Donzy-le-pre-300x297.webp\" alt=\"Miniature \u2013 Vierge sculpt\u00e9e du prieur\u00e9 de Donzy-le-Pr\u00e9 (10x10 cm, temp\u00e9ra sur toile, cadre dor\u00e9)\" width=\"300\" height=\"297\" srcset=\"https:\/\/art-bijoux.com\/wp-content\/uploads\/2025\/07\/Frontispice-Donzy-le-pre-300x297.webp 300w, https:\/\/art-bijoux.com\/wp-content\/uploads\/2025\/07\/Frontispice-Donzy-le-pre-150x150.webp 150w, https:\/\/art-bijoux.com\/wp-content\/uploads\/2025\/07\/Frontispice-Donzy-le-pre-768x761.webp 768w, https:\/\/art-bijoux.com\/wp-content\/uploads\/2025\/07\/Frontispice-Donzy-le-pre-600x595.webp 600w, https:\/\/art-bijoux.com\/wp-content\/uploads\/2025\/07\/Frontispice-Donzy-le-pre-100x100.webp 100w, https:\/\/art-bijoux.com\/wp-content\/uploads\/2025\/07\/Frontispice-Donzy-le-pre.webp 800w\" sizes=\"(max-width: 300px) 100vw, 300px\" \/><figcaption id=\"caption-attachment-5529\" class=\"wp-caption-text\">Miniature \u2013 Vierge sculpt\u00e9e du prieur\u00e9 de Donzy-le-Pr\u00e9 (10&#215;10 cm, temp\u00e9ra sur toile, cadre dor\u00e9)<\/figcaption><\/figure><\/li>\n<\/ul>\n<\/li>\n<\/ul>\n<\/div>\n<\/div>\n<\/div>\n<\/div>\n<\/div>\n<div class=\"group\/conversation-turn relative flex w-full min-w-0 flex-col agent-turn\">\n<div class=\"flex-col gap-1 md:gap-3\">\n<div class=\"flex max-w-full flex-col flex-grow\">\n<div class=\"min-h-[20px] text-message flex w-full flex-col items-end gap-2 whitespace-pre-wrap break-words [.text-message+&amp;]:mt-5 overflow-x-auto\" dir=\"auto\" data-message-author-role=\"assistant\" data-message-id=\"1b491d49-4f3d-4f50-b1b5-2c2cebcf0b64\">\n<div class=\"flex w-full flex-col gap-1 empty:hidden first:pt-[3px]\">\n<div class=\"markdown prose w-full break-words dark:prose-invert light\">\n<p data-start=\"542\" data-end=\"847\">Cette miniature rend hommage \u00e0 une <strong data-start=\"577\" data-end=\"625\">figure embl\u00e9matique de l\u2019art roman nivernais<\/strong> : la <strong data-start=\"631\" data-end=\"696\">Vierge sculpt\u00e9e sur le frontispice du Prieur\u00e9 de Donzy-le-Pr\u00e9<\/strong>. Peinte \u00e0 la <strong data-start=\"710\" data-end=\"731\">temp\u00e9ra sur toile<\/strong> dans un format de <strong data-start=\"750\" data-end=\"762\">10&#215;10 cm<\/strong>, elle restitue en peinture la force et la s\u00e9r\u00e9nit\u00e9 du relief sculpt\u00e9 dans la pierre.<\/p>\n<p data-start=\"849\" data-end=\"1170\">Le traitement pictural \u00e9voque la <strong data-start=\"882\" data-end=\"902\">mati\u00e8re min\u00e9rale<\/strong> tout en redonnant \u00e0 la figure une <strong data-start=\"937\" data-end=\"968\">pr\u00e9sence lumineuse et douce<\/strong>. Le visage, les drap\u00e9s et les proportions sont traduits avec minutie, dans une palette de <strong data-start=\"1059\" data-end=\"1102\">tons pierre, beige, ivoire et gris bleu<\/strong>, qui respecte l\u2019esprit roman tout en le r\u00e9interpr\u00e9tant en peinture.<\/p>\n<p data-start=\"1172\" data-end=\"1387\">Mont\u00e9e sur <strong data-start=\"1183\" data-end=\"1199\">ch\u00e2ssis bois<\/strong>, l\u2019\u0153uvre est <strong data-start=\"1213\" data-end=\"1236\">encadr\u00e9e sur mesure<\/strong> dans un <strong data-start=\"1245\" data-end=\"1272\">cadre en bois dor\u00e9 cir\u00e9<\/strong>, lui apportant chaleur et sacralit\u00e9. Une pi\u00e8ce unique qui dialogue entre architecture religieuse et art miniature.<\/p>\n<hr data-start=\"1389\" data-end=\"1392\" \/>\n<h3 data-start=\"1394\" data-end=\"1434\">\ud83d\udcd0 <strong data-start=\"1401\" data-end=\"1432\">Caract\u00e9ristiques techniques<\/strong><\/h3>\n<ul data-start=\"1435\" data-end=\"1829\">\n<li data-start=\"1435\" data-end=\"1484\">\n<p data-start=\"1437\" data-end=\"1484\"><strong data-start=\"1437\" data-end=\"1446\">Titre<\/strong> : Vierge du prieur\u00e9 de Donzy-le-Pr\u00e9<\/p>\n<\/li>\n<li data-start=\"1485\" data-end=\"1530\">\n<p data-start=\"1487\" data-end=\"1530\"><strong data-start=\"1487\" data-end=\"1500\">Technique<\/strong> : Temp\u00e9ra \u00e0 l\u2019\u0153uf sur toile<\/p>\n<\/li>\n<li data-start=\"1531\" data-end=\"1578\">\n<p data-start=\"1533\" data-end=\"1578\"><strong data-start=\"1533\" data-end=\"1544\">Support<\/strong> : Toile mont\u00e9e sur ch\u00e2ssis bois<\/p>\n<\/li>\n<li data-start=\"1579\" data-end=\"1610\">\n<p data-start=\"1581\" data-end=\"1610\"><strong data-start=\"1581\" data-end=\"1595\">Dimensions<\/strong> : 10 x 10 cm<\/p>\n<\/li>\n<li data-start=\"1611\" data-end=\"1664\">\n<p data-start=\"1613\" data-end=\"1664\"><strong data-start=\"1613\" data-end=\"1628\">Encadrement<\/strong> : Imitation bois<\/p>\n<\/li>\n<li data-start=\"1665\" data-end=\"1720\">\n<p data-start=\"1667\" data-end=\"1720\"><strong data-start=\"1667\" data-end=\"1678\">Palette<\/strong> : Tons pierre, ivoire, bleu gris, beige<\/p>\n<\/li>\n<li data-start=\"1721\" data-end=\"1764\">\n<p data-start=\"1723\" data-end=\"1764\"><strong data-start=\"1723\" data-end=\"1742\">\u0152uvre originale<\/strong> : Oui, pi\u00e8ce unique<\/p>\n<\/li>\n<li data-start=\"1765\" data-end=\"1829\">\n<p data-start=\"1767\" data-end=\"1829\"><strong data-start=\"1767\" data-end=\"1786\">Lieu repr\u00e9sent\u00e9<\/strong> : Prieur\u00e9 de Donzy-le-Pr\u00e9, Ni\u00e8vre (France)<\/p>\n<\/li>\n<\/ul>\n<p>Ce mini tableau est une v\u00e9ritable \u0153uvre d&#8217;art, \u00e0 la fois par sa technique ancienne et par son ex\u00e9cution impeccable. Parfait pour les collectionneurs et les amateurs d&#8217;art, il offre une fen\u00eatre sur l&#8217;univers de la Loire, paisiblement et magnifiquement rendu.<\/p>\n<\/div>\n<\/div>\n<\/div>\n<\/div>\n<\/div>\n<\/div>\n","protected":false},"excerpt":{"rendered":"<p>Peinture miniature 5&#215;5 cm repr\u00e9sentant une maison de la rue des Loges \u00e0 Pouilly-sur-Loire. Temp\u00e9ra sur toile, encadr\u00e9e en bois dor\u00e9. \u0152uvre unique et lumineuse.<\/p>\n","protected":false},"featured_media":5529,"comment_status":"open","ping_status":"closed","template":"","meta":[],"product_brand":[],"product_cat":[174,220,24],"product_tag":[222,223,221],"class_list":{"0":"post-5528","1":"product","2":"type-product","3":"status-publish","4":"has-post-thumbnail","6":"product_cat-tableau-miniature","7":"product_cat-tempera","8":"product_cat-diversite-oeuvres-art","9":"product_tag-miniature","10":"product_tag-paysage-rural","11":"product_tag-tableau","12":"pa_tableau-miniature","14":"first","15":"instock","16":"sale","17":"purchasable","18":"product-type-simple"},"yoast_head":"<!-- This site is optimized with the Yoast SEO plugin v27.4 - https:\/\/yoast.com\/product\/yoast-seo-wordpress\/ -->\n<title>Miniature \u2013 Vierge sculpt\u00e9e du prieur\u00e9 de Donzy-le-Pr\u00e9 (10x10 cm, temp\u00e9ra sur toile) - art-bijoux<\/title>\n<meta name=\"description\" content=\"\u0152uvre unique.Tableau 10x10 cm peint \u00e0 la temp\u00e9ra, repr\u00e9sentant la Vierge du frontispice roman du prieur\u00e9 de Donzy-le-Pr\u00e9. Encadrement imitation bois, pi\u00e8ce unique.\" \/>\n<meta name=\"robots\" content=\"index, follow, max-snippet:-1, max-image-preview:large, max-video-preview:-1\" \/>\n<link rel=\"canonical\" href=\"https:\/\/art-bijoux.com\/en\/boutique\/miniature-vierge-donzy-prieure-tempera\/\" \/>\n<meta property=\"og:locale\" content=\"en_US\" \/>\n<meta property=\"og:type\" content=\"article\" \/>\n<meta property=\"og:title\" content=\"Miniature \u2013 Vierge sculpt\u00e9e du prieur\u00e9 de Donzy-le-Pr\u00e9 (10x10 cm, temp\u00e9ra sur toile) - art-bijoux\" \/>\n<meta property=\"og:description\" content=\"\u0152uvre unique.Tableau 10x10 cm peint \u00e0 la temp\u00e9ra, repr\u00e9sentant la Vierge du frontispice roman du prieur\u00e9 de Donzy-le-Pr\u00e9. Encadrement imitation bois, pi\u00e8ce unique.\" \/>\n<meta property=\"og:url\" content=\"https:\/\/art-bijoux.com\/en\/boutique\/miniature-vierge-donzy-prieure-tempera\/\" \/>\n<meta property=\"og:site_name\" content=\"art-bijoux\" \/>\n<meta property=\"article:modified_time\" content=\"2025-11-21T09:13:48+00:00\" \/>\n<meta property=\"og:image\" content=\"https:\/\/art-bijoux.com\/wp-content\/uploads\/2025\/07\/Frontispice-Donzy-le-pre.webp\" \/>\n\t<meta property=\"og:image:width\" content=\"800\" \/>\n\t<meta property=\"og:image:height\" content=\"793\" \/>\n\t<meta property=\"og:image:type\" content=\"image\/webp\" \/>\n<meta name=\"twitter:card\" content=\"summary_large_image\" \/>\n<meta name=\"twitter:label1\" content=\"Est. reading time\" \/>\n\t<meta name=\"twitter:data1\" content=\"2 minutes\" \/>\n<script type=\"application\/ld+json\" class=\"yoast-schema-graph\">{\"@context\":\"https:\\\/\\\/schema.org\",\"@graph\":[{\"@type\":\"WebPage\",\"@id\":\"https:\\\/\\\/art-bijoux.com\\\/en\\\/boutique\\\/miniature-vierge-donzy-prieure-tempera\\\/\",\"url\":\"https:\\\/\\\/art-bijoux.com\\\/en\\\/boutique\\\/miniature-vierge-donzy-prieure-tempera\\\/\",\"name\":\"Miniature \u2013 Vierge sculpt\u00e9e du prieur\u00e9 de Donzy-le-Pr\u00e9 (10x10 cm, temp\u00e9ra sur toile) - art-bijoux\",\"isPartOf\":{\"@id\":\"https:\\\/\\\/art-bijoux.com\\\/en\\\/#website\"},\"primaryImageOfPage\":{\"@id\":\"https:\\\/\\\/art-bijoux.com\\\/en\\\/boutique\\\/miniature-vierge-donzy-prieure-tempera\\\/#primaryimage\"},\"image\":{\"@id\":\"https:\\\/\\\/art-bijoux.com\\\/en\\\/boutique\\\/miniature-vierge-donzy-prieure-tempera\\\/#primaryimage\"},\"thumbnailUrl\":\"https:\\\/\\\/art-bijoux.com\\\/wp-content\\\/uploads\\\/2025\\\/07\\\/Frontispice-Donzy-le-pre.webp\",\"datePublished\":\"2025-07-19T11:21:45+00:00\",\"dateModified\":\"2025-11-21T09:13:48+00:00\",\"description\":\"\u0152uvre unique.Tableau 10x10 cm peint \u00e0 la temp\u00e9ra, repr\u00e9sentant la Vierge du frontispice roman du prieur\u00e9 de Donzy-le-Pr\u00e9. Encadrement imitation bois, pi\u00e8ce unique.\",\"breadcrumb\":{\"@id\":\"https:\\\/\\\/art-bijoux.com\\\/en\\\/boutique\\\/miniature-vierge-donzy-prieure-tempera\\\/#breadcrumb\"},\"inLanguage\":\"en-US\",\"potentialAction\":[{\"@type\":\"ReadAction\",\"target\":[\"https:\\\/\\\/art-bijoux.com\\\/en\\\/boutique\\\/miniature-vierge-donzy-prieure-tempera\\\/\"]}]},{\"@type\":\"ImageObject\",\"inLanguage\":\"en-US\",\"@id\":\"https:\\\/\\\/art-bijoux.com\\\/en\\\/boutique\\\/miniature-vierge-donzy-prieure-tempera\\\/#primaryimage\",\"url\":\"https:\\\/\\\/art-bijoux.com\\\/wp-content\\\/uploads\\\/2025\\\/07\\\/Frontispice-Donzy-le-pre.webp\",\"contentUrl\":\"https:\\\/\\\/art-bijoux.com\\\/wp-content\\\/uploads\\\/2025\\\/07\\\/Frontispice-Donzy-le-pre.webp\",\"width\":800,\"height\":793,\"caption\":\"Miniature \u2013 Vierge sculpt\u00e9e du prieur\u00e9 de Donzy-le-Pr\u00e9 (10x10 cm, temp\u00e9ra sur toile, cadre dor\u00e9)\"},{\"@type\":\"BreadcrumbList\",\"@id\":\"https:\\\/\\\/art-bijoux.com\\\/en\\\/boutique\\\/miniature-vierge-donzy-prieure-tempera\\\/#breadcrumb\",\"itemListElement\":[{\"@type\":\"ListItem\",\"position\":1,\"name\":\"Accueil\",\"item\":\"https:\\\/\\\/art-bijoux.com\\\/en\\\/home\\\/\"},{\"@type\":\"ListItem\",\"position\":2,\"name\":\"Shop\",\"item\":\"https:\\\/\\\/art-bijoux.com\\\/en\\\/shop\\\/\"},{\"@type\":\"ListItem\",\"position\":3,\"name\":\"Miniature \u2013 Vierge sculpt\u00e9e du prieur\u00e9 de Donzy-le-Pr\u00e9 (10&#215;10 cm, temp\u00e9ra sur toile)\"}]},{\"@type\":\"WebSite\",\"@id\":\"https:\\\/\\\/art-bijoux.com\\\/en\\\/#website\",\"url\":\"https:\\\/\\\/art-bijoux.com\\\/en\\\/\",\"name\":\"art-bijoux\",\"description\":\"Osez porter \\\/ offrir un vitrail unique \u00e0 prix abordable\",\"publisher\":{\"@id\":\"https:\\\/\\\/art-bijoux.com\\\/en\\\/#organization\"},\"potentialAction\":[{\"@type\":\"SearchAction\",\"target\":{\"@type\":\"EntryPoint\",\"urlTemplate\":\"https:\\\/\\\/art-bijoux.com\\\/en\\\/?s={search_term_string}\"},\"query-input\":{\"@type\":\"PropertyValueSpecification\",\"valueRequired\":true,\"valueName\":\"search_term_string\"}}],\"inLanguage\":\"en-US\"},{\"@type\":\"Organization\",\"@id\":\"https:\\\/\\\/art-bijoux.com\\\/en\\\/#organization\",\"name\":\"art-bijoux\",\"url\":\"https:\\\/\\\/art-bijoux.com\\\/en\\\/\",\"logo\":{\"@type\":\"ImageObject\",\"inLanguage\":\"en-US\",\"@id\":\"https:\\\/\\\/art-bijoux.com\\\/en\\\/#\\\/schema\\\/logo\\\/image\\\/\",\"url\":\"https:\\\/\\\/art-bijoux.com\\\/wp-content\\\/uploads\\\/2024\\\/06\\\/Art-Bijoux-Logo-Small.png\",\"contentUrl\":\"https:\\\/\\\/art-bijoux.com\\\/wp-content\\\/uploads\\\/2024\\\/06\\\/Art-Bijoux-Logo-Small.png\",\"width\":722,\"height\":137,\"caption\":\"art-bijoux\"},\"image\":{\"@id\":\"https:\\\/\\\/art-bijoux.com\\\/en\\\/#\\\/schema\\\/logo\\\/image\\\/\"}}]}<\/script>\n<!-- \/ Yoast SEO plugin. -->","yoast_head_json":{"title":"Miniature \u2013 Vierge sculpt\u00e9e du prieur\u00e9 de Donzy-le-Pr\u00e9 (10x10 cm, temp\u00e9ra sur toile) - art-bijoux","description":"\u0152uvre unique.Tableau 10x10 cm peint \u00e0 la temp\u00e9ra, repr\u00e9sentant la Vierge du frontispice roman du prieur\u00e9 de Donzy-le-Pr\u00e9. Encadrement imitation bois, pi\u00e8ce unique.","robots":{"index":"index","follow":"follow","max-snippet":"max-snippet:-1","max-image-preview":"max-image-preview:large","max-video-preview":"max-video-preview:-1"},"canonical":"https:\/\/art-bijoux.com\/en\/boutique\/miniature-vierge-donzy-prieure-tempera\/","og_locale":"en_US","og_type":"article","og_title":"Miniature \u2013 Vierge sculpt\u00e9e du prieur\u00e9 de Donzy-le-Pr\u00e9 (10x10 cm, temp\u00e9ra sur toile) - art-bijoux","og_description":"\u0152uvre unique.Tableau 10x10 cm peint \u00e0 la temp\u00e9ra, repr\u00e9sentant la Vierge du frontispice roman du prieur\u00e9 de Donzy-le-Pr\u00e9. Encadrement imitation bois, pi\u00e8ce unique.","og_url":"https:\/\/art-bijoux.com\/en\/boutique\/miniature-vierge-donzy-prieure-tempera\/","og_site_name":"art-bijoux","article_modified_time":"2025-11-21T09:13:48+00:00","og_image":[{"width":800,"height":793,"url":"https:\/\/art-bijoux.com\/wp-content\/uploads\/2025\/07\/Frontispice-Donzy-le-pre.webp","type":"image\/webp"}],"twitter_card":"summary_large_image","twitter_misc":{"Est. reading time":"2 minutes"},"schema":{"@context":"https:\/\/schema.org","@graph":[{"@type":"WebPage","@id":"https:\/\/art-bijoux.com\/en\/boutique\/miniature-vierge-donzy-prieure-tempera\/","url":"https:\/\/art-bijoux.com\/en\/boutique\/miniature-vierge-donzy-prieure-tempera\/","name":"Miniature \u2013 Vierge sculpt\u00e9e du prieur\u00e9 de Donzy-le-Pr\u00e9 (10x10 cm, temp\u00e9ra sur toile) - art-bijoux","isPartOf":{"@id":"https:\/\/art-bijoux.com\/en\/#website"},"primaryImageOfPage":{"@id":"https:\/\/art-bijoux.com\/en\/boutique\/miniature-vierge-donzy-prieure-tempera\/#primaryimage"},"image":{"@id":"https:\/\/art-bijoux.com\/en\/boutique\/miniature-vierge-donzy-prieure-tempera\/#primaryimage"},"thumbnailUrl":"https:\/\/art-bijoux.com\/wp-content\/uploads\/2025\/07\/Frontispice-Donzy-le-pre.webp","datePublished":"2025-07-19T11:21:45+00:00","dateModified":"2025-11-21T09:13:48+00:00","description":"\u0152uvre unique.Tableau 10x10 cm peint \u00e0 la temp\u00e9ra, repr\u00e9sentant la Vierge du frontispice roman du prieur\u00e9 de Donzy-le-Pr\u00e9. Encadrement imitation bois, pi\u00e8ce unique.","breadcrumb":{"@id":"https:\/\/art-bijoux.com\/en\/boutique\/miniature-vierge-donzy-prieure-tempera\/#breadcrumb"},"inLanguage":"en-US","potentialAction":[{"@type":"ReadAction","target":["https:\/\/art-bijoux.com\/en\/boutique\/miniature-vierge-donzy-prieure-tempera\/"]}]},{"@type":"ImageObject","inLanguage":"en-US","@id":"https:\/\/art-bijoux.com\/en\/boutique\/miniature-vierge-donzy-prieure-tempera\/#primaryimage","url":"https:\/\/art-bijoux.com\/wp-content\/uploads\/2025\/07\/Frontispice-Donzy-le-pre.webp","contentUrl":"https:\/\/art-bijoux.com\/wp-content\/uploads\/2025\/07\/Frontispice-Donzy-le-pre.webp","width":800,"height":793,"caption":"Miniature \u2013 Vierge sculpt\u00e9e du prieur\u00e9 de Donzy-le-Pr\u00e9 (10x10 cm, temp\u00e9ra sur toile, cadre dor\u00e9)"},{"@type":"BreadcrumbList","@id":"https:\/\/art-bijoux.com\/en\/boutique\/miniature-vierge-donzy-prieure-tempera\/#breadcrumb","itemListElement":[{"@type":"ListItem","position":1,"name":"Accueil","item":"https:\/\/art-bijoux.com\/en\/home\/"},{"@type":"ListItem","position":2,"name":"Shop","item":"https:\/\/art-bijoux.com\/en\/shop\/"},{"@type":"ListItem","position":3,"name":"Miniature \u2013 Vierge sculpt\u00e9e du prieur\u00e9 de Donzy-le-Pr\u00e9 (10&#215;10 cm, temp\u00e9ra sur toile)"}]},{"@type":"WebSite","@id":"https:\/\/art-bijoux.com\/en\/#website","url":"https:\/\/art-bijoux.com\/en\/","name":"art-bijoux","description":"Osez porter \/ offrir un vitrail unique \u00e0 prix abordable","publisher":{"@id":"https:\/\/art-bijoux.com\/en\/#organization"},"potentialAction":[{"@type":"SearchAction","target":{"@type":"EntryPoint","urlTemplate":"https:\/\/art-bijoux.com\/en\/?s={search_term_string}"},"query-input":{"@type":"PropertyValueSpecification","valueRequired":true,"valueName":"search_term_string"}}],"inLanguage":"en-US"},{"@type":"Organization","@id":"https:\/\/art-bijoux.com\/en\/#organization","name":"art-bijoux","url":"https:\/\/art-bijoux.com\/en\/","logo":{"@type":"ImageObject","inLanguage":"en-US","@id":"https:\/\/art-bijoux.com\/en\/#\/schema\/logo\/image\/","url":"https:\/\/art-bijoux.com\/wp-content\/uploads\/2024\/06\/Art-Bijoux-Logo-Small.png","contentUrl":"https:\/\/art-bijoux.com\/wp-content\/uploads\/2024\/06\/Art-Bijoux-Logo-Small.png","width":722,"height":137,"caption":"art-bijoux"},"image":{"@id":"https:\/\/art-bijoux.com\/en\/#\/schema\/logo\/image\/"}}]}},"_links":{"self":[{"href":"https:\/\/art-bijoux.com\/en\/wp-json\/wp\/v2\/product\/5528","targetHints":{"allow":["GET"]}}],"collection":[{"href":"https:\/\/art-bijoux.com\/en\/wp-json\/wp\/v2\/product"}],"about":[{"href":"https:\/\/art-bijoux.com\/en\/wp-json\/wp\/v2\/types\/product"}],"replies":[{"embeddable":true,"href":"https:\/\/art-bijoux.com\/en\/wp-json\/wp\/v2\/comments?post=5528"}],"version-history":[{"count":2,"href":"https:\/\/art-bijoux.com\/en\/wp-json\/wp\/v2\/product\/5528\/revisions"}],"predecessor-version":[{"id":5532,"href":"https:\/\/art-bijoux.com\/en\/wp-json\/wp\/v2\/product\/5528\/revisions\/5532"}],"wp:featuredmedia":[{"embeddable":true,"href":"https:\/\/art-bijoux.com\/en\/wp-json\/wp\/v2\/media\/5529"}],"wp:attachment":[{"href":"https:\/\/art-bijoux.com\/en\/wp-json\/wp\/v2\/media?parent=5528"}],"wp:term":[{"taxonomy":"product_brand","embeddable":true,"href":"https:\/\/art-bijoux.com\/en\/wp-json\/wp\/v2\/product_brand?post=5528"},{"taxonomy":"product_cat","embeddable":true,"href":"https:\/\/art-bijoux.com\/en\/wp-json\/wp\/v2\/product_cat?post=5528"},{"taxonomy":"product_tag","embeddable":true,"href":"https:\/\/art-bijoux.com\/en\/wp-json\/wp\/v2\/product_tag?post=5528"}],"curies":[{"name":"wp","href":"https:\/\/api.w.org\/{rel}","templated":true}]}}