{"id":5558,"date":"2025-08-06T13:12:20","date_gmt":"2025-08-06T11:12:20","guid":{"rendered":"https:\/\/art-bijoux.com\/?post_type=product&#038;p=5558"},"modified":"2025-08-06T13:12:20","modified_gmt":"2025-08-06T11:12:20","slug":"parure-tulipe-broche-collier","status":"publish","type":"product","link":"https:\/\/art-bijoux.com\/en\/boutique\/parure-tulipe-broche-collier\/","title":{"rendered":"Parure tulipe \u2013 broche et collier en verre recycl\u00e9 | Tulip jewelry set \u2013 brooch and necklace"},"content":{"rendered":"<figure id=\"attachment_5559\" aria-describedby=\"caption-attachment-5559\" style=\"width: 169px\" class=\"wp-caption alignleft\"><img fetchpriority=\"high\" decoding=\"async\" class=\"size-medium wp-image-5559\" src=\"https:\/\/art-bijoux.com\/wp-content\/uploads\/2025\/08\/Parure-tulipe-portee-169x300.jpg\" alt=\"Parure tulipe port\u00e9e\" width=\"169\" height=\"300\" srcset=\"https:\/\/art-bijoux.com\/wp-content\/uploads\/2025\/08\/Parure-tulipe-portee-169x300.jpg 169w, https:\/\/art-bijoux.com\/wp-content\/uploads\/2025\/08\/Parure-tulipe-portee-576x1024.jpg 576w, https:\/\/art-bijoux.com\/wp-content\/uploads\/2025\/08\/Parure-tulipe-portee-768x1365.jpg 768w, https:\/\/art-bijoux.com\/wp-content\/uploads\/2025\/08\/Parure-tulipe-portee-864x1536.jpg 864w, https:\/\/art-bijoux.com\/wp-content\/uploads\/2025\/08\/Parure-tulipe-portee-600x1067.jpg 600w, https:\/\/art-bijoux.com\/wp-content\/uploads\/2025\/08\/Parure-tulipe-portee.jpg 1080w\" sizes=\"(max-width: 169px) 100vw, 169px\" \/><figcaption id=\"caption-attachment-5559\" class=\"wp-caption-text\">Parure tulipe port\u00e9e<\/figcaption><\/figure>\n<p data-start=\"2106\" data-end=\"2705\">Cette parure unique associe une broche et un collier r\u00e9alis\u00e9s \u00e0 partir de 15 pi\u00e8ces de verre opaque nuanc\u00e9 (rose, vert, bleu), d\u00e9coup\u00e9es \u00e0 l\u2019origine pour un projet d\u2019abat-jour aux motifs de tulipes stylis\u00e9es.<br data-start=\"2358\" data-end=\"2361\" \/>\u2013 La <strong data-start=\"2366\" data-end=\"2376\">broche<\/strong> est compos\u00e9e de 7 pi\u00e8ces de verre, mont\u00e9e en Tiffany, soud\u00e9e \u00e0 l\u2019\u00e9tain, patin\u00e9e, avec une \u00e9pingle discr\u00e8tement soud\u00e9e au dos.<br data-start=\"2502\" data-end=\"2505\" \/>\u2013 Le <strong data-start=\"2510\" data-end=\"2521\">collier<\/strong>, plus imposant, comprend 8 pi\u00e8ces, deux anneaux m\u00e9talliques argent\u00e9s en haut, et une cha\u00eene sans tungst\u00e8ne.<br data-start=\"2629\" data-end=\"2632\" \/>Un duo floral et \u00e9thique, parfait pour un cadeau romantique et artisanal.<\/p>\n<p data-start=\"2707\" data-end=\"3226\"><strong data-start=\"2707\" data-end=\"2715\">EN :<\/strong><br data-start=\"2715\" data-end=\"2718\" \/>This unique jewelry set features a brooch and necklace made from 15 pieces of nuanced opaque glass (pink, green, blue), initially cut for a stylized tulip lampshade project.<br data-start=\"2891\" data-end=\"2894\" \/>\u2013 The <strong data-start=\"2900\" data-end=\"2910\">brooch<\/strong> includes 7 pieces, mounted in the Tiffany method with a patinated copper finish and a discreetly soldered pin at the back.<br data-start=\"3033\" data-end=\"3036\" \/>\u2013 The <strong data-start=\"3042\" data-end=\"3054\">necklace<\/strong> is more imposing, made with 8 pieces, two silver-toned rings at the top, and a tungsten-free chain.<br data-start=\"3154\" data-end=\"3157\" \/>A poetic and sustainable duo \u2013 perfect for a romantic, handmade gift.<\/p>\n<p data-start=\"3228\" data-end=\"3351\"><strong data-start=\"3228\" data-end=\"3244\">Dimensions :<\/strong><br data-start=\"3244\" data-end=\"3247\" \/>\u2022 Broche : 4,5 cm hauteur x 4 cm largeur<br data-start=\"3287\" data-end=\"3290\" \/>\u2022 Collier : 12,3 cm hauteur x 7 cm largeur<br data-start=\"3332\" data-end=\"3335\" \/>\u2022 Cha\u00eene incluse<\/p>\n<p data-start=\"3353\" data-end=\"3427\"><strong data-start=\"3353\" data-end=\"3368\">Mat\u00e9riaux :<\/strong> verre opaque recycl\u00e9, \u00e9tain, cuivre, cha\u00eene sans tungst\u00e8ne<\/p>\n","protected":false},"excerpt":{"rendered":"<p>Parure tulipe artisanale en verre recycl\u00e9 : broche + collier assortis mont\u00e9s en Tiffany. | Tulip jewelry set: matching handmade brooch and necklace.<\/p>\n","protected":false},"featured_media":5559,"comment_status":"open","ping_status":"closed","template":"","meta":[],"product_brand":[],"product_cat":[39,86],"product_tag":[37,38,26,27],"class_list":{"0":"post-5558","1":"product","2":"type-product","3":"status-publish","4":"has-post-thumbnail","6":"product_cat-broche-tiffany","7":"product_cat-collier-tiffany","8":"product_tag-broche-verre-soie","9":"product_tag-fleur-soie-metal","10":"product_tag-pendentif-verre","11":"product_tag-tiffany-verre","12":"pa_bijou-broche","14":"first","15":"instock","16":"purchasable","17":"product-type-simple"},"_links":{"self":[{"href":"https:\/\/art-bijoux.com\/en\/wp-json\/wp\/v2\/product\/5558","targetHints":{"allow":["GET"]}}],"collection":[{"href":"https:\/\/art-bijoux.com\/en\/wp-json\/wp\/v2\/product"}],"about":[{"href":"https:\/\/art-bijoux.com\/en\/wp-json\/wp\/v2\/types\/product"}],"replies":[{"embeddable":true,"href":"https:\/\/art-bijoux.com\/en\/wp-json\/wp\/v2\/comments?post=5558"}],"version-history":[{"count":1,"href":"https:\/\/art-bijoux.com\/en\/wp-json\/wp\/v2\/product\/5558\/revisions"}],"predecessor-version":[{"id":5565,"href":"https:\/\/art-bijoux.com\/en\/wp-json\/wp\/v2\/product\/5558\/revisions\/5565"}],"wp:featuredmedia":[{"embeddable":true,"href":"https:\/\/art-bijoux.com\/en\/wp-json\/wp\/v2\/media\/5559"}],"wp:attachment":[{"href":"https:\/\/art-bijoux.com\/en\/wp-json\/wp\/v2\/media?parent=5558"}],"wp:term":[{"taxonomy":"product_brand","embeddable":true,"href":"https:\/\/art-bijoux.com\/en\/wp-json\/wp\/v2\/product_brand?post=5558"},{"taxonomy":"product_cat","embeddable":true,"href":"https:\/\/art-bijoux.com\/en\/wp-json\/wp\/v2\/product_cat?post=5558"},{"taxonomy":"product_tag","embeddable":true,"href":"https:\/\/art-bijoux.com\/en\/wp-json\/wp\/v2\/product_tag?post=5558"}],"curies":[{"name":"wp","href":"https:\/\/api.w.org\/{rel}","templated":true}]}}