{"id":5617,"date":"2025-08-13T11:35:44","date_gmt":"2025-08-13T09:35:44","guid":{"rendered":"https:\/\/art-bijoux.com\/?post_type=product&#038;p=5617"},"modified":"2025-08-13T12:05:02","modified_gmt":"2025-08-13T10:05:02","slug":"pendentif-paix-radieuse","status":"publish","type":"product","link":"https:\/\/art-bijoux.com\/en\/boutique\/pendentif-paix-radieuse\/","title":{"rendered":"Pendentif \u00ab Paix Radieuse \u00bb"},"content":{"rendered":"<figure id=\"attachment_5618\" aria-describedby=\"caption-attachment-5618\" style=\"width: 169px\" class=\"wp-caption alignleft\"><img fetchpriority=\"high\" decoding=\"async\" class=\"size-medium wp-image-5618\" src=\"https:\/\/art-bijoux.com\/wp-content\/uploads\/2025\/08\/Pendentif-Paix-radieuse-169x300.jpg\" alt=\"Pendentif Paix radieuse\" width=\"169\" height=\"300\" srcset=\"https:\/\/art-bijoux.com\/wp-content\/uploads\/2025\/08\/Pendentif-Paix-radieuse-169x300.jpg 169w, https:\/\/art-bijoux.com\/wp-content\/uploads\/2025\/08\/Pendentif-Paix-radieuse-576x1024.jpg 576w, https:\/\/art-bijoux.com\/wp-content\/uploads\/2025\/08\/Pendentif-Paix-radieuse-768x1365.jpg 768w, https:\/\/art-bijoux.com\/wp-content\/uploads\/2025\/08\/Pendentif-Paix-radieuse-864x1536.jpg 864w, https:\/\/art-bijoux.com\/wp-content\/uploads\/2025\/08\/Pendentif-Paix-radieuse-600x1067.jpg 600w, https:\/\/art-bijoux.com\/wp-content\/uploads\/2025\/08\/Pendentif-Paix-radieuse.jpg 1080w\" sizes=\"(max-width: 169px) 100vw, 169px\" \/><figcaption id=\"caption-attachment-5618\" class=\"wp-caption-text\">Pendentif Paix radieuse<\/figcaption><\/figure>\n<p data-start=\"1421\" data-end=\"1865\"><strong data-start=\"1421\" data-end=\"1441\">\ud83c\uddeb\ud83c\uddf7 Description<\/strong><br data-start=\"1441\" data-end=\"1444\" \/>Grand pendentif profil de la Vierge, o\u00f9 le bleu c\u00e9leste du voile se marie \u00e0 la douceur d\u2019un ivoire nacr\u00e9 et d\u2019un rose poudr\u00e9. R\u00e9alis\u00e9 enti\u00e8rement \u00e0 la main selon la technique Tiffany, avec du verre recycl\u00e9, chaque \u00e9l\u00e9ment est d\u00e9coup\u00e9, meul\u00e9, serti et soud\u00e9 \u00e0 l\u2019\u00e9tain avant d\u2019\u00eatre patin\u00e9 en cuivre pour un rendu lumineux et \u00e9l\u00e9gant.<br data-start=\"1775\" data-end=\"1778\" \/>Un bijou qui associe la force symbolique de la Vierge \u00e0 un message universel de paix.<\/p>\n<p data-start=\"1867\" data-end=\"2315\"><strong data-start=\"1867\" data-end=\"1887\">\ud83c\uddec\ud83c\udde7 Description<\/strong><br data-start=\"1887\" data-end=\"1890\" \/>Large Virgin profile pendant, where the sky-blue veil blends with the softness of pearly ivory and powder pink. Entirely handmade using the Tiffany stained glass technique, from recycled glass, each element is cut, ground, foiled, and soldered with tin before being finished with a copper patina for a luminous and elegant look.<br data-start=\"2218\" data-end=\"2221\" \/>A piece that combines the symbolic strength of the Virgin with a universal message of peace.<\/p>\n<p data-start=\"1867\" data-end=\"2315\"><strong data-start=\"1213\" data-end=\"1229\">Dimensions :<\/strong> 6,8 cm (haut) \u00d7 3,5 cm (large)<br data-start=\"1260\" data-end=\"1263\" \/><strong data-start=\"1263\" data-end=\"1278\">Technique :<\/strong> Verre Tiffany soud\u00e9 \u00e0 l\u2019\u00e9tain, patine cuivr\u00e9e<br data-start=\"1324\" data-end=\"1327\" \/><strong data-start=\"1327\" data-end=\"1342\">Mat\u00e9riaux :<\/strong> Verre opalescent bleu ciel, rose poudr\u00e9 et ivoire nacr\u00e9<br data-start=\"1398\" data-end=\"1401\" \/><strong data-start=\"1401\" data-end=\"1417\">Pi\u00e8ce unique<\/strong><\/p>\n","protected":false},"excerpt":{"rendered":"<p>Profil de la Vierge en verre recycl\u00e9 bleu et rose, vitrail Tiffany, patine cuivr\u00e9e. Symbole de paix et de s\u00e9r\u00e9nit\u00e9.<br data-start=\"309\" data-end=\"312\" \/>Virgin profile in recycled blue and pink glass, Tiffany stained glass, copper patina. A symbol of peace and serenity.<\/p>\n","protected":false},"featured_media":5618,"comment_status":"open","ping_status":"closed","template":"","meta":[],"product_brand":[],"product_cat":[28],"product_tag":[34,27],"class_list":{"0":"post-5617","1":"product","2":"type-product","3":"status-publish","4":"has-post-thumbnail","6":"product_cat-pendentif-tiffany","7":"product_tag-spiritualite-croix-anges","8":"product_tag-tiffany-verre","9":"pa_bijou-pendentif","11":"first","12":"instock","13":"purchasable","14":"product-type-simple"},"_links":{"self":[{"href":"https:\/\/art-bijoux.com\/en\/wp-json\/wp\/v2\/product\/5617","targetHints":{"allow":["GET"]}}],"collection":[{"href":"https:\/\/art-bijoux.com\/en\/wp-json\/wp\/v2\/product"}],"about":[{"href":"https:\/\/art-bijoux.com\/en\/wp-json\/wp\/v2\/types\/product"}],"replies":[{"embeddable":true,"href":"https:\/\/art-bijoux.com\/en\/wp-json\/wp\/v2\/comments?post=5617"}],"version-history":[{"count":1,"href":"https:\/\/art-bijoux.com\/en\/wp-json\/wp\/v2\/product\/5617\/revisions"}],"predecessor-version":[{"id":5620,"href":"https:\/\/art-bijoux.com\/en\/wp-json\/wp\/v2\/product\/5617\/revisions\/5620"}],"wp:featuredmedia":[{"embeddable":true,"href":"https:\/\/art-bijoux.com\/en\/wp-json\/wp\/v2\/media\/5618"}],"wp:attachment":[{"href":"https:\/\/art-bijoux.com\/en\/wp-json\/wp\/v2\/media?parent=5617"}],"wp:term":[{"taxonomy":"product_brand","embeddable":true,"href":"https:\/\/art-bijoux.com\/en\/wp-json\/wp\/v2\/product_brand?post=5617"},{"taxonomy":"product_cat","embeddable":true,"href":"https:\/\/art-bijoux.com\/en\/wp-json\/wp\/v2\/product_cat?post=5617"},{"taxonomy":"product_tag","embeddable":true,"href":"https:\/\/art-bijoux.com\/en\/wp-json\/wp\/v2\/product_tag?post=5617"}],"curies":[{"name":"wp","href":"https:\/\/api.w.org\/{rel}","templated":true}]}}