{"id":5718,"date":"2025-09-05T13:30:31","date_gmt":"2025-09-05T11:30:31","guid":{"rendered":"https:\/\/art-bijoux.com\/?post_type=product&#038;p=5718"},"modified":"2025-09-05T14:38:11","modified_gmt":"2025-09-05T12:38:11","slug":"marque-page-verre-artisanal-soleil-saphir","status":"publish","type":"product","link":"https:\/\/art-bijoux.com\/en\/boutique\/marque-page-verre-artisanal-soleil-saphir\/","title":{"rendered":"Soleil Saphir Marque-page unique en verre orange et millefiori bleu marine| Sapphire Sun"},"content":{"rendered":"<figure id=\"attachment_5719\" aria-describedby=\"caption-attachment-5719\" style=\"width: 169px\" class=\"wp-caption alignleft\"><img fetchpriority=\"high\" decoding=\"async\" class=\"size-medium wp-image-5719\" src=\"https:\/\/art-bijoux.com\/wp-content\/uploads\/2025\/09\/Marque-page-galet-orange-millefiori-bleu-marine-v-169x300.jpg\" alt=\"Marque page Soleil Spahir\" width=\"169\" height=\"300\" srcset=\"https:\/\/art-bijoux.com\/wp-content\/uploads\/2025\/09\/Marque-page-galet-orange-millefiori-bleu-marine-v-169x300.jpg 169w, https:\/\/art-bijoux.com\/wp-content\/uploads\/2025\/09\/Marque-page-galet-orange-millefiori-bleu-marine-v-576x1024.jpg 576w, https:\/\/art-bijoux.com\/wp-content\/uploads\/2025\/09\/Marque-page-galet-orange-millefiori-bleu-marine-v-768x1365.jpg 768w, https:\/\/art-bijoux.com\/wp-content\/uploads\/2025\/09\/Marque-page-galet-orange-millefiori-bleu-marine-v-864x1536.jpg 864w, https:\/\/art-bijoux.com\/wp-content\/uploads\/2025\/09\/Marque-page-galet-orange-millefiori-bleu-marine-v-600x1067.jpg 600w, https:\/\/art-bijoux.com\/wp-content\/uploads\/2025\/09\/Marque-page-galet-orange-millefiori-bleu-marine-v.jpg 1080w\" sizes=\"(max-width: 169px) 100vw, 169px\" \/><figcaption id=\"caption-attachment-5719\" class=\"wp-caption-text\">Marque page Soleil Saphir<\/figcaption><\/figure>\n<p data-start=\"382\" data-end=\"745\">\u2728 Pi\u00e8ce unique \u2013 Artisanat d\u2019art \u2728<br data-start=\"416\" data-end=\"419\" \/>Ce marque-page est fa\u00e7onn\u00e9 \u00e0 partir d\u2019un <strong data-start=\"460\" data-end=\"485\">galet de verre orange<\/strong>, orn\u00e9 d\u2019un <strong data-start=\"497\" data-end=\"552\">millefiori bleu marine avec un c\u0153ur blanc en relief<\/strong>. Le contraste lumineux entre le fond chaud et l\u2019inclusion bleue profonde cr\u00e9e un effet saisissant.<br data-start=\"651\" data-end=\"654\" \/>Le haut de la monture, de forme circulaire, souligne la sobri\u00e9t\u00e9 \u00e9l\u00e9gante de cette pi\u00e8ce.<\/p>\n<p data-start=\"747\" data-end=\"834\">\ud83d\udca1 Son corps en forme de <strong data-start=\"772\" data-end=\"790\">grand trombone<\/strong> permet de pincer des feuilles de papier :<\/p>\n<ul data-start=\"835\" data-end=\"973\">\n<li data-start=\"835\" data-end=\"880\">\n<p data-start=\"837\" data-end=\"880\">il peut s\u2019utiliser comme <strong data-start=\"862\" data-end=\"877\">marque-page<\/strong>,<\/p>\n<\/li>\n<li data-start=\"881\" data-end=\"911\">\n<p data-start=\"883\" data-end=\"911\">comme <strong data-start=\"889\" data-end=\"908\">pince \u00e0 billets<\/strong>,<\/p>\n<\/li>\n<li data-start=\"912\" data-end=\"973\">\n<p data-start=\"914\" data-end=\"973\">ou encore comme <strong data-start=\"930\" data-end=\"948\">pince \u00e0 papier<\/strong> originale et raffin\u00e9e.<\/p>\n<\/li>\n<\/ul>\n<p data-start=\"975\" data-end=\"1086\">Mont\u00e9 sur une <strong data-start=\"989\" data-end=\"1030\">monture en m\u00e9tal couleur vieux bronze<\/strong>, il devient un <strong data-start=\"1046\" data-end=\"1083\">bijou de lecture multifonctionnel<\/strong>.<\/p>\n<p data-start=\"1118\" data-end=\"1458\">\u2728 One-of-a-kind \u2013 Artistic craftsmanship \u2728<br data-start=\"1160\" data-end=\"1163\" \/>This bookmark is crafted from an <strong data-start=\"1196\" data-end=\"1219\">orange glass pebble<\/strong>, featuring a <strong data-start=\"1233\" data-end=\"1283\">navy-blue millefiori with a raised white heart<\/strong>. The vivid contrast between the warm base and the deep blue inclusion creates a striking effect.<br data-start=\"1380\" data-end=\"1383\" \/>The circular top of the mount enhances the simple elegance of this piece.<\/p>\n<p data-start=\"1460\" data-end=\"1545\">\ud83d\udca1 Its body, shaped like a <strong data-start=\"1487\" data-end=\"1506\">large paperclip<\/strong>, allows it to pinch sheets of paper:<\/p>\n<ul data-start=\"1546\" data-end=\"1642\">\n<li data-start=\"1546\" data-end=\"1575\">\n<p data-start=\"1548\" data-end=\"1575\">use it as a <strong data-start=\"1560\" data-end=\"1572\">bookmark<\/strong>,<\/p>\n<\/li>\n<li data-start=\"1576\" data-end=\"1600\">\n<p data-start=\"1578\" data-end=\"1600\">as a <strong data-start=\"1583\" data-end=\"1597\">money clip<\/strong>,<\/p>\n<\/li>\n<li data-start=\"1601\" data-end=\"1642\">\n<p data-start=\"1603\" data-end=\"1642\">or even as an <strong data-start=\"1617\" data-end=\"1639\">elegant paper clip<\/strong>.<\/p>\n<\/li>\n<\/ul>\n<p data-start=\"1644\" data-end=\"1755\">Set on a <strong data-start=\"1653\" data-end=\"1691\">vintage bronze-colored metal mount<\/strong>, it is both a <strong data-start=\"1706\" data-end=\"1752\">multifunctional and artistic reading jewel<\/strong>.<\/p>\n<p data-start=\"1219\" data-end=\"1245\">\u2728 <strong data-start=\"1221\" data-end=\"1241\">Caract\u00e9ristiques<\/strong> :<\/p>\n<ul data-start=\"1246\" data-end=\"1496\">\n<li data-start=\"1246\" data-end=\"1311\"><strong data-start=\"1248\" data-end=\"1260\">Mat\u00e9riau<\/strong> : verre d&#8217;aquarium recycl\u00e9 &amp; m\u00e9tal bronze ancien<\/li>\n<li data-start=\"1312\" data-end=\"1373\"><strong data-start=\"1314\" data-end=\"1327\">Technique<\/strong> : verre fondu (fusing), millefiori fusionn\u00e9<\/li>\n<li data-start=\"1374\" data-end=\"1428\"><strong data-start=\"1376\" data-end=\"1388\">Fixation<\/strong> : pince m\u00e9tallique robuste et d\u00e9cor\u00e9e<\/li>\n<li data-start=\"1429\" data-end=\"1496\"><strong data-start=\"1431\" data-end=\"1445\">Dimensions<\/strong> : 8cmx3cm<\/li>\n<\/ul>\n<p data-start=\"1498\" data-end=\"1605\">Une id\u00e9e cadeau parfaite pour les amoureux des beaux objets, des livres et du savoir-faire artisanal. \ud83d\udcda\u2728<\/p>\n<p data-start=\"1607\" data-end=\"1647\" data-is-last-node=\"\" data-is-only-node=\"\"><strong data-start=\"1607\" data-end=\"1644\">Collection limit\u00e9e \u2013 Pi\u00e8ce unique<\/strong> \ud83d\udc99<\/p>\n","protected":false},"excerpt":{"rendered":"<p>Marque page unique avec une pince en m\u00e9tal couleur vieux bronze sur laquelle un millefiori a \u00e9t\u00e9 fondu sur un galet d&#8217;aquarium r\u00e9cup\u00e9r\u00e9.<\/p>\n","protected":false},"featured_media":5719,"comment_status":"open","ping_status":"closed","template":"","meta":[],"product_brand":[],"product_cat":[288],"product_tag":[38,49,65],"class_list":{"0":"post-5718","1":"product","2":"type-product","3":"status-publish","4":"has-post-thumbnail","6":"product_cat-marquepage-verre-upcycling-fusing","7":"product_tag-fleur-soie-metal","8":"product_tag-fusing-verre","9":"product_tag-millefiori-verre","11":"first","12":"instock","13":"purchasable","14":"product-type-simple"},"yoast_head":"<!-- This site is optimized with the Yoast SEO plugin v27.4 - https:\/\/yoast.com\/product\/yoast-seo-wordpress\/ -->\n<title>Soleil Saphir Marque-page unique en verre orange et millefiori bleu marine| Sapphire Sun - art-bijoux<\/title>\n<meta name=\"description\" content=\"Marque page unique avec une pince en m\u00e9tal couleur vieux bronze sur laquelle un millefiori a \u00e9t\u00e9 fondu sur un galet d&#039;aquarium r\u00e9cup\u00e9r\u00e9.\" \/>\n<meta name=\"robots\" content=\"index, follow, max-snippet:-1, max-image-preview:large, max-video-preview:-1\" \/>\n<link rel=\"canonical\" href=\"https:\/\/art-bijoux.com\/en\/boutique\/marque-page-verre-artisanal-soleil-saphir\/\" \/>\n<meta property=\"og:locale\" content=\"en_US\" \/>\n<meta property=\"og:type\" content=\"article\" \/>\n<meta property=\"og:title\" content=\"Soleil Saphir Marque-page unique en verre orange et millefiori bleu marine| Sapphire Sun - art-bijoux\" \/>\n<meta property=\"og:description\" content=\"Marque page unique avec une pince en m\u00e9tal couleur vieux bronze sur laquelle un millefiori a \u00e9t\u00e9 fondu sur un galet d&#039;aquarium r\u00e9cup\u00e9r\u00e9.\" \/>\n<meta property=\"og:url\" content=\"https:\/\/art-bijoux.com\/en\/boutique\/marque-page-verre-artisanal-soleil-saphir\/\" \/>\n<meta property=\"og:site_name\" content=\"art-bijoux\" \/>\n<meta property=\"article:modified_time\" content=\"2025-09-05T12:38:11+00:00\" \/>\n<meta property=\"og:image\" content=\"https:\/\/art-bijoux.com\/wp-content\/uploads\/2025\/09\/Marque-page-galet-orange-millefiori-bleu-marine-v.jpg\" \/>\n\t<meta property=\"og:image:width\" content=\"1080\" \/>\n\t<meta property=\"og:image:height\" content=\"1920\" \/>\n\t<meta property=\"og:image:type\" content=\"image\/jpeg\" \/>\n<meta name=\"twitter:card\" content=\"summary_large_image\" \/>\n<meta name=\"twitter:label1\" content=\"Est. reading time\" \/>\n\t<meta name=\"twitter:data1\" content=\"2 minutes\" \/>\n<script type=\"application\/ld+json\" class=\"yoast-schema-graph\">{\"@context\":\"https:\\\/\\\/schema.org\",\"@graph\":[{\"@type\":\"WebPage\",\"@id\":\"https:\\\/\\\/art-bijoux.com\\\/en\\\/boutique\\\/marque-page-verre-artisanal-soleil-saphir\\\/\",\"url\":\"https:\\\/\\\/art-bijoux.com\\\/en\\\/boutique\\\/marque-page-verre-artisanal-soleil-saphir\\\/\",\"name\":\"Soleil Saphir Marque-page unique en verre orange et millefiori bleu marine| Sapphire Sun - art-bijoux\",\"isPartOf\":{\"@id\":\"https:\\\/\\\/art-bijoux.com\\\/en\\\/#website\"},\"primaryImageOfPage\":{\"@id\":\"https:\\\/\\\/art-bijoux.com\\\/en\\\/boutique\\\/marque-page-verre-artisanal-soleil-saphir\\\/#primaryimage\"},\"image\":{\"@id\":\"https:\\\/\\\/art-bijoux.com\\\/en\\\/boutique\\\/marque-page-verre-artisanal-soleil-saphir\\\/#primaryimage\"},\"thumbnailUrl\":\"https:\\\/\\\/art-bijoux.com\\\/wp-content\\\/uploads\\\/2025\\\/09\\\/Marque-page-galet-orange-millefiori-bleu-marine-v.jpg\",\"datePublished\":\"2025-09-05T11:30:31+00:00\",\"dateModified\":\"2025-09-05T12:38:11+00:00\",\"description\":\"Marque page unique avec une pince en m\u00e9tal couleur vieux bronze sur laquelle un millefiori a \u00e9t\u00e9 fondu sur un galet d'aquarium r\u00e9cup\u00e9r\u00e9.\",\"breadcrumb\":{\"@id\":\"https:\\\/\\\/art-bijoux.com\\\/en\\\/boutique\\\/marque-page-verre-artisanal-soleil-saphir\\\/#breadcrumb\"},\"inLanguage\":\"en-US\",\"potentialAction\":[{\"@type\":\"ReadAction\",\"target\":[\"https:\\\/\\\/art-bijoux.com\\\/en\\\/boutique\\\/marque-page-verre-artisanal-soleil-saphir\\\/\"]}]},{\"@type\":\"ImageObject\",\"inLanguage\":\"en-US\",\"@id\":\"https:\\\/\\\/art-bijoux.com\\\/en\\\/boutique\\\/marque-page-verre-artisanal-soleil-saphir\\\/#primaryimage\",\"url\":\"https:\\\/\\\/art-bijoux.com\\\/wp-content\\\/uploads\\\/2025\\\/09\\\/Marque-page-galet-orange-millefiori-bleu-marine-v.jpg\",\"contentUrl\":\"https:\\\/\\\/art-bijoux.com\\\/wp-content\\\/uploads\\\/2025\\\/09\\\/Marque-page-galet-orange-millefiori-bleu-marine-v.jpg\",\"width\":1080,\"height\":1920,\"caption\":\"Marque page Soleil Spahir\"},{\"@type\":\"BreadcrumbList\",\"@id\":\"https:\\\/\\\/art-bijoux.com\\\/en\\\/boutique\\\/marque-page-verre-artisanal-soleil-saphir\\\/#breadcrumb\",\"itemListElement\":[{\"@type\":\"ListItem\",\"position\":1,\"name\":\"Accueil\",\"item\":\"https:\\\/\\\/art-bijoux.com\\\/en\\\/home\\\/\"},{\"@type\":\"ListItem\",\"position\":2,\"name\":\"Shop\",\"item\":\"https:\\\/\\\/art-bijoux.com\\\/en\\\/shop\\\/\"},{\"@type\":\"ListItem\",\"position\":3,\"name\":\"Soleil Saphir Marque-page unique en verre orange et millefiori bleu marine| Sapphire Sun\"}]},{\"@type\":\"WebSite\",\"@id\":\"https:\\\/\\\/art-bijoux.com\\\/en\\\/#website\",\"url\":\"https:\\\/\\\/art-bijoux.com\\\/en\\\/\",\"name\":\"art-bijoux\",\"description\":\"Osez porter \\\/ offrir un vitrail unique \u00e0 prix abordable\",\"publisher\":{\"@id\":\"https:\\\/\\\/art-bijoux.com\\\/en\\\/#organization\"},\"potentialAction\":[{\"@type\":\"SearchAction\",\"target\":{\"@type\":\"EntryPoint\",\"urlTemplate\":\"https:\\\/\\\/art-bijoux.com\\\/en\\\/?s={search_term_string}\"},\"query-input\":{\"@type\":\"PropertyValueSpecification\",\"valueRequired\":true,\"valueName\":\"search_term_string\"}}],\"inLanguage\":\"en-US\"},{\"@type\":\"Organization\",\"@id\":\"https:\\\/\\\/art-bijoux.com\\\/en\\\/#organization\",\"name\":\"art-bijoux\",\"url\":\"https:\\\/\\\/art-bijoux.com\\\/en\\\/\",\"logo\":{\"@type\":\"ImageObject\",\"inLanguage\":\"en-US\",\"@id\":\"https:\\\/\\\/art-bijoux.com\\\/en\\\/#\\\/schema\\\/logo\\\/image\\\/\",\"url\":\"https:\\\/\\\/art-bijoux.com\\\/wp-content\\\/uploads\\\/2024\\\/06\\\/Art-Bijoux-Logo-Small.png\",\"contentUrl\":\"https:\\\/\\\/art-bijoux.com\\\/wp-content\\\/uploads\\\/2024\\\/06\\\/Art-Bijoux-Logo-Small.png\",\"width\":722,\"height\":137,\"caption\":\"art-bijoux\"},\"image\":{\"@id\":\"https:\\\/\\\/art-bijoux.com\\\/en\\\/#\\\/schema\\\/logo\\\/image\\\/\"}}]}<\/script>\n<!-- \/ Yoast SEO plugin. -->","yoast_head_json":{"title":"Soleil Saphir Marque-page unique en verre orange et millefiori bleu marine| Sapphire Sun - art-bijoux","description":"Marque page unique avec une pince en m\u00e9tal couleur vieux bronze sur laquelle un millefiori a \u00e9t\u00e9 fondu sur un galet d'aquarium r\u00e9cup\u00e9r\u00e9.","robots":{"index":"index","follow":"follow","max-snippet":"max-snippet:-1","max-image-preview":"max-image-preview:large","max-video-preview":"max-video-preview:-1"},"canonical":"https:\/\/art-bijoux.com\/en\/boutique\/marque-page-verre-artisanal-soleil-saphir\/","og_locale":"en_US","og_type":"article","og_title":"Soleil Saphir Marque-page unique en verre orange et millefiori bleu marine| Sapphire Sun - art-bijoux","og_description":"Marque page unique avec une pince en m\u00e9tal couleur vieux bronze sur laquelle un millefiori a \u00e9t\u00e9 fondu sur un galet d'aquarium r\u00e9cup\u00e9r\u00e9.","og_url":"https:\/\/art-bijoux.com\/en\/boutique\/marque-page-verre-artisanal-soleil-saphir\/","og_site_name":"art-bijoux","article_modified_time":"2025-09-05T12:38:11+00:00","og_image":[{"width":1080,"height":1920,"url":"https:\/\/art-bijoux.com\/wp-content\/uploads\/2025\/09\/Marque-page-galet-orange-millefiori-bleu-marine-v.jpg","type":"image\/jpeg"}],"twitter_card":"summary_large_image","twitter_misc":{"Est. reading time":"2 minutes"},"schema":{"@context":"https:\/\/schema.org","@graph":[{"@type":"WebPage","@id":"https:\/\/art-bijoux.com\/en\/boutique\/marque-page-verre-artisanal-soleil-saphir\/","url":"https:\/\/art-bijoux.com\/en\/boutique\/marque-page-verre-artisanal-soleil-saphir\/","name":"Soleil Saphir Marque-page unique en verre orange et millefiori bleu marine| Sapphire Sun - art-bijoux","isPartOf":{"@id":"https:\/\/art-bijoux.com\/en\/#website"},"primaryImageOfPage":{"@id":"https:\/\/art-bijoux.com\/en\/boutique\/marque-page-verre-artisanal-soleil-saphir\/#primaryimage"},"image":{"@id":"https:\/\/art-bijoux.com\/en\/boutique\/marque-page-verre-artisanal-soleil-saphir\/#primaryimage"},"thumbnailUrl":"https:\/\/art-bijoux.com\/wp-content\/uploads\/2025\/09\/Marque-page-galet-orange-millefiori-bleu-marine-v.jpg","datePublished":"2025-09-05T11:30:31+00:00","dateModified":"2025-09-05T12:38:11+00:00","description":"Marque page unique avec une pince en m\u00e9tal couleur vieux bronze sur laquelle un millefiori a \u00e9t\u00e9 fondu sur un galet d'aquarium r\u00e9cup\u00e9r\u00e9.","breadcrumb":{"@id":"https:\/\/art-bijoux.com\/en\/boutique\/marque-page-verre-artisanal-soleil-saphir\/#breadcrumb"},"inLanguage":"en-US","potentialAction":[{"@type":"ReadAction","target":["https:\/\/art-bijoux.com\/en\/boutique\/marque-page-verre-artisanal-soleil-saphir\/"]}]},{"@type":"ImageObject","inLanguage":"en-US","@id":"https:\/\/art-bijoux.com\/en\/boutique\/marque-page-verre-artisanal-soleil-saphir\/#primaryimage","url":"https:\/\/art-bijoux.com\/wp-content\/uploads\/2025\/09\/Marque-page-galet-orange-millefiori-bleu-marine-v.jpg","contentUrl":"https:\/\/art-bijoux.com\/wp-content\/uploads\/2025\/09\/Marque-page-galet-orange-millefiori-bleu-marine-v.jpg","width":1080,"height":1920,"caption":"Marque page Soleil Spahir"},{"@type":"BreadcrumbList","@id":"https:\/\/art-bijoux.com\/en\/boutique\/marque-page-verre-artisanal-soleil-saphir\/#breadcrumb","itemListElement":[{"@type":"ListItem","position":1,"name":"Accueil","item":"https:\/\/art-bijoux.com\/en\/home\/"},{"@type":"ListItem","position":2,"name":"Shop","item":"https:\/\/art-bijoux.com\/en\/shop\/"},{"@type":"ListItem","position":3,"name":"Soleil Saphir Marque-page unique en verre orange et millefiori bleu marine| Sapphire Sun"}]},{"@type":"WebSite","@id":"https:\/\/art-bijoux.com\/en\/#website","url":"https:\/\/art-bijoux.com\/en\/","name":"art-bijoux","description":"Osez porter \/ offrir un vitrail unique \u00e0 prix abordable","publisher":{"@id":"https:\/\/art-bijoux.com\/en\/#organization"},"potentialAction":[{"@type":"SearchAction","target":{"@type":"EntryPoint","urlTemplate":"https:\/\/art-bijoux.com\/en\/?s={search_term_string}"},"query-input":{"@type":"PropertyValueSpecification","valueRequired":true,"valueName":"search_term_string"}}],"inLanguage":"en-US"},{"@type":"Organization","@id":"https:\/\/art-bijoux.com\/en\/#organization","name":"art-bijoux","url":"https:\/\/art-bijoux.com\/en\/","logo":{"@type":"ImageObject","inLanguage":"en-US","@id":"https:\/\/art-bijoux.com\/en\/#\/schema\/logo\/image\/","url":"https:\/\/art-bijoux.com\/wp-content\/uploads\/2024\/06\/Art-Bijoux-Logo-Small.png","contentUrl":"https:\/\/art-bijoux.com\/wp-content\/uploads\/2024\/06\/Art-Bijoux-Logo-Small.png","width":722,"height":137,"caption":"art-bijoux"},"image":{"@id":"https:\/\/art-bijoux.com\/en\/#\/schema\/logo\/image\/"}}]}},"_links":{"self":[{"href":"https:\/\/art-bijoux.com\/en\/wp-json\/wp\/v2\/product\/5718","targetHints":{"allow":["GET"]}}],"collection":[{"href":"https:\/\/art-bijoux.com\/en\/wp-json\/wp\/v2\/product"}],"about":[{"href":"https:\/\/art-bijoux.com\/en\/wp-json\/wp\/v2\/types\/product"}],"replies":[{"embeddable":true,"href":"https:\/\/art-bijoux.com\/en\/wp-json\/wp\/v2\/comments?post=5718"}],"version-history":[{"count":1,"href":"https:\/\/art-bijoux.com\/en\/wp-json\/wp\/v2\/product\/5718\/revisions"}],"predecessor-version":[{"id":5721,"href":"https:\/\/art-bijoux.com\/en\/wp-json\/wp\/v2\/product\/5718\/revisions\/5721"}],"wp:featuredmedia":[{"embeddable":true,"href":"https:\/\/art-bijoux.com\/en\/wp-json\/wp\/v2\/media\/5719"}],"wp:attachment":[{"href":"https:\/\/art-bijoux.com\/en\/wp-json\/wp\/v2\/media?parent=5718"}],"wp:term":[{"taxonomy":"product_brand","embeddable":true,"href":"https:\/\/art-bijoux.com\/en\/wp-json\/wp\/v2\/product_brand?post=5718"},{"taxonomy":"product_cat","embeddable":true,"href":"https:\/\/art-bijoux.com\/en\/wp-json\/wp\/v2\/product_cat?post=5718"},{"taxonomy":"product_tag","embeddable":true,"href":"https:\/\/art-bijoux.com\/en\/wp-json\/wp\/v2\/product_tag?post=5718"}],"curies":[{"name":"wp","href":"https:\/\/api.w.org\/{rel}","templated":true}]}}