{"id":5761,"date":"2025-09-13T14:46:05","date_gmt":"2025-09-13T12:46:05","guid":{"rendered":"https:\/\/art-bijoux.com\/?post_type=product&#038;p=5761"},"modified":"2025-09-13T14:49:44","modified_gmt":"2025-09-13T12:49:44","slug":"pendentif-dialogue-couleurs-geometrique","status":"publish","type":"product","link":"https:\/\/art-bijoux.com\/en\/boutique\/pendentif-dialogue-couleurs-geometrique\/","title":{"rendered":"Dialogue des Couleurs \u2013 G\u00e9om\u00e9trique \/ Color Dialogue \u2013 Geometric"},"content":{"rendered":"<figure id=\"attachment_5762\" aria-describedby=\"caption-attachment-5762\" style=\"width: 169px\" class=\"wp-caption alignleft\"><img fetchpriority=\"high\" decoding=\"async\" class=\"size-medium wp-image-5762\" src=\"https:\/\/art-bijoux.com\/wp-content\/uploads\/2025\/09\/Dialogue-des-couleurs-geometrique-rouge-bleu-169x300.jpg\" alt=\"Pendentif Dialogue des couleurs\" width=\"169\" height=\"300\" srcset=\"https:\/\/art-bijoux.com\/wp-content\/uploads\/2025\/09\/Dialogue-des-couleurs-geometrique-rouge-bleu-169x300.jpg 169w, https:\/\/art-bijoux.com\/wp-content\/uploads\/2025\/09\/Dialogue-des-couleurs-geometrique-rouge-bleu-576x1024.jpg 576w, https:\/\/art-bijoux.com\/wp-content\/uploads\/2025\/09\/Dialogue-des-couleurs-geometrique-rouge-bleu-768x1365.jpg 768w, https:\/\/art-bijoux.com\/wp-content\/uploads\/2025\/09\/Dialogue-des-couleurs-geometrique-rouge-bleu-864x1536.jpg 864w, https:\/\/art-bijoux.com\/wp-content\/uploads\/2025\/09\/Dialogue-des-couleurs-geometrique-rouge-bleu-600x1067.jpg 600w, https:\/\/art-bijoux.com\/wp-content\/uploads\/2025\/09\/Dialogue-des-couleurs-geometrique-rouge-bleu.jpg 1080w\" sizes=\"(max-width: 169px) 100vw, 169px\" \/><figcaption id=\"caption-attachment-5762\" class=\"wp-caption-text\">Pendentif Dialogue des couleurs<\/figcaption><\/figure>\n<p data-start=\"467\" data-end=\"533\">Pendentif compos\u00e9 de deux verres g\u00e9om\u00e9triques qui se font face :<\/p>\n<ul data-start=\"534\" data-end=\"648\">\n<li data-start=\"534\" data-end=\"572\">\n<p data-start=\"536\" data-end=\"572\">un rouge vif, lumineux et affirm\u00e9,<\/p>\n<\/li>\n<li data-start=\"573\" data-end=\"648\">\n<p data-start=\"575\" data-end=\"648\">un bleu intense, soigneusement r\u00e9cup\u00e9r\u00e9 d\u2019un ancien abat-jour restaur\u00e9.<\/p>\n<\/li>\n<\/ul>\n<p data-start=\"650\" data-end=\"927\">Assembl\u00e9s par la technique traditionnelle Tiffany \u2013 <strong data-start=\"702\" data-end=\"753\">d\u00e9coupe, meulage, sertissage, soudure et patine<\/strong> \u2013 ces deux pans cr\u00e9ent une composition \u00e9quilibr\u00e9e et contrast\u00e9e. Leur disposition sym\u00e9trique \u00e9voque un dialogue silencieux entre deux forces oppos\u00e9es mais compl\u00e9mentaires.<\/p>\n<p data-start=\"929\" data-end=\"1126\">Cette pi\u00e8ce unique appartient \u00e0 la collection <strong data-start=\"975\" data-end=\"994\">\u00ab G\u00e9om\u00e9trique \u00bb<\/strong>, premi\u00e8re s\u00e9rie de bijoux que j\u2019ai cr\u00e9\u00e9e, o\u00f9 formes abstraites et couleurs franches composent un langage visuel moderne et \u00e9pur\u00e9.<\/p>\n<hr data-start=\"1128\" data-end=\"1131\" \/>\n<h3 data-start=\"1133\" data-end=\"1155\">\ud83d\udd39Description EN<\/h3>\n<p data-start=\"1156\" data-end=\"1198\">Pendant made of two facing glass shapes:<\/p>\n<ul data-start=\"1199\" data-end=\"1292\">\n<li data-start=\"1199\" data-end=\"1225\">\n<p data-start=\"1201\" data-end=\"1225\">a vivid, luminous red,<\/p>\n<\/li>\n<li data-start=\"1226\" data-end=\"1292\">\n<p data-start=\"1228\" data-end=\"1292\">an intense blue, carefully salvaged from a restored lampshade.<\/p>\n<\/li>\n<\/ul>\n<p data-start=\"1294\" data-end=\"1576\">Crafted using the traditional Tiffany stained-glass technique \u2013 <strong data-start=\"1358\" data-end=\"1414\">cutting, grinding, foiling, soldering and patinating<\/strong> \u2013 these two panes form a balanced and contrasting composition. Their symmetrical layout evokes a silent dialogue between two opposing yet complementary forces.<\/p>\n<p data-start=\"1578\" data-end=\"1759\">This unique piece belongs to the <strong data-start=\"1611\" data-end=\"1626\">\u201cGeometric\u201d<\/strong> collection, the first jewelry series I created, where abstract forms and bold colors compose a modern and refined visual language.<\/p>\n<hr data-start=\"1761\" data-end=\"1764\" \/>\n<h3 data-start=\"1766\" data-end=\"1792\">\ud83d\udd39D\u00e9tails techniques<\/h3>\n<ul data-start=\"1793\" data-end=\"2025\">\n<li data-start=\"1793\" data-end=\"1884\">\n<p data-start=\"1795\" data-end=\"1884\">Mat\u00e9riaux : verre recycl\u00e9 bleu (abat-jour restaur\u00e9), verre rouge, cuivre, \u00e9tain, patine<\/p>\n<\/li>\n<li data-start=\"1885\" data-end=\"1916\">\n<p data-start=\"1887\" data-end=\"1916\">Technique : vitrail Tiffany<\/p>\n<\/li>\n<li data-start=\"1917\" data-end=\"1949\">\n<p data-start=\"1919\" data-end=\"1949\">Dimensions : env. 4,5cmx5,6cm<\/p>\n<\/li>\n<li data-start=\"1987\" data-end=\"2025\">\n<p data-start=\"1989\" data-end=\"2025\">Pi\u00e8ce unique \u2013 fabriqu\u00e9e en France<\/p>\n<\/li>\n<\/ul>\n<hr data-start=\"2027\" data-end=\"2030\" \/>\n<h3 data-start=\"2032\" data-end=\"2058\"><\/h3>\n","protected":false},"excerpt":{"rendered":"<p>Pendentif unique en verre recycl\u00e9 bleu et rouge, r\u00e9alis\u00e9 en technique Tiffany. Collection G\u00e9om\u00e9trique, bijou artisanal et durable.<\/p>\n","protected":false},"featured_media":5762,"comment_status":"open","ping_status":"closed","template":"","meta":[],"product_brand":[],"product_cat":[28],"product_tag":[36,26,27],"class_list":{"0":"post-5761","1":"product","2":"type-product","3":"status-publish","4":"has-post-thumbnail","6":"product_cat-pendentif-tiffany","7":"product_tag-verre-abstrait","8":"product_tag-pendentif-verre","9":"product_tag-tiffany-verre","10":"pa_bijou-pendentif","12":"first","13":"instock","14":"purchasable","15":"product-type-simple"},"_links":{"self":[{"href":"https:\/\/art-bijoux.com\/en\/wp-json\/wp\/v2\/product\/5761","targetHints":{"allow":["GET"]}}],"collection":[{"href":"https:\/\/art-bijoux.com\/en\/wp-json\/wp\/v2\/product"}],"about":[{"href":"https:\/\/art-bijoux.com\/en\/wp-json\/wp\/v2\/types\/product"}],"replies":[{"embeddable":true,"href":"https:\/\/art-bijoux.com\/en\/wp-json\/wp\/v2\/comments?post=5761"}],"version-history":[{"count":1,"href":"https:\/\/art-bijoux.com\/en\/wp-json\/wp\/v2\/product\/5761\/revisions"}],"predecessor-version":[{"id":5764,"href":"https:\/\/art-bijoux.com\/en\/wp-json\/wp\/v2\/product\/5761\/revisions\/5764"}],"wp:featuredmedia":[{"embeddable":true,"href":"https:\/\/art-bijoux.com\/en\/wp-json\/wp\/v2\/media\/5762"}],"wp:attachment":[{"href":"https:\/\/art-bijoux.com\/en\/wp-json\/wp\/v2\/media?parent=5761"}],"wp:term":[{"taxonomy":"product_brand","embeddable":true,"href":"https:\/\/art-bijoux.com\/en\/wp-json\/wp\/v2\/product_brand?post=5761"},{"taxonomy":"product_cat","embeddable":true,"href":"https:\/\/art-bijoux.com\/en\/wp-json\/wp\/v2\/product_cat?post=5761"},{"taxonomy":"product_tag","embeddable":true,"href":"https:\/\/art-bijoux.com\/en\/wp-json\/wp\/v2\/product_tag?post=5761"}],"curies":[{"name":"wp","href":"https:\/\/api.w.org\/{rel}","templated":true}]}}