{"id":5819,"date":"2025-11-05T08:36:01","date_gmt":"2025-11-05T07:36:01","guid":{"rendered":"https:\/\/art-bijoux.com\/?post_type=product&#038;p=5819"},"modified":"2025-11-05T15:27:12","modified_gmt":"2025-11-05T14:27:12","slug":"pendentif-chat-solaire-tempera-feuille-or","status":"publish","type":"product","link":"https:\/\/art-bijoux.com\/en\/boutique\/pendentif-chat-solaire-tempera-feuille-or\/","title":{"rendered":"Poste \u2013 Chat solaire en tempera et feuille d\u2019or \/ Solar Cat Pendant in Tempera &#038; Gold Leaf"},"content":{"rendered":"<figure id=\"attachment_5820\" aria-describedby=\"caption-attachment-5820\" style=\"width: 169px\" class=\"wp-caption alignleft\"><img fetchpriority=\"high\" decoding=\"async\" class=\"size-medium wp-image-5820\" src=\"https:\/\/art-bijoux.com\/wp-content\/uploads\/2025\/11\/Chat-peint-bois-1-porte-169x300.jpg\" alt=\"Poste, pendentif en bois, temp\u00e9ra et feuille dor\u00e9e\" width=\"169\" height=\"300\" srcset=\"https:\/\/art-bijoux.com\/wp-content\/uploads\/2025\/11\/Chat-peint-bois-1-porte-169x300.jpg 169w, https:\/\/art-bijoux.com\/wp-content\/uploads\/2025\/11\/Chat-peint-bois-1-porte-576x1024.jpg 576w, https:\/\/art-bijoux.com\/wp-content\/uploads\/2025\/11\/Chat-peint-bois-1-porte-768x1365.jpg 768w, https:\/\/art-bijoux.com\/wp-content\/uploads\/2025\/11\/Chat-peint-bois-1-porte-864x1536.jpg 864w, https:\/\/art-bijoux.com\/wp-content\/uploads\/2025\/11\/Chat-peint-bois-1-porte-600x1067.jpg 600w, https:\/\/art-bijoux.com\/wp-content\/uploads\/2025\/11\/Chat-peint-bois-1-porte.jpg 1080w\" sizes=\"(max-width: 169px) 100vw, 169px\" \/><figcaption id=\"caption-attachment-5820\" class=\"wp-caption-text\">Poste, pendentif en bois, temp\u00e9ra et feuille dor\u00e9e<\/figcaption><\/figure>\n<p data-start=\"595\" data-end=\"1001\"><strong data-start=\"595\" data-end=\"604\">Poste<\/strong> est un pendentif d\u2019exception, \u00e0 mi-chemin entre ic\u00f4ne et talisman.<br data-start=\"671\" data-end=\"674\" \/>Son nom rend hommage au <strong data-start=\"698\" data-end=\"723\">calendrier des Postes<\/strong>, d\u2019o\u00f9 provient l\u2019image originelle du chat, r\u00e9interpr\u00e9t\u00e9e ici \u00e0 la <strong data-start=\"790\" data-end=\"801\">tempera<\/strong> et \u00e0 la <strong data-start=\"810\" data-end=\"826\">feuille d\u2019or<\/strong>.<br data-start=\"827\" data-end=\"830\" \/>R\u00e9alis\u00e9 en <strong data-start=\"841\" data-end=\"874\">bois recycl\u00e9 d\u00e9coup\u00e9 au laser<\/strong>, le disque central est peint selon une technique picturale ancestrale de r\u00e9alisation des ic\u00f4nes qui conf\u00e8re \u00e0 la surface une lumi\u00e8re douce et durable.Ce bijou unique \u00e9voque le <strong data-start=\"1029\" data-end=\"1045\">chat solaire<\/strong>, protecteur et m\u00e9ditatif, gardien d\u2019un monde int\u00e9rieur empreint de s\u00e9r\u00e9nit\u00e9.<br data-start=\"1122\" data-end=\"1125\" \/>Il allie <strong data-start=\"1134\" data-end=\"1163\">savoir-faire traditionnel<\/strong> et <strong data-start=\"1167\" data-end=\"1190\">design contemporain<\/strong>, pour une pi\u00e8ce \u00e0 porter comme une v\u00e9ritable miniature d\u2019art.<\/p>\n<hr data-start=\"1256\" data-end=\"1259\" \/>\n<p data-start=\"1425\" data-end=\"1828\"><strong data-start=\"1425\" data-end=\"1434\">Poste<\/strong> is an exceptional pendant, halfway between icon and talisman.<br data-start=\"1496\" data-end=\"1499\" \/>Its name refers to the <strong data-start=\"1522\" data-end=\"1574\">traditional French \u201ccalendar of the Post Office\u201d<\/strong>, where the original cat image was found before being reimagined in <strong data-start=\"1642\" data-end=\"1653\">tempera<\/strong> and <strong data-start=\"1658\" data-end=\"1671\">gold leaf<\/strong>.<br data-start=\"1672\" data-end=\"1675\" \/>Made from <strong data-start=\"1685\" data-end=\"1712\">recycled laser-cut wood<\/strong>, the central disc is hand-painted using an ancestral egg-tempera technique that gives it a soft and lasting glow.<\/p>\n<p data-start=\"1830\" data-end=\"2021\">This unique jewel evokes the <strong data-start=\"1859\" data-end=\"1872\">solar cat<\/strong>, both protective and contemplative, blending <strong data-start=\"1918\" data-end=\"1947\">traditional craftsmanship<\/strong> and <strong data-start=\"1952\" data-end=\"1975\">contemporary design<\/strong> \u2014 a miniature artwork to wear close to you.<\/p>\n<hr data-start=\"2023\" data-end=\"2026\" \/>\n<h2 data-start=\"2028\" data-end=\"2076\">\u2699\ufe0f <strong data-start=\"2034\" data-end=\"2076\">D\u00e9tails techniques \/ Technical details<\/strong><\/h2>\n<ul data-start=\"2077\" data-end=\"2401\">\n<li data-start=\"2077\" data-end=\"2145\">\n<p data-start=\"2079\" data-end=\"2145\">Mat\u00e9riaux : bois recycl\u00e9 d\u00e9coup\u00e9 au laser, tempera, feuille d\u2019or<\/p>\n<\/li>\n<li data-start=\"2146\" data-end=\"2177\">\n<p data-start=\"2148\" data-end=\"2177\">Dimensions : environ \u00d8 5 cm<\/p>\n<\/li>\n<li data-start=\"2178\" data-end=\"2224\">\n<p data-start=\"2180\" data-end=\"2224\">Technique : tempera \u00e0 l\u2019\u0153uf traditionnelle, feuille dor\u00e9e appliqu\u00e9e au retardateur (technique de dorure traditionnelle)<\/p>\n<\/li>\n<li data-start=\"2225\" data-end=\"2266\">\n<p data-start=\"2227\" data-end=\"2266\">Finition : vernis protecteur incolore<\/p>\n<\/li>\n<li data-start=\"2267\" data-end=\"2307\">\n<p data-start=\"2269\" data-end=\"2307\">Nom inspir\u00e9 du calendrier des Postes<\/p>\n<\/li>\n<li data-start=\"2308\" data-end=\"2339\">\n<p data-start=\"2310\" data-end=\"2339\">Pi\u00e8ce unique, sign\u00e9e au dos<\/p>\n<\/li>\n<li data-start=\"2340\" data-end=\"2364\">\n<p data-start=\"2342\" data-end=\"2364\">Poids : 5 g, ultral\u00e9ger<\/p>\n<\/li>\n<li data-start=\"2365\" data-end=\"2401\">\n<p data-start=\"2367\" data-end=\"2401\">Fabrication artisanale en France, pi\u00e8ce unique<\/p>\n<\/li>\n<\/ul>\n","protected":false},"excerpt":{"rendered":"<p>Pendentif chat solaire en tempera et feuille d\u2019or sur bois recycl\u00e9, inspir\u00e9 du calendrier des Postes.<br data-start=\"2724\" data-end=\"2727\" \/>Pi\u00e8ce unique peinte \u00e0 la main, entre ic\u00f4ne et talisman, sign\u00e9e Art-Bijoux.<\/p>\n<p>Solar cat pendant in tempera and gold leaf on recycled wood, inspired by the French Post Office calendar.<br data-start=\"2942\" data-end=\"2945\" \/>Unique handmade jewel, between icon and talisman, signed Art-Bijoux.<\/p>\n","protected":false},"featured_media":5820,"comment_status":"open","ping_status":"closed","template":"","meta":[],"product_brand":[],"product_cat":[197,180,220],"product_tag":[52,47,198,26,224],"class_list":{"0":"post-5819","1":"product","2":"type-product","3":"status-publish","4":"has-post-thumbnail","6":"product_cat-feuille-doree","7":"product_cat-portrait-animal","8":"product_cat-tempera","9":"product_tag-portrait-animal","10":"product_tag-chat","11":"product_tag-feuille-doree","12":"product_tag-pendentif-verre","13":"product_tag-portrait-animalier","14":"pa_bijou-pendentif","16":"first","17":"outofstock","18":"purchasable","19":"product-type-simple"},"_links":{"self":[{"href":"https:\/\/art-bijoux.com\/en\/wp-json\/wp\/v2\/product\/5819","targetHints":{"allow":["GET"]}}],"collection":[{"href":"https:\/\/art-bijoux.com\/en\/wp-json\/wp\/v2\/product"}],"about":[{"href":"https:\/\/art-bijoux.com\/en\/wp-json\/wp\/v2\/types\/product"}],"replies":[{"embeddable":true,"href":"https:\/\/art-bijoux.com\/en\/wp-json\/wp\/v2\/comments?post=5819"}],"version-history":[{"count":2,"href":"https:\/\/art-bijoux.com\/en\/wp-json\/wp\/v2\/product\/5819\/revisions"}],"predecessor-version":[{"id":5833,"href":"https:\/\/art-bijoux.com\/en\/wp-json\/wp\/v2\/product\/5819\/revisions\/5833"}],"wp:featuredmedia":[{"embeddable":true,"href":"https:\/\/art-bijoux.com\/en\/wp-json\/wp\/v2\/media\/5820"}],"wp:attachment":[{"href":"https:\/\/art-bijoux.com\/en\/wp-json\/wp\/v2\/media?parent=5819"}],"wp:term":[{"taxonomy":"product_brand","embeddable":true,"href":"https:\/\/art-bijoux.com\/en\/wp-json\/wp\/v2\/product_brand?post=5819"},{"taxonomy":"product_cat","embeddable":true,"href":"https:\/\/art-bijoux.com\/en\/wp-json\/wp\/v2\/product_cat?post=5819"},{"taxonomy":"product_tag","embeddable":true,"href":"https:\/\/art-bijoux.com\/en\/wp-json\/wp\/v2\/product_tag?post=5819"}],"curies":[{"name":"wp","href":"https:\/\/api.w.org\/{rel}","templated":true}]}}