{"id":5888,"date":"2025-11-14T10:32:20","date_gmt":"2025-11-14T09:32:20","guid":{"rendered":"https:\/\/art-bijoux.com\/?post_type=product&#038;p=5888"},"modified":"2025-11-14T10:37:46","modified_gmt":"2025-11-14T09:37:46","slug":"pendentif-chatpillon-resine-ailes-papillon-or","status":"publish","type":"product","link":"https:\/\/art-bijoux.com\/en\/boutique\/pendentif-chatpillon-resine-ailes-papillon-or\/","title":{"rendered":"Chat\u2019Pillon \u2013 Pendentif r\u00e9sine, ailes de papillon et feuille d\u2019or"},"content":{"rendered":"<figure id=\"attachment_5889\" aria-describedby=\"caption-attachment-5889\" style=\"width: 169px\" class=\"wp-caption alignleft\"><img fetchpriority=\"high\" decoding=\"async\" class=\"size-medium wp-image-5889\" src=\"https:\/\/art-bijoux.com\/wp-content\/uploads\/2025\/11\/Chat-p-aile-dos-v-169x300.jpg\" alt=\"Chat'Pillon pendentif r\u00e9sine, ailes de papillon et feuille d'or\" width=\"169\" height=\"300\" srcset=\"https:\/\/art-bijoux.com\/wp-content\/uploads\/2025\/11\/Chat-p-aile-dos-v-169x300.jpg 169w, https:\/\/art-bijoux.com\/wp-content\/uploads\/2025\/11\/Chat-p-aile-dos-v-577x1024.jpg 577w, https:\/\/art-bijoux.com\/wp-content\/uploads\/2025\/11\/Chat-p-aile-dos-v-768x1364.jpg 768w, https:\/\/art-bijoux.com\/wp-content\/uploads\/2025\/11\/Chat-p-aile-dos-v-865x1536.jpg 865w, https:\/\/art-bijoux.com\/wp-content\/uploads\/2025\/11\/Chat-p-aile-dos-v-600x1066.jpg 600w, https:\/\/art-bijoux.com\/wp-content\/uploads\/2025\/11\/Chat-p-aile-dos-v.jpg 1080w\" sizes=\"(max-width: 169px) 100vw, 169px\" \/><figcaption id=\"caption-attachment-5889\" class=\"wp-caption-text\">Chat&#8217;Pillon pendentif r\u00e9sine, ailes de papillon et feuille d&#8217;or<\/figcaption><\/figure>\n<p data-start=\"448\" data-end=\"746\"><strong data-start=\"448\" data-end=\"463\">Chat\u2019Pillon<\/strong> est un pendentif unique r\u00e9alis\u00e9 en r\u00e9sine transparente, dans lequel sont incluses des ailes de papillon naturellement retrouv\u00e9es dans mon jardin.<br data-start=\"609\" data-end=\"612\" \/>J\u2019ai ajout\u00e9 de la <strong data-start=\"630\" data-end=\"646\">feuille d\u2019or<\/strong>, appliqu\u00e9e comme des rayures fines et lumineuses, afin de souligner les mouvements du chat stylis\u00e9.<\/p>\n<p data-start=\"748\" data-end=\"955\">Chaque pi\u00e8ce est enti\u00e8rement artisanale : la r\u00e9partition des ailes, des nuances et de la feuille dor\u00e9e varie naturellement, rendant ce pendentif absolument unique.<br data-start=\"911\" data-end=\"914\" \/>L\u2019ensemble est mont\u00e9 avec un anneau dor\u00e9.<\/p>\n<hr data-start=\"957\" data-end=\"960\" \/>\n<p data-start=\"999\" data-end=\"1241\"><strong data-start=\"999\" data-end=\"1014\">Chat\u2019Pillon<\/strong> is a unique pendant crafted in clear resin, featuring butterfly wings naturally found in my garden.<br data-start=\"1114\" data-end=\"1117\" \/>Delicate <strong data-start=\"1126\" data-end=\"1139\">gold leaf<\/strong> has been added to create subtle, luminous markings that highlight the silhouette of the stylized cat.<\/p>\n<p data-start=\"1243\" data-end=\"1402\">Each piece is handcrafted: the wings, shades and gold-leaf patterns vary naturally, making this pendant truly one of a kind.<br data-start=\"1367\" data-end=\"1370\" \/>Finished with a gold-toned ring.<\/p>\n<hr data-start=\"1404\" data-end=\"1407\" \/>\n<p data-start=\"1441\" data-end=\"1534\"><strong data-start=\"1441\" data-end=\"1455\">Mati\u00e8res :<\/strong> R\u00e9sine transparente, ailes de papillon naturelles r\u00e9cup\u00e9r\u00e9es, feuille d\u2019or, anneau dor\u00e9<\/p>\n<ul data-start=\"1439\" data-end=\"1716\">\n<li data-start=\"1535\" data-end=\"1606\">\n<p data-start=\"1537\" data-end=\"1606\"><strong data-start=\"1537\" data-end=\"1552\">Technique :<\/strong> Inclusion en r\u00e9sine + dorure appliqu\u00e9e manuellement<\/p>\n<\/li>\n<li data-start=\"1607\" data-end=\"1657\">\n<p data-start=\"1609\" data-end=\"1657\"><strong data-start=\"1609\" data-end=\"1625\">Dimensions :<\/strong> Hauteur 6 cm \u2013 Largeur 2,4 cm<\/p>\n<\/li>\n<li data-start=\"1658\" data-end=\"1691\">\n<p data-start=\"1660\" data-end=\"1691\"><strong data-start=\"1660\" data-end=\"1671\">Poids :<\/strong> 3 g (ultra l\u00e9ger)<\/p>\n<\/li>\n<li data-start=\"1692\" data-end=\"1716\">\n<p data-start=\"1694\" data-end=\"1716\"><strong data-start=\"1694\" data-end=\"1712\">Pi\u00e8ce unique :<\/strong> Oui<\/p>\n<\/li>\n<\/ul>\n","protected":false},"excerpt":{"rendered":"<p>Pendentif unique en r\u00e9sine avec ailes de papillon naturelles et feuille d\u2019or. Cr\u00e9ation artisanale l\u00e9g\u00e8re et po\u00e9tique, pi\u00e8ce unique.<br data-start=\"1897\" data-end=\"1900\" \/>Unique resin pendant with natural butterfly wings and gold leaf. Light, poetic handcrafted jewelry.<\/p>\n","protected":false},"featured_media":5889,"comment_status":"open","ping_status":"closed","template":"","meta":[],"product_brand":[],"product_cat":[312,24],"product_tag":[52,47,198,26],"class_list":{"0":"post-5888","1":"product","2":"type-product","3":"status-publish","4":"has-post-thumbnail","6":"product_cat-resine","7":"product_cat-diversite-oeuvres-art","8":"product_tag-portrait-animal","9":"product_tag-chat","10":"product_tag-feuille-doree","11":"product_tag-pendentif-verre","12":"pa_bijou-pendentif","14":"first","15":"instock","16":"purchasable","17":"product-type-simple"},"_links":{"self":[{"href":"https:\/\/art-bijoux.com\/en\/wp-json\/wp\/v2\/product\/5888","targetHints":{"allow":["GET"]}}],"collection":[{"href":"https:\/\/art-bijoux.com\/en\/wp-json\/wp\/v2\/product"}],"about":[{"href":"https:\/\/art-bijoux.com\/en\/wp-json\/wp\/v2\/types\/product"}],"replies":[{"embeddable":true,"href":"https:\/\/art-bijoux.com\/en\/wp-json\/wp\/v2\/comments?post=5888"}],"version-history":[{"count":2,"href":"https:\/\/art-bijoux.com\/en\/wp-json\/wp\/v2\/product\/5888\/revisions"}],"predecessor-version":[{"id":5898,"href":"https:\/\/art-bijoux.com\/en\/wp-json\/wp\/v2\/product\/5888\/revisions\/5898"}],"wp:featuredmedia":[{"embeddable":true,"href":"https:\/\/art-bijoux.com\/en\/wp-json\/wp\/v2\/media\/5889"}],"wp:attachment":[{"href":"https:\/\/art-bijoux.com\/en\/wp-json\/wp\/v2\/media?parent=5888"}],"wp:term":[{"taxonomy":"product_brand","embeddable":true,"href":"https:\/\/art-bijoux.com\/en\/wp-json\/wp\/v2\/product_brand?post=5888"},{"taxonomy":"product_cat","embeddable":true,"href":"https:\/\/art-bijoux.com\/en\/wp-json\/wp\/v2\/product_cat?post=5888"},{"taxonomy":"product_tag","embeddable":true,"href":"https:\/\/art-bijoux.com\/en\/wp-json\/wp\/v2\/product_tag?post=5888"}],"curies":[{"name":"wp","href":"https:\/\/api.w.org\/{rel}","templated":true}]}}