{"id":5899,"date":"2025-11-14T10:53:30","date_gmt":"2025-11-14T09:53:30","guid":{"rendered":"https:\/\/art-bijoux.com\/?post_type=product&#038;p=5899"},"modified":"2025-11-14T10:53:31","modified_gmt":"2025-11-14T09:53:31","slug":"pendentif-felidaile-resine-ailes-papillon-or","status":"publish","type":"product","link":"https:\/\/art-bijoux.com\/en\/boutique\/pendentif-felidaile-resine-ailes-papillon-or\/","title":{"rendered":"F\u00e9lidAil\u00e9 \u2013 Pendentif en r\u00e9sine, ailes de papillon et feuille d\u2019or"},"content":{"rendered":"<figure id=\"attachment_5900\" aria-describedby=\"caption-attachment-5900\" style=\"width: 169px\" class=\"wp-caption alignleft\"><img fetchpriority=\"high\" decoding=\"async\" class=\"size-medium wp-image-5900\" src=\"https:\/\/art-bijoux.com\/wp-content\/uploads\/2025\/11\/Chat-p-aile-2-v-169x300.jpg\" alt=\"F\u00e9lidAil\u00e9, pendentif en r\u00e9sine, aile de papillon et feuille d'or\" width=\"169\" height=\"300\" srcset=\"https:\/\/art-bijoux.com\/wp-content\/uploads\/2025\/11\/Chat-p-aile-2-v-169x300.jpg 169w, https:\/\/art-bijoux.com\/wp-content\/uploads\/2025\/11\/Chat-p-aile-2-v-577x1024.jpg 577w, https:\/\/art-bijoux.com\/wp-content\/uploads\/2025\/11\/Chat-p-aile-2-v-768x1364.jpg 768w, https:\/\/art-bijoux.com\/wp-content\/uploads\/2025\/11\/Chat-p-aile-2-v-865x1536.jpg 865w, https:\/\/art-bijoux.com\/wp-content\/uploads\/2025\/11\/Chat-p-aile-2-v-600x1066.jpg 600w, https:\/\/art-bijoux.com\/wp-content\/uploads\/2025\/11\/Chat-p-aile-2-v.jpg 1080w\" sizes=\"(max-width: 169px) 100vw, 169px\" \/><figcaption id=\"caption-attachment-5900\" class=\"wp-caption-text\">F\u00e9lidAil\u00e9, pendentif en r\u00e9sine, aile de papillon et feuille d&#8217;or<\/figcaption><\/figure>\n<p data-start=\"416\" data-end=\"697\"><strong data-start=\"416\" data-end=\"429\">F\u00e9lidAil\u00e9<\/strong> est un pendentif en r\u00e9sine transparente dans lequel sont incluses des ailes de papillon retrouv\u00e9es dans mon jardin.<br data-start=\"559\" data-end=\"562\" \/>La feuille d\u2019or est appliqu\u00e9e en \u00e9clats lumineux pour souligner les volumes du chat stylis\u00e9, comme des reflets mouvants sur son pelage.<\/p>\n<p data-start=\"699\" data-end=\"981\">Le chat semble tendre la patte vers l\u2019anneau dor\u00e9, comme s\u2019il jouait avec une petite balle suspendue.<br data-start=\"800\" data-end=\"803\" \/>Chaque pi\u00e8ce pr\u00e9sente des nuances diff\u00e9rentes : la disposition des ailes, les variations du brun naturel et la r\u00e9partition de la feuille d\u2019or rendent ce bijou enti\u00e8rement unique.<\/p>\n<p data-start=\"983\" data-end=\"1011\">Montage final : anneau dor\u00e9.<\/p>\n<hr data-start=\"1013\" data-end=\"1016\" \/>\n<p data-start=\"1055\" data-end=\"1286\"><strong data-start=\"1055\" data-end=\"1068\">F\u00e9lidAil\u00e9<\/strong> is a clear resin pendant featuring butterfly wings naturally found in my garden.<br data-start=\"1149\" data-end=\"1152\" \/>Gold leaf has been added in delicate fragments to highlight the contours of the stylized cat, like shimmering reflections on its coat.<\/p>\n<p data-start=\"1288\" data-end=\"1520\">The cat appears to reach toward the gold ring, as if playing with a suspended little ball.<br data-start=\"1378\" data-end=\"1381\" \/>Each piece is unique: the placement of the wings, the natural brown variations and the gold-leaf patterns make every pendant one of a kind.<\/p>\n<p data-start=\"1522\" data-end=\"1554\">Finished with a gold-toned ring.<\/p>\n<p data-start=\"1522\" data-end=\"1554\"><strong>D\u00e9tails techniques<\/strong><\/p>\n<ul>\n<li data-start=\"1591\" data-end=\"1686\">\n<p data-start=\"1593\" data-end=\"1686\"><strong data-start=\"1593\" data-end=\"1607\">Mati\u00e8res :<\/strong> R\u00e9sine transparente, ailes de papillon naturelles, feuille d\u2019or, anneau dor\u00e9<\/p>\n<\/li>\n<li data-start=\"1687\" data-end=\"1758\">\n<p data-start=\"1689\" data-end=\"1758\"><strong data-start=\"1689\" data-end=\"1704\">Technique :<\/strong> Inclusion en r\u00e9sine + dorure appliqu\u00e9e manuellement<\/p>\n<\/li>\n<li data-start=\"1759\" data-end=\"1809\">\n<p data-start=\"1761\" data-end=\"1809\"><strong data-start=\"1761\" data-end=\"1777\">Dimensions :<\/strong> Hauteur 5,6 cm \u2013 Largeur 3 cm<\/p>\n<\/li>\n<li data-start=\"1810\" data-end=\"1843\">\n<p data-start=\"1812\" data-end=\"1843\"><strong data-start=\"1812\" data-end=\"1823\">Poids :<\/strong> 3 g (ultra l\u00e9ger)<\/p>\n<\/li>\n<li data-start=\"1844\" data-end=\"1868\">\n<p data-start=\"1846\" data-end=\"1868\"><strong data-start=\"1846\" data-end=\"1864\">Pi\u00e8ce unique :<\/strong> Oui<\/p>\n<\/li>\n<\/ul>\n","protected":false},"excerpt":{"rendered":"<p>Pendentif unique en r\u00e9sine avec ailes de papillon naturelles et feuille d\u2019or. Pi\u00e8ce artisanale l\u00e9g\u00e8re, chat stylis\u00e9 jouant avec un anneau dor\u00e9.<br data-start=\"2185\" data-end=\"2188\" \/>Unique resin pendant with natural butterfly wings and gold leaf. Light handcrafted piece featuring a stylized cat playing with a golden ring.<\/p>\n","protected":false},"featured_media":5900,"comment_status":"open","ping_status":"closed","template":"","meta":[],"product_brand":[],"product_cat":[312],"product_tag":[52,47,26],"class_list":{"0":"post-5899","1":"product","2":"type-product","3":"status-publish","4":"has-post-thumbnail","6":"product_cat-resine","7":"product_tag-portrait-animal","8":"product_tag-chat","9":"product_tag-pendentif-verre","10":"pa_bijou-pendentif","12":"first","13":"instock","14":"purchasable","15":"product-type-simple"},"yoast_head":"<!-- This site is optimized with the Yoast SEO plugin v27.4 - https:\/\/yoast.com\/product\/yoast-seo-wordpress\/ -->\n<title>F\u00e9lidAil\u00e9 \u2013 Pendentif en r\u00e9sine, ailes de papillon et feuille d\u2019or - art-bijoux<\/title>\n<meta name=\"description\" content=\"Pendentif unique en r\u00e9sine avec ailes de papillon naturelles et feuille d\u2019or. Pi\u00e8ce artisanale l\u00e9g\u00e8re, chat stylis\u00e9 jouant avec un anneau dor\u00e9.\" \/>\n<meta name=\"robots\" content=\"index, follow, max-snippet:-1, max-image-preview:large, max-video-preview:-1\" \/>\n<link rel=\"canonical\" href=\"https:\/\/art-bijoux.com\/en\/boutique\/pendentif-felidaile-resine-ailes-papillon-or\/\" \/>\n<meta property=\"og:locale\" content=\"en_US\" \/>\n<meta property=\"og:type\" content=\"article\" \/>\n<meta property=\"og:title\" content=\"F\u00e9lidAil\u00e9 \u2013 Pendentif en r\u00e9sine, ailes de papillon et feuille d\u2019or - art-bijoux\" \/>\n<meta property=\"og:description\" content=\"Pendentif unique en r\u00e9sine avec ailes de papillon naturelles et feuille d\u2019or. Pi\u00e8ce artisanale l\u00e9g\u00e8re, chat stylis\u00e9 jouant avec un anneau dor\u00e9.\" \/>\n<meta property=\"og:url\" content=\"https:\/\/art-bijoux.com\/en\/boutique\/pendentif-felidaile-resine-ailes-papillon-or\/\" \/>\n<meta property=\"og:site_name\" content=\"art-bijoux\" \/>\n<meta property=\"article:modified_time\" content=\"2025-11-14T09:53:31+00:00\" \/>\n<meta property=\"og:image\" content=\"https:\/\/art-bijoux.com\/wp-content\/uploads\/2025\/11\/Chat-p-aile-2-v.jpg\" \/>\n\t<meta property=\"og:image:width\" content=\"1080\" \/>\n\t<meta property=\"og:image:height\" content=\"1918\" \/>\n\t<meta property=\"og:image:type\" content=\"image\/jpeg\" \/>\n<meta name=\"twitter:card\" content=\"summary_large_image\" \/>\n<meta name=\"twitter:label1\" content=\"Est. reading time\" \/>\n\t<meta name=\"twitter:data1\" content=\"2 minutes\" \/>\n<script type=\"application\/ld+json\" class=\"yoast-schema-graph\">{\"@context\":\"https:\\\/\\\/schema.org\",\"@graph\":[{\"@type\":\"WebPage\",\"@id\":\"https:\\\/\\\/art-bijoux.com\\\/en\\\/boutique\\\/pendentif-felidaile-resine-ailes-papillon-or\\\/\",\"url\":\"https:\\\/\\\/art-bijoux.com\\\/en\\\/boutique\\\/pendentif-felidaile-resine-ailes-papillon-or\\\/\",\"name\":\"F\u00e9lidAil\u00e9 \u2013 Pendentif en r\u00e9sine, ailes de papillon et feuille d\u2019or - art-bijoux\",\"isPartOf\":{\"@id\":\"https:\\\/\\\/art-bijoux.com\\\/en\\\/#website\"},\"primaryImageOfPage\":{\"@id\":\"https:\\\/\\\/art-bijoux.com\\\/en\\\/boutique\\\/pendentif-felidaile-resine-ailes-papillon-or\\\/#primaryimage\"},\"image\":{\"@id\":\"https:\\\/\\\/art-bijoux.com\\\/en\\\/boutique\\\/pendentif-felidaile-resine-ailes-papillon-or\\\/#primaryimage\"},\"thumbnailUrl\":\"https:\\\/\\\/art-bijoux.com\\\/wp-content\\\/uploads\\\/2025\\\/11\\\/Chat-p-aile-2-v.jpg\",\"datePublished\":\"2025-11-14T09:53:30+00:00\",\"dateModified\":\"2025-11-14T09:53:31+00:00\",\"description\":\"Pendentif unique en r\u00e9sine avec ailes de papillon naturelles et feuille d\u2019or. Pi\u00e8ce artisanale l\u00e9g\u00e8re, chat stylis\u00e9 jouant avec un anneau dor\u00e9.\",\"breadcrumb\":{\"@id\":\"https:\\\/\\\/art-bijoux.com\\\/en\\\/boutique\\\/pendentif-felidaile-resine-ailes-papillon-or\\\/#breadcrumb\"},\"inLanguage\":\"en-US\",\"potentialAction\":[{\"@type\":\"ReadAction\",\"target\":[\"https:\\\/\\\/art-bijoux.com\\\/en\\\/boutique\\\/pendentif-felidaile-resine-ailes-papillon-or\\\/\"]}]},{\"@type\":\"ImageObject\",\"inLanguage\":\"en-US\",\"@id\":\"https:\\\/\\\/art-bijoux.com\\\/en\\\/boutique\\\/pendentif-felidaile-resine-ailes-papillon-or\\\/#primaryimage\",\"url\":\"https:\\\/\\\/art-bijoux.com\\\/wp-content\\\/uploads\\\/2025\\\/11\\\/Chat-p-aile-2-v.jpg\",\"contentUrl\":\"https:\\\/\\\/art-bijoux.com\\\/wp-content\\\/uploads\\\/2025\\\/11\\\/Chat-p-aile-2-v.jpg\",\"width\":1080,\"height\":1918,\"caption\":\"F\u00e9lidAil\u00e9, pendentif en r\u00e9sine, aile de papillon et feuille d'or\"},{\"@type\":\"BreadcrumbList\",\"@id\":\"https:\\\/\\\/art-bijoux.com\\\/en\\\/boutique\\\/pendentif-felidaile-resine-ailes-papillon-or\\\/#breadcrumb\",\"itemListElement\":[{\"@type\":\"ListItem\",\"position\":1,\"name\":\"Accueil\",\"item\":\"https:\\\/\\\/art-bijoux.com\\\/en\\\/home\\\/\"},{\"@type\":\"ListItem\",\"position\":2,\"name\":\"Shop\",\"item\":\"https:\\\/\\\/art-bijoux.com\\\/en\\\/shop\\\/\"},{\"@type\":\"ListItem\",\"position\":3,\"name\":\"F\u00e9lidAil\u00e9 \u2013 Pendentif en r\u00e9sine, ailes de papillon et feuille d\u2019or\"}]},{\"@type\":\"WebSite\",\"@id\":\"https:\\\/\\\/art-bijoux.com\\\/en\\\/#website\",\"url\":\"https:\\\/\\\/art-bijoux.com\\\/en\\\/\",\"name\":\"art-bijoux\",\"description\":\"Osez porter \\\/ offrir un vitrail unique \u00e0 prix abordable\",\"publisher\":{\"@id\":\"https:\\\/\\\/art-bijoux.com\\\/en\\\/#organization\"},\"potentialAction\":[{\"@type\":\"SearchAction\",\"target\":{\"@type\":\"EntryPoint\",\"urlTemplate\":\"https:\\\/\\\/art-bijoux.com\\\/en\\\/?s={search_term_string}\"},\"query-input\":{\"@type\":\"PropertyValueSpecification\",\"valueRequired\":true,\"valueName\":\"search_term_string\"}}],\"inLanguage\":\"en-US\"},{\"@type\":\"Organization\",\"@id\":\"https:\\\/\\\/art-bijoux.com\\\/en\\\/#organization\",\"name\":\"art-bijoux\",\"url\":\"https:\\\/\\\/art-bijoux.com\\\/en\\\/\",\"logo\":{\"@type\":\"ImageObject\",\"inLanguage\":\"en-US\",\"@id\":\"https:\\\/\\\/art-bijoux.com\\\/en\\\/#\\\/schema\\\/logo\\\/image\\\/\",\"url\":\"https:\\\/\\\/art-bijoux.com\\\/wp-content\\\/uploads\\\/2024\\\/06\\\/Art-Bijoux-Logo-Small.png\",\"contentUrl\":\"https:\\\/\\\/art-bijoux.com\\\/wp-content\\\/uploads\\\/2024\\\/06\\\/Art-Bijoux-Logo-Small.png\",\"width\":722,\"height\":137,\"caption\":\"art-bijoux\"},\"image\":{\"@id\":\"https:\\\/\\\/art-bijoux.com\\\/en\\\/#\\\/schema\\\/logo\\\/image\\\/\"}}]}<\/script>\n<!-- \/ Yoast SEO plugin. -->","yoast_head_json":{"title":"F\u00e9lidAil\u00e9 \u2013 Pendentif en r\u00e9sine, ailes de papillon et feuille d\u2019or - art-bijoux","description":"Pendentif unique en r\u00e9sine avec ailes de papillon naturelles et feuille d\u2019or. Pi\u00e8ce artisanale l\u00e9g\u00e8re, chat stylis\u00e9 jouant avec un anneau dor\u00e9.","robots":{"index":"index","follow":"follow","max-snippet":"max-snippet:-1","max-image-preview":"max-image-preview:large","max-video-preview":"max-video-preview:-1"},"canonical":"https:\/\/art-bijoux.com\/en\/boutique\/pendentif-felidaile-resine-ailes-papillon-or\/","og_locale":"en_US","og_type":"article","og_title":"F\u00e9lidAil\u00e9 \u2013 Pendentif en r\u00e9sine, ailes de papillon et feuille d\u2019or - art-bijoux","og_description":"Pendentif unique en r\u00e9sine avec ailes de papillon naturelles et feuille d\u2019or. Pi\u00e8ce artisanale l\u00e9g\u00e8re, chat stylis\u00e9 jouant avec un anneau dor\u00e9.","og_url":"https:\/\/art-bijoux.com\/en\/boutique\/pendentif-felidaile-resine-ailes-papillon-or\/","og_site_name":"art-bijoux","article_modified_time":"2025-11-14T09:53:31+00:00","og_image":[{"width":1080,"height":1918,"url":"https:\/\/art-bijoux.com\/wp-content\/uploads\/2025\/11\/Chat-p-aile-2-v.jpg","type":"image\/jpeg"}],"twitter_card":"summary_large_image","twitter_misc":{"Est. reading time":"2 minutes"},"schema":{"@context":"https:\/\/schema.org","@graph":[{"@type":"WebPage","@id":"https:\/\/art-bijoux.com\/en\/boutique\/pendentif-felidaile-resine-ailes-papillon-or\/","url":"https:\/\/art-bijoux.com\/en\/boutique\/pendentif-felidaile-resine-ailes-papillon-or\/","name":"F\u00e9lidAil\u00e9 \u2013 Pendentif en r\u00e9sine, ailes de papillon et feuille d\u2019or - art-bijoux","isPartOf":{"@id":"https:\/\/art-bijoux.com\/en\/#website"},"primaryImageOfPage":{"@id":"https:\/\/art-bijoux.com\/en\/boutique\/pendentif-felidaile-resine-ailes-papillon-or\/#primaryimage"},"image":{"@id":"https:\/\/art-bijoux.com\/en\/boutique\/pendentif-felidaile-resine-ailes-papillon-or\/#primaryimage"},"thumbnailUrl":"https:\/\/art-bijoux.com\/wp-content\/uploads\/2025\/11\/Chat-p-aile-2-v.jpg","datePublished":"2025-11-14T09:53:30+00:00","dateModified":"2025-11-14T09:53:31+00:00","description":"Pendentif unique en r\u00e9sine avec ailes de papillon naturelles et feuille d\u2019or. Pi\u00e8ce artisanale l\u00e9g\u00e8re, chat stylis\u00e9 jouant avec un anneau dor\u00e9.","breadcrumb":{"@id":"https:\/\/art-bijoux.com\/en\/boutique\/pendentif-felidaile-resine-ailes-papillon-or\/#breadcrumb"},"inLanguage":"en-US","potentialAction":[{"@type":"ReadAction","target":["https:\/\/art-bijoux.com\/en\/boutique\/pendentif-felidaile-resine-ailes-papillon-or\/"]}]},{"@type":"ImageObject","inLanguage":"en-US","@id":"https:\/\/art-bijoux.com\/en\/boutique\/pendentif-felidaile-resine-ailes-papillon-or\/#primaryimage","url":"https:\/\/art-bijoux.com\/wp-content\/uploads\/2025\/11\/Chat-p-aile-2-v.jpg","contentUrl":"https:\/\/art-bijoux.com\/wp-content\/uploads\/2025\/11\/Chat-p-aile-2-v.jpg","width":1080,"height":1918,"caption":"F\u00e9lidAil\u00e9, pendentif en r\u00e9sine, aile de papillon et feuille d'or"},{"@type":"BreadcrumbList","@id":"https:\/\/art-bijoux.com\/en\/boutique\/pendentif-felidaile-resine-ailes-papillon-or\/#breadcrumb","itemListElement":[{"@type":"ListItem","position":1,"name":"Accueil","item":"https:\/\/art-bijoux.com\/en\/home\/"},{"@type":"ListItem","position":2,"name":"Shop","item":"https:\/\/art-bijoux.com\/en\/shop\/"},{"@type":"ListItem","position":3,"name":"F\u00e9lidAil\u00e9 \u2013 Pendentif en r\u00e9sine, ailes de papillon et feuille d\u2019or"}]},{"@type":"WebSite","@id":"https:\/\/art-bijoux.com\/en\/#website","url":"https:\/\/art-bijoux.com\/en\/","name":"art-bijoux","description":"Osez porter \/ offrir un vitrail unique \u00e0 prix abordable","publisher":{"@id":"https:\/\/art-bijoux.com\/en\/#organization"},"potentialAction":[{"@type":"SearchAction","target":{"@type":"EntryPoint","urlTemplate":"https:\/\/art-bijoux.com\/en\/?s={search_term_string}"},"query-input":{"@type":"PropertyValueSpecification","valueRequired":true,"valueName":"search_term_string"}}],"inLanguage":"en-US"},{"@type":"Organization","@id":"https:\/\/art-bijoux.com\/en\/#organization","name":"art-bijoux","url":"https:\/\/art-bijoux.com\/en\/","logo":{"@type":"ImageObject","inLanguage":"en-US","@id":"https:\/\/art-bijoux.com\/en\/#\/schema\/logo\/image\/","url":"https:\/\/art-bijoux.com\/wp-content\/uploads\/2024\/06\/Art-Bijoux-Logo-Small.png","contentUrl":"https:\/\/art-bijoux.com\/wp-content\/uploads\/2024\/06\/Art-Bijoux-Logo-Small.png","width":722,"height":137,"caption":"art-bijoux"},"image":{"@id":"https:\/\/art-bijoux.com\/en\/#\/schema\/logo\/image\/"}}]}},"_links":{"self":[{"href":"https:\/\/art-bijoux.com\/en\/wp-json\/wp\/v2\/product\/5899","targetHints":{"allow":["GET"]}}],"collection":[{"href":"https:\/\/art-bijoux.com\/en\/wp-json\/wp\/v2\/product"}],"about":[{"href":"https:\/\/art-bijoux.com\/en\/wp-json\/wp\/v2\/types\/product"}],"replies":[{"embeddable":true,"href":"https:\/\/art-bijoux.com\/en\/wp-json\/wp\/v2\/comments?post=5899"}],"version-history":[{"count":1,"href":"https:\/\/art-bijoux.com\/en\/wp-json\/wp\/v2\/product\/5899\/revisions"}],"predecessor-version":[{"id":5904,"href":"https:\/\/art-bijoux.com\/en\/wp-json\/wp\/v2\/product\/5899\/revisions\/5904"}],"wp:featuredmedia":[{"embeddable":true,"href":"https:\/\/art-bijoux.com\/en\/wp-json\/wp\/v2\/media\/5900"}],"wp:attachment":[{"href":"https:\/\/art-bijoux.com\/en\/wp-json\/wp\/v2\/media?parent=5899"}],"wp:term":[{"taxonomy":"product_brand","embeddable":true,"href":"https:\/\/art-bijoux.com\/en\/wp-json\/wp\/v2\/product_brand?post=5899"},{"taxonomy":"product_cat","embeddable":true,"href":"https:\/\/art-bijoux.com\/en\/wp-json\/wp\/v2\/product_cat?post=5899"},{"taxonomy":"product_tag","embeddable":true,"href":"https:\/\/art-bijoux.com\/en\/wp-json\/wp\/v2\/product_tag?post=5899"}],"curies":[{"name":"wp","href":"https:\/\/api.w.org\/{rel}","templated":true}]}}