{"id":5928,"date":"2025-11-16T13:18:58","date_gmt":"2025-11-16T12:18:58","guid":{"rendered":"https:\/\/art-bijoux.com\/?post_type=product&#038;p=5928"},"modified":"2025-11-16T13:18:58","modified_gmt":"2025-11-16T12:18:58","slug":"pendentif-resine-mousse","status":"publish","type":"product","link":"https:\/\/art-bijoux.com\/en\/boutique\/pendentif-resine-mousse\/","title":{"rendered":"Or\u00e9e de Mousse \u2013 Pendentif circulaire en r\u00e9sine, mousse naturelle et feuille d\u2019or"},"content":{"rendered":"<figure id=\"attachment_5929\" aria-describedby=\"caption-attachment-5929\" style=\"width: 169px\" class=\"wp-caption alignleft\"><img fetchpriority=\"high\" decoding=\"async\" class=\"size-medium wp-image-5929\" src=\"https:\/\/art-bijoux.com\/wp-content\/uploads\/2025\/11\/Oree-de-mousse-pendentif-resine-feuille-dor-et-mousse-gp-169x300.jpg\" alt=\"Or\u00e9e de Mousse \u2013 Pendentif circulaire en r\u00e9sine, mousse naturelle et feuille d\u2019or\" width=\"169\" height=\"300\" srcset=\"https:\/\/art-bijoux.com\/wp-content\/uploads\/2025\/11\/Oree-de-mousse-pendentif-resine-feuille-dor-et-mousse-gp-169x300.jpg 169w, https:\/\/art-bijoux.com\/wp-content\/uploads\/2025\/11\/Oree-de-mousse-pendentif-resine-feuille-dor-et-mousse-gp-577x1024.jpg 577w, https:\/\/art-bijoux.com\/wp-content\/uploads\/2025\/11\/Oree-de-mousse-pendentif-resine-feuille-dor-et-mousse-gp-768x1364.jpg 768w, https:\/\/art-bijoux.com\/wp-content\/uploads\/2025\/11\/Oree-de-mousse-pendentif-resine-feuille-dor-et-mousse-gp-865x1536.jpg 865w, https:\/\/art-bijoux.com\/wp-content\/uploads\/2025\/11\/Oree-de-mousse-pendentif-resine-feuille-dor-et-mousse-gp-1153x2048.jpg 1153w, https:\/\/art-bijoux.com\/wp-content\/uploads\/2025\/11\/Oree-de-mousse-pendentif-resine-feuille-dor-et-mousse-gp-600x1066.jpg 600w, https:\/\/art-bijoux.com\/wp-content\/uploads\/2025\/11\/Oree-de-mousse-pendentif-resine-feuille-dor-et-mousse-gp-scaled.jpg 1441w\" sizes=\"(max-width: 169px) 100vw, 169px\" \/><figcaption id=\"caption-attachment-5929\" class=\"wp-caption-text\">Or\u00e9e de Mousse \u2013 Pendentif circulaire en r\u00e9sine, mousse naturelle et feuille d\u2019or<\/figcaption><\/figure>\n<p data-start=\"604\" data-end=\"947\"><strong data-start=\"604\" data-end=\"622\">Or\u00e9e de Mousse<\/strong> est un pendentif circulaire r\u00e9alis\u00e9 en r\u00e9sine transparente.<br data-start=\"682\" data-end=\"685\" \/>Il renferme une <strong data-start=\"701\" data-end=\"721\">mousse naturelle<\/strong> r\u00e9cup\u00e9r\u00e9e dans mon jardin, pr\u00e9serv\u00e9e dans son \u00e9tat d\u2019origine.<br data-start=\"783\" data-end=\"786\" \/>Des \u00e9clats de <strong data-start=\"800\" data-end=\"816\">feuille d\u2019or<\/strong> viennent souligner ses formes organiques et cr\u00e9er un contraste entre la simplicit\u00e9 de la nature et la brillance du m\u00e9tal pr\u00e9cieux.<\/p>\n<p data-start=\"949\" data-end=\"1141\">Chaque fragment de mousse poss\u00e8de sa propre texture, sa densit\u00e9, ses nuances.<br data-start=\"1026\" data-end=\"1029\" \/>Ce pendentif est donc une <strong data-start=\"1055\" data-end=\"1083\">pi\u00e8ce unique<\/strong>, n\u00e9e d\u2019un m\u00e9lange de nature brute et d\u2019artisanat d\u00e9licat.<\/p>\n<hr data-start=\"1143\" data-end=\"1146\" \/>\n<h2 data-start=\"1148\" data-end=\"1183\">Or\u00e9e de Mousse \u2013 Circular resin pendant with natural moss and gold leaf<\/h2>\n<p data-start=\"1185\" data-end=\"1494\"><strong data-start=\"1185\" data-end=\"1203\">Or\u00e9e de Mousse<\/strong> is a circular pendant made from clear resin.<br data-start=\"1248\" data-end=\"1251\" \/>Inside, I preserved a piece of <strong data-start=\"1282\" data-end=\"1298\">natural moss<\/strong> collected in my garden, kept in its original organic form.<br data-start=\"1357\" data-end=\"1360\" \/>Touches of <strong data-start=\"1371\" data-end=\"1384\">gold leaf<\/strong> highlight its texture and create a contrast between humble natural material and the luxury of precious metal.<\/p>\n<p data-start=\"1496\" data-end=\"1666\">Each piece of moss has its own shades and structure.<br data-start=\"1548\" data-end=\"1551\" \/>This pendant is therefore a <strong data-start=\"1579\" data-end=\"1600\">truly unique item<\/strong>, born from the meeting of wild nature and delicate craftsmanship.<\/p>\n<hr data-start=\"1668\" data-end=\"1671\" \/>\n<h2 data-start=\"1673\" data-end=\"1701\"><strong data-start=\"1676\" data-end=\"1701\">D\u00e9tails techniques<\/strong><\/h2>\n<ul data-start=\"1703\" data-end=\"1984\">\n<li data-start=\"1703\" data-end=\"1773\">\n<p data-start=\"1705\" data-end=\"1773\"><strong data-start=\"1705\" data-end=\"1719\">Mati\u00e8res :<\/strong> R\u00e9sine transparente, mousse v\u00e9g\u00e9tale, feuille d\u2019or<\/p>\n<\/li>\n<li data-start=\"1774\" data-end=\"1845\">\n<p data-start=\"1776\" data-end=\"1845\"><strong data-start=\"1776\" data-end=\"1791\">Technique :<\/strong> Inclusion en r\u00e9sine + dorure appliqu\u00e9e manuellement<\/p>\n<\/li>\n<li data-start=\"1846\" data-end=\"1874\">\n<p data-start=\"1848\" data-end=\"1874\"><strong data-start=\"1848\" data-end=\"1859\">Forme :<\/strong> Cercle plein<\/p>\n<\/li>\n<li data-start=\"1875\" data-end=\"1909\">\n<p data-start=\"1877\" data-end=\"1909\"><strong data-start=\"1877\" data-end=\"1893\">Dimensions :<\/strong> Diam\u00e8tre 4 cm<\/p>\n<\/li>\n<li data-start=\"1910\" data-end=\"1929\">\n<p data-start=\"1912\" data-end=\"1929\"><strong data-start=\"1912\" data-end=\"1923\">Poids :<\/strong> 9 g<\/p>\n<\/li>\n<li data-start=\"1930\" data-end=\"1959\">\n<p data-start=\"1932\" data-end=\"1959\"><strong data-start=\"1932\" data-end=\"1945\">Monture :<\/strong> Anneau dor\u00e9<\/p>\n<\/li>\n<li data-start=\"1960\" data-end=\"1984\">\n<p data-start=\"1962\" data-end=\"1984\"><strong data-start=\"1962\" data-end=\"1980\">Pi\u00e8ce unique :<\/strong> Oui<\/p>\n<\/li>\n<\/ul>\n","protected":false},"excerpt":{"rendered":"<p>Pendentif en r\u00e9sine avec mousse naturelle et feuille d\u2019or. Bijou unique m\u00ealant nature brute et \u00e9clat pr\u00e9cieux.<br data-start=\"2266\" data-end=\"2269\" \/>Resin pendant with natural moss and gold leaf. A unique piece blending wild nature and refined gold accents.<\/p>\n","protected":false},"featured_media":5929,"comment_status":"open","ping_status":"closed","template":"","meta":[],"product_brand":[],"product_cat":[197,312],"product_tag":[198,26],"class_list":{"0":"post-5928","1":"product","2":"type-product","3":"status-publish","4":"has-post-thumbnail","6":"product_cat-feuille-doree","7":"product_cat-resine","8":"product_tag-feuille-doree","9":"product_tag-pendentif-verre","10":"pa_bijou-pendentif","12":"first","13":"instock","14":"purchasable","15":"product-type-simple"},"_links":{"self":[{"href":"https:\/\/art-bijoux.com\/en\/wp-json\/wp\/v2\/product\/5928","targetHints":{"allow":["GET"]}}],"collection":[{"href":"https:\/\/art-bijoux.com\/en\/wp-json\/wp\/v2\/product"}],"about":[{"href":"https:\/\/art-bijoux.com\/en\/wp-json\/wp\/v2\/types\/product"}],"replies":[{"embeddable":true,"href":"https:\/\/art-bijoux.com\/en\/wp-json\/wp\/v2\/comments?post=5928"}],"version-history":[{"count":1,"href":"https:\/\/art-bijoux.com\/en\/wp-json\/wp\/v2\/product\/5928\/revisions"}],"predecessor-version":[{"id":5935,"href":"https:\/\/art-bijoux.com\/en\/wp-json\/wp\/v2\/product\/5928\/revisions\/5935"}],"wp:featuredmedia":[{"embeddable":true,"href":"https:\/\/art-bijoux.com\/en\/wp-json\/wp\/v2\/media\/5929"}],"wp:attachment":[{"href":"https:\/\/art-bijoux.com\/en\/wp-json\/wp\/v2\/media?parent=5928"}],"wp:term":[{"taxonomy":"product_brand","embeddable":true,"href":"https:\/\/art-bijoux.com\/en\/wp-json\/wp\/v2\/product_brand?post=5928"},{"taxonomy":"product_cat","embeddable":true,"href":"https:\/\/art-bijoux.com\/en\/wp-json\/wp\/v2\/product_cat?post=5928"},{"taxonomy":"product_tag","embeddable":true,"href":"https:\/\/art-bijoux.com\/en\/wp-json\/wp\/v2\/product_tag?post=5928"}],"curies":[{"name":"wp","href":"https:\/\/api.w.org\/{rel}","templated":true}]}}