{"id":5936,"date":"2025-11-16T13:26:05","date_gmt":"2025-11-16T12:26:05","guid":{"rendered":"https:\/\/art-bijoux.com\/?post_type=product&#038;p=5936"},"modified":"2025-11-16T13:26:05","modified_gmt":"2025-11-16T12:26:05","slug":"pendentif-ocelle-de-bronze-resine-grand-paon-nuit","status":"publish","type":"product","link":"https:\/\/art-bijoux.com\/en\/boutique\/pendentif-ocelle-de-bronze-resine-grand-paon-nuit\/","title":{"rendered":"Ocell\u00e9 de Bronze \u2013 Pendentif en r\u00e9sine, ailes de Grand Paon de nuit et feuille d\u2019or"},"content":{"rendered":"<figure id=\"attachment_5937\" aria-describedby=\"caption-attachment-5937\" style=\"width: 169px\" class=\"wp-caption alignleft\"><img fetchpriority=\"high\" decoding=\"async\" class=\"size-medium wp-image-5937\" src=\"https:\/\/art-bijoux.com\/wp-content\/uploads\/2025\/11\/Ocelle-de-bronze-pendentif-resine-aile-de-papillon-et-feuille-dor-169x300.jpg\" alt=\"Ocell\u00e9 de Bronze \u2013 Pendentif en r\u00e9sine, ailes de Grand Paon de nuit et feuille d\u2019or\" width=\"169\" height=\"300\" srcset=\"https:\/\/art-bijoux.com\/wp-content\/uploads\/2025\/11\/Ocelle-de-bronze-pendentif-resine-aile-de-papillon-et-feuille-dor-169x300.jpg 169w, https:\/\/art-bijoux.com\/wp-content\/uploads\/2025\/11\/Ocelle-de-bronze-pendentif-resine-aile-de-papillon-et-feuille-dor-576x1024.jpg 576w, https:\/\/art-bijoux.com\/wp-content\/uploads\/2025\/11\/Ocelle-de-bronze-pendentif-resine-aile-de-papillon-et-feuille-dor-768x1365.jpg 768w, https:\/\/art-bijoux.com\/wp-content\/uploads\/2025\/11\/Ocelle-de-bronze-pendentif-resine-aile-de-papillon-et-feuille-dor-864x1536.jpg 864w, https:\/\/art-bijoux.com\/wp-content\/uploads\/2025\/11\/Ocelle-de-bronze-pendentif-resine-aile-de-papillon-et-feuille-dor-600x1067.jpg 600w, https:\/\/art-bijoux.com\/wp-content\/uploads\/2025\/11\/Ocelle-de-bronze-pendentif-resine-aile-de-papillon-et-feuille-dor.jpg 1080w\" sizes=\"(max-width: 169px) 100vw, 169px\" \/><figcaption id=\"caption-attachment-5937\" class=\"wp-caption-text\">Ocell\u00e9 de Bronze \u2013 Pendentif en r\u00e9sine, ailes de Grand Paon de nuit et feuille d\u2019or<\/figcaption><\/figure>\n<p data-start=\"534\" data-end=\"773\"><strong data-start=\"534\" data-end=\"554\">Ocell\u00e9 de Bronze<\/strong> est un pendentif rectangulaire en r\u00e9sine, mettant en valeur de v\u00e9ritables <strong data-start=\"629\" data-end=\"660\">ailes de Grand Paon de nuit<\/strong> r\u00e9cup\u00e9r\u00e9es dans mon jardin.<br data-start=\"688\" data-end=\"691\" \/>La monture en m\u00e9tal bronze souligne les teintes chaudes et naturelles du papillon.<\/p>\n<p data-start=\"775\" data-end=\"977\">Des \u00e9clats de <strong data-start=\"789\" data-end=\"805\">feuille d\u2019or<\/strong> ont \u00e9t\u00e9 d\u00e9pos\u00e9s manuellement pour rappeler les ocelles caract\u00e9ristiques du Grand Paon et cr\u00e9er un contraste entre la mati\u00e8re pr\u00e9cieuse et l\u2019aile recueillie dans la nature.<\/p>\n<p data-start=\"979\" data-end=\"1137\">Chaque aile poss\u00e8de sa propre texture, ses nuances s\u00e9pia et ses marbrures brunes. Ce bijou est donc <strong data-start=\"1079\" data-end=\"1111\">une pi\u00e8ce unique<\/strong>, impossible \u00e0 reproduire.<\/p>\n<hr data-start=\"1139\" data-end=\"1142\" \/>\n<h2 data-start=\"1144\" data-end=\"1179\"><\/h2>\n<p data-start=\"1181\" data-end=\"1393\"><strong data-start=\"1181\" data-end=\"1201\">Ocell\u00e9 de Bronze<\/strong> is a rectangular resin pendant featuring real <strong data-start=\"1248\" data-end=\"1270\">Emperor Moth wings<\/strong> (Saturnia pyri), collected naturally in my garden.<br data-start=\"1321\" data-end=\"1324\" \/>The bronze-toned frame enhances the warm, earthy colours of the moth.<\/p>\n<p data-start=\"1395\" data-end=\"1556\">Fragments of <strong data-start=\"1408\" data-end=\"1421\">gold leaf<\/strong> were applied by hand, echoing the moth\u2019s distinctive ocelli and creating a contrast between precious metal and found natural material.<\/p>\n<p data-start=\"1558\" data-end=\"1676\">Each wing has its own texture, sepia shades and natural patterns, making this pendant <strong data-start=\"1644\" data-end=\"1675\">a truly one-of-a-kind piece<\/strong>.<\/p>\n<hr data-start=\"1678\" data-end=\"1681\" \/>\n<h2 data-start=\"1683\" data-end=\"1711\">Description<\/h2>\n<ul data-start=\"1713\" data-end=\"2079\">\n<li data-start=\"1713\" data-end=\"1843\">\n<p data-start=\"1715\" data-end=\"1843\"><strong data-start=\"1715\" data-end=\"1729\">Mati\u00e8res :<\/strong> R\u00e9sine transparente, ailes naturelles de Grand Paon de nuit (Saturnia pyri), feuille d\u2019or, monture m\u00e9tal bronze<\/p>\n<\/li>\n<li data-start=\"1844\" data-end=\"1915\">\n<p data-start=\"1846\" data-end=\"1915\"><strong data-start=\"1846\" data-end=\"1861\">Technique :<\/strong> Inclusion dans la r\u00e9sine + dorure appliqu\u00e9e manuellement<\/p>\n<\/li>\n<li data-start=\"1916\" data-end=\"1941\">\n<p data-start=\"1918\" data-end=\"1941\"><strong data-start=\"1918\" data-end=\"1929\">Forme :<\/strong> Rectangle<\/p>\n<\/li>\n<li data-start=\"1942\" data-end=\"1975\">\n<p data-start=\"1944\" data-end=\"1975\"><strong data-start=\"1944\" data-end=\"1960\">Dimensions :<\/strong> 3,2 \u00d7 2,2 cm<\/p>\n<\/li>\n<li data-start=\"1976\" data-end=\"1995\">\n<p data-start=\"1978\" data-end=\"1995\"><strong data-start=\"1978\" data-end=\"1989\">Poids :<\/strong> 5 g<\/p>\n<\/li>\n<li data-start=\"1996\" data-end=\"2054\">\n<p data-start=\"1998\" data-end=\"2054\"><strong data-start=\"1998\" data-end=\"2011\">Monture :<\/strong> Cadre m\u00e9tallique couleur bronze + anneau assorti<\/p>\n<\/li>\n<li data-start=\"2055\" data-end=\"2079\">\n<p data-start=\"2057\" data-end=\"2079\"><strong data-start=\"2057\" data-end=\"2075\">Pi\u00e8ce unique :<\/strong> Oui<\/p>\n<\/li>\n<\/ul>\n","protected":false},"excerpt":{"rendered":"<p>Ocell\u00e9 de Bronze \u2013 Pendentif en r\u00e9sine, ailes de Grand Paon de nuit et feuille d\u2019or<br data-start=\"306\" data-end=\"309\" \/>Ocell\u00e9 de Bronze \u2013 Resin pendant with Emperor Moth wings and gold leaf<\/p>\n","protected":false},"featured_media":5939,"comment_status":"open","ping_status":"closed","template":"","meta":[],"product_brand":[],"product_cat":[312],"product_tag":[198,26],"class_list":{"0":"post-5936","1":"product","2":"type-product","3":"status-publish","4":"has-post-thumbnail","6":"product_cat-resine","7":"product_tag-feuille-doree","8":"product_tag-pendentif-verre","9":"pa_bijou-pendentif","11":"first","12":"instock","13":"purchasable","14":"product-type-simple"},"yoast_head":"<!-- This site is optimized with the Yoast SEO plugin v27.4 - https:\/\/yoast.com\/product\/yoast-seo-wordpress\/ -->\n<title>Ocell\u00e9 de Bronze \u2013 Pendentif en r\u00e9sine, ailes de Grand Paon de nuit et feuille d\u2019or - art-bijoux<\/title>\n<meta name=\"description\" content=\"Pendentif en r\u00e9sine avec ailes de Grand Paon de nuit et feuille d\u2019or. Monture bronze et pi\u00e8ce unique aux nuances naturelles.\" \/>\n<meta name=\"robots\" content=\"index, follow, max-snippet:-1, max-image-preview:large, max-video-preview:-1\" \/>\n<link rel=\"canonical\" href=\"https:\/\/art-bijoux.com\/en\/boutique\/pendentif-ocelle-de-bronze-resine-grand-paon-nuit\/\" \/>\n<meta property=\"og:locale\" content=\"en_US\" \/>\n<meta property=\"og:type\" content=\"article\" \/>\n<meta property=\"og:title\" content=\"Ocell\u00e9 de Bronze \u2013 Pendentif en r\u00e9sine, ailes de Grand Paon de nuit et feuille d\u2019or - art-bijoux\" \/>\n<meta property=\"og:description\" content=\"Pendentif en r\u00e9sine avec ailes de Grand Paon de nuit et feuille d\u2019or. Monture bronze et pi\u00e8ce unique aux nuances naturelles.\" \/>\n<meta property=\"og:url\" content=\"https:\/\/art-bijoux.com\/en\/boutique\/pendentif-ocelle-de-bronze-resine-grand-paon-nuit\/\" \/>\n<meta property=\"og:site_name\" content=\"art-bijoux\" \/>\n<meta property=\"og:image\" content=\"https:\/\/art-bijoux.com\/wp-content\/uploads\/2025\/11\/Ocelle-de-bronze-gp.jpg\" \/>\n\t<meta property=\"og:image:width\" content=\"1080\" \/>\n\t<meta property=\"og:image:height\" content=\"1918\" \/>\n\t<meta property=\"og:image:type\" content=\"image\/jpeg\" \/>\n<meta name=\"twitter:card\" content=\"summary_large_image\" \/>\n<meta name=\"twitter:label1\" content=\"Est. reading time\" \/>\n\t<meta name=\"twitter:data1\" content=\"2 minutes\" \/>\n<script type=\"application\/ld+json\" class=\"yoast-schema-graph\">{\"@context\":\"https:\\\/\\\/schema.org\",\"@graph\":[{\"@type\":\"WebPage\",\"@id\":\"https:\\\/\\\/art-bijoux.com\\\/en\\\/boutique\\\/pendentif-ocelle-de-bronze-resine-grand-paon-nuit\\\/\",\"url\":\"https:\\\/\\\/art-bijoux.com\\\/en\\\/boutique\\\/pendentif-ocelle-de-bronze-resine-grand-paon-nuit\\\/\",\"name\":\"Ocell\u00e9 de Bronze \u2013 Pendentif en r\u00e9sine, ailes de Grand Paon de nuit et feuille d\u2019or - art-bijoux\",\"isPartOf\":{\"@id\":\"https:\\\/\\\/art-bijoux.com\\\/en\\\/#website\"},\"primaryImageOfPage\":{\"@id\":\"https:\\\/\\\/art-bijoux.com\\\/en\\\/boutique\\\/pendentif-ocelle-de-bronze-resine-grand-paon-nuit\\\/#primaryimage\"},\"image\":{\"@id\":\"https:\\\/\\\/art-bijoux.com\\\/en\\\/boutique\\\/pendentif-ocelle-de-bronze-resine-grand-paon-nuit\\\/#primaryimage\"},\"thumbnailUrl\":\"https:\\\/\\\/art-bijoux.com\\\/wp-content\\\/uploads\\\/2025\\\/11\\\/Ocelle-de-bronze-gp.jpg\",\"datePublished\":\"2025-11-16T12:26:05+00:00\",\"description\":\"Pendentif en r\u00e9sine avec ailes de Grand Paon de nuit et feuille d\u2019or. Monture bronze et pi\u00e8ce unique aux nuances naturelles.\",\"breadcrumb\":{\"@id\":\"https:\\\/\\\/art-bijoux.com\\\/en\\\/boutique\\\/pendentif-ocelle-de-bronze-resine-grand-paon-nuit\\\/#breadcrumb\"},\"inLanguage\":\"en-US\",\"potentialAction\":[{\"@type\":\"ReadAction\",\"target\":[\"https:\\\/\\\/art-bijoux.com\\\/en\\\/boutique\\\/pendentif-ocelle-de-bronze-resine-grand-paon-nuit\\\/\"]}]},{\"@type\":\"ImageObject\",\"inLanguage\":\"en-US\",\"@id\":\"https:\\\/\\\/art-bijoux.com\\\/en\\\/boutique\\\/pendentif-ocelle-de-bronze-resine-grand-paon-nuit\\\/#primaryimage\",\"url\":\"https:\\\/\\\/art-bijoux.com\\\/wp-content\\\/uploads\\\/2025\\\/11\\\/Ocelle-de-bronze-gp.jpg\",\"contentUrl\":\"https:\\\/\\\/art-bijoux.com\\\/wp-content\\\/uploads\\\/2025\\\/11\\\/Ocelle-de-bronze-gp.jpg\",\"width\":1080,\"height\":1918,\"caption\":\"Ocell\u00e9 de bronze\"},{\"@type\":\"BreadcrumbList\",\"@id\":\"https:\\\/\\\/art-bijoux.com\\\/en\\\/boutique\\\/pendentif-ocelle-de-bronze-resine-grand-paon-nuit\\\/#breadcrumb\",\"itemListElement\":[{\"@type\":\"ListItem\",\"position\":1,\"name\":\"Accueil\",\"item\":\"https:\\\/\\\/art-bijoux.com\\\/en\\\/home\\\/\"},{\"@type\":\"ListItem\",\"position\":2,\"name\":\"Shop\",\"item\":\"https:\\\/\\\/art-bijoux.com\\\/en\\\/shop\\\/\"},{\"@type\":\"ListItem\",\"position\":3,\"name\":\"Ocell\u00e9 de Bronze \u2013 Pendentif en r\u00e9sine, ailes de Grand Paon de nuit et feuille d\u2019or\"}]},{\"@type\":\"WebSite\",\"@id\":\"https:\\\/\\\/art-bijoux.com\\\/en\\\/#website\",\"url\":\"https:\\\/\\\/art-bijoux.com\\\/en\\\/\",\"name\":\"art-bijoux\",\"description\":\"Osez porter \\\/ offrir un vitrail unique \u00e0 prix abordable\",\"publisher\":{\"@id\":\"https:\\\/\\\/art-bijoux.com\\\/en\\\/#organization\"},\"potentialAction\":[{\"@type\":\"SearchAction\",\"target\":{\"@type\":\"EntryPoint\",\"urlTemplate\":\"https:\\\/\\\/art-bijoux.com\\\/en\\\/?s={search_term_string}\"},\"query-input\":{\"@type\":\"PropertyValueSpecification\",\"valueRequired\":true,\"valueName\":\"search_term_string\"}}],\"inLanguage\":\"en-US\"},{\"@type\":\"Organization\",\"@id\":\"https:\\\/\\\/art-bijoux.com\\\/en\\\/#organization\",\"name\":\"art-bijoux\",\"url\":\"https:\\\/\\\/art-bijoux.com\\\/en\\\/\",\"logo\":{\"@type\":\"ImageObject\",\"inLanguage\":\"en-US\",\"@id\":\"https:\\\/\\\/art-bijoux.com\\\/en\\\/#\\\/schema\\\/logo\\\/image\\\/\",\"url\":\"https:\\\/\\\/art-bijoux.com\\\/wp-content\\\/uploads\\\/2024\\\/06\\\/Art-Bijoux-Logo-Small.png\",\"contentUrl\":\"https:\\\/\\\/art-bijoux.com\\\/wp-content\\\/uploads\\\/2024\\\/06\\\/Art-Bijoux-Logo-Small.png\",\"width\":722,\"height\":137,\"caption\":\"art-bijoux\"},\"image\":{\"@id\":\"https:\\\/\\\/art-bijoux.com\\\/en\\\/#\\\/schema\\\/logo\\\/image\\\/\"}}]}<\/script>\n<!-- \/ Yoast SEO plugin. -->","yoast_head_json":{"title":"Ocell\u00e9 de Bronze \u2013 Pendentif en r\u00e9sine, ailes de Grand Paon de nuit et feuille d\u2019or - art-bijoux","description":"Pendentif en r\u00e9sine avec ailes de Grand Paon de nuit et feuille d\u2019or. Monture bronze et pi\u00e8ce unique aux nuances naturelles.","robots":{"index":"index","follow":"follow","max-snippet":"max-snippet:-1","max-image-preview":"max-image-preview:large","max-video-preview":"max-video-preview:-1"},"canonical":"https:\/\/art-bijoux.com\/en\/boutique\/pendentif-ocelle-de-bronze-resine-grand-paon-nuit\/","og_locale":"en_US","og_type":"article","og_title":"Ocell\u00e9 de Bronze \u2013 Pendentif en r\u00e9sine, ailes de Grand Paon de nuit et feuille d\u2019or - art-bijoux","og_description":"Pendentif en r\u00e9sine avec ailes de Grand Paon de nuit et feuille d\u2019or. Monture bronze et pi\u00e8ce unique aux nuances naturelles.","og_url":"https:\/\/art-bijoux.com\/en\/boutique\/pendentif-ocelle-de-bronze-resine-grand-paon-nuit\/","og_site_name":"art-bijoux","og_image":[{"width":1080,"height":1918,"url":"https:\/\/art-bijoux.com\/wp-content\/uploads\/2025\/11\/Ocelle-de-bronze-gp.jpg","type":"image\/jpeg"}],"twitter_card":"summary_large_image","twitter_misc":{"Est. reading time":"2 minutes"},"schema":{"@context":"https:\/\/schema.org","@graph":[{"@type":"WebPage","@id":"https:\/\/art-bijoux.com\/en\/boutique\/pendentif-ocelle-de-bronze-resine-grand-paon-nuit\/","url":"https:\/\/art-bijoux.com\/en\/boutique\/pendentif-ocelle-de-bronze-resine-grand-paon-nuit\/","name":"Ocell\u00e9 de Bronze \u2013 Pendentif en r\u00e9sine, ailes de Grand Paon de nuit et feuille d\u2019or - art-bijoux","isPartOf":{"@id":"https:\/\/art-bijoux.com\/en\/#website"},"primaryImageOfPage":{"@id":"https:\/\/art-bijoux.com\/en\/boutique\/pendentif-ocelle-de-bronze-resine-grand-paon-nuit\/#primaryimage"},"image":{"@id":"https:\/\/art-bijoux.com\/en\/boutique\/pendentif-ocelle-de-bronze-resine-grand-paon-nuit\/#primaryimage"},"thumbnailUrl":"https:\/\/art-bijoux.com\/wp-content\/uploads\/2025\/11\/Ocelle-de-bronze-gp.jpg","datePublished":"2025-11-16T12:26:05+00:00","description":"Pendentif en r\u00e9sine avec ailes de Grand Paon de nuit et feuille d\u2019or. Monture bronze et pi\u00e8ce unique aux nuances naturelles.","breadcrumb":{"@id":"https:\/\/art-bijoux.com\/en\/boutique\/pendentif-ocelle-de-bronze-resine-grand-paon-nuit\/#breadcrumb"},"inLanguage":"en-US","potentialAction":[{"@type":"ReadAction","target":["https:\/\/art-bijoux.com\/en\/boutique\/pendentif-ocelle-de-bronze-resine-grand-paon-nuit\/"]}]},{"@type":"ImageObject","inLanguage":"en-US","@id":"https:\/\/art-bijoux.com\/en\/boutique\/pendentif-ocelle-de-bronze-resine-grand-paon-nuit\/#primaryimage","url":"https:\/\/art-bijoux.com\/wp-content\/uploads\/2025\/11\/Ocelle-de-bronze-gp.jpg","contentUrl":"https:\/\/art-bijoux.com\/wp-content\/uploads\/2025\/11\/Ocelle-de-bronze-gp.jpg","width":1080,"height":1918,"caption":"Ocell\u00e9 de bronze"},{"@type":"BreadcrumbList","@id":"https:\/\/art-bijoux.com\/en\/boutique\/pendentif-ocelle-de-bronze-resine-grand-paon-nuit\/#breadcrumb","itemListElement":[{"@type":"ListItem","position":1,"name":"Accueil","item":"https:\/\/art-bijoux.com\/en\/home\/"},{"@type":"ListItem","position":2,"name":"Shop","item":"https:\/\/art-bijoux.com\/en\/shop\/"},{"@type":"ListItem","position":3,"name":"Ocell\u00e9 de Bronze \u2013 Pendentif en r\u00e9sine, ailes de Grand Paon de nuit et feuille d\u2019or"}]},{"@type":"WebSite","@id":"https:\/\/art-bijoux.com\/en\/#website","url":"https:\/\/art-bijoux.com\/en\/","name":"art-bijoux","description":"Osez porter \/ offrir un vitrail unique \u00e0 prix abordable","publisher":{"@id":"https:\/\/art-bijoux.com\/en\/#organization"},"potentialAction":[{"@type":"SearchAction","target":{"@type":"EntryPoint","urlTemplate":"https:\/\/art-bijoux.com\/en\/?s={search_term_string}"},"query-input":{"@type":"PropertyValueSpecification","valueRequired":true,"valueName":"search_term_string"}}],"inLanguage":"en-US"},{"@type":"Organization","@id":"https:\/\/art-bijoux.com\/en\/#organization","name":"art-bijoux","url":"https:\/\/art-bijoux.com\/en\/","logo":{"@type":"ImageObject","inLanguage":"en-US","@id":"https:\/\/art-bijoux.com\/en\/#\/schema\/logo\/image\/","url":"https:\/\/art-bijoux.com\/wp-content\/uploads\/2024\/06\/Art-Bijoux-Logo-Small.png","contentUrl":"https:\/\/art-bijoux.com\/wp-content\/uploads\/2024\/06\/Art-Bijoux-Logo-Small.png","width":722,"height":137,"caption":"art-bijoux"},"image":{"@id":"https:\/\/art-bijoux.com\/en\/#\/schema\/logo\/image\/"}}]}},"_links":{"self":[{"href":"https:\/\/art-bijoux.com\/en\/wp-json\/wp\/v2\/product\/5936","targetHints":{"allow":["GET"]}}],"collection":[{"href":"https:\/\/art-bijoux.com\/en\/wp-json\/wp\/v2\/product"}],"about":[{"href":"https:\/\/art-bijoux.com\/en\/wp-json\/wp\/v2\/types\/product"}],"replies":[{"embeddable":true,"href":"https:\/\/art-bijoux.com\/en\/wp-json\/wp\/v2\/comments?post=5936"}],"version-history":[{"count":1,"href":"https:\/\/art-bijoux.com\/en\/wp-json\/wp\/v2\/product\/5936\/revisions"}],"predecessor-version":[{"id":5943,"href":"https:\/\/art-bijoux.com\/en\/wp-json\/wp\/v2\/product\/5936\/revisions\/5943"}],"wp:featuredmedia":[{"embeddable":true,"href":"https:\/\/art-bijoux.com\/en\/wp-json\/wp\/v2\/media\/5939"}],"wp:attachment":[{"href":"https:\/\/art-bijoux.com\/en\/wp-json\/wp\/v2\/media?parent=5936"}],"wp:term":[{"taxonomy":"product_brand","embeddable":true,"href":"https:\/\/art-bijoux.com\/en\/wp-json\/wp\/v2\/product_brand?post=5936"},{"taxonomy":"product_cat","embeddable":true,"href":"https:\/\/art-bijoux.com\/en\/wp-json\/wp\/v2\/product_cat?post=5936"},{"taxonomy":"product_tag","embeddable":true,"href":"https:\/\/art-bijoux.com\/en\/wp-json\/wp\/v2\/product_tag?post=5936"}],"curies":[{"name":"wp","href":"https:\/\/api.w.org\/{rel}","templated":true}]}}