{"id":5944,"date":"2025-11-16T13:26:37","date_gmt":"2025-11-16T12:26:37","guid":{"rendered":"https:\/\/art-bijoux.com\/?post_type=product&#038;p=5944"},"modified":"2025-11-16T13:32:13","modified_gmt":"2025-11-16T12:32:13","slug":"pendentif-resine-papillon","status":"publish","type":"product","link":"https:\/\/art-bijoux.com\/en\/boutique\/pendentif-resine-papillon\/","title":{"rendered":"Grand Pan d\u2019Argent \u2013 Pendentif en r\u00e9sine, ailes de Grand Paon de nuit et feuille d\u2019or"},"content":{"rendered":"<figure id=\"attachment_5945\" aria-describedby=\"caption-attachment-5945\" style=\"width: 169px\" class=\"wp-caption alignleft\"><img fetchpriority=\"high\" decoding=\"async\" class=\"size-medium wp-image-5945\" src=\"https:\/\/art-bijoux.com\/wp-content\/uploads\/2025\/11\/Grand-Pan-dargent-pendentif-resine-aile-de-papillon-et-feuille-dor-169x300.jpg\" alt=\"Grand Pan d\u2019Argent \u2013 Pendentif en r\u00e9sine, ailes de Grand Paon de nuit et feuille d\u2019or\" width=\"169\" height=\"300\" srcset=\"https:\/\/art-bijoux.com\/wp-content\/uploads\/2025\/11\/Grand-Pan-dargent-pendentif-resine-aile-de-papillon-et-feuille-dor-169x300.jpg 169w, https:\/\/art-bijoux.com\/wp-content\/uploads\/2025\/11\/Grand-Pan-dargent-pendentif-resine-aile-de-papillon-et-feuille-dor-577x1024.jpg 577w, https:\/\/art-bijoux.com\/wp-content\/uploads\/2025\/11\/Grand-Pan-dargent-pendentif-resine-aile-de-papillon-et-feuille-dor-768x1364.jpg 768w, https:\/\/art-bijoux.com\/wp-content\/uploads\/2025\/11\/Grand-Pan-dargent-pendentif-resine-aile-de-papillon-et-feuille-dor-865x1536.jpg 865w, https:\/\/art-bijoux.com\/wp-content\/uploads\/2025\/11\/Grand-Pan-dargent-pendentif-resine-aile-de-papillon-et-feuille-dor-1153x2048.jpg 1153w, https:\/\/art-bijoux.com\/wp-content\/uploads\/2025\/11\/Grand-Pan-dargent-pendentif-resine-aile-de-papillon-et-feuille-dor-600x1066.jpg 600w, https:\/\/art-bijoux.com\/wp-content\/uploads\/2025\/11\/Grand-Pan-dargent-pendentif-resine-aile-de-papillon-et-feuille-dor-scaled.jpg 1441w\" sizes=\"(max-width: 169px) 100vw, 169px\" \/><figcaption id=\"caption-attachment-5945\" class=\"wp-caption-text\">Grand Pan d\u2019Argent \u2013 Pendentif en r\u00e9sine, ailes de Grand Paon de nuit et feuille d\u2019or<\/figcaption><\/figure>\n<p data-start=\"480\" data-end=\"811\"><strong data-start=\"480\" data-end=\"502\">Grand Pan d\u2019Argent<\/strong> est un pendentif rectangulaire en r\u00e9sine qui valorise de v\u00e9ritables <strong data-start=\"571\" data-end=\"602\">ailes de Grand Paon de nuit<\/strong> (Saturnia pyri), retrouv\u00e9es dans mon jardin.<br data-start=\"661\" data-end=\"664\" \/>Sa <strong data-start=\"667\" data-end=\"687\">monture argent\u00e9e<\/strong> cr\u00e9e un contraste \u00e9l\u00e9gant avec les tons bruns et cr\u00e8me du papillon, \u00e9voquant la lumi\u00e8re de la lune sur les ailes nocturnes.<\/p>\n<p data-start=\"813\" data-end=\"1051\">Des touches de <strong data-start=\"828\" data-end=\"844\">feuille d\u2019or<\/strong> ont \u00e9t\u00e9 appliqu\u00e9es \u00e0 la main pour faire \u00e9cho aux ocelles caract\u00e9ristiques du Grand Paon et intensifier le jeu de mati\u00e8res : la noblesse du m\u00e9tal pr\u00e9cieux contre la d\u00e9licatesse d\u2019un \u00e9l\u00e9ment naturel retrouv\u00e9.<\/p>\n<p data-start=\"1053\" data-end=\"1160\">Chaque aile pr\u00e9sente ses propres nuances, veinures et textures, rendant ce pendentif <strong data-start=\"1138\" data-end=\"1159\">totalement unique<\/strong>.<\/p>\n<hr data-start=\"1162\" data-end=\"1165\" \/>\n<p data-start=\"1204\" data-end=\"1496\"><strong data-start=\"1204\" data-end=\"1226\">Grand Pan d\u2019Argent<\/strong> is a rectangular resin pendant featuring real <strong data-start=\"1273\" data-end=\"1295\">Emperor Moth wings<\/strong> (Saturnia pyri), naturally found in my garden.<br data-start=\"1342\" data-end=\"1345\" \/>Its <strong data-start=\"1349\" data-end=\"1365\">silver frame<\/strong> offers a refined contrast with the warm brown and cream tones of the moth\u2019s wings, reminiscent of moonlight on a nocturnal insect.<\/p>\n<p data-start=\"1498\" data-end=\"1659\">Hand-applied <strong data-start=\"1511\" data-end=\"1524\">gold leaf<\/strong> highlights the natural patterns and recalls the moth\u2019s characteristic ocelli, blending precious metal with recovered organic material.<\/p>\n<p data-start=\"1661\" data-end=\"1752\">Each wing has unique shades and textures, making this pendant <strong data-start=\"1723\" data-end=\"1751\">a one-of-a-kind creation<\/strong>.<\/p>\n<hr data-start=\"1754\" data-end=\"1757\" \/>\n<h2 data-start=\"1759\" data-end=\"1787\"><strong data-start=\"1762\" data-end=\"1787\">D\u00e9tails techniques<\/strong><\/h2>\n<ul data-start=\"1789\" data-end=\"2149\">\n<li data-start=\"1789\" data-end=\"1912\">\n<p data-start=\"1791\" data-end=\"1912\"><strong data-start=\"1791\" data-end=\"1805\">Mati\u00e8res :<\/strong> R\u00e9sine transparente, ailes de Grand Paon de nuit (Saturnia pyri), feuille d\u2019or, monture en m\u00e9tal argent\u00e9<\/p>\n<\/li>\n<li data-start=\"1913\" data-end=\"1984\">\n<p data-start=\"1915\" data-end=\"1984\"><strong data-start=\"1915\" data-end=\"1930\">Technique :<\/strong> Inclusion en r\u00e9sine + dorure appliqu\u00e9e manuellement<\/p>\n<\/li>\n<li data-start=\"1985\" data-end=\"2010\">\n<p data-start=\"1987\" data-end=\"2010\"><strong data-start=\"1987\" data-end=\"1998\">Forme :<\/strong> Rectangle<\/p>\n<\/li>\n<li data-start=\"2011\" data-end=\"2044\">\n<p data-start=\"2013\" data-end=\"2044\"><strong data-start=\"2013\" data-end=\"2029\">Dimensions :<\/strong> 3,2 \u00d7 2,2 cm<\/p>\n<\/li>\n<li data-start=\"2045\" data-end=\"2064\">\n<p data-start=\"2047\" data-end=\"2064\"><strong data-start=\"2047\" data-end=\"2058\">Poids :<\/strong> 5 g<\/p>\n<\/li>\n<li data-start=\"2065\" data-end=\"2124\">\n<p data-start=\"2067\" data-end=\"2124\"><strong data-start=\"2067\" data-end=\"2080\">Monture :<\/strong> Cadre m\u00e9tallique argent\u00e9 + anneau assorti<\/p>\n<\/li>\n<li data-start=\"2125\" data-end=\"2149\">\n<p data-start=\"2127\" data-end=\"2149\"><strong data-start=\"2127\" data-end=\"2145\">Pi\u00e8ce unique :<\/strong> Oui<\/p>\n<\/li>\n<\/ul>\n<hr data-start=\"1678\" data-end=\"1681\" \/>\n<p>&nbsp;<\/p>\n","protected":false},"excerpt":{"rendered":"<p>Pendentif en r\u00e9sine avec ailes de Grand Paon de nuit, monture argent\u00e9e et feuille d\u2019or. Pi\u00e8ce unique aux nuances naturelles.<br data-start=\"2457\" data-end=\"2460\" \/>Resin pendant with Emperor Moth wings, silver frame and gold leaf. Unique natural patterns.<\/p>\n","protected":false},"featured_media":5945,"comment_status":"open","ping_status":"closed","template":"","meta":[],"product_brand":[],"product_cat":[312],"product_tag":[198,26],"class_list":{"0":"post-5944","1":"product","2":"type-product","3":"status-publish","4":"has-post-thumbnail","6":"product_cat-resine","7":"product_tag-feuille-doree","8":"product_tag-pendentif-verre","9":"pa_bijou-pendentif","11":"first","12":"instock","13":"purchasable","14":"product-type-simple"},"yoast_head":"<!-- This site is optimized with the Yoast SEO plugin v27.4 - https:\/\/yoast.com\/product\/yoast-seo-wordpress\/ -->\n<title>Grand Pan d\u2019Argent \u2013 Pendentif en r\u00e9sine, ailes de Grand Paon de nuit et feuille d\u2019or - art-bijoux<\/title>\n<meta name=\"description\" content=\"Pendentif en r\u00e9sine avec ailes de Grand Paon de nuit et feuille d\u2019or. Monture couleur argent. Pi\u00e8ce unique aux nuances naturelles.\" \/>\n<meta name=\"robots\" content=\"index, follow, max-snippet:-1, max-image-preview:large, max-video-preview:-1\" \/>\n<link rel=\"canonical\" href=\"https:\/\/art-bijoux.com\/en\/boutique\/pendentif-resine-papillon\/\" \/>\n<meta property=\"og:locale\" content=\"en_US\" \/>\n<meta property=\"og:type\" content=\"article\" \/>\n<meta property=\"og:title\" content=\"Grand Pan d\u2019Argent \u2013 Pendentif en r\u00e9sine, ailes de Grand Paon de nuit et feuille d\u2019or - art-bijoux\" \/>\n<meta property=\"og:description\" content=\"Pendentif en r\u00e9sine avec ailes de Grand Paon de nuit et feuille d\u2019or. Monture couleur argent. Pi\u00e8ce unique aux nuances naturelles.\" \/>\n<meta property=\"og:url\" content=\"https:\/\/art-bijoux.com\/en\/boutique\/pendentif-resine-papillon\/\" \/>\n<meta property=\"og:site_name\" content=\"art-bijoux\" \/>\n<meta property=\"article:modified_time\" content=\"2025-11-16T12:32:13+00:00\" \/>\n<meta property=\"og:image\" content=\"https:\/\/art-bijoux.com\/wp-content\/uploads\/2025\/11\/Grand-Pan-dargent-pendentif-resine-aile-de-papillon-et-feuille-dor-scaled.jpg\" \/>\n\t<meta property=\"og:image:width\" content=\"1441\" \/>\n\t<meta property=\"og:image:height\" content=\"2560\" \/>\n\t<meta property=\"og:image:type\" content=\"image\/jpeg\" \/>\n<meta name=\"twitter:card\" content=\"summary_large_image\" \/>\n<meta name=\"twitter:label1\" content=\"Est. reading time\" \/>\n\t<meta name=\"twitter:data1\" content=\"2 minutes\" \/>\n<script type=\"application\/ld+json\" class=\"yoast-schema-graph\">{\"@context\":\"https:\\\/\\\/schema.org\",\"@graph\":[{\"@type\":\"WebPage\",\"@id\":\"https:\\\/\\\/art-bijoux.com\\\/en\\\/boutique\\\/pendentif-resine-papillon\\\/\",\"url\":\"https:\\\/\\\/art-bijoux.com\\\/en\\\/boutique\\\/pendentif-resine-papillon\\\/\",\"name\":\"Grand Pan d\u2019Argent \u2013 Pendentif en r\u00e9sine, ailes de Grand Paon de nuit et feuille d\u2019or - art-bijoux\",\"isPartOf\":{\"@id\":\"https:\\\/\\\/art-bijoux.com\\\/en\\\/#website\"},\"primaryImageOfPage\":{\"@id\":\"https:\\\/\\\/art-bijoux.com\\\/en\\\/boutique\\\/pendentif-resine-papillon\\\/#primaryimage\"},\"image\":{\"@id\":\"https:\\\/\\\/art-bijoux.com\\\/en\\\/boutique\\\/pendentif-resine-papillon\\\/#primaryimage\"},\"thumbnailUrl\":\"https:\\\/\\\/art-bijoux.com\\\/wp-content\\\/uploads\\\/2025\\\/11\\\/Grand-Pan-dargent-pendentif-resine-aile-de-papillon-et-feuille-dor-scaled.jpg\",\"datePublished\":\"2025-11-16T12:26:37+00:00\",\"dateModified\":\"2025-11-16T12:32:13+00:00\",\"description\":\"Pendentif en r\u00e9sine avec ailes de Grand Paon de nuit et feuille d\u2019or. Monture couleur argent. Pi\u00e8ce unique aux nuances naturelles.\",\"breadcrumb\":{\"@id\":\"https:\\\/\\\/art-bijoux.com\\\/en\\\/boutique\\\/pendentif-resine-papillon\\\/#breadcrumb\"},\"inLanguage\":\"en-US\",\"potentialAction\":[{\"@type\":\"ReadAction\",\"target\":[\"https:\\\/\\\/art-bijoux.com\\\/en\\\/boutique\\\/pendentif-resine-papillon\\\/\"]}]},{\"@type\":\"ImageObject\",\"inLanguage\":\"en-US\",\"@id\":\"https:\\\/\\\/art-bijoux.com\\\/en\\\/boutique\\\/pendentif-resine-papillon\\\/#primaryimage\",\"url\":\"https:\\\/\\\/art-bijoux.com\\\/wp-content\\\/uploads\\\/2025\\\/11\\\/Grand-Pan-dargent-pendentif-resine-aile-de-papillon-et-feuille-dor-scaled.jpg\",\"contentUrl\":\"https:\\\/\\\/art-bijoux.com\\\/wp-content\\\/uploads\\\/2025\\\/11\\\/Grand-Pan-dargent-pendentif-resine-aile-de-papillon-et-feuille-dor-scaled.jpg\",\"width\":1441,\"height\":2560,\"caption\":\"Grand Pan d\u2019Argent \u2013 Pendentif en r\u00e9sine, ailes de Grand Paon de nuit et feuille d\u2019or\"},{\"@type\":\"BreadcrumbList\",\"@id\":\"https:\\\/\\\/art-bijoux.com\\\/en\\\/boutique\\\/pendentif-resine-papillon\\\/#breadcrumb\",\"itemListElement\":[{\"@type\":\"ListItem\",\"position\":1,\"name\":\"Accueil\",\"item\":\"https:\\\/\\\/art-bijoux.com\\\/en\\\/home\\\/\"},{\"@type\":\"ListItem\",\"position\":2,\"name\":\"Shop\",\"item\":\"https:\\\/\\\/art-bijoux.com\\\/en\\\/shop\\\/\"},{\"@type\":\"ListItem\",\"position\":3,\"name\":\"Grand Pan d\u2019Argent \u2013 Pendentif en r\u00e9sine, ailes de Grand Paon de nuit et feuille d\u2019or\"}]},{\"@type\":\"WebSite\",\"@id\":\"https:\\\/\\\/art-bijoux.com\\\/en\\\/#website\",\"url\":\"https:\\\/\\\/art-bijoux.com\\\/en\\\/\",\"name\":\"art-bijoux\",\"description\":\"Osez porter \\\/ offrir un vitrail unique \u00e0 prix abordable\",\"publisher\":{\"@id\":\"https:\\\/\\\/art-bijoux.com\\\/en\\\/#organization\"},\"potentialAction\":[{\"@type\":\"SearchAction\",\"target\":{\"@type\":\"EntryPoint\",\"urlTemplate\":\"https:\\\/\\\/art-bijoux.com\\\/en\\\/?s={search_term_string}\"},\"query-input\":{\"@type\":\"PropertyValueSpecification\",\"valueRequired\":true,\"valueName\":\"search_term_string\"}}],\"inLanguage\":\"en-US\"},{\"@type\":\"Organization\",\"@id\":\"https:\\\/\\\/art-bijoux.com\\\/en\\\/#organization\",\"name\":\"art-bijoux\",\"url\":\"https:\\\/\\\/art-bijoux.com\\\/en\\\/\",\"logo\":{\"@type\":\"ImageObject\",\"inLanguage\":\"en-US\",\"@id\":\"https:\\\/\\\/art-bijoux.com\\\/en\\\/#\\\/schema\\\/logo\\\/image\\\/\",\"url\":\"https:\\\/\\\/art-bijoux.com\\\/wp-content\\\/uploads\\\/2024\\\/06\\\/Art-Bijoux-Logo-Small.png\",\"contentUrl\":\"https:\\\/\\\/art-bijoux.com\\\/wp-content\\\/uploads\\\/2024\\\/06\\\/Art-Bijoux-Logo-Small.png\",\"width\":722,\"height\":137,\"caption\":\"art-bijoux\"},\"image\":{\"@id\":\"https:\\\/\\\/art-bijoux.com\\\/en\\\/#\\\/schema\\\/logo\\\/image\\\/\"}}]}<\/script>\n<!-- \/ Yoast SEO plugin. -->","yoast_head_json":{"title":"Grand Pan d\u2019Argent \u2013 Pendentif en r\u00e9sine, ailes de Grand Paon de nuit et feuille d\u2019or - art-bijoux","description":"Pendentif en r\u00e9sine avec ailes de Grand Paon de nuit et feuille d\u2019or. Monture couleur argent. Pi\u00e8ce unique aux nuances naturelles.","robots":{"index":"index","follow":"follow","max-snippet":"max-snippet:-1","max-image-preview":"max-image-preview:large","max-video-preview":"max-video-preview:-1"},"canonical":"https:\/\/art-bijoux.com\/en\/boutique\/pendentif-resine-papillon\/","og_locale":"en_US","og_type":"article","og_title":"Grand Pan d\u2019Argent \u2013 Pendentif en r\u00e9sine, ailes de Grand Paon de nuit et feuille d\u2019or - art-bijoux","og_description":"Pendentif en r\u00e9sine avec ailes de Grand Paon de nuit et feuille d\u2019or. Monture couleur argent. Pi\u00e8ce unique aux nuances naturelles.","og_url":"https:\/\/art-bijoux.com\/en\/boutique\/pendentif-resine-papillon\/","og_site_name":"art-bijoux","article_modified_time":"2025-11-16T12:32:13+00:00","og_image":[{"width":1441,"height":2560,"url":"https:\/\/art-bijoux.com\/wp-content\/uploads\/2025\/11\/Grand-Pan-dargent-pendentif-resine-aile-de-papillon-et-feuille-dor-scaled.jpg","type":"image\/jpeg"}],"twitter_card":"summary_large_image","twitter_misc":{"Est. reading time":"2 minutes"},"schema":{"@context":"https:\/\/schema.org","@graph":[{"@type":"WebPage","@id":"https:\/\/art-bijoux.com\/en\/boutique\/pendentif-resine-papillon\/","url":"https:\/\/art-bijoux.com\/en\/boutique\/pendentif-resine-papillon\/","name":"Grand Pan d\u2019Argent \u2013 Pendentif en r\u00e9sine, ailes de Grand Paon de nuit et feuille d\u2019or - art-bijoux","isPartOf":{"@id":"https:\/\/art-bijoux.com\/en\/#website"},"primaryImageOfPage":{"@id":"https:\/\/art-bijoux.com\/en\/boutique\/pendentif-resine-papillon\/#primaryimage"},"image":{"@id":"https:\/\/art-bijoux.com\/en\/boutique\/pendentif-resine-papillon\/#primaryimage"},"thumbnailUrl":"https:\/\/art-bijoux.com\/wp-content\/uploads\/2025\/11\/Grand-Pan-dargent-pendentif-resine-aile-de-papillon-et-feuille-dor-scaled.jpg","datePublished":"2025-11-16T12:26:37+00:00","dateModified":"2025-11-16T12:32:13+00:00","description":"Pendentif en r\u00e9sine avec ailes de Grand Paon de nuit et feuille d\u2019or. Monture couleur argent. Pi\u00e8ce unique aux nuances naturelles.","breadcrumb":{"@id":"https:\/\/art-bijoux.com\/en\/boutique\/pendentif-resine-papillon\/#breadcrumb"},"inLanguage":"en-US","potentialAction":[{"@type":"ReadAction","target":["https:\/\/art-bijoux.com\/en\/boutique\/pendentif-resine-papillon\/"]}]},{"@type":"ImageObject","inLanguage":"en-US","@id":"https:\/\/art-bijoux.com\/en\/boutique\/pendentif-resine-papillon\/#primaryimage","url":"https:\/\/art-bijoux.com\/wp-content\/uploads\/2025\/11\/Grand-Pan-dargent-pendentif-resine-aile-de-papillon-et-feuille-dor-scaled.jpg","contentUrl":"https:\/\/art-bijoux.com\/wp-content\/uploads\/2025\/11\/Grand-Pan-dargent-pendentif-resine-aile-de-papillon-et-feuille-dor-scaled.jpg","width":1441,"height":2560,"caption":"Grand Pan d\u2019Argent \u2013 Pendentif en r\u00e9sine, ailes de Grand Paon de nuit et feuille d\u2019or"},{"@type":"BreadcrumbList","@id":"https:\/\/art-bijoux.com\/en\/boutique\/pendentif-resine-papillon\/#breadcrumb","itemListElement":[{"@type":"ListItem","position":1,"name":"Accueil","item":"https:\/\/art-bijoux.com\/en\/home\/"},{"@type":"ListItem","position":2,"name":"Shop","item":"https:\/\/art-bijoux.com\/en\/shop\/"},{"@type":"ListItem","position":3,"name":"Grand Pan d\u2019Argent \u2013 Pendentif en r\u00e9sine, ailes de Grand Paon de nuit et feuille d\u2019or"}]},{"@type":"WebSite","@id":"https:\/\/art-bijoux.com\/en\/#website","url":"https:\/\/art-bijoux.com\/en\/","name":"art-bijoux","description":"Osez porter \/ offrir un vitrail unique \u00e0 prix abordable","publisher":{"@id":"https:\/\/art-bijoux.com\/en\/#organization"},"potentialAction":[{"@type":"SearchAction","target":{"@type":"EntryPoint","urlTemplate":"https:\/\/art-bijoux.com\/en\/?s={search_term_string}"},"query-input":{"@type":"PropertyValueSpecification","valueRequired":true,"valueName":"search_term_string"}}],"inLanguage":"en-US"},{"@type":"Organization","@id":"https:\/\/art-bijoux.com\/en\/#organization","name":"art-bijoux","url":"https:\/\/art-bijoux.com\/en\/","logo":{"@type":"ImageObject","inLanguage":"en-US","@id":"https:\/\/art-bijoux.com\/en\/#\/schema\/logo\/image\/","url":"https:\/\/art-bijoux.com\/wp-content\/uploads\/2024\/06\/Art-Bijoux-Logo-Small.png","contentUrl":"https:\/\/art-bijoux.com\/wp-content\/uploads\/2024\/06\/Art-Bijoux-Logo-Small.png","width":722,"height":137,"caption":"art-bijoux"},"image":{"@id":"https:\/\/art-bijoux.com\/en\/#\/schema\/logo\/image\/"}}]}},"_links":{"self":[{"href":"https:\/\/art-bijoux.com\/en\/wp-json\/wp\/v2\/product\/5944","targetHints":{"allow":["GET"]}}],"collection":[{"href":"https:\/\/art-bijoux.com\/en\/wp-json\/wp\/v2\/product"}],"about":[{"href":"https:\/\/art-bijoux.com\/en\/wp-json\/wp\/v2\/types\/product"}],"replies":[{"embeddable":true,"href":"https:\/\/art-bijoux.com\/en\/wp-json\/wp\/v2\/comments?post=5944"}],"version-history":[{"count":1,"href":"https:\/\/art-bijoux.com\/en\/wp-json\/wp\/v2\/product\/5944\/revisions"}],"predecessor-version":[{"id":5949,"href":"https:\/\/art-bijoux.com\/en\/wp-json\/wp\/v2\/product\/5944\/revisions\/5949"}],"wp:featuredmedia":[{"embeddable":true,"href":"https:\/\/art-bijoux.com\/en\/wp-json\/wp\/v2\/media\/5945"}],"wp:attachment":[{"href":"https:\/\/art-bijoux.com\/en\/wp-json\/wp\/v2\/media?parent=5944"}],"wp:term":[{"taxonomy":"product_brand","embeddable":true,"href":"https:\/\/art-bijoux.com\/en\/wp-json\/wp\/v2\/product_brand?post=5944"},{"taxonomy":"product_cat","embeddable":true,"href":"https:\/\/art-bijoux.com\/en\/wp-json\/wp\/v2\/product_cat?post=5944"},{"taxonomy":"product_tag","embeddable":true,"href":"https:\/\/art-bijoux.com\/en\/wp-json\/wp\/v2\/product_tag?post=5944"}],"curies":[{"name":"wp","href":"https:\/\/api.w.org\/{rel}","templated":true}]}}