{"id":5950,"date":"2025-11-16T13:32:25","date_gmt":"2025-11-16T12:32:25","guid":{"rendered":"https:\/\/art-bijoux.com\/?post_type=product&#038;p=5950"},"modified":"2025-11-16T13:35:54","modified_gmt":"2025-11-16T12:35:54","slug":"pendentif-grand-pan-de-nuit-resine-grand-paon","status":"publish","type":"product","link":"https:\/\/art-bijoux.com\/en\/boutique\/pendentif-grand-pan-de-nuit-resine-grand-paon\/","title":{"rendered":"Grand Pan de Nuit \u2013 Pendentif losange en r\u00e9sine, ailes de Grand Paon de nuit et feuille d\u2019or"},"content":{"rendered":"<figure id=\"attachment_5951\" aria-describedby=\"caption-attachment-5951\" style=\"width: 169px\" class=\"wp-caption alignleft\"><img fetchpriority=\"high\" decoding=\"async\" class=\"size-medium wp-image-5951\" src=\"https:\/\/art-bijoux.com\/wp-content\/uploads\/2025\/11\/Grand-pan-de-nuit-169x300.jpg\" alt=\"Grand Pan de Nuit \u2013 Pendentif losange en r\u00e9sine, ailes de Grand Paon de nuit et feuille d\u2019or\" width=\"169\" height=\"300\" srcset=\"https:\/\/art-bijoux.com\/wp-content\/uploads\/2025\/11\/Grand-pan-de-nuit-169x300.jpg 169w, https:\/\/art-bijoux.com\/wp-content\/uploads\/2025\/11\/Grand-pan-de-nuit-576x1024.jpg 576w, https:\/\/art-bijoux.com\/wp-content\/uploads\/2025\/11\/Grand-pan-de-nuit-768x1365.jpg 768w, https:\/\/art-bijoux.com\/wp-content\/uploads\/2025\/11\/Grand-pan-de-nuit-864x1536.jpg 864w, https:\/\/art-bijoux.com\/wp-content\/uploads\/2025\/11\/Grand-pan-de-nuit-600x1067.jpg 600w, https:\/\/art-bijoux.com\/wp-content\/uploads\/2025\/11\/Grand-pan-de-nuit.jpg 1080w\" sizes=\"(max-width: 169px) 100vw, 169px\" \/><figcaption id=\"caption-attachment-5951\" class=\"wp-caption-text\">Grand Pan de Nuit \u2013 Pendentif losange en r\u00e9sine, ailes de Grand Paon de nuit et feuille d\u2019or<\/figcaption><\/figure>\n<p data-start=\"505\" data-end=\"800\"><strong data-start=\"505\" data-end=\"526\">Grand Pan de Nuit<\/strong> est un pendentif en forme de losange, r\u00e9alis\u00e9 en r\u00e9sine transparente et rehauss\u00e9 de v\u00e9ritables <strong data-start=\"622\" data-end=\"653\">ailes de Grand Paon de nuit<\/strong> (Saturnia pyri) retrouv\u00e9es dans mon jardin.<br data-start=\"697\" data-end=\"700\" \/>Sa <strong data-start=\"703\" data-end=\"732\">monture m\u00e9tallique bronze<\/strong> met en valeur les tons chauds, s\u00e9pia et cr\u00e8me du papillon nocturne.<\/p>\n<p data-start=\"802\" data-end=\"999\">Des \u00e9clats de <strong data-start=\"816\" data-end=\"832\">feuille d\u2019or<\/strong> ont \u00e9t\u00e9 appliqu\u00e9s \u00e0 la main pour rappeler les ocelles caract\u00e9ristiques du Grand Paon et cr\u00e9er un contraste subtil entre mati\u00e8re pr\u00e9cieuse et \u00e9l\u00e9ment naturel r\u00e9cup\u00e9r\u00e9.<\/p>\n<p data-start=\"1001\" data-end=\"1144\">Chaque aile poss\u00e8de sa propre structure et ses dessins naturels, rendant ce bijou <strong data-start=\"1083\" data-end=\"1104\">totalement unique<\/strong>, impossible \u00e0 reproduire \u00e0 l\u2019identique.<\/p>\n<hr data-start=\"1146\" data-end=\"1149\" \/>\n<p data-start=\"1188\" data-end=\"1440\"><strong data-start=\"1188\" data-end=\"1209\">Grand Pan de Nuit<\/strong> is a diamond-shaped pendant crafted in clear resin, featuring real <strong data-start=\"1277\" data-end=\"1299\">Emperor Moth wings<\/strong> (Saturnia pyri) naturally found in my garden.<br data-start=\"1345\" data-end=\"1348\" \/>Its <strong data-start=\"1352\" data-end=\"1374\">bronze-toned frame<\/strong> enhances the warm sepia and cream nuances of this nocturnal moth.<\/p>\n<p data-start=\"1442\" data-end=\"1591\">Hand-applied <strong data-start=\"1455\" data-end=\"1468\">gold leaf<\/strong> echoes the moth\u2019s distinctive ocelli and creates a refined contrast between precious metal and recovered natural material.<\/p>\n<p data-start=\"1593\" data-end=\"1689\">Every wing has its own pattern and texture, making this pendant <strong data-start=\"1657\" data-end=\"1688\">a truly one-of-a-kind piece<\/strong>.<\/p>\n<hr data-start=\"1691\" data-end=\"1694\" \/>\n<h2 data-start=\"1696\" data-end=\"1724\"><strong data-start=\"1699\" data-end=\"1724\">D\u00e9tails techniques<\/strong><\/h2>\n<ul data-start=\"1726\" data-end=\"2112\">\n<li data-start=\"1726\" data-end=\"1845\">\n<p data-start=\"1728\" data-end=\"1845\"><strong data-start=\"1728\" data-end=\"1742\">Mati\u00e8res :<\/strong> R\u00e9sine transparente, ailes de Grand Paon de nuit (Saturnia pyri), feuille d\u2019or, monture m\u00e9tal bronze<\/p>\n<\/li>\n<li data-start=\"1846\" data-end=\"1917\">\n<p data-start=\"1848\" data-end=\"1917\"><strong data-start=\"1848\" data-end=\"1863\">Technique :<\/strong> Inclusion en r\u00e9sine + dorure appliqu\u00e9e manuellement<\/p>\n<\/li>\n<li data-start=\"1918\" data-end=\"1941\">\n<p data-start=\"1920\" data-end=\"1941\"><strong data-start=\"1920\" data-end=\"1931\">Forme :<\/strong> Losange<\/p>\n<\/li>\n<li data-start=\"1942\" data-end=\"1994\">\n<p data-start=\"1944\" data-end=\"1994\"><strong data-start=\"1944\" data-end=\"1960\">Dimensions :<\/strong> Hauteur 3,6 cm \u2013 Largeur 2,5 cm<\/p>\n<\/li>\n<li data-start=\"1995\" data-end=\"2028\">\n<p data-start=\"1997\" data-end=\"2028\"><strong data-start=\"1997\" data-end=\"2008\">Poids :<\/strong> 3 g (ultra l\u00e9ger)<\/p>\n<\/li>\n<li data-start=\"2029\" data-end=\"2087\">\n<p data-start=\"2031\" data-end=\"2087\"><strong data-start=\"2031\" data-end=\"2044\">Monture :<\/strong> Cadre m\u00e9tallique bronze + anneau assorti<\/p>\n<\/li>\n<li data-start=\"2088\" data-end=\"2112\">\n<p data-start=\"2090\" data-end=\"2112\"><strong data-start=\"2090\" data-end=\"2108\">Pi\u00e8ce unique :<\/strong> Oui<\/p>\n<\/li>\n<\/ul>\n","protected":false},"excerpt":{"rendered":"<p>Pendentif losange en r\u00e9sine avec ailes de Grand Paon de nuit et feuille d\u2019or. Monture bronze et pi\u00e8ce unique aux nuances naturelles.<br data-start=\"2428\" data-end=\"2431\" \/>Diamond-shaped resin pendant with Emperor Moth wings and gold leaf. Bronze frame and unique natural patterns.<\/p>\n","protected":false},"featured_media":5951,"comment_status":"open","ping_status":"closed","template":"","meta":[],"product_brand":[],"product_cat":[312],"product_tag":[198,26],"class_list":{"0":"post-5950","1":"product","2":"type-product","3":"status-publish","4":"has-post-thumbnail","6":"product_cat-resine","7":"product_tag-feuille-doree","8":"product_tag-pendentif-verre","9":"pa_bijou-pendentif","11":"first","12":"instock","13":"purchasable","14":"product-type-simple"},"yoast_head":"<!-- This site is optimized with the Yoast SEO plugin v27.4 - https:\/\/yoast.com\/product\/yoast-seo-wordpress\/ -->\n<title>Grand Pan de Nuit \u2013 Pendentif losange en r\u00e9sine, ailes de Grand Paon de nuit et feuille d\u2019or - art-bijoux<\/title>\n<meta name=\"description\" content=\"Pendentif en r\u00e9sine avec ailes de Grand Paon de nuit et feuille d\u2019or. Monture couleur argent. Pi\u00e8ce unique aux nuances naturelles.\" \/>\n<meta name=\"robots\" content=\"index, follow, max-snippet:-1, max-image-preview:large, max-video-preview:-1\" \/>\n<link rel=\"canonical\" href=\"https:\/\/art-bijoux.com\/en\/boutique\/pendentif-grand-pan-de-nuit-resine-grand-paon\/\" \/>\n<meta property=\"og:locale\" content=\"en_US\" \/>\n<meta property=\"og:type\" content=\"article\" \/>\n<meta property=\"og:title\" content=\"Grand Pan de Nuit \u2013 Pendentif losange en r\u00e9sine, ailes de Grand Paon de nuit et feuille d\u2019or - art-bijoux\" \/>\n<meta property=\"og:description\" content=\"Pendentif en r\u00e9sine avec ailes de Grand Paon de nuit et feuille d\u2019or. Monture couleur argent. Pi\u00e8ce unique aux nuances naturelles.\" \/>\n<meta property=\"og:url\" content=\"https:\/\/art-bijoux.com\/en\/boutique\/pendentif-grand-pan-de-nuit-resine-grand-paon\/\" \/>\n<meta property=\"og:site_name\" content=\"art-bijoux\" \/>\n<meta property=\"article:modified_time\" content=\"2025-11-16T12:35:54+00:00\" \/>\n<meta property=\"og:image\" content=\"https:\/\/art-bijoux.com\/wp-content\/uploads\/2025\/11\/Grand-pan-de-nuit.jpg\" \/>\n\t<meta property=\"og:image:width\" content=\"1080\" \/>\n\t<meta property=\"og:image:height\" content=\"1920\" \/>\n\t<meta property=\"og:image:type\" content=\"image\/jpeg\" \/>\n<meta name=\"twitter:card\" content=\"summary_large_image\" \/>\n<meta name=\"twitter:label1\" content=\"Est. reading time\" \/>\n\t<meta name=\"twitter:data1\" content=\"2 minutes\" \/>\n<script type=\"application\/ld+json\" class=\"yoast-schema-graph\">{\"@context\":\"https:\\\/\\\/schema.org\",\"@graph\":[{\"@type\":\"WebPage\",\"@id\":\"https:\\\/\\\/art-bijoux.com\\\/en\\\/boutique\\\/pendentif-grand-pan-de-nuit-resine-grand-paon\\\/\",\"url\":\"https:\\\/\\\/art-bijoux.com\\\/en\\\/boutique\\\/pendentif-grand-pan-de-nuit-resine-grand-paon\\\/\",\"name\":\"Grand Pan de Nuit \u2013 Pendentif losange en r\u00e9sine, ailes de Grand Paon de nuit et feuille d\u2019or - art-bijoux\",\"isPartOf\":{\"@id\":\"https:\\\/\\\/art-bijoux.com\\\/en\\\/#website\"},\"primaryImageOfPage\":{\"@id\":\"https:\\\/\\\/art-bijoux.com\\\/en\\\/boutique\\\/pendentif-grand-pan-de-nuit-resine-grand-paon\\\/#primaryimage\"},\"image\":{\"@id\":\"https:\\\/\\\/art-bijoux.com\\\/en\\\/boutique\\\/pendentif-grand-pan-de-nuit-resine-grand-paon\\\/#primaryimage\"},\"thumbnailUrl\":\"https:\\\/\\\/art-bijoux.com\\\/wp-content\\\/uploads\\\/2025\\\/11\\\/Grand-pan-de-nuit.jpg\",\"datePublished\":\"2025-11-16T12:32:25+00:00\",\"dateModified\":\"2025-11-16T12:35:54+00:00\",\"description\":\"Pendentif en r\u00e9sine avec ailes de Grand Paon de nuit et feuille d\u2019or. Monture couleur argent. Pi\u00e8ce unique aux nuances naturelles.\",\"breadcrumb\":{\"@id\":\"https:\\\/\\\/art-bijoux.com\\\/en\\\/boutique\\\/pendentif-grand-pan-de-nuit-resine-grand-paon\\\/#breadcrumb\"},\"inLanguage\":\"en-US\",\"potentialAction\":[{\"@type\":\"ReadAction\",\"target\":[\"https:\\\/\\\/art-bijoux.com\\\/en\\\/boutique\\\/pendentif-grand-pan-de-nuit-resine-grand-paon\\\/\"]}]},{\"@type\":\"ImageObject\",\"inLanguage\":\"en-US\",\"@id\":\"https:\\\/\\\/art-bijoux.com\\\/en\\\/boutique\\\/pendentif-grand-pan-de-nuit-resine-grand-paon\\\/#primaryimage\",\"url\":\"https:\\\/\\\/art-bijoux.com\\\/wp-content\\\/uploads\\\/2025\\\/11\\\/Grand-pan-de-nuit.jpg\",\"contentUrl\":\"https:\\\/\\\/art-bijoux.com\\\/wp-content\\\/uploads\\\/2025\\\/11\\\/Grand-pan-de-nuit.jpg\",\"width\":1080,\"height\":1920,\"caption\":\"Grand Pan de Nuit \u2013 Pendentif losange en r\u00e9sine, ailes de Grand Paon de nuit et feuille d\u2019or\"},{\"@type\":\"BreadcrumbList\",\"@id\":\"https:\\\/\\\/art-bijoux.com\\\/en\\\/boutique\\\/pendentif-grand-pan-de-nuit-resine-grand-paon\\\/#breadcrumb\",\"itemListElement\":[{\"@type\":\"ListItem\",\"position\":1,\"name\":\"Accueil\",\"item\":\"https:\\\/\\\/art-bijoux.com\\\/en\\\/home\\\/\"},{\"@type\":\"ListItem\",\"position\":2,\"name\":\"Shop\",\"item\":\"https:\\\/\\\/art-bijoux.com\\\/en\\\/shop\\\/\"},{\"@type\":\"ListItem\",\"position\":3,\"name\":\"Grand Pan de Nuit \u2013 Pendentif losange en r\u00e9sine, ailes de Grand Paon de nuit et feuille d\u2019or\"}]},{\"@type\":\"WebSite\",\"@id\":\"https:\\\/\\\/art-bijoux.com\\\/en\\\/#website\",\"url\":\"https:\\\/\\\/art-bijoux.com\\\/en\\\/\",\"name\":\"art-bijoux\",\"description\":\"Osez porter \\\/ offrir un vitrail unique \u00e0 prix abordable\",\"publisher\":{\"@id\":\"https:\\\/\\\/art-bijoux.com\\\/en\\\/#organization\"},\"potentialAction\":[{\"@type\":\"SearchAction\",\"target\":{\"@type\":\"EntryPoint\",\"urlTemplate\":\"https:\\\/\\\/art-bijoux.com\\\/en\\\/?s={search_term_string}\"},\"query-input\":{\"@type\":\"PropertyValueSpecification\",\"valueRequired\":true,\"valueName\":\"search_term_string\"}}],\"inLanguage\":\"en-US\"},{\"@type\":\"Organization\",\"@id\":\"https:\\\/\\\/art-bijoux.com\\\/en\\\/#organization\",\"name\":\"art-bijoux\",\"url\":\"https:\\\/\\\/art-bijoux.com\\\/en\\\/\",\"logo\":{\"@type\":\"ImageObject\",\"inLanguage\":\"en-US\",\"@id\":\"https:\\\/\\\/art-bijoux.com\\\/en\\\/#\\\/schema\\\/logo\\\/image\\\/\",\"url\":\"https:\\\/\\\/art-bijoux.com\\\/wp-content\\\/uploads\\\/2024\\\/06\\\/Art-Bijoux-Logo-Small.png\",\"contentUrl\":\"https:\\\/\\\/art-bijoux.com\\\/wp-content\\\/uploads\\\/2024\\\/06\\\/Art-Bijoux-Logo-Small.png\",\"width\":722,\"height\":137,\"caption\":\"art-bijoux\"},\"image\":{\"@id\":\"https:\\\/\\\/art-bijoux.com\\\/en\\\/#\\\/schema\\\/logo\\\/image\\\/\"}}]}<\/script>\n<!-- \/ Yoast SEO plugin. -->","yoast_head_json":{"title":"Grand Pan de Nuit \u2013 Pendentif losange en r\u00e9sine, ailes de Grand Paon de nuit et feuille d\u2019or - art-bijoux","description":"Pendentif en r\u00e9sine avec ailes de Grand Paon de nuit et feuille d\u2019or. Monture couleur argent. Pi\u00e8ce unique aux nuances naturelles.","robots":{"index":"index","follow":"follow","max-snippet":"max-snippet:-1","max-image-preview":"max-image-preview:large","max-video-preview":"max-video-preview:-1"},"canonical":"https:\/\/art-bijoux.com\/en\/boutique\/pendentif-grand-pan-de-nuit-resine-grand-paon\/","og_locale":"en_US","og_type":"article","og_title":"Grand Pan de Nuit \u2013 Pendentif losange en r\u00e9sine, ailes de Grand Paon de nuit et feuille d\u2019or - art-bijoux","og_description":"Pendentif en r\u00e9sine avec ailes de Grand Paon de nuit et feuille d\u2019or. Monture couleur argent. Pi\u00e8ce unique aux nuances naturelles.","og_url":"https:\/\/art-bijoux.com\/en\/boutique\/pendentif-grand-pan-de-nuit-resine-grand-paon\/","og_site_name":"art-bijoux","article_modified_time":"2025-11-16T12:35:54+00:00","og_image":[{"width":1080,"height":1920,"url":"https:\/\/art-bijoux.com\/wp-content\/uploads\/2025\/11\/Grand-pan-de-nuit.jpg","type":"image\/jpeg"}],"twitter_card":"summary_large_image","twitter_misc":{"Est. reading time":"2 minutes"},"schema":{"@context":"https:\/\/schema.org","@graph":[{"@type":"WebPage","@id":"https:\/\/art-bijoux.com\/en\/boutique\/pendentif-grand-pan-de-nuit-resine-grand-paon\/","url":"https:\/\/art-bijoux.com\/en\/boutique\/pendentif-grand-pan-de-nuit-resine-grand-paon\/","name":"Grand Pan de Nuit \u2013 Pendentif losange en r\u00e9sine, ailes de Grand Paon de nuit et feuille d\u2019or - art-bijoux","isPartOf":{"@id":"https:\/\/art-bijoux.com\/en\/#website"},"primaryImageOfPage":{"@id":"https:\/\/art-bijoux.com\/en\/boutique\/pendentif-grand-pan-de-nuit-resine-grand-paon\/#primaryimage"},"image":{"@id":"https:\/\/art-bijoux.com\/en\/boutique\/pendentif-grand-pan-de-nuit-resine-grand-paon\/#primaryimage"},"thumbnailUrl":"https:\/\/art-bijoux.com\/wp-content\/uploads\/2025\/11\/Grand-pan-de-nuit.jpg","datePublished":"2025-11-16T12:32:25+00:00","dateModified":"2025-11-16T12:35:54+00:00","description":"Pendentif en r\u00e9sine avec ailes de Grand Paon de nuit et feuille d\u2019or. Monture couleur argent. Pi\u00e8ce unique aux nuances naturelles.","breadcrumb":{"@id":"https:\/\/art-bijoux.com\/en\/boutique\/pendentif-grand-pan-de-nuit-resine-grand-paon\/#breadcrumb"},"inLanguage":"en-US","potentialAction":[{"@type":"ReadAction","target":["https:\/\/art-bijoux.com\/en\/boutique\/pendentif-grand-pan-de-nuit-resine-grand-paon\/"]}]},{"@type":"ImageObject","inLanguage":"en-US","@id":"https:\/\/art-bijoux.com\/en\/boutique\/pendentif-grand-pan-de-nuit-resine-grand-paon\/#primaryimage","url":"https:\/\/art-bijoux.com\/wp-content\/uploads\/2025\/11\/Grand-pan-de-nuit.jpg","contentUrl":"https:\/\/art-bijoux.com\/wp-content\/uploads\/2025\/11\/Grand-pan-de-nuit.jpg","width":1080,"height":1920,"caption":"Grand Pan de Nuit \u2013 Pendentif losange en r\u00e9sine, ailes de Grand Paon de nuit et feuille d\u2019or"},{"@type":"BreadcrumbList","@id":"https:\/\/art-bijoux.com\/en\/boutique\/pendentif-grand-pan-de-nuit-resine-grand-paon\/#breadcrumb","itemListElement":[{"@type":"ListItem","position":1,"name":"Accueil","item":"https:\/\/art-bijoux.com\/en\/home\/"},{"@type":"ListItem","position":2,"name":"Shop","item":"https:\/\/art-bijoux.com\/en\/shop\/"},{"@type":"ListItem","position":3,"name":"Grand Pan de Nuit \u2013 Pendentif losange en r\u00e9sine, ailes de Grand Paon de nuit et feuille d\u2019or"}]},{"@type":"WebSite","@id":"https:\/\/art-bijoux.com\/en\/#website","url":"https:\/\/art-bijoux.com\/en\/","name":"art-bijoux","description":"Osez porter \/ offrir un vitrail unique \u00e0 prix abordable","publisher":{"@id":"https:\/\/art-bijoux.com\/en\/#organization"},"potentialAction":[{"@type":"SearchAction","target":{"@type":"EntryPoint","urlTemplate":"https:\/\/art-bijoux.com\/en\/?s={search_term_string}"},"query-input":{"@type":"PropertyValueSpecification","valueRequired":true,"valueName":"search_term_string"}}],"inLanguage":"en-US"},{"@type":"Organization","@id":"https:\/\/art-bijoux.com\/en\/#organization","name":"art-bijoux","url":"https:\/\/art-bijoux.com\/en\/","logo":{"@type":"ImageObject","inLanguage":"en-US","@id":"https:\/\/art-bijoux.com\/en\/#\/schema\/logo\/image\/","url":"https:\/\/art-bijoux.com\/wp-content\/uploads\/2024\/06\/Art-Bijoux-Logo-Small.png","contentUrl":"https:\/\/art-bijoux.com\/wp-content\/uploads\/2024\/06\/Art-Bijoux-Logo-Small.png","width":722,"height":137,"caption":"art-bijoux"},"image":{"@id":"https:\/\/art-bijoux.com\/en\/#\/schema\/logo\/image\/"}}]}},"_links":{"self":[{"href":"https:\/\/art-bijoux.com\/en\/wp-json\/wp\/v2\/product\/5950","targetHints":{"allow":["GET"]}}],"collection":[{"href":"https:\/\/art-bijoux.com\/en\/wp-json\/wp\/v2\/product"}],"about":[{"href":"https:\/\/art-bijoux.com\/en\/wp-json\/wp\/v2\/types\/product"}],"replies":[{"embeddable":true,"href":"https:\/\/art-bijoux.com\/en\/wp-json\/wp\/v2\/comments?post=5950"}],"version-history":[{"count":1,"href":"https:\/\/art-bijoux.com\/en\/wp-json\/wp\/v2\/product\/5950\/revisions"}],"predecessor-version":[{"id":5955,"href":"https:\/\/art-bijoux.com\/en\/wp-json\/wp\/v2\/product\/5950\/revisions\/5955"}],"wp:featuredmedia":[{"embeddable":true,"href":"https:\/\/art-bijoux.com\/en\/wp-json\/wp\/v2\/media\/5951"}],"wp:attachment":[{"href":"https:\/\/art-bijoux.com\/en\/wp-json\/wp\/v2\/media?parent=5950"}],"wp:term":[{"taxonomy":"product_brand","embeddable":true,"href":"https:\/\/art-bijoux.com\/en\/wp-json\/wp\/v2\/product_brand?post=5950"},{"taxonomy":"product_cat","embeddable":true,"href":"https:\/\/art-bijoux.com\/en\/wp-json\/wp\/v2\/product_cat?post=5950"},{"taxonomy":"product_tag","embeddable":true,"href":"https:\/\/art-bijoux.com\/en\/wp-json\/wp\/v2\/product_tag?post=5950"}],"curies":[{"name":"wp","href":"https:\/\/api.w.org\/{rel}","templated":true}]}}