{"id":5965,"date":"2025-11-17T16:12:27","date_gmt":"2025-11-17T15:12:27","guid":{"rendered":"https:\/\/art-bijoux.com\/?post_type=product&#038;p=5965"},"modified":"2025-11-17T16:18:46","modified_gmt":"2025-11-17T15:18:46","slug":"vortex-hypnotique-pendentif-verre-recycle","status":"publish","type":"product","link":"https:\/\/art-bijoux.com\/en\/boutique\/vortex-hypnotique-pendentif-verre-recycle\/","title":{"rendered":"Vortex hypnotique \u2013 Pendentif fusing millefiori turquoise, verre recycl\u00e9, montage Tiffany"},"content":{"rendered":"<figure id=\"attachment_5966\" aria-describedby=\"caption-attachment-5966\" style=\"width: 169px\" class=\"wp-caption alignleft\"><img fetchpriority=\"high\" decoding=\"async\" class=\"size-medium wp-image-5966\" src=\"https:\/\/art-bijoux.com\/wp-content\/uploads\/2025\/11\/Vortex-hypnotique-pendentif-fusing-et-Tiffany-1-169x300.jpg\" alt=\"Vortex hypnotique \u2013 Pendentif fusing millefiori turquoise, verre recycl\u00e9, montage Tiffany\" width=\"169\" height=\"300\" srcset=\"https:\/\/art-bijoux.com\/wp-content\/uploads\/2025\/11\/Vortex-hypnotique-pendentif-fusing-et-Tiffany-1-169x300.jpg 169w, https:\/\/art-bijoux.com\/wp-content\/uploads\/2025\/11\/Vortex-hypnotique-pendentif-fusing-et-Tiffany-1-577x1024.jpg 577w, https:\/\/art-bijoux.com\/wp-content\/uploads\/2025\/11\/Vortex-hypnotique-pendentif-fusing-et-Tiffany-1-768x1364.jpg 768w, https:\/\/art-bijoux.com\/wp-content\/uploads\/2025\/11\/Vortex-hypnotique-pendentif-fusing-et-Tiffany-1-865x1536.jpg 865w, https:\/\/art-bijoux.com\/wp-content\/uploads\/2025\/11\/Vortex-hypnotique-pendentif-fusing-et-Tiffany-1-600x1066.jpg 600w, https:\/\/art-bijoux.com\/wp-content\/uploads\/2025\/11\/Vortex-hypnotique-pendentif-fusing-et-Tiffany-1.jpg 1080w\" sizes=\"(max-width: 169px) 100vw, 169px\" \/><figcaption id=\"caption-attachment-5966\" class=\"wp-caption-text\">Vortex hypnotique \u2013 Pendentif fusing millefiori turquoise, verre recycl\u00e9, montage Tiffany<\/figcaption><\/figure>\n<p data-start=\"464\" data-end=\"868\">Pendentif rectangulaire r\u00e9alis\u00e9 \u00e0 partir d\u2019un \u00e9clat de <strong data-start=\"552\" data-end=\"585\">verre opaque blanc stri\u00e9 gris<\/strong>.<br data-start=\"586\" data-end=\"589\" \/>En son centre, un <strong data-start=\"607\" data-end=\"631\">millefiori turquoise<\/strong>, fondu juste assez pour rester affleurant, cr\u00e9e un v\u00e9ritable point focal : un vortex miniature, graphique et lumineux.<br data-start=\"750\" data-end=\"753\" \/>Mont\u00e9 selon la technique <strong data-start=\"778\" data-end=\"789\">Tiffany<\/strong>, meulage, cuivrage et soudure assurent une pi\u00e8ce solide, artisanale et unique.<\/p>\n<hr data-start=\"870\" data-end=\"873\" \/>\n<h1 data-start=\"875\" data-end=\"897\">Hypnotic Vortex \u2013 Fused millefiori turquoise pendant, recycled glass, Tiffany setting<\/h1>\n<p data-start=\"898\" data-end=\"1242\">A rectangular pendant crafted from <strong data-start=\"969\" data-end=\"1005\">white-grey streaked opaque glass<\/strong>.<br data-start=\"1006\" data-end=\"1009\" \/>At its center, a slightly fused <strong data-start=\"1041\" data-end=\"1065\">turquoise millefiori<\/strong> creates a bold focal point \u2014 a miniature, hypnotic vortex.<br data-start=\"1124\" data-end=\"1127\" \/>Finished with the traditional <strong data-start=\"1157\" data-end=\"1190\">Tiffany copper-foil technique<\/strong>, giving the piece strength, texture and uniqueness.<\/p>\n<hr data-start=\"1244\" data-end=\"1247\" \/>\n<h1 data-start=\"1249\" data-end=\"1275\"><strong data-start=\"1251\" data-end=\"1273\">D\u00c9TAILS TECHNIQUES<\/strong><\/h1>\n<ul data-start=\"1276\" data-end=\"1536\">\n<li data-start=\"1276\" data-end=\"1306\">\n<p data-start=\"1278\" data-end=\"1306\">Forme : rectangle vertical<\/p>\n<\/li>\n<li data-start=\"1307\" data-end=\"1331\">\n<p data-start=\"1309\" data-end=\"1331\">Hauteur : <strong data-start=\"1319\" data-end=\"1329\">4,3 cm<\/strong><\/p>\n<\/li>\n<li data-start=\"1332\" data-end=\"1356\">\n<p data-start=\"1334\" data-end=\"1356\">Largeur : <strong data-start=\"1344\" data-end=\"1354\">2,3 cm<\/strong><\/p>\n<\/li>\n<li data-start=\"1357\" data-end=\"1377\">\n<p data-start=\"1359\" data-end=\"1377\">Poids : <strong data-start=\"1367\" data-end=\"1375\">10 g<\/strong><\/p>\n<\/li>\n<li data-start=\"1378\" data-end=\"1439\">\n<p data-start=\"1380\" data-end=\"1439\">Techniques : fusing l\u00e9ger du millefiori + montage Tiffany<\/p>\n<\/li>\n<li data-start=\"1440\" data-end=\"1459\">\n<p data-start=\"1442\" data-end=\"1459\">Verre : recycl\u00e9<\/p>\n<\/li>\n<li data-start=\"1460\" data-end=\"1509\">\n<p data-start=\"1462\" data-end=\"1509\">Couleurs : blanc gris, turquoise concentrique<\/p>\n<\/li>\n<li data-start=\"1510\" data-end=\"1536\">\n<p data-start=\"1512\" data-end=\"1536\">Pi\u00e8ce unique, faite main<\/p>\n<\/li>\n<\/ul>\n<p>&nbsp;<\/p>\n","protected":false},"excerpt":{"rendered":"<p data-start=\"1584\" data-end=\"1690\">Pendentif en verre recycl\u00e9 avec millefiori turquoise affleurant. Cr\u00e9ation artisanale en technique Tiffany.<\/p>\n<p data-start=\"1733\" data-end=\"1813\">Recycled-glass pendant with turquoise millefiori. Handcrafted Tiffany technique.<\/p>\n","protected":false},"featured_media":5966,"comment_status":"open","ping_status":"closed","template":"","meta":[],"product_brand":[],"product_cat":[186],"product_tag":[36,49,26,27],"class_list":{"0":"post-5965","1":"product","2":"type-product","3":"status-publish","4":"has-post-thumbnail","6":"product_cat-bijou-pendentif-fusing-tiffany","7":"product_tag-verre-abstrait","8":"product_tag-fusing-verre","9":"product_tag-pendentif-verre","10":"product_tag-tiffany-verre","11":"pa_bijou-pendentif","13":"first","14":"instock","15":"purchasable","16":"product-type-simple"},"_links":{"self":[{"href":"https:\/\/art-bijoux.com\/en\/wp-json\/wp\/v2\/product\/5965","targetHints":{"allow":["GET"]}}],"collection":[{"href":"https:\/\/art-bijoux.com\/en\/wp-json\/wp\/v2\/product"}],"about":[{"href":"https:\/\/art-bijoux.com\/en\/wp-json\/wp\/v2\/types\/product"}],"replies":[{"embeddable":true,"href":"https:\/\/art-bijoux.com\/en\/wp-json\/wp\/v2\/comments?post=5965"}],"version-history":[{"count":1,"href":"https:\/\/art-bijoux.com\/en\/wp-json\/wp\/v2\/product\/5965\/revisions"}],"predecessor-version":[{"id":5972,"href":"https:\/\/art-bijoux.com\/en\/wp-json\/wp\/v2\/product\/5965\/revisions\/5972"}],"wp:featuredmedia":[{"embeddable":true,"href":"https:\/\/art-bijoux.com\/en\/wp-json\/wp\/v2\/media\/5966"}],"wp:attachment":[{"href":"https:\/\/art-bijoux.com\/en\/wp-json\/wp\/v2\/media?parent=5965"}],"wp:term":[{"taxonomy":"product_brand","embeddable":true,"href":"https:\/\/art-bijoux.com\/en\/wp-json\/wp\/v2\/product_brand?post=5965"},{"taxonomy":"product_cat","embeddable":true,"href":"https:\/\/art-bijoux.com\/en\/wp-json\/wp\/v2\/product_cat?post=5965"},{"taxonomy":"product_tag","embeddable":true,"href":"https:\/\/art-bijoux.com\/en\/wp-json\/wp\/v2\/product_tag?post=5965"}],"curies":[{"name":"wp","href":"https:\/\/api.w.org\/{rel}","templated":true}]}}