{"id":5984,"date":"2025-11-20T10:46:53","date_gmt":"2025-11-20T09:46:53","guid":{"rendered":"https:\/\/art-bijoux.com\/?post_type=product&#038;p=5984"},"modified":"2025-11-20T10:46:54","modified_gmt":"2025-11-20T09:46:54","slug":"broche-reunion-de-millefiori-sur-ailes-dazur","status":"publish","type":"product","link":"https:\/\/art-bijoux.com\/en\/boutique\/broche-reunion-de-millefiori-sur-ailes-dazur\/","title":{"rendered":"Broche R\u00e9union de millefiori sur ailes d\u2019azur"},"content":{"rendered":"<figure id=\"attachment_5985\" aria-describedby=\"caption-attachment-5985\" style=\"width: 169px\" class=\"wp-caption alignleft\"><img fetchpriority=\"high\" decoding=\"async\" class=\"size-medium wp-image-5985\" src=\"https:\/\/art-bijoux.com\/wp-content\/uploads\/2025\/11\/Broche-Reunion-de-millefiori-sur-azur-v-169x300.jpg\" alt=\"Broche R\u00e9union de millefiori sur ailes d\u2019azur\" width=\"169\" height=\"300\" srcset=\"https:\/\/art-bijoux.com\/wp-content\/uploads\/2025\/11\/Broche-Reunion-de-millefiori-sur-azur-v-169x300.jpg 169w, https:\/\/art-bijoux.com\/wp-content\/uploads\/2025\/11\/Broche-Reunion-de-millefiori-sur-azur-v-576x1024.jpg 576w, https:\/\/art-bijoux.com\/wp-content\/uploads\/2025\/11\/Broche-Reunion-de-millefiori-sur-azur-v-768x1365.jpg 768w, https:\/\/art-bijoux.com\/wp-content\/uploads\/2025\/11\/Broche-Reunion-de-millefiori-sur-azur-v-864x1536.jpg 864w, https:\/\/art-bijoux.com\/wp-content\/uploads\/2025\/11\/Broche-Reunion-de-millefiori-sur-azur-v-600x1067.jpg 600w, https:\/\/art-bijoux.com\/wp-content\/uploads\/2025\/11\/Broche-Reunion-de-millefiori-sur-azur-v.jpg 1080w\" sizes=\"(max-width: 169px) 100vw, 169px\" \/><figcaption id=\"caption-attachment-5985\" class=\"wp-caption-text\">Broche R\u00e9union de millefiori sur ailes d\u2019azur<\/figcaption><\/figure>\n<p data-start=\"304\" data-end=\"841\">Pi\u00e8ce unique cr\u00e9\u00e9e \u00e0 partir de verre recycl\u00e9, cette broche \u00ab R\u00e9union de millefiori sur ailes d\u2019azur \u00bb joue sur une forme biface inspir\u00e9e d\u2019ailes stylis\u00e9es. Les deux volets en bleu azur profond accueillent quatre mini millefiori fondus au c\u0153ur du verre, apportant relief et \u00e9clat.<br data-start=\"583\" data-end=\"586\" \/>Le travail associe <strong data-start=\"605\" data-end=\"615\">fusing<\/strong> et <strong data-start=\"619\" data-end=\"640\">technique Tiffany<\/strong>, avec une patine cuivr\u00e9e chaleureuse qui souligne les contours.<br data-start=\"704\" data-end=\"707\" \/>Au dos, une <strong data-start=\"719\" data-end=\"761\">\u00e9pingle s\u00e9curis\u00e9e couleur vieux bronze<\/strong>, soigneusement soud\u00e9e, assure une tenue parfaite sur v\u00eatements, sacs ou \u00e9toles.<\/p>\n<p data-start=\"843\" data-end=\"991\">Toujours une cr\u00e9ation \u00e9thique : ce bijou a \u00e9t\u00e9 enti\u00e8rement r\u00e9alis\u00e9 \u00e0 partir de verre soigneusement r\u00e9cup\u00e9r\u00e9, fa\u00e7onn\u00e9 puis assembl\u00e9 dans mon atelier.<\/p>\n<hr data-start=\"993\" data-end=\"996\" \/>\n<h2 data-start=\"998\" data-end=\"1026\">Reunion of Millefiori on Azure Wings<\/h2>\n<p data-start=\"1028\" data-end=\"1519\">Unique piece made from recycled glass, \u201cReunion of Millefiori on Azure Wings\u201d features a sculptural biface design reminiscent of stylised wings.<br data-start=\"1172\" data-end=\"1175\" \/>The deep azure glass sections are adorned with four tiny fused millefiori, adding vibrant detail and texture.<br data-start=\"1284\" data-end=\"1287\" \/>The piece combines <strong data-start=\"1306\" data-end=\"1322\">glass fusing<\/strong> with <strong data-start=\"1328\" data-end=\"1361\">Tiffany copper-foil technique<\/strong>, finished with a warm copper patina.<br data-start=\"1398\" data-end=\"1401\" \/>On the back, a securely soldered <strong data-start=\"1434\" data-end=\"1463\">antique-bronze safety pin<\/strong> ensures excellent stability on clothing, bags or wraps.<\/p>\n<p data-start=\"1521\" data-end=\"1632\">An ethical creation: this brooch is entirely crafted from reclaimed glass, reworked and assembled in my studio.<\/p>\n<hr data-start=\"1634\" data-end=\"1637\" \/>\n<h2 data-start=\"1639\" data-end=\"1684\"><strong data-start=\"1642\" data-end=\"1684\">D\u00e9tails techniques \/ Technical details<\/strong><\/h2>\n<ul data-start=\"1685\" data-end=\"1948\">\n<li data-start=\"1685\" data-end=\"1717\">\n<p data-start=\"1687\" data-end=\"1717\"><strong data-start=\"1687\" data-end=\"1708\">Largeur \/ Width :<\/strong> 4,4 cm<\/p>\n<\/li>\n<li data-start=\"1718\" data-end=\"1751\">\n<p data-start=\"1720\" data-end=\"1751\"><strong data-start=\"1720\" data-end=\"1742\">Hauteur \/ Height :<\/strong> 4,5 cm<\/p>\n<\/li>\n<li data-start=\"1752\" data-end=\"1781\">\n<p data-start=\"1754\" data-end=\"1781\"><strong data-start=\"1754\" data-end=\"1774\">Poids \/ Weight :<\/strong> 11 g<\/p>\n<\/li>\n<li data-start=\"1782\" data-end=\"1836\">\n<p data-start=\"1784\" data-end=\"1836\"><strong data-start=\"1784\" data-end=\"1800\">Techniques :<\/strong> Fusing + Tiffany (patine cuivr\u00e9e)<\/p>\n<\/li>\n<li data-start=\"1837\" data-end=\"1880\">\n<p data-start=\"1839\" data-end=\"1880\"><strong data-start=\"1839\" data-end=\"1852\">Mati\u00e8re :<\/strong> Verre recycl\u00e9, millefiori<\/p>\n<\/li>\n<li data-start=\"1881\" data-end=\"1948\">\n<p data-start=\"1883\" data-end=\"1948\"><strong data-start=\"1883\" data-end=\"1896\">Attache :<\/strong> \u00c9pingle s\u00e9curis\u00e9e vieux bronze soud\u00e9e \u00e0 l\u2019arri\u00e8re<\/p>\n<\/li>\n<\/ul>\n","protected":false},"excerpt":{"rendered":"<p data-start=\"1989\" data-end=\"2163\">Broche unique en verre recycl\u00e9 bleu azur, incrust\u00e9e de millefiori et r\u00e9alis\u00e9e en fusing\/Tiffany avec patine cuivr\u00e9e. \u00c9pingle s\u00e9curis\u00e9e vieux bronze. Pi\u00e8ce artisanale \u00e9thique.<\/p>\n<p data-start=\"2199\" data-end=\"2362\">Unique brooch in recycled azure glass with fused millefiori, crafted using fusing\/Tiffany copper-foil technique. Antique-bronze safety pin. Ethical handmade piece.<\/p>\n","protected":false},"featured_media":5985,"comment_status":"open","ping_status":"closed","template":"","meta":[],"product_brand":[],"product_cat":[39],"product_tag":[37,49,65,27],"class_list":{"0":"post-5984","1":"product","2":"type-product","3":"status-publish","4":"has-post-thumbnail","6":"product_cat-broche-tiffany","7":"product_tag-broche-verre-soie","8":"product_tag-fusing-verre","9":"product_tag-millefiori-verre","10":"product_tag-tiffany-verre","11":"pa_bijou-broche","13":"first","14":"instock","15":"purchasable","16":"product-type-simple"},"_links":{"self":[{"href":"https:\/\/art-bijoux.com\/en\/wp-json\/wp\/v2\/product\/5984","targetHints":{"allow":["GET"]}}],"collection":[{"href":"https:\/\/art-bijoux.com\/en\/wp-json\/wp\/v2\/product"}],"about":[{"href":"https:\/\/art-bijoux.com\/en\/wp-json\/wp\/v2\/types\/product"}],"replies":[{"embeddable":true,"href":"https:\/\/art-bijoux.com\/en\/wp-json\/wp\/v2\/comments?post=5984"}],"version-history":[{"count":2,"href":"https:\/\/art-bijoux.com\/en\/wp-json\/wp\/v2\/product\/5984\/revisions"}],"predecessor-version":[{"id":5993,"href":"https:\/\/art-bijoux.com\/en\/wp-json\/wp\/v2\/product\/5984\/revisions\/5993"}],"wp:featuredmedia":[{"embeddable":true,"href":"https:\/\/art-bijoux.com\/en\/wp-json\/wp\/v2\/media\/5985"}],"wp:attachment":[{"href":"https:\/\/art-bijoux.com\/en\/wp-json\/wp\/v2\/media?parent=5984"}],"wp:term":[{"taxonomy":"product_brand","embeddable":true,"href":"https:\/\/art-bijoux.com\/en\/wp-json\/wp\/v2\/product_brand?post=5984"},{"taxonomy":"product_cat","embeddable":true,"href":"https:\/\/art-bijoux.com\/en\/wp-json\/wp\/v2\/product_cat?post=5984"},{"taxonomy":"product_tag","embeddable":true,"href":"https:\/\/art-bijoux.com\/en\/wp-json\/wp\/v2\/product_tag?post=5984"}],"curies":[{"name":"wp","href":"https:\/\/api.w.org\/{rel}","templated":true}]}}