{"id":5992,"date":"2025-11-20T11:03:47","date_gmt":"2025-11-20T10:03:47","guid":{"rendered":"https:\/\/art-bijoux.com\/?post_type=product&#038;p=5992"},"modified":"2025-11-20T11:20:04","modified_gmt":"2025-11-20T10:20:04","slug":"barrette-ribambelle-de-chats","status":"publish","type":"product","link":"https:\/\/art-bijoux.com\/en\/boutique\/barrette-ribambelle-de-chats\/","title":{"rendered":"Barrette \u2013 Ribambelle de chats"},"content":{"rendered":"<figure id=\"attachment_5994\" aria-describedby=\"caption-attachment-5994\" style=\"width: 169px\" class=\"wp-caption alignleft\"><img fetchpriority=\"high\" decoding=\"async\" class=\"size-medium wp-image-5994\" src=\"https:\/\/art-bijoux.com\/wp-content\/uploads\/2025\/11\/Barrette-Ribambelle-de-chats-169x300.jpg\" alt=\"Barrette Ribambelle de chats\" width=\"169\" height=\"300\" srcset=\"https:\/\/art-bijoux.com\/wp-content\/uploads\/2025\/11\/Barrette-Ribambelle-de-chats-169x300.jpg 169w, https:\/\/art-bijoux.com\/wp-content\/uploads\/2025\/11\/Barrette-Ribambelle-de-chats-577x1024.jpg 577w, https:\/\/art-bijoux.com\/wp-content\/uploads\/2025\/11\/Barrette-Ribambelle-de-chats-768x1364.jpg 768w, https:\/\/art-bijoux.com\/wp-content\/uploads\/2025\/11\/Barrette-Ribambelle-de-chats-865x1536.jpg 865w, https:\/\/art-bijoux.com\/wp-content\/uploads\/2025\/11\/Barrette-Ribambelle-de-chats-600x1066.jpg 600w, https:\/\/art-bijoux.com\/wp-content\/uploads\/2025\/11\/Barrette-Ribambelle-de-chats.jpg 1080w\" sizes=\"(max-width: 169px) 100vw, 169px\" \/><figcaption id=\"caption-attachment-5994\" class=\"wp-caption-text\">Barrette Ribambelle de chats<\/figcaption><\/figure>\n<p data-start=\"219\" data-end=\"661\">Barrette po\u00e9tique et contemporaine, fa\u00e7onn\u00e9e \u00e0 partir de m\u00e9tal dor\u00e9 recycl\u00e9 et de r\u00e9sine cristalline.<br data-start=\"320\" data-end=\"323\" \/>Dans chacun des <strong data-start=\"339\" data-end=\"361\">cinq cercles dor\u00e9s<\/strong>, j\u2019ai inclus un <strong data-start=\"378\" data-end=\"407\">mini chat noir \u00e0 facettes<\/strong>, cr\u00e9ant une ribambelle f\u00e9line \u00e9l\u00e9gante et lumineuse.<br data-start=\"460\" data-end=\"463\" \/>Une pi\u00e8ce l\u00e9g\u00e8re, fine et d\u00e9licate, pens\u00e9e pour apporter une touche d\u2019or et de myst\u00e8re \u00e0 la chevelure.<br data-start=\"565\" data-end=\"568\" \/>Id\u00e9ale pour un chignon, une queue de cheval ou simplement pour retenir quelques m\u00e8ches en douceur.<\/p>\n<p data-start=\"219\" data-end=\"661\">Hair Barrette \u2013 Ribbon of Little Cats<\/p>\n<p data-start=\"689\" data-end=\"1006\">A poetic, contemporary golden hair barrette crafted from recycled metal and clear resin.<br data-start=\"777\" data-end=\"780\" \/>Inside each of the <strong data-start=\"799\" data-end=\"822\">five golden circles<\/strong>, I embedded a <strong data-start=\"837\" data-end=\"863\">tiny faceted black cat<\/strong>, forming a graceful and stylish feline ribbon.<br data-start=\"910\" data-end=\"913\" \/>Light, delicate, and shimmering\u2014perfect to add a touch of gold and mystery to your hairstyle.<\/p>\n<hr data-start=\"1008\" data-end=\"1011\" \/>\n<h2 data-start=\"1013\" data-end=\"1058\"><strong data-start=\"1016\" data-end=\"1058\">D\u00e9tails techniques \/ Technical details<\/strong><\/h2>\n<ul data-start=\"1059\" data-end=\"1361\">\n<li data-start=\"1059\" data-end=\"1111\">\n<p data-start=\"1061\" data-end=\"1111\"><strong data-start=\"1061\" data-end=\"1071\">Type :<\/strong> Barrette pour cheveux \/ Hair barrette<\/p>\n<\/li>\n<li data-start=\"1112\" data-end=\"1134\">\n<p data-start=\"1114\" data-end=\"1134\"><strong data-start=\"1114\" data-end=\"1127\">Largeur :<\/strong> 7 cm<\/p>\n<\/li>\n<li data-start=\"1135\" data-end=\"1159\">\n<p data-start=\"1137\" data-end=\"1159\"><strong data-start=\"1137\" data-end=\"1150\">Hauteur :<\/strong> 1,4 cm<\/p>\n<\/li>\n<li data-start=\"1160\" data-end=\"1179\">\n<p data-start=\"1162\" data-end=\"1179\"><strong data-start=\"1162\" data-end=\"1173\">Poids :<\/strong> 6 g<\/p>\n<\/li>\n<li data-start=\"1180\" data-end=\"1247\">\n<p data-start=\"1182\" data-end=\"1247\"><strong data-start=\"1182\" data-end=\"1197\">Mat\u00e9riaux :<\/strong> M\u00e9tal dor\u00e9, r\u00e9sine, mini chats noirs \u00e0 facettes<\/p>\n<\/li>\n<li data-start=\"1248\" data-end=\"1323\">\n<p data-start=\"1250\" data-end=\"1323\"><strong data-start=\"1250\" data-end=\"1264\">Finition :<\/strong> Inclusion en r\u00e9sine transparente, support barrette m\u00e9tal<\/p>\n<\/li>\n<li data-start=\"1324\" data-end=\"1361\">\n<p data-start=\"1326\" data-end=\"1361\"><strong data-start=\"1326\" data-end=\"1361\">Pi\u00e8ce unique r\u00e9alis\u00e9e \u00e0 la main<\/strong><\/p>\n<\/li>\n<\/ul>\n","protected":false},"excerpt":{"rendered":"<p data-start=\"1403\" data-end=\"1581\">Barrette dor\u00e9e unique avec mini chats noirs \u00e0 facettes incrust\u00e9s dans la r\u00e9sine. Accessoire po\u00e9tique en mat\u00e9riaux recycl\u00e9s, fait main, id\u00e9al pour offrir ou sublimer une coiffure.<\/p>\n<p data-start=\"1618\" data-end=\"1762\">Unique golden hair barrette featuring faceted black cat miniatures embedded in resin. Handmade poetic accessory crafted from recycled materials.<\/p>\n","protected":false},"featured_media":5994,"comment_status":"open","ping_status":"closed","template":"","meta":[],"product_brand":[],"product_cat":[314,312],"product_tag":[52,47],"class_list":{"0":"post-5992","1":"product","2":"type-product","3":"status-publish","4":"has-post-thumbnail","6":"product_cat-barrette","7":"product_cat-resine","8":"product_tag-portrait-animal","9":"product_tag-chat","10":"pa_bijou-barrette","12":"first","13":"instock","14":"purchasable","15":"product-type-simple"},"yoast_head":"<!-- This site is optimized with the Yoast SEO plugin v27.5 - https:\/\/yoast.com\/product\/yoast-seo-wordpress\/ -->\n<title>Barrette \u2013 Ribambelle de chats - art-bijoux<\/title>\n<meta name=\"description\" content=\"Barrette dor\u00e9e avec mini chats noirs \u00e0 facettes incrust\u00e9s dans la r\u00e9sine. Accessoire po\u00e9tique fait main, id\u00e9al pour offrir ou sublimer une coiffure.\" \/>\n<meta name=\"robots\" content=\"index, follow, max-snippet:-1, max-image-preview:large, max-video-preview:-1\" \/>\n<link rel=\"canonical\" href=\"https:\/\/art-bijoux.com\/en\/boutique\/barrette-ribambelle-de-chats\/\" \/>\n<meta property=\"og:locale\" content=\"en_US\" \/>\n<meta property=\"og:type\" content=\"article\" \/>\n<meta property=\"og:title\" content=\"Barrette \u2013 Ribambelle de chats - art-bijoux\" \/>\n<meta property=\"og:description\" content=\"Barrette dor\u00e9e avec mini chats noirs \u00e0 facettes incrust\u00e9s dans la r\u00e9sine. Accessoire po\u00e9tique fait main, id\u00e9al pour offrir ou sublimer une coiffure.\" \/>\n<meta property=\"og:url\" content=\"https:\/\/art-bijoux.com\/en\/boutique\/barrette-ribambelle-de-chats\/\" \/>\n<meta property=\"og:site_name\" content=\"art-bijoux\" \/>\n<meta property=\"article:modified_time\" content=\"2025-11-20T10:20:04+00:00\" \/>\n<meta property=\"og:image\" content=\"https:\/\/art-bijoux.com\/wp-content\/uploads\/2025\/11\/Barrette-Ribambelle-de-chats.jpg\" \/>\n\t<meta property=\"og:image:width\" content=\"1080\" \/>\n\t<meta property=\"og:image:height\" content=\"1918\" \/>\n\t<meta property=\"og:image:type\" content=\"image\/jpeg\" \/>\n<meta name=\"twitter:card\" content=\"summary_large_image\" \/>\n<meta name=\"twitter:label1\" content=\"Est. reading time\" \/>\n\t<meta name=\"twitter:data1\" content=\"2 minutes\" \/>\n<script type=\"application\/ld+json\" class=\"yoast-schema-graph\">{\"@context\":\"https:\\\/\\\/schema.org\",\"@graph\":[{\"@type\":\"WebPage\",\"@id\":\"https:\\\/\\\/art-bijoux.com\\\/en\\\/boutique\\\/barrette-ribambelle-de-chats\\\/\",\"url\":\"https:\\\/\\\/art-bijoux.com\\\/en\\\/boutique\\\/barrette-ribambelle-de-chats\\\/\",\"name\":\"Barrette \u2013 Ribambelle de chats - art-bijoux\",\"isPartOf\":{\"@id\":\"https:\\\/\\\/art-bijoux.com\\\/en\\\/#website\"},\"primaryImageOfPage\":{\"@id\":\"https:\\\/\\\/art-bijoux.com\\\/en\\\/boutique\\\/barrette-ribambelle-de-chats\\\/#primaryimage\"},\"image\":{\"@id\":\"https:\\\/\\\/art-bijoux.com\\\/en\\\/boutique\\\/barrette-ribambelle-de-chats\\\/#primaryimage\"},\"thumbnailUrl\":\"https:\\\/\\\/art-bijoux.com\\\/wp-content\\\/uploads\\\/2025\\\/11\\\/Barrette-Ribambelle-de-chats.jpg\",\"datePublished\":\"2025-11-20T10:03:47+00:00\",\"dateModified\":\"2025-11-20T10:20:04+00:00\",\"description\":\"Barrette dor\u00e9e avec mini chats noirs \u00e0 facettes incrust\u00e9s dans la r\u00e9sine. Accessoire po\u00e9tique fait main, id\u00e9al pour offrir ou sublimer une coiffure.\",\"breadcrumb\":{\"@id\":\"https:\\\/\\\/art-bijoux.com\\\/en\\\/boutique\\\/barrette-ribambelle-de-chats\\\/#breadcrumb\"},\"inLanguage\":\"en-US\",\"potentialAction\":[{\"@type\":\"ReadAction\",\"target\":[\"https:\\\/\\\/art-bijoux.com\\\/en\\\/boutique\\\/barrette-ribambelle-de-chats\\\/\"]}]},{\"@type\":\"ImageObject\",\"inLanguage\":\"en-US\",\"@id\":\"https:\\\/\\\/art-bijoux.com\\\/en\\\/boutique\\\/barrette-ribambelle-de-chats\\\/#primaryimage\",\"url\":\"https:\\\/\\\/art-bijoux.com\\\/wp-content\\\/uploads\\\/2025\\\/11\\\/Barrette-Ribambelle-de-chats.jpg\",\"contentUrl\":\"https:\\\/\\\/art-bijoux.com\\\/wp-content\\\/uploads\\\/2025\\\/11\\\/Barrette-Ribambelle-de-chats.jpg\",\"width\":1080,\"height\":1918,\"caption\":\"Barrette Ribambelle de chats\"},{\"@type\":\"BreadcrumbList\",\"@id\":\"https:\\\/\\\/art-bijoux.com\\\/en\\\/boutique\\\/barrette-ribambelle-de-chats\\\/#breadcrumb\",\"itemListElement\":[{\"@type\":\"ListItem\",\"position\":1,\"name\":\"Accueil\",\"item\":\"https:\\\/\\\/art-bijoux.com\\\/en\\\/home\\\/\"},{\"@type\":\"ListItem\",\"position\":2,\"name\":\"Shop\",\"item\":\"https:\\\/\\\/art-bijoux.com\\\/en\\\/shop\\\/\"},{\"@type\":\"ListItem\",\"position\":3,\"name\":\"Barrette \u2013 Ribambelle de chats\"}]},{\"@type\":\"WebSite\",\"@id\":\"https:\\\/\\\/art-bijoux.com\\\/en\\\/#website\",\"url\":\"https:\\\/\\\/art-bijoux.com\\\/en\\\/\",\"name\":\"art-bijoux\",\"description\":\"Osez porter \\\/ offrir un vitrail unique \u00e0 prix abordable\",\"publisher\":{\"@id\":\"https:\\\/\\\/art-bijoux.com\\\/en\\\/#organization\"},\"potentialAction\":[{\"@type\":\"SearchAction\",\"target\":{\"@type\":\"EntryPoint\",\"urlTemplate\":\"https:\\\/\\\/art-bijoux.com\\\/en\\\/?s={search_term_string}\"},\"query-input\":{\"@type\":\"PropertyValueSpecification\",\"valueRequired\":true,\"valueName\":\"search_term_string\"}}],\"inLanguage\":\"en-US\"},{\"@type\":\"Organization\",\"@id\":\"https:\\\/\\\/art-bijoux.com\\\/en\\\/#organization\",\"name\":\"art-bijoux\",\"url\":\"https:\\\/\\\/art-bijoux.com\\\/en\\\/\",\"logo\":{\"@type\":\"ImageObject\",\"inLanguage\":\"en-US\",\"@id\":\"https:\\\/\\\/art-bijoux.com\\\/en\\\/#\\\/schema\\\/logo\\\/image\\\/\",\"url\":\"https:\\\/\\\/art-bijoux.com\\\/wp-content\\\/uploads\\\/2024\\\/06\\\/Art-Bijoux-Logo-Small.png\",\"contentUrl\":\"https:\\\/\\\/art-bijoux.com\\\/wp-content\\\/uploads\\\/2024\\\/06\\\/Art-Bijoux-Logo-Small.png\",\"width\":722,\"height\":137,\"caption\":\"art-bijoux\"},\"image\":{\"@id\":\"https:\\\/\\\/art-bijoux.com\\\/en\\\/#\\\/schema\\\/logo\\\/image\\\/\"}}]}<\/script>\n<!-- \/ Yoast SEO plugin. -->","yoast_head_json":{"title":"Barrette \u2013 Ribambelle de chats - art-bijoux","description":"Barrette dor\u00e9e avec mini chats noirs \u00e0 facettes incrust\u00e9s dans la r\u00e9sine. Accessoire po\u00e9tique fait main, id\u00e9al pour offrir ou sublimer une coiffure.","robots":{"index":"index","follow":"follow","max-snippet":"max-snippet:-1","max-image-preview":"max-image-preview:large","max-video-preview":"max-video-preview:-1"},"canonical":"https:\/\/art-bijoux.com\/en\/boutique\/barrette-ribambelle-de-chats\/","og_locale":"en_US","og_type":"article","og_title":"Barrette \u2013 Ribambelle de chats - art-bijoux","og_description":"Barrette dor\u00e9e avec mini chats noirs \u00e0 facettes incrust\u00e9s dans la r\u00e9sine. Accessoire po\u00e9tique fait main, id\u00e9al pour offrir ou sublimer une coiffure.","og_url":"https:\/\/art-bijoux.com\/en\/boutique\/barrette-ribambelle-de-chats\/","og_site_name":"art-bijoux","article_modified_time":"2025-11-20T10:20:04+00:00","og_image":[{"width":1080,"height":1918,"url":"https:\/\/art-bijoux.com\/wp-content\/uploads\/2025\/11\/Barrette-Ribambelle-de-chats.jpg","type":"image\/jpeg"}],"twitter_card":"summary_large_image","twitter_misc":{"Est. reading time":"2 minutes"},"schema":{"@context":"https:\/\/schema.org","@graph":[{"@type":"WebPage","@id":"https:\/\/art-bijoux.com\/en\/boutique\/barrette-ribambelle-de-chats\/","url":"https:\/\/art-bijoux.com\/en\/boutique\/barrette-ribambelle-de-chats\/","name":"Barrette \u2013 Ribambelle de chats - art-bijoux","isPartOf":{"@id":"https:\/\/art-bijoux.com\/en\/#website"},"primaryImageOfPage":{"@id":"https:\/\/art-bijoux.com\/en\/boutique\/barrette-ribambelle-de-chats\/#primaryimage"},"image":{"@id":"https:\/\/art-bijoux.com\/en\/boutique\/barrette-ribambelle-de-chats\/#primaryimage"},"thumbnailUrl":"https:\/\/art-bijoux.com\/wp-content\/uploads\/2025\/11\/Barrette-Ribambelle-de-chats.jpg","datePublished":"2025-11-20T10:03:47+00:00","dateModified":"2025-11-20T10:20:04+00:00","description":"Barrette dor\u00e9e avec mini chats noirs \u00e0 facettes incrust\u00e9s dans la r\u00e9sine. Accessoire po\u00e9tique fait main, id\u00e9al pour offrir ou sublimer une coiffure.","breadcrumb":{"@id":"https:\/\/art-bijoux.com\/en\/boutique\/barrette-ribambelle-de-chats\/#breadcrumb"},"inLanguage":"en-US","potentialAction":[{"@type":"ReadAction","target":["https:\/\/art-bijoux.com\/en\/boutique\/barrette-ribambelle-de-chats\/"]}]},{"@type":"ImageObject","inLanguage":"en-US","@id":"https:\/\/art-bijoux.com\/en\/boutique\/barrette-ribambelle-de-chats\/#primaryimage","url":"https:\/\/art-bijoux.com\/wp-content\/uploads\/2025\/11\/Barrette-Ribambelle-de-chats.jpg","contentUrl":"https:\/\/art-bijoux.com\/wp-content\/uploads\/2025\/11\/Barrette-Ribambelle-de-chats.jpg","width":1080,"height":1918,"caption":"Barrette Ribambelle de chats"},{"@type":"BreadcrumbList","@id":"https:\/\/art-bijoux.com\/en\/boutique\/barrette-ribambelle-de-chats\/#breadcrumb","itemListElement":[{"@type":"ListItem","position":1,"name":"Accueil","item":"https:\/\/art-bijoux.com\/en\/home\/"},{"@type":"ListItem","position":2,"name":"Shop","item":"https:\/\/art-bijoux.com\/en\/shop\/"},{"@type":"ListItem","position":3,"name":"Barrette \u2013 Ribambelle de chats"}]},{"@type":"WebSite","@id":"https:\/\/art-bijoux.com\/en\/#website","url":"https:\/\/art-bijoux.com\/en\/","name":"art-bijoux","description":"Osez porter \/ offrir un vitrail unique \u00e0 prix abordable","publisher":{"@id":"https:\/\/art-bijoux.com\/en\/#organization"},"potentialAction":[{"@type":"SearchAction","target":{"@type":"EntryPoint","urlTemplate":"https:\/\/art-bijoux.com\/en\/?s={search_term_string}"},"query-input":{"@type":"PropertyValueSpecification","valueRequired":true,"valueName":"search_term_string"}}],"inLanguage":"en-US"},{"@type":"Organization","@id":"https:\/\/art-bijoux.com\/en\/#organization","name":"art-bijoux","url":"https:\/\/art-bijoux.com\/en\/","logo":{"@type":"ImageObject","inLanguage":"en-US","@id":"https:\/\/art-bijoux.com\/en\/#\/schema\/logo\/image\/","url":"https:\/\/art-bijoux.com\/wp-content\/uploads\/2024\/06\/Art-Bijoux-Logo-Small.png","contentUrl":"https:\/\/art-bijoux.com\/wp-content\/uploads\/2024\/06\/Art-Bijoux-Logo-Small.png","width":722,"height":137,"caption":"art-bijoux"},"image":{"@id":"https:\/\/art-bijoux.com\/en\/#\/schema\/logo\/image\/"}}]}},"_links":{"self":[{"href":"https:\/\/art-bijoux.com\/en\/wp-json\/wp\/v2\/product\/5992","targetHints":{"allow":["GET"]}}],"collection":[{"href":"https:\/\/art-bijoux.com\/en\/wp-json\/wp\/v2\/product"}],"about":[{"href":"https:\/\/art-bijoux.com\/en\/wp-json\/wp\/v2\/types\/product"}],"replies":[{"embeddable":true,"href":"https:\/\/art-bijoux.com\/en\/wp-json\/wp\/v2\/comments?post=5992"}],"version-history":[{"count":2,"href":"https:\/\/art-bijoux.com\/en\/wp-json\/wp\/v2\/product\/5992\/revisions"}],"predecessor-version":[{"id":6009,"href":"https:\/\/art-bijoux.com\/en\/wp-json\/wp\/v2\/product\/5992\/revisions\/6009"}],"wp:featuredmedia":[{"embeddable":true,"href":"https:\/\/art-bijoux.com\/en\/wp-json\/wp\/v2\/media\/5994"}],"wp:attachment":[{"href":"https:\/\/art-bijoux.com\/en\/wp-json\/wp\/v2\/media?parent=5992"}],"wp:term":[{"taxonomy":"product_brand","embeddable":true,"href":"https:\/\/art-bijoux.com\/en\/wp-json\/wp\/v2\/product_brand?post=5992"},{"taxonomy":"product_cat","embeddable":true,"href":"https:\/\/art-bijoux.com\/en\/wp-json\/wp\/v2\/product_cat?post=5992"},{"taxonomy":"product_tag","embeddable":true,"href":"https:\/\/art-bijoux.com\/en\/wp-json\/wp\/v2\/product_tag?post=5992"}],"curies":[{"name":"wp","href":"https:\/\/api.w.org\/{rel}","templated":true}]}}