{"id":5999,"date":"2025-11-20T11:04:04","date_gmt":"2025-11-20T10:04:04","guid":{"rendered":"https:\/\/art-bijoux.com\/?post_type=product&#038;p=5999"},"modified":"2026-03-13T11:04:47","modified_gmt":"2026-03-13T10:04:47","slug":"barrette-constellation-de-millefiori","status":"publish","type":"product","link":"https:\/\/art-bijoux.com\/en\/boutique\/barrette-constellation-de-millefiori\/","title":{"rendered":"Barrette \u2013 Constellation de Millefiori d\u2019Or"},"content":{"rendered":"<figure id=\"attachment_6000\" aria-describedby=\"caption-attachment-6000\" style=\"width: 169px\" class=\"wp-caption alignleft\"><img fetchpriority=\"high\" decoding=\"async\" class=\"size-medium wp-image-6000\" src=\"https:\/\/art-bijoux.com\/wp-content\/uploads\/2025\/11\/Barette-millefioris-2-169x300.jpg\" alt=\"Barrette millefioris sur le quai\" width=\"169\" height=\"300\" srcset=\"https:\/\/art-bijoux.com\/wp-content\/uploads\/2025\/11\/Barette-millefioris-2-169x300.jpg 169w, https:\/\/art-bijoux.com\/wp-content\/uploads\/2025\/11\/Barette-millefioris-2-576x1024.jpg 576w, https:\/\/art-bijoux.com\/wp-content\/uploads\/2025\/11\/Barette-millefioris-2-768x1365.jpg 768w, https:\/\/art-bijoux.com\/wp-content\/uploads\/2025\/11\/Barette-millefioris-2-864x1536.jpg 864w, https:\/\/art-bijoux.com\/wp-content\/uploads\/2025\/11\/Barette-millefioris-2-600x1067.jpg 600w, https:\/\/art-bijoux.com\/wp-content\/uploads\/2025\/11\/Barette-millefioris-2.jpg 1080w\" sizes=\"(max-width: 169px) 100vw, 169px\" \/><figcaption id=\"caption-attachment-6000\" class=\"wp-caption-text\">Barrette millefioris sur le quai<\/figcaption><\/figure>\n<p data-start=\"286\" data-end=\"761\">Barrette lumineuse et artisanale, cr\u00e9\u00e9e \u00e0 partir de verre recycl\u00e9 et de r\u00e9sine claire.<br data-start=\"372\" data-end=\"375\" \/>Dans chacun des <strong data-start=\"391\" data-end=\"413\">cinq cercles dor\u00e9s<\/strong>, j\u2019ai inclus de petites fleur millefiori aux teintes vertes, bleues et blanches, formant une v\u00e9ritable <strong data-start=\"518\" data-end=\"543\">constellation color\u00e9e<\/strong>.<br data-start=\"544\" data-end=\"547\" \/>Chaque inclusion refl\u00e8te la lumi\u00e8re et cr\u00e9e un \u00e9clat d\u00e9licat, comme une s\u00e9rie de petites \u00e9toiles fix\u00e9es dans l\u2019or.<br data-start=\"661\" data-end=\"664\" \/>Pi\u00e8ce unique, po\u00e9tique, parfaite pour apporter une touche d&#8217;\u00e9l\u00e9gance contemporaine \u00e0 la coiffure.<\/p>\n<h2 data-start=\"763\" data-end=\"788\">Hair Barrette \u2013 Golden Millefiori Constellation<\/h2>\n<p data-start=\"789\" data-end=\"1194\">A luminous, handcrafted golden hair barrette made from recycled glass and clear resin.<br data-start=\"875\" data-end=\"878\" \/>In each of the <strong data-start=\"893\" data-end=\"916\">five golden circles<\/strong>, I embedded tiny millefiori flowers in shades of green, blue, and white, creating a delicate <strong data-start=\"1008\" data-end=\"1034\">colorful constellation<\/strong>.<br data-start=\"1035\" data-end=\"1038\" \/>Each element catches the light like a series of small glowing stars.<br data-start=\"1106\" data-end=\"1109\" \/>A unique and poetic accessory, ideal to bring contemporary elegance to any hairstyle.<\/p>\n<hr data-start=\"1196\" data-end=\"1199\" \/>\n<h2 data-start=\"1201\" data-end=\"1246\"><strong data-start=\"1204\" data-end=\"1246\">D\u00e9tails techniques \/ Technical details<\/strong><\/h2>\n<ul data-start=\"1247\" data-end=\"1546\">\n<li data-start=\"1247\" data-end=\"1299\">\n<p data-start=\"1249\" data-end=\"1299\"><strong data-start=\"1249\" data-end=\"1259\">Type :<\/strong> Barrette pour cheveux \/ Hair barrette<\/p>\n<\/li>\n<li data-start=\"1300\" data-end=\"1322\">\n<p data-start=\"1302\" data-end=\"1322\"><strong data-start=\"1302\" data-end=\"1315\">Largeur :<\/strong> 7 cm<\/p>\n<\/li>\n<li data-start=\"1323\" data-end=\"1347\">\n<p data-start=\"1325\" data-end=\"1347\"><strong data-start=\"1325\" data-end=\"1338\">Hauteur :<\/strong> 1,4 cm<\/p>\n<\/li>\n<li data-start=\"1348\" data-end=\"1367\">\n<p data-start=\"1350\" data-end=\"1367\"><strong data-start=\"1350\" data-end=\"1361\">Poids :<\/strong> 7 g<\/p>\n<\/li>\n<li data-start=\"1368\" data-end=\"1432\">\n<p data-start=\"1370\" data-end=\"1432\"><strong data-start=\"1370\" data-end=\"1385\">Mat\u00e9riaux :<\/strong> M\u00e9tal dor\u00e9, r\u00e9sine, verre recycl\u00e9 millefiori<\/p>\n<\/li>\n<li data-start=\"1433\" data-end=\"1508\">\n<p data-start=\"1435\" data-end=\"1508\"><strong data-start=\"1435\" data-end=\"1449\">Finition :<\/strong> Inclusion en r\u00e9sine transparente, support barrette m\u00e9tal<\/p>\n<\/li>\n<li data-start=\"1509\" data-end=\"1546\">\n<p data-start=\"1511\" data-end=\"1546\"><strong data-start=\"1511\" data-end=\"1546\">Pi\u00e8ce unique r\u00e9alis\u00e9e \u00e0 la main<\/strong><\/p>\n<\/li>\n<\/ul>\n<p>&nbsp;<\/p>\n","protected":false},"excerpt":{"rendered":"<p data-start=\"1588\" data-end=\"1742\">Barrette dor\u00e9e unique avec millefiori en verre recycl\u00e9 inclus dans la r\u00e9sine. Accessoire po\u00e9tique, fait main, inspir\u00e9 des constellations et de la lumi\u00e8re.<\/p>\n<p data-start=\"1779\" data-end=\"1928\">Unique golden hair barrette with recycled-glass millefiori embedded in resin. A poetic, handmade accessory inspired by constellations and soft light.<\/p>\n","protected":false},"featured_media":6000,"comment_status":"open","ping_status":"closed","template":"","meta":[],"product_brand":[],"product_cat":[314,312],"product_tag":[38,49,65],"class_list":{"0":"post-5999","1":"product","2":"type-product","3":"status-publish","4":"has-post-thumbnail","6":"product_cat-barrette","7":"product_cat-resine","8":"product_tag-fleur-soie-metal","9":"product_tag-fusing-verre","10":"product_tag-millefiori-verre","11":"pa_bijou-barrette","13":"first","14":"outofstock","15":"purchasable","16":"product-type-simple"},"yoast_head":"<!-- This site is optimized with the Yoast SEO plugin v27.4 - https:\/\/yoast.com\/product\/yoast-seo-wordpress\/ -->\n<title>Barrette \u2013 Constellation de Millefiori d\u2019Or - art-bijoux<\/title>\n<meta name=\"description\" content=\"Barrette dor\u00e9e unique avec millefiori en verre recycl\u00e9 inclus dans la r\u00e9sine. Accessoire po\u00e9tique, fait main, inspir\u00e9 des constellations et de la lumi\u00e8re.\" \/>\n<meta name=\"robots\" content=\"index, follow, max-snippet:-1, max-image-preview:large, max-video-preview:-1\" \/>\n<link rel=\"canonical\" href=\"https:\/\/art-bijoux.com\/en\/boutique\/barrette-constellation-de-millefiori\/\" \/>\n<meta property=\"og:locale\" content=\"en_US\" \/>\n<meta property=\"og:type\" content=\"article\" \/>\n<meta property=\"og:title\" content=\"Barrette \u2013 Constellation de Millefiori d\u2019Or - art-bijoux\" \/>\n<meta property=\"og:description\" content=\"Barrette dor\u00e9e unique avec millefiori en verre recycl\u00e9 inclus dans la r\u00e9sine. Accessoire po\u00e9tique, fait main, inspir\u00e9 des constellations et de la lumi\u00e8re.\" \/>\n<meta property=\"og:url\" content=\"https:\/\/art-bijoux.com\/en\/boutique\/barrette-constellation-de-millefiori\/\" \/>\n<meta property=\"og:site_name\" content=\"art-bijoux\" \/>\n<meta property=\"article:modified_time\" content=\"2026-03-13T10:04:47+00:00\" \/>\n<meta property=\"og:image\" content=\"https:\/\/art-bijoux.com\/wp-content\/uploads\/2025\/11\/Barette-millefioris-2.jpg\" \/>\n\t<meta property=\"og:image:width\" content=\"1080\" \/>\n\t<meta property=\"og:image:height\" content=\"1920\" \/>\n\t<meta property=\"og:image:type\" content=\"image\/jpeg\" \/>\n<meta name=\"twitter:card\" content=\"summary_large_image\" \/>\n<meta name=\"twitter:label1\" content=\"Est. reading time\" \/>\n\t<meta name=\"twitter:data1\" content=\"2 minutes\" \/>\n<script type=\"application\/ld+json\" class=\"yoast-schema-graph\">{\"@context\":\"https:\\\/\\\/schema.org\",\"@graph\":[{\"@type\":\"WebPage\",\"@id\":\"https:\\\/\\\/art-bijoux.com\\\/en\\\/boutique\\\/barrette-constellation-de-millefiori\\\/\",\"url\":\"https:\\\/\\\/art-bijoux.com\\\/en\\\/boutique\\\/barrette-constellation-de-millefiori\\\/\",\"name\":\"Barrette \u2013 Constellation de Millefiori d\u2019Or - art-bijoux\",\"isPartOf\":{\"@id\":\"https:\\\/\\\/art-bijoux.com\\\/en\\\/#website\"},\"primaryImageOfPage\":{\"@id\":\"https:\\\/\\\/art-bijoux.com\\\/en\\\/boutique\\\/barrette-constellation-de-millefiori\\\/#primaryimage\"},\"image\":{\"@id\":\"https:\\\/\\\/art-bijoux.com\\\/en\\\/boutique\\\/barrette-constellation-de-millefiori\\\/#primaryimage\"},\"thumbnailUrl\":\"https:\\\/\\\/art-bijoux.com\\\/wp-content\\\/uploads\\\/2025\\\/11\\\/Barette-millefioris-2.jpg\",\"datePublished\":\"2025-11-20T10:04:04+00:00\",\"dateModified\":\"2026-03-13T10:04:47+00:00\",\"description\":\"Barrette dor\u00e9e unique avec millefiori en verre recycl\u00e9 inclus dans la r\u00e9sine. Accessoire po\u00e9tique, fait main, inspir\u00e9 des constellations et de la lumi\u00e8re.\",\"breadcrumb\":{\"@id\":\"https:\\\/\\\/art-bijoux.com\\\/en\\\/boutique\\\/barrette-constellation-de-millefiori\\\/#breadcrumb\"},\"inLanguage\":\"en-US\",\"potentialAction\":[{\"@type\":\"ReadAction\",\"target\":[\"https:\\\/\\\/art-bijoux.com\\\/en\\\/boutique\\\/barrette-constellation-de-millefiori\\\/\"]}]},{\"@type\":\"ImageObject\",\"inLanguage\":\"en-US\",\"@id\":\"https:\\\/\\\/art-bijoux.com\\\/en\\\/boutique\\\/barrette-constellation-de-millefiori\\\/#primaryimage\",\"url\":\"https:\\\/\\\/art-bijoux.com\\\/wp-content\\\/uploads\\\/2025\\\/11\\\/Barette-millefioris-2.jpg\",\"contentUrl\":\"https:\\\/\\\/art-bijoux.com\\\/wp-content\\\/uploads\\\/2025\\\/11\\\/Barette-millefioris-2.jpg\",\"width\":1080,\"height\":1920,\"caption\":\"Barrette millefioris sur le quai\"},{\"@type\":\"BreadcrumbList\",\"@id\":\"https:\\\/\\\/art-bijoux.com\\\/en\\\/boutique\\\/barrette-constellation-de-millefiori\\\/#breadcrumb\",\"itemListElement\":[{\"@type\":\"ListItem\",\"position\":1,\"name\":\"Accueil\",\"item\":\"https:\\\/\\\/art-bijoux.com\\\/en\\\/home\\\/\"},{\"@type\":\"ListItem\",\"position\":2,\"name\":\"Shop\",\"item\":\"https:\\\/\\\/art-bijoux.com\\\/en\\\/shop\\\/\"},{\"@type\":\"ListItem\",\"position\":3,\"name\":\"Barrette \u2013 Constellation de Millefiori d\u2019Or\"}]},{\"@type\":\"WebSite\",\"@id\":\"https:\\\/\\\/art-bijoux.com\\\/en\\\/#website\",\"url\":\"https:\\\/\\\/art-bijoux.com\\\/en\\\/\",\"name\":\"art-bijoux\",\"description\":\"Osez porter \\\/ offrir un vitrail unique \u00e0 prix abordable\",\"publisher\":{\"@id\":\"https:\\\/\\\/art-bijoux.com\\\/en\\\/#organization\"},\"potentialAction\":[{\"@type\":\"SearchAction\",\"target\":{\"@type\":\"EntryPoint\",\"urlTemplate\":\"https:\\\/\\\/art-bijoux.com\\\/en\\\/?s={search_term_string}\"},\"query-input\":{\"@type\":\"PropertyValueSpecification\",\"valueRequired\":true,\"valueName\":\"search_term_string\"}}],\"inLanguage\":\"en-US\"},{\"@type\":\"Organization\",\"@id\":\"https:\\\/\\\/art-bijoux.com\\\/en\\\/#organization\",\"name\":\"art-bijoux\",\"url\":\"https:\\\/\\\/art-bijoux.com\\\/en\\\/\",\"logo\":{\"@type\":\"ImageObject\",\"inLanguage\":\"en-US\",\"@id\":\"https:\\\/\\\/art-bijoux.com\\\/en\\\/#\\\/schema\\\/logo\\\/image\\\/\",\"url\":\"https:\\\/\\\/art-bijoux.com\\\/wp-content\\\/uploads\\\/2024\\\/06\\\/Art-Bijoux-Logo-Small.png\",\"contentUrl\":\"https:\\\/\\\/art-bijoux.com\\\/wp-content\\\/uploads\\\/2024\\\/06\\\/Art-Bijoux-Logo-Small.png\",\"width\":722,\"height\":137,\"caption\":\"art-bijoux\"},\"image\":{\"@id\":\"https:\\\/\\\/art-bijoux.com\\\/en\\\/#\\\/schema\\\/logo\\\/image\\\/\"}}]}<\/script>\n<!-- \/ Yoast SEO plugin. -->","yoast_head_json":{"title":"Barrette \u2013 Constellation de Millefiori d\u2019Or - art-bijoux","description":"Barrette dor\u00e9e unique avec millefiori en verre recycl\u00e9 inclus dans la r\u00e9sine. Accessoire po\u00e9tique, fait main, inspir\u00e9 des constellations et de la lumi\u00e8re.","robots":{"index":"index","follow":"follow","max-snippet":"max-snippet:-1","max-image-preview":"max-image-preview:large","max-video-preview":"max-video-preview:-1"},"canonical":"https:\/\/art-bijoux.com\/en\/boutique\/barrette-constellation-de-millefiori\/","og_locale":"en_US","og_type":"article","og_title":"Barrette \u2013 Constellation de Millefiori d\u2019Or - art-bijoux","og_description":"Barrette dor\u00e9e unique avec millefiori en verre recycl\u00e9 inclus dans la r\u00e9sine. Accessoire po\u00e9tique, fait main, inspir\u00e9 des constellations et de la lumi\u00e8re.","og_url":"https:\/\/art-bijoux.com\/en\/boutique\/barrette-constellation-de-millefiori\/","og_site_name":"art-bijoux","article_modified_time":"2026-03-13T10:04:47+00:00","og_image":[{"width":1080,"height":1920,"url":"https:\/\/art-bijoux.com\/wp-content\/uploads\/2025\/11\/Barette-millefioris-2.jpg","type":"image\/jpeg"}],"twitter_card":"summary_large_image","twitter_misc":{"Est. reading time":"2 minutes"},"schema":{"@context":"https:\/\/schema.org","@graph":[{"@type":"WebPage","@id":"https:\/\/art-bijoux.com\/en\/boutique\/barrette-constellation-de-millefiori\/","url":"https:\/\/art-bijoux.com\/en\/boutique\/barrette-constellation-de-millefiori\/","name":"Barrette \u2013 Constellation de Millefiori d\u2019Or - art-bijoux","isPartOf":{"@id":"https:\/\/art-bijoux.com\/en\/#website"},"primaryImageOfPage":{"@id":"https:\/\/art-bijoux.com\/en\/boutique\/barrette-constellation-de-millefiori\/#primaryimage"},"image":{"@id":"https:\/\/art-bijoux.com\/en\/boutique\/barrette-constellation-de-millefiori\/#primaryimage"},"thumbnailUrl":"https:\/\/art-bijoux.com\/wp-content\/uploads\/2025\/11\/Barette-millefioris-2.jpg","datePublished":"2025-11-20T10:04:04+00:00","dateModified":"2026-03-13T10:04:47+00:00","description":"Barrette dor\u00e9e unique avec millefiori en verre recycl\u00e9 inclus dans la r\u00e9sine. Accessoire po\u00e9tique, fait main, inspir\u00e9 des constellations et de la lumi\u00e8re.","breadcrumb":{"@id":"https:\/\/art-bijoux.com\/en\/boutique\/barrette-constellation-de-millefiori\/#breadcrumb"},"inLanguage":"en-US","potentialAction":[{"@type":"ReadAction","target":["https:\/\/art-bijoux.com\/en\/boutique\/barrette-constellation-de-millefiori\/"]}]},{"@type":"ImageObject","inLanguage":"en-US","@id":"https:\/\/art-bijoux.com\/en\/boutique\/barrette-constellation-de-millefiori\/#primaryimage","url":"https:\/\/art-bijoux.com\/wp-content\/uploads\/2025\/11\/Barette-millefioris-2.jpg","contentUrl":"https:\/\/art-bijoux.com\/wp-content\/uploads\/2025\/11\/Barette-millefioris-2.jpg","width":1080,"height":1920,"caption":"Barrette millefioris sur le quai"},{"@type":"BreadcrumbList","@id":"https:\/\/art-bijoux.com\/en\/boutique\/barrette-constellation-de-millefiori\/#breadcrumb","itemListElement":[{"@type":"ListItem","position":1,"name":"Accueil","item":"https:\/\/art-bijoux.com\/en\/home\/"},{"@type":"ListItem","position":2,"name":"Shop","item":"https:\/\/art-bijoux.com\/en\/shop\/"},{"@type":"ListItem","position":3,"name":"Barrette \u2013 Constellation de Millefiori d\u2019Or"}]},{"@type":"WebSite","@id":"https:\/\/art-bijoux.com\/en\/#website","url":"https:\/\/art-bijoux.com\/en\/","name":"art-bijoux","description":"Osez porter \/ offrir un vitrail unique \u00e0 prix abordable","publisher":{"@id":"https:\/\/art-bijoux.com\/en\/#organization"},"potentialAction":[{"@type":"SearchAction","target":{"@type":"EntryPoint","urlTemplate":"https:\/\/art-bijoux.com\/en\/?s={search_term_string}"},"query-input":{"@type":"PropertyValueSpecification","valueRequired":true,"valueName":"search_term_string"}}],"inLanguage":"en-US"},{"@type":"Organization","@id":"https:\/\/art-bijoux.com\/en\/#organization","name":"art-bijoux","url":"https:\/\/art-bijoux.com\/en\/","logo":{"@type":"ImageObject","inLanguage":"en-US","@id":"https:\/\/art-bijoux.com\/en\/#\/schema\/logo\/image\/","url":"https:\/\/art-bijoux.com\/wp-content\/uploads\/2024\/06\/Art-Bijoux-Logo-Small.png","contentUrl":"https:\/\/art-bijoux.com\/wp-content\/uploads\/2024\/06\/Art-Bijoux-Logo-Small.png","width":722,"height":137,"caption":"art-bijoux"},"image":{"@id":"https:\/\/art-bijoux.com\/en\/#\/schema\/logo\/image\/"}}]}},"_links":{"self":[{"href":"https:\/\/art-bijoux.com\/en\/wp-json\/wp\/v2\/product\/5999","targetHints":{"allow":["GET"]}}],"collection":[{"href":"https:\/\/art-bijoux.com\/en\/wp-json\/wp\/v2\/product"}],"about":[{"href":"https:\/\/art-bijoux.com\/en\/wp-json\/wp\/v2\/types\/product"}],"replies":[{"embeddable":true,"href":"https:\/\/art-bijoux.com\/en\/wp-json\/wp\/v2\/comments?post=5999"}],"version-history":[{"count":1,"href":"https:\/\/art-bijoux.com\/en\/wp-json\/wp\/v2\/product\/5999\/revisions"}],"predecessor-version":[{"id":6006,"href":"https:\/\/art-bijoux.com\/en\/wp-json\/wp\/v2\/product\/5999\/revisions\/6006"}],"wp:featuredmedia":[{"embeddable":true,"href":"https:\/\/art-bijoux.com\/en\/wp-json\/wp\/v2\/media\/6000"}],"wp:attachment":[{"href":"https:\/\/art-bijoux.com\/en\/wp-json\/wp\/v2\/media?parent=5999"}],"wp:term":[{"taxonomy":"product_brand","embeddable":true,"href":"https:\/\/art-bijoux.com\/en\/wp-json\/wp\/v2\/product_brand?post=5999"},{"taxonomy":"product_cat","embeddable":true,"href":"https:\/\/art-bijoux.com\/en\/wp-json\/wp\/v2\/product_cat?post=5999"},{"taxonomy":"product_tag","embeddable":true,"href":"https:\/\/art-bijoux.com\/en\/wp-json\/wp\/v2\/product_tag?post=5999"}],"curies":[{"name":"wp","href":"https:\/\/api.w.org\/{rel}","templated":true}]}}