{"id":6032,"date":"2025-11-25T14:11:36","date_gmt":"2025-11-25T13:11:36","guid":{"rendered":"https:\/\/art-bijoux.com\/?post_type=product&#038;p=6032"},"modified":"2025-11-25T14:11:36","modified_gmt":"2025-11-25T13:11:36","slug":"tableau-memoire-du-japon-meduse-sumi-e","status":"publish","type":"product","link":"https:\/\/art-bijoux.com\/en\/boutique\/tableau-memoire-du-japon-meduse-sumi-e\/","title":{"rendered":"Tableau \u2013 M\u00e9moire du Japon, m\u00e9duse Sumi-e"},"content":{"rendered":"<figure id=\"attachment_6035\" aria-describedby=\"caption-attachment-6035\" style=\"width: 249px\" class=\"wp-caption alignleft\"><img fetchpriority=\"high\" decoding=\"async\" class=\"size-medium wp-image-6035\" src=\"https:\/\/art-bijoux.com\/wp-content\/uploads\/2025\/11\/Memoire-du-Japon-Meduse-sumi-e-249x300.jpg\" alt=\"M\u00e9moire du Japon, M\u00e9duse Sumi-e\" width=\"249\" height=\"300\" srcset=\"https:\/\/art-bijoux.com\/wp-content\/uploads\/2025\/11\/Memoire-du-Japon-Meduse-sumi-e-249x300.jpg 249w, https:\/\/art-bijoux.com\/wp-content\/uploads\/2025\/11\/Memoire-du-Japon-Meduse-sumi-e-850x1024.jpg 850w, https:\/\/art-bijoux.com\/wp-content\/uploads\/2025\/11\/Memoire-du-Japon-Meduse-sumi-e-768x925.jpg 768w, https:\/\/art-bijoux.com\/wp-content\/uploads\/2025\/11\/Memoire-du-Japon-Meduse-sumi-e-600x723.jpg 600w, https:\/\/art-bijoux.com\/wp-content\/uploads\/2025\/11\/Memoire-du-Japon-Meduse-sumi-e.jpg 1080w\" sizes=\"(max-width: 249px) 100vw, 249px\" \/><figcaption id=\"caption-attachment-6035\" class=\"wp-caption-text\">M\u00e9moire du Japon, M\u00e9duse Sumi-e<\/figcaption><\/figure>\n<p data-start=\"426\" data-end=\"872\">Ce tableau unique, intitul\u00e9 \u00ab M\u00e9moire du Japon \u00bb, repr\u00e9sente une m\u00e9duse peinte selon la technique traditionnelle <strong data-start=\"539\" data-end=\"549\">Sumi-e<\/strong>, h\u00e9rit\u00e9e de l\u2019encre japonaise.<br data-start=\"580\" data-end=\"583\" \/>Inspir\u00e9e directement de ton voyage au Japon, cette \u0153uvre explore la fluidit\u00e9 du geste, la simplicit\u00e9 du noir et blanc et la po\u00e9sie des formes marines.<br data-start=\"733\" data-end=\"736\" \/>Chaque courbe, chaque trace d\u2019encre a \u00e9t\u00e9 r\u00e9alis\u00e9e d\u2019un seul souffle, dans l\u2019esprit du Sumi-e : capturer l\u2019essence plut\u00f4t que le d\u00e9tail.<\/p>\n<p data-start=\"874\" data-end=\"1060\">Cette pi\u00e8ce est une \u0153uvre originale, r\u00e9alis\u00e9e \u00e0 l\u2019encre sur papier, mise en valeur par un cadre marbr\u00e9 noir et dor\u00e9.<br data-start=\"986\" data-end=\"989\" \/>Elle apporte une pr\u00e9sence apaisante, contemporaine, m\u00e9ditative.<\/p>\n<hr data-start=\"1062\" data-end=\"1065\" \/>\n<h1 data-start=\"1067\" data-end=\"1087\">Painting \u2013 Memory of Japan, Sumi-e Jellyfish<\/h1>\n<p data-start=\"1089\" data-end=\"1526\">This unique painting, titled \u201cMemory of Japan,\u201d features a jellyfish created using the traditional <strong data-start=\"1188\" data-end=\"1198\">Sumi-e<\/strong> technique, inspired by Japanese ink painting.<br data-start=\"1244\" data-end=\"1247\" \/>Directly influenced by your journey to Japan, the artwork explores the fluidity of gesture, the quiet elegance of black and white, and the poetic movement of marine life.<br data-start=\"1417\" data-end=\"1420\" \/>Every line and ink wash was created in the spirit of Sumi-e: capturing the essence rather than the detail.<\/p>\n<p data-start=\"1528\" data-end=\"1674\">This original piece is painted in ink on paper and presented in a textured vintage frame.<br data-start=\"1617\" data-end=\"1620\" \/>Its atmosphere is serene, contemporary and meditative.<\/p>\n<hr data-start=\"1676\" data-end=\"1679\" \/>\n<h1 data-start=\"1681\" data-end=\"1705\"><strong data-start=\"1683\" data-end=\"1705\">D\u00e9tails techniques<\/strong><\/h1>\n<ul data-start=\"1707\" data-end=\"2041\">\n<li data-start=\"1707\" data-end=\"1776\">\n<p data-start=\"1709\" data-end=\"1776\"><strong data-start=\"1709\" data-end=\"1724\">Technique :<\/strong> encre Sumi-e (technique traditionnelle japonaise)<\/p>\n<\/li>\n<li data-start=\"1777\" data-end=\"1812\">\n<p data-start=\"1779\" data-end=\"1812\"><strong data-start=\"1779\" data-end=\"1792\">Support :<\/strong> papier aquarelle grain moyen<\/p>\n<\/li>\n<li data-start=\"1813\" data-end=\"1878\">\n<p data-start=\"1815\" data-end=\"1878\"><strong data-start=\"1815\" data-end=\"1842\">Dimensions sans cadre :<\/strong> hauteur 50,3 cm \u2013 largeur 40,3 cm<\/p>\n<\/li>\n<li data-start=\"1879\" data-end=\"1940\">\n<p data-start=\"1881\" data-end=\"1940\"><strong data-start=\"1881\" data-end=\"1908\">Dimensions avec cadre :<\/strong> hauteur 55 cm \u2013 largeur 45 cm<\/p>\n<\/li>\n<li data-start=\"1941\" data-end=\"1972\">\n<p data-start=\"1943\" data-end=\"1972\"><strong data-start=\"1943\" data-end=\"1960\">Orientation :<\/strong> verticale<\/p>\n<\/li>\n<li data-start=\"1973\" data-end=\"1999\">\n<p data-start=\"1975\" data-end=\"1999\"><strong data-start=\"1975\" data-end=\"1993\">Pi\u00e8ce unique :<\/strong> oui<\/p>\n<\/li>\n<li data-start=\"2000\" data-end=\"2041\">\n<p data-start=\"2002\" data-end=\"2041\"><strong data-start=\"2002\" data-end=\"2017\">Signature :<\/strong> CBA (en bas \u00e0 droite)<\/p>\n<\/li>\n<\/ul>\n<hr data-start=\"2043\" data-end=\"2046\" \/>\n<h1 data-start=\"2048\" data-end=\"2078\"><strong data-start=\"2050\" data-end=\"2078\">Mati\u00e8res et pr\u00e9sentation<\/strong><\/h1>\n<ul data-start=\"2080\" data-end=\"2212\">\n<li data-start=\"2080\" data-end=\"2111\">\n<p data-start=\"2082\" data-end=\"2111\">Encre noire et grise Sumi-e<\/p>\n<\/li>\n<li data-start=\"2112\" data-end=\"2132\">\n<p data-start=\"2114\" data-end=\"2132\">Papier grain fin<\/p>\n<\/li>\n<li data-start=\"2133\" data-end=\"2176\">\n<p data-start=\"2135\" data-end=\"2176\">Cadre marbr\u00e9 tons gris et dor\u00e9s<\/p>\n<\/li>\n<li data-start=\"2177\" data-end=\"2212\">\n<p data-start=\"2179\" data-end=\"2212\">Crochet d\u2019accrochage pr\u00eat \u00e0 poser<\/p>\n<\/li>\n<\/ul>\n","protected":false},"excerpt":{"rendered":"<p data-start=\"2276\" data-end=\"2414\">Tableau Sumi-e unique : une m\u00e9duse inspir\u00e9e d\u2019un voyage au Japon. Encre noire sur papier, pi\u00e8ce po\u00e9tique et contemporaine, 50,3 \u00d7 40,3 cm.<\/p>\n<p data-start=\"2474\" data-end=\"2612\">Unique Sumi-e painting of a jellyfish inspired by a journey to Japan. Black ink on paper, poetic and contemporary artwork, 50.3 \u00d7 40.3 cm.<\/p>\n","protected":false},"featured_media":6035,"comment_status":"open","ping_status":"closed","template":"","meta":[],"product_brand":[],"product_cat":[225,180,24],"product_tag":[52,224,221],"class_list":{"0":"post-6032","1":"product","2":"type-product","3":"status-publish","4":"has-post-thumbnail","6":"product_cat-aquarelle-tableau-papier","7":"product_cat-portrait-animal","8":"product_cat-diversite-oeuvres-art","9":"product_tag-portrait-animal","10":"product_tag-portrait-animalier","11":"product_tag-tableau","12":"pa_tableau-aquarelle-animal","14":"first","15":"instock","16":"purchasable","17":"product-type-variable"},"_links":{"self":[{"href":"https:\/\/art-bijoux.com\/en\/wp-json\/wp\/v2\/product\/6032","targetHints":{"allow":["GET"]}}],"collection":[{"href":"https:\/\/art-bijoux.com\/en\/wp-json\/wp\/v2\/product"}],"about":[{"href":"https:\/\/art-bijoux.com\/en\/wp-json\/wp\/v2\/types\/product"}],"replies":[{"embeddable":true,"href":"https:\/\/art-bijoux.com\/en\/wp-json\/wp\/v2\/comments?post=6032"}],"version-history":[{"count":1,"href":"https:\/\/art-bijoux.com\/en\/wp-json\/wp\/v2\/product\/6032\/revisions"}],"predecessor-version":[{"id":6041,"href":"https:\/\/art-bijoux.com\/en\/wp-json\/wp\/v2\/product\/6032\/revisions\/6041"}],"wp:featuredmedia":[{"embeddable":true,"href":"https:\/\/art-bijoux.com\/en\/wp-json\/wp\/v2\/media\/6035"}],"wp:attachment":[{"href":"https:\/\/art-bijoux.com\/en\/wp-json\/wp\/v2\/media?parent=6032"}],"wp:term":[{"taxonomy":"product_brand","embeddable":true,"href":"https:\/\/art-bijoux.com\/en\/wp-json\/wp\/v2\/product_brand?post=6032"},{"taxonomy":"product_cat","embeddable":true,"href":"https:\/\/art-bijoux.com\/en\/wp-json\/wp\/v2\/product_cat?post=6032"},{"taxonomy":"product_tag","embeddable":true,"href":"https:\/\/art-bijoux.com\/en\/wp-json\/wp\/v2\/product_tag?post=6032"}],"curies":[{"name":"wp","href":"https:\/\/api.w.org\/{rel}","templated":true}]}}