{"id":6051,"date":"2025-11-26T12:27:52","date_gmt":"2025-11-26T11:27:52","guid":{"rendered":"https:\/\/art-bijoux.com\/?post_type=product&#038;p=6051"},"modified":"2025-11-26T12:36:33","modified_gmt":"2025-11-26T11:36:33","slug":"carte-voeux-bethleem-etoile","status":"publish","type":"product","link":"https:\/\/art-bijoux.com\/en\/boutique\/carte-voeux-bethleem-etoile\/","title":{"rendered":"La porte des Rois Mages"},"content":{"rendered":"<figure id=\"attachment_6052\" aria-describedby=\"caption-attachment-6052\" style=\"width: 209px\" class=\"wp-caption alignleft\"><img fetchpriority=\"high\" decoding=\"async\" class=\"size-medium wp-image-6052\" src=\"https:\/\/art-bijoux.com\/wp-content\/uploads\/2025\/11\/Carte-Bethlehem-209x300.jpg\" alt=\"Carte postale La porte des Rois Mages\" width=\"209\" height=\"300\" srcset=\"https:\/\/art-bijoux.com\/wp-content\/uploads\/2025\/11\/Carte-Bethlehem-209x300.jpg 209w, https:\/\/art-bijoux.com\/wp-content\/uploads\/2025\/11\/Carte-Bethlehem-713x1024.jpg 713w, https:\/\/art-bijoux.com\/wp-content\/uploads\/2025\/11\/Carte-Bethlehem-768x1103.jpg 768w, https:\/\/art-bijoux.com\/wp-content\/uploads\/2025\/11\/Carte-Bethlehem-1070x1536.jpg 1070w, https:\/\/art-bijoux.com\/wp-content\/uploads\/2025\/11\/Carte-Bethlehem-600x862.jpg 600w, https:\/\/art-bijoux.com\/wp-content\/uploads\/2025\/11\/Carte-Bethlehem.jpg 1080w\" sizes=\"(max-width: 209px) 100vw, 209px\" \/><figcaption id=\"caption-attachment-6052\" class=\"wp-caption-text\">Carte postale La porte des Rois Mages<\/figcaption><\/figure>\n<p data-start=\"274\" data-end=\"628\">Cette carte de v\u0153ux est un <strong data-start=\"301\" data-end=\"329\">original peint \u00e0 la main<\/strong>, repr\u00e9sentant une ville de Bethl\u00e9em stylis\u00e9e, \u00e9clair\u00e9e par des d\u00f4mes dor\u00e9s et surmont\u00e9e d\u2019une grande \u00e9toile brillante.<br data-start=\"448\" data-end=\"451\" \/>Les contours or soulignent les volumes des b\u00e2tisses et apportent une chaleur douce \u00e0 la sc\u00e8ne, tandis que le ciel aquarell\u00e9 en bleu sur soie diffuse une atmosph\u00e8re paisible et lumineuse.<\/p>\n<p data-start=\"630\" data-end=\"738\">Une cr\u00e9ation unique, \u00e0 <strong data-start=\"653\" data-end=\"684\">offrir, envoyer ou encadrer<\/strong>, pour accompagner les f\u00eates avec po\u00e9sie et tradition.<\/p>\n<hr data-start=\"740\" data-end=\"743\" \/>\n<p data-start=\"785\" data-end=\"1053\">This greeting card is a <strong data-start=\"809\" data-end=\"840\">unique hand-painted artwork<\/strong>, depicting a stylised Bethlehem with glowing golden domes and a bright guiding star above.<br data-start=\"931\" data-end=\"934\" \/>Golden linework highlights the architecture, while the soft blue watercolor sky creates a peaceful, radiant atmosphere.<\/p>\n<p data-start=\"1055\" data-end=\"1171\">A one-of-a-kind piece you can <strong data-start=\"1085\" data-end=\"1108\">send, gift or frame<\/strong>, perfect for celebrating the season with tradition and poetry.<\/p>\n<p>&nbsp;<\/p>\n<ul data-start=\"420\" data-end=\"691\">\n<li data-start=\"420\" data-end=\"456\">\n<p data-start=\"422\" data-end=\"456\">Dimensions : <strong data-start=\"435\" data-end=\"454\">10,5 cm \u00d7 15 cm<\/strong><\/p>\n<\/li>\n<li data-start=\"457\" data-end=\"477\">\n<p data-start=\"459\" data-end=\"477\">Poids : <strong data-start=\"467\" data-end=\"475\">14 g<\/strong><\/p>\n<\/li>\n<li data-start=\"478\" data-end=\"554\">\n<p data-start=\"480\" data-end=\"554\">Fournie avec : <strong data-start=\"495\" data-end=\"552\">une carte int\u00e9rieure s\u00e9par\u00e9e + une enveloppe assortie<\/strong><\/p>\n<\/li>\n<li data-start=\"555\" data-end=\"602\">\n<p data-start=\"557\" data-end=\"602\">Support ext\u00e9rieur : <strong data-start=\"577\" data-end=\"600\">papier grain\u00e9 \u00e9pais<\/strong><\/p>\n<\/li>\n<li data-start=\"603\" data-end=\"691\">\n<p data-start=\"605\" data-end=\"691\">\u0152uvre originale sur <strong data-start=\"625\" data-end=\"652\">soie naturelle recycl\u00e9e<\/strong><\/p>\n<\/li>\n<\/ul>\n","protected":false},"excerpt":{"rendered":"<p data-start=\"1720\" data-end=\"1863\">Carte de v\u0153ux unique peinte \u00e0 la main : Bethl\u00e9em stylis\u00e9 sous une \u00e9toile brillante, aquarelle et dorure. \u0152uvre originale \u00e0 envoyer ou encadrer.<\/p>\n<p data-start=\"1904\" data-end=\"2044\">Unique hand-painted greeting card: stylised Bethlehem under a shining star, watercolor with gold details. Original artwork to send or frame.<\/p>\n","protected":false},"featured_media":6052,"comment_status":"open","ping_status":"closed","template":"","meta":[],"product_brand":[],"product_cat":[179],"product_tag":[200],"class_list":{"0":"post-6051","1":"product","2":"type-product","3":"status-publish","4":"has-post-thumbnail","6":"product_cat-carte-soie-paysage","7":"product_tag-carte-postale-soie-verre","8":"pa_carte-postale-soie-animal","10":"first","11":"instock","12":"purchasable","13":"product-type-simple"},"_links":{"self":[{"href":"https:\/\/art-bijoux.com\/en\/wp-json\/wp\/v2\/product\/6051","targetHints":{"allow":["GET"]}}],"collection":[{"href":"https:\/\/art-bijoux.com\/en\/wp-json\/wp\/v2\/product"}],"about":[{"href":"https:\/\/art-bijoux.com\/en\/wp-json\/wp\/v2\/types\/product"}],"replies":[{"embeddable":true,"href":"https:\/\/art-bijoux.com\/en\/wp-json\/wp\/v2\/comments?post=6051"}],"version-history":[{"count":1,"href":"https:\/\/art-bijoux.com\/en\/wp-json\/wp\/v2\/product\/6051\/revisions"}],"predecessor-version":[{"id":6054,"href":"https:\/\/art-bijoux.com\/en\/wp-json\/wp\/v2\/product\/6051\/revisions\/6054"}],"wp:featuredmedia":[{"embeddable":true,"href":"https:\/\/art-bijoux.com\/en\/wp-json\/wp\/v2\/media\/6052"}],"wp:attachment":[{"href":"https:\/\/art-bijoux.com\/en\/wp-json\/wp\/v2\/media?parent=6051"}],"wp:term":[{"taxonomy":"product_brand","embeddable":true,"href":"https:\/\/art-bijoux.com\/en\/wp-json\/wp\/v2\/product_brand?post=6051"},{"taxonomy":"product_cat","embeddable":true,"href":"https:\/\/art-bijoux.com\/en\/wp-json\/wp\/v2\/product_cat?post=6051"},{"taxonomy":"product_tag","embeddable":true,"href":"https:\/\/art-bijoux.com\/en\/wp-json\/wp\/v2\/product_tag?post=6051"}],"curies":[{"name":"wp","href":"https:\/\/api.w.org\/{rel}","templated":true}]}}