{"id":6055,"date":"2025-11-26T12:36:57","date_gmt":"2025-11-26T11:36:57","guid":{"rendered":"https:\/\/art-bijoux.com\/?post_type=product&#038;p=6055"},"modified":"2025-11-26T12:41:39","modified_gmt":"2025-11-26T11:41:39","slug":"carte-voeux-etoile-soie","status":"publish","type":"product","link":"https:\/\/art-bijoux.com\/en\/boutique\/carte-voeux-etoile-soie\/","title":{"rendered":"L&#8217;\u00c9toile inclin\u00e9e"},"content":{"rendered":"<figure id=\"attachment_6056\" aria-describedby=\"caption-attachment-6056\" style=\"width: 210px\" class=\"wp-caption alignleft\"><img fetchpriority=\"high\" decoding=\"async\" class=\"size-medium wp-image-6056\" src=\"https:\/\/art-bijoux.com\/wp-content\/uploads\/2025\/11\/Carte-etoile-210x300.jpg\" alt=\"Carte postale L'\u00e9toile inclin\u00e9e\" width=\"210\" height=\"300\" srcset=\"https:\/\/art-bijoux.com\/wp-content\/uploads\/2025\/11\/Carte-etoile-210x300.jpg 210w, https:\/\/art-bijoux.com\/wp-content\/uploads\/2025\/11\/Carte-etoile-716x1024.jpg 716w, https:\/\/art-bijoux.com\/wp-content\/uploads\/2025\/11\/Carte-etoile-768x1098.jpg 768w, https:\/\/art-bijoux.com\/wp-content\/uploads\/2025\/11\/Carte-etoile-1074x1536.jpg 1074w, https:\/\/art-bijoux.com\/wp-content\/uploads\/2025\/11\/Carte-etoile-600x858.jpg 600w, https:\/\/art-bijoux.com\/wp-content\/uploads\/2025\/11\/Carte-etoile.jpg 1080w\" sizes=\"(max-width: 210px) 100vw, 210px\" \/><figcaption id=\"caption-attachment-6056\" class=\"wp-caption-text\">Carte postale L&#8217;\u00e9toile inclin\u00e9e<\/figcaption><\/figure>\n<p data-start=\"451\" data-end=\"777\">Carte de v\u0153ux <strong data-start=\"465\" data-end=\"485\">peinte \u00e0 la main sur soie r\u00e9cup\u00e9r\u00e9e<\/strong>, inspir\u00e9e de l\u2019esth\u00e9tique du vitrail.<br data-start=\"523\" data-end=\"526\" \/>Une \u00e9toile jaune rayonnante occupe le centre de la composition, entour\u00e9e de fragments color\u00e9s bleu nuit et rouge, soulign\u00e9s de contours dor\u00e9s.<br data-start=\"668\" data-end=\"671\" \/>La l\u00e9g\u00e8re inclinaison de l\u2019\u00e9toile accentue le caract\u00e8re artisanal et authentique de cette \u0153uvre originale.<\/p>\n<p data-start=\"779\" data-end=\"887\">Pi\u00e8ce unique \u00e0 <strong data-start=\"794\" data-end=\"825\">envoyer, offrir ou encadrer<\/strong> pour illuminer les f\u00eates d\u2019une touche artistique chaleureuse.<\/p>\n<hr data-start=\"889\" data-end=\"892\" \/>\n<p data-start=\"934\" data-end=\"1211\">Hand-painted greeting card on upcycled sik inspired by <strong data-start=\"973\" data-end=\"998\">stained-glass artwork<\/strong>.<br data-start=\"999\" data-end=\"1002\" \/>A glowing yellow star stands at the centre, surrounded by deep-blue and red glass-like shapes outlined in gold.<br data-start=\"1113\" data-end=\"1116\" \/>The star\u2019s slight tilt adds to the handmade charm and authenticity of this one-of-a-kind piece.<\/p>\n<p data-start=\"1213\" data-end=\"1311\">A unique card you can <strong data-start=\"1235\" data-end=\"1258\">send, gift or frame<\/strong> to bring a warm artistic glow to the holiday season.<\/p>\n<p>&nbsp;<\/p>\n<ul data-start=\"420\" data-end=\"691\">\n<li data-start=\"420\" data-end=\"456\">\n<p data-start=\"422\" data-end=\"456\">Dimensions : <strong data-start=\"435\" data-end=\"454\">10,5 cm \u00d7 15 cm<\/strong><\/p>\n<\/li>\n<li data-start=\"457\" data-end=\"477\">\n<p data-start=\"459\" data-end=\"477\">Poids : <strong data-start=\"467\" data-end=\"475\">14 g<\/strong><\/p>\n<\/li>\n<li data-start=\"478\" data-end=\"554\">\n<p data-start=\"480\" data-end=\"554\">Fournie avec : <strong data-start=\"495\" data-end=\"552\">une carte int\u00e9rieure s\u00e9par\u00e9e + une enveloppe assortie<\/strong><\/p>\n<\/li>\n<li data-start=\"555\" data-end=\"602\">\n<p data-start=\"557\" data-end=\"602\">Support ext\u00e9rieur : <strong data-start=\"577\" data-end=\"600\">papier grain\u00e9 \u00e9pais<\/strong><\/p>\n<\/li>\n<li data-start=\"603\" data-end=\"691\">\n<p data-start=\"605\" data-end=\"691\">\u0152uvre originale sur <strong data-start=\"625\" data-end=\"652\">soie naturelle recycl\u00e9e<\/strong><\/p>\n<\/li>\n<\/ul>\n","protected":false},"excerpt":{"rendered":"<p data-start=\"1813\" data-end=\"1951\">Carte de v\u0153ux unique peinte \u00e0 la main : \u00e9toile fa\u00e7on vitrail, aquarelle et dorure sur soie. \u0152uvre originale \u00e0 envoyer ou \u00e0 encadrer pour les f\u00eates.<\/p>\n<p data-start=\"1992\" data-end=\"2136\">Unique hand-painted greeting card: stained-glass style star in watercolor on silk with gold details. Original artwork to send or frame for the holidays.<\/p>\n","protected":false},"featured_media":6056,"comment_status":"open","ping_status":"closed","template":"","meta":[],"product_brand":[],"product_cat":[179],"product_tag":[200],"class_list":{"0":"post-6055","1":"product","2":"type-product","3":"status-publish","4":"has-post-thumbnail","6":"product_cat-carte-soie-paysage","7":"product_tag-carte-postale-soie-verre","8":"pa_carte-postale-soie-animal","10":"first","11":"instock","12":"purchasable","13":"product-type-simple"},"_links":{"self":[{"href":"https:\/\/art-bijoux.com\/en\/wp-json\/wp\/v2\/product\/6055","targetHints":{"allow":["GET"]}}],"collection":[{"href":"https:\/\/art-bijoux.com\/en\/wp-json\/wp\/v2\/product"}],"about":[{"href":"https:\/\/art-bijoux.com\/en\/wp-json\/wp\/v2\/types\/product"}],"replies":[{"embeddable":true,"href":"https:\/\/art-bijoux.com\/en\/wp-json\/wp\/v2\/comments?post=6055"}],"version-history":[{"count":1,"href":"https:\/\/art-bijoux.com\/en\/wp-json\/wp\/v2\/product\/6055\/revisions"}],"predecessor-version":[{"id":6058,"href":"https:\/\/art-bijoux.com\/en\/wp-json\/wp\/v2\/product\/6055\/revisions\/6058"}],"wp:featuredmedia":[{"embeddable":true,"href":"https:\/\/art-bijoux.com\/en\/wp-json\/wp\/v2\/media\/6056"}],"wp:attachment":[{"href":"https:\/\/art-bijoux.com\/en\/wp-json\/wp\/v2\/media?parent=6055"}],"wp:term":[{"taxonomy":"product_brand","embeddable":true,"href":"https:\/\/art-bijoux.com\/en\/wp-json\/wp\/v2\/product_brand?post=6055"},{"taxonomy":"product_cat","embeddable":true,"href":"https:\/\/art-bijoux.com\/en\/wp-json\/wp\/v2\/product_cat?post=6055"},{"taxonomy":"product_tag","embeddable":true,"href":"https:\/\/art-bijoux.com\/en\/wp-json\/wp\/v2\/product_tag?post=6055"}],"curies":[{"name":"wp","href":"https:\/\/api.w.org\/{rel}","templated":true}]}}