{"id":6072,"date":"2025-11-26T12:56:07","date_gmt":"2025-11-26T11:56:07","guid":{"rendered":"https:\/\/art-bijoux.com\/?post_type=product&#038;p=6072"},"modified":"2025-11-26T12:59:16","modified_gmt":"2025-11-26T11:59:16","slug":"carte-de-voeux-eglise","status":"publish","type":"product","link":"https:\/\/art-bijoux.com\/en\/boutique\/carte-de-voeux-eglise\/","title":{"rendered":"Carte postale L\u2019\u00e9glise sous l\u2019\u00e9toile"},"content":{"rendered":"<figure id=\"attachment_6069\" aria-describedby=\"caption-attachment-6069\" style=\"width: 232px\" class=\"wp-caption alignleft\"><img fetchpriority=\"high\" decoding=\"async\" class=\"size-medium wp-image-6069\" src=\"https:\/\/art-bijoux.com\/wp-content\/uploads\/2025\/11\/Carte-eglise-232x300.jpg\" alt=\"Carte postale L'\u00e9glise sous l'\u00e9toile\" width=\"232\" height=\"300\" srcset=\"https:\/\/art-bijoux.com\/wp-content\/uploads\/2025\/11\/Carte-eglise-232x300.jpg 232w, https:\/\/art-bijoux.com\/wp-content\/uploads\/2025\/11\/Carte-eglise-792x1024.jpg 792w, https:\/\/art-bijoux.com\/wp-content\/uploads\/2025\/11\/Carte-eglise-768x993.jpg 768w, https:\/\/art-bijoux.com\/wp-content\/uploads\/2025\/11\/Carte-eglise-600x776.jpg 600w, https:\/\/art-bijoux.com\/wp-content\/uploads\/2025\/11\/Carte-eglise.jpg 1080w\" sizes=\"(max-width: 232px) 100vw, 232px\" \/><figcaption id=\"caption-attachment-6069\" class=\"wp-caption-text\">Carte postale L&#8217;\u00e9glise sous l&#8217;\u00e9toile<\/figcaption><\/figure>\n<p data-start=\"305\" data-end=\"666\">Carte de v\u0153ux <strong data-start=\"319\" data-end=\"329\">unique<\/strong>, peinte \u00e0 la main sur <strong data-start=\"352\" data-end=\"386\">soie naturelle de r\u00e9cup\u00e9ration<\/strong> issue de tes propres foulards artisanaux.<br data-start=\"428\" data-end=\"431\" \/>Le motif repr\u00e9sente une <strong data-start=\"455\" data-end=\"481\">petite \u00e9glise stylis\u00e9e<\/strong>, aux contours dor\u00e9s, pos\u00e9e sur une colline enneig\u00e9e et entour\u00e9e de sapins. Une \u00e9toile dor\u00e9e brille au sommet du clocher, \u00e9voquant la douceur et la simplicit\u00e9 des f\u00eates traditionnelles.<\/p>\n<p data-start=\"668\" data-end=\"797\">La soie donne \u00e0 l\u2019ensemble une transparence d\u00e9licate et un \u00e9clat l\u00e9ger, parfait pour une carte \u00e0 <strong data-start=\"765\" data-end=\"796\">envoyer, offrir ou encadrer<\/strong>.<\/p>\n<hr data-start=\"799\" data-end=\"802\" \/>\n<p data-start=\"844\" data-end=\"1160\">A <strong data-start=\"846\" data-end=\"856\">unique<\/strong>, hand-painted greeting card on <strong data-start=\"888\" data-end=\"913\">upcycled natural silk<\/strong> from your own artisan scarves.<br data-start=\"944\" data-end=\"947\" \/>The artwork depicts a <strong data-start=\"969\" data-end=\"988\">stylised church<\/strong> outlined in gold, set on a snowy hill and framed by pine trees, with a golden star shining above the steeple. The scene captures the soft, traditional spirit of Christmas.<\/p>\n<p data-start=\"1162\" data-end=\"1268\">The silk\u2019s subtle transparency gives the piece a gentle, luminous charm, ideal to <strong data-start=\"1244\" data-end=\"1267\">send, gift or frame<\/strong>.<\/p>\n<hr data-start=\"1270\" data-end=\"1273\" \/>\n<h1 data-start=\"1275\" data-end=\"1306\">\u2b50 <strong data-start=\"1279\" data-end=\"1304\">4D\u00e9tails techniques<\/strong><\/h1>\n<ul data-start=\"1307\" data-end=\"1578\">\n<li data-start=\"1307\" data-end=\"1381\">\n<p data-start=\"1309\" data-end=\"1381\">Support : <strong data-start=\"1319\" data-end=\"1346\">soie naturelle recycl\u00e9e<\/strong> (chutes de foulards peints main)<\/p>\n<\/li>\n<li data-start=\"1382\" data-end=\"1416\">\n<p data-start=\"1384\" data-end=\"1416\">Technique : aquarelle + dorure<\/p>\n<\/li>\n<li data-start=\"1417\" data-end=\"1460\">\n<p data-start=\"1419\" data-end=\"1460\">Sujet : \u00e9glise stylis\u00e9e sous une \u00e9toile<\/p>\n<\/li>\n<li data-start=\"1461\" data-end=\"1496\">\n<p data-start=\"1463\" data-end=\"1496\">Format : carte postale standard<\/p>\n<\/li>\n<li data-start=\"1497\" data-end=\"1529\">\n<p data-start=\"1499\" data-end=\"1529\">Original : oui, pi\u00e8ce unique<\/p>\n<\/li>\n<li data-start=\"1530\" data-end=\"1560\">\n<p data-start=\"1532\" data-end=\"1560\">Encadrement possible : oui<\/p>\n<\/li>\n<li data-start=\"1561\" data-end=\"1578\">\n<p data-start=\"1563\" data-end=\"1578\">Signature : oui<\/p>\n<\/li>\n<\/ul>\n<p>&nbsp;<\/p>\n","protected":false},"excerpt":{"rendered":"<p data-start=\"1865\" data-end=\"2007\">Carte de v\u0153ux unique sur soie recycl\u00e9e : \u00e9glise dor\u00e9e peinte \u00e0 la main, aquarelle et dorure. Pi\u00e8ce originale \u00e9cologique \u00e0 envoyer ou encadrer.<\/p>\n<p data-start=\"2048\" data-end=\"2192\">Unique upcycled silk greeting card: hand-painted golden church with watercolor and gold details. Eco-friendly original artwork to send or frame.<\/p>\n","protected":false},"featured_media":6069,"comment_status":"open","ping_status":"closed","template":"","meta":[],"product_brand":[],"product_cat":[179],"product_tag":[200],"class_list":{"0":"post-6072","1":"product","2":"type-product","3":"status-publish","4":"has-post-thumbnail","6":"product_cat-carte-soie-paysage","7":"product_tag-carte-postale-soie-verre","8":"pa_carte-postale-soie-animal","10":"first","11":"instock","12":"purchasable","13":"product-type-simple"},"_links":{"self":[{"href":"https:\/\/art-bijoux.com\/en\/wp-json\/wp\/v2\/product\/6072","targetHints":{"allow":["GET"]}}],"collection":[{"href":"https:\/\/art-bijoux.com\/en\/wp-json\/wp\/v2\/product"}],"about":[{"href":"https:\/\/art-bijoux.com\/en\/wp-json\/wp\/v2\/types\/product"}],"replies":[{"embeddable":true,"href":"https:\/\/art-bijoux.com\/en\/wp-json\/wp\/v2\/comments?post=6072"}],"version-history":[{"count":1,"href":"https:\/\/art-bijoux.com\/en\/wp-json\/wp\/v2\/product\/6072\/revisions"}],"predecessor-version":[{"id":6073,"href":"https:\/\/art-bijoux.com\/en\/wp-json\/wp\/v2\/product\/6072\/revisions\/6073"}],"wp:featuredmedia":[{"embeddable":true,"href":"https:\/\/art-bijoux.com\/en\/wp-json\/wp\/v2\/media\/6069"}],"wp:attachment":[{"href":"https:\/\/art-bijoux.com\/en\/wp-json\/wp\/v2\/media?parent=6072"}],"wp:term":[{"taxonomy":"product_brand","embeddable":true,"href":"https:\/\/art-bijoux.com\/en\/wp-json\/wp\/v2\/product_brand?post=6072"},{"taxonomy":"product_cat","embeddable":true,"href":"https:\/\/art-bijoux.com\/en\/wp-json\/wp\/v2\/product_cat?post=6072"},{"taxonomy":"product_tag","embeddable":true,"href":"https:\/\/art-bijoux.com\/en\/wp-json\/wp\/v2\/product_tag?post=6072"}],"curies":[{"name":"wp","href":"https:\/\/api.w.org\/{rel}","templated":true}]}}