{"id":6391,"date":"2026-03-24T10:05:14","date_gmt":"2026-03-24T09:05:14","guid":{"rendered":"https:\/\/art-bijoux.com\/?post_type=product&#038;p=6391"},"modified":"2026-03-24T10:20:34","modified_gmt":"2026-03-24T09:20:34","slug":"duo-de-carpes-encres-et-aquarelle-sur-papier-de-murier","status":"publish","type":"product","link":"https:\/\/art-bijoux.com\/en\/boutique\/duo-de-carpes-encres-et-aquarelle-sur-papier-de-murier\/","title":{"rendered":"DUO DE CARPES- Encres et aquarelle sur papier de murier"},"content":{"rendered":"<figure id=\"attachment_6392\" aria-describedby=\"caption-attachment-6392\" style=\"width: 169px\" class=\"wp-caption alignleft\"><img fetchpriority=\"high\" decoding=\"async\" class=\"size-medium wp-image-6392\" src=\"https:\/\/art-bijoux.com\/wp-content\/uploads\/2026\/03\/20260323_153237-169x300.jpg\" alt=\"Duo de carpes, encres et aquarelles sur papier de murier\" width=\"169\" height=\"300\" srcset=\"https:\/\/art-bijoux.com\/wp-content\/uploads\/2026\/03\/20260323_153237-169x300.jpg 169w, https:\/\/art-bijoux.com\/wp-content\/uploads\/2026\/03\/20260323_153237-577x1024.jpg 577w, https:\/\/art-bijoux.com\/wp-content\/uploads\/2026\/03\/20260323_153237-768x1364.jpg 768w, https:\/\/art-bijoux.com\/wp-content\/uploads\/2026\/03\/20260323_153237-865x1536.jpg 865w, https:\/\/art-bijoux.com\/wp-content\/uploads\/2026\/03\/20260323_153237-1153x2048.jpg 1153w, https:\/\/art-bijoux.com\/wp-content\/uploads\/2026\/03\/20260323_153237-600x1066.jpg 600w, https:\/\/art-bijoux.com\/wp-content\/uploads\/2026\/03\/20260323_153237-scaled.jpg 1441w\" sizes=\"(max-width: 169px) 100vw, 169px\" \/><figcaption id=\"caption-attachment-6392\" class=\"wp-caption-text\">Duo de carpes, encres et aquarelles sur papier de murier<\/figcaption><\/figure>\n<p data-start=\"249\" data-end=\"553\">Ce tableau repr\u00e9sente un duo de carpes inspir\u00e9 d\u2019un voyage au Japon, o\u00f9 ces poissons traversent aussi bien les jardins que les imaginaires. Associ\u00e9es \u00e0 la pers\u00e9v\u00e9rance et \u00e0 la transformation, elles sont ici trait\u00e9es dans une \u00e9criture volontairement discr\u00e8te, presque silencieuse.<\/p>\n<p data-start=\"555\" data-end=\"793\">R\u00e9alis\u00e9e \u00e0 l\u2019encre et \u00e0 l\u2019aquarelle sur papier de m\u00fbrier, l\u2019\u0153uvre joue avec la texture du support, qui capte la lumi\u00e8re et r\u00e9v\u00e8le des nuances subtiles. Le geste reste l\u00e9ger, laissant appara\u00eetre des zones de respiration et de transparence.<\/p>\n<p data-start=\"795\" data-end=\"923\">Le cadre, r\u00e9alis\u00e9 en carton de r\u00e9cup\u00e9ration, prolonge cette approche en int\u00e9grant une dimension de transformation des mat\u00e9riaux.<\/p>\n<p data-start=\"925\" data-end=\"1017\">Une pi\u00e8ce \u00e0 la fois sensible et \u00e9pur\u00e9e, entre tradition japonaise et d\u00e9marche contemporaine.<\/p>\n<p data-start=\"1024\" data-end=\"1295\"><br data-start=\"1045\" data-end=\"1048\" \/>This painting depicts a pair of koi inspired by a journey to Japan, where these fish move between gardens and imagination. Often associated with perseverance and transformation, they are rendered here in a deliberately subtle, almost silent style.<\/p>\n<p data-start=\"1297\" data-end=\"1520\">Created with ink and watercolor on mulberry paper, the artwork interacts with the texture of the surface, capturing light and revealing delicate nuances. The gesture remains light, allowing space and transparency to emerge.<\/p>\n<p data-start=\"1522\" data-end=\"1624\">The frame, made from recycled cardboard, extends this approach by integrating material transformation.<\/p>\n<p data-start=\"1626\" data-end=\"1710\">A refined and sensitive piece, between Japanese tradition and contemporary practice.<\/p>\n<hr data-start=\"1712\" data-end=\"1715\" \/>\n<p data-start=\"1717\" data-end=\"1945\"><strong data-start=\"1717\" data-end=\"1741\">D\u00e9tails techniques :<\/strong><br data-start=\"1741\" data-end=\"1744\" \/>Technique : encre et aquarelle<br data-start=\"1774\" data-end=\"1777\" \/>Support : papier de m\u00fbrier<br data-start=\"1803\" data-end=\"1806\" \/>Dimensions de l\u2019\u0153uvre : 25 \u00d7 15 cm<br data-start=\"1840\" data-end=\"1843\" \/>Dimensions avec cadre : 33,6 \u00d7 44 cm<br data-start=\"1879\" data-end=\"1882\" \/>Cadre : carton de r\u00e9cup\u00e9ration r\u00e9alis\u00e9 \u00e0 la main<br data-start=\"1930\" data-end=\"1933\" \/>Pi\u00e8ce unique<\/p>\n","protected":false},"excerpt":{"rendered":"<p data-start=\"2135\" data-end=\"2292\">Tableau duo de carpes \u00e0 l\u2019encre et aquarelle sur papier de m\u00fbrier, cadre en carton recycl\u00e9, \u0153uvre unique inspir\u00e9e du Japon.<\/p>\n<p data-start=\"2135\" data-end=\"2292\">Koi pair painting in ink and watercolor on mulberry paper, framed with recycled cardboard, unique artwork inspired by Japan.<\/p>\n","protected":false},"featured_media":6392,"comment_status":"open","ping_status":"closed","template":"","meta":[],"product_brand":[],"product_cat":[225,297,296,24],"product_tag":[52,221],"class_list":{"0":"post-6391","1":"product","2":"type-product","3":"status-publish","4":"has-post-thumbnail","6":"product_cat-aquarelle-tableau-papier","7":"product_cat-encre-peinture-papierecorce","8":"product_cat-papierecorce-peinture-encre","9":"product_cat-diversite-oeuvres-art","10":"product_tag-portrait-animal","11":"product_tag-tableau","13":"first","14":"instock","15":"purchasable","16":"product-type-variable"},"yoast_head":"<!-- This site is optimized with the Yoast SEO plugin v27.5 - https:\/\/yoast.com\/product\/yoast-seo-wordpress\/ -->\n<title>DUO DE CARPES- Encres et aquarelle sur papier de murier - art-bijoux<\/title>\n<meta name=\"description\" content=\"Tableau duo de carpes \u00e0 l\u2019encre et aquarelle sur papier de m\u00fbrier, cadre en carton recycl\u00e9, \u0153uvre unique inspir\u00e9e du Japon.\" \/>\n<meta name=\"robots\" content=\"index, follow, max-snippet:-1, max-image-preview:large, max-video-preview:-1\" \/>\n<link rel=\"canonical\" href=\"https:\/\/art-bijoux.com\/en\/boutique\/duo-de-carpes-encres-et-aquarelle-sur-papier-de-murier\/\" \/>\n<meta property=\"og:locale\" content=\"en_US\" \/>\n<meta property=\"og:type\" content=\"article\" \/>\n<meta property=\"og:title\" content=\"DUO DE CARPES- Encres et aquarelle sur papier de murier - art-bijoux\" \/>\n<meta property=\"og:description\" content=\"Tableau duo de carpes \u00e0 l\u2019encre et aquarelle sur papier de m\u00fbrier, cadre en carton recycl\u00e9, \u0153uvre unique inspir\u00e9e du Japon.\" \/>\n<meta property=\"og:url\" content=\"https:\/\/art-bijoux.com\/en\/boutique\/duo-de-carpes-encres-et-aquarelle-sur-papier-de-murier\/\" \/>\n<meta property=\"og:site_name\" content=\"art-bijoux\" \/>\n<meta property=\"article:modified_time\" content=\"2026-03-24T09:20:34+00:00\" \/>\n<meta property=\"og:image\" content=\"https:\/\/art-bijoux.com\/wp-content\/uploads\/2026\/03\/20260323_153237-scaled.jpg\" \/>\n\t<meta property=\"og:image:width\" content=\"1441\" \/>\n\t<meta property=\"og:image:height\" content=\"2560\" \/>\n\t<meta property=\"og:image:type\" content=\"image\/jpeg\" \/>\n<meta name=\"twitter:card\" content=\"summary_large_image\" \/>\n<meta name=\"twitter:label1\" content=\"Est. reading time\" \/>\n\t<meta name=\"twitter:data1\" content=\"2 minutes\" \/>\n<script type=\"application\/ld+json\" class=\"yoast-schema-graph\">{\"@context\":\"https:\\\/\\\/schema.org\",\"@graph\":[{\"@type\":\"WebPage\",\"@id\":\"https:\\\/\\\/art-bijoux.com\\\/en\\\/boutique\\\/duo-de-carpes-encres-et-aquarelle-sur-papier-de-murier\\\/\",\"url\":\"https:\\\/\\\/art-bijoux.com\\\/en\\\/boutique\\\/duo-de-carpes-encres-et-aquarelle-sur-papier-de-murier\\\/\",\"name\":\"DUO DE CARPES- Encres et aquarelle sur papier de murier - art-bijoux\",\"isPartOf\":{\"@id\":\"https:\\\/\\\/art-bijoux.com\\\/en\\\/#website\"},\"primaryImageOfPage\":{\"@id\":\"https:\\\/\\\/art-bijoux.com\\\/en\\\/boutique\\\/duo-de-carpes-encres-et-aquarelle-sur-papier-de-murier\\\/#primaryimage\"},\"image\":{\"@id\":\"https:\\\/\\\/art-bijoux.com\\\/en\\\/boutique\\\/duo-de-carpes-encres-et-aquarelle-sur-papier-de-murier\\\/#primaryimage\"},\"thumbnailUrl\":\"https:\\\/\\\/art-bijoux.com\\\/wp-content\\\/uploads\\\/2026\\\/03\\\/20260323_153237-scaled.jpg\",\"datePublished\":\"2026-03-24T09:05:14+00:00\",\"dateModified\":\"2026-03-24T09:20:34+00:00\",\"description\":\"Tableau duo de carpes \u00e0 l\u2019encre et aquarelle sur papier de m\u00fbrier, cadre en carton recycl\u00e9, \u0153uvre unique inspir\u00e9e du Japon.\",\"breadcrumb\":{\"@id\":\"https:\\\/\\\/art-bijoux.com\\\/en\\\/boutique\\\/duo-de-carpes-encres-et-aquarelle-sur-papier-de-murier\\\/#breadcrumb\"},\"inLanguage\":\"en-US\",\"potentialAction\":[{\"@type\":\"ReadAction\",\"target\":[\"https:\\\/\\\/art-bijoux.com\\\/en\\\/boutique\\\/duo-de-carpes-encres-et-aquarelle-sur-papier-de-murier\\\/\"]}]},{\"@type\":\"ImageObject\",\"inLanguage\":\"en-US\",\"@id\":\"https:\\\/\\\/art-bijoux.com\\\/en\\\/boutique\\\/duo-de-carpes-encres-et-aquarelle-sur-papier-de-murier\\\/#primaryimage\",\"url\":\"https:\\\/\\\/art-bijoux.com\\\/wp-content\\\/uploads\\\/2026\\\/03\\\/20260323_153237-scaled.jpg\",\"contentUrl\":\"https:\\\/\\\/art-bijoux.com\\\/wp-content\\\/uploads\\\/2026\\\/03\\\/20260323_153237-scaled.jpg\",\"width\":1441,\"height\":2560,\"caption\":\"Duo de carpes, encres et aquarelles sur papier de murier\"},{\"@type\":\"BreadcrumbList\",\"@id\":\"https:\\\/\\\/art-bijoux.com\\\/en\\\/boutique\\\/duo-de-carpes-encres-et-aquarelle-sur-papier-de-murier\\\/#breadcrumb\",\"itemListElement\":[{\"@type\":\"ListItem\",\"position\":1,\"name\":\"Accueil\",\"item\":\"https:\\\/\\\/art-bijoux.com\\\/en\\\/home\\\/\"},{\"@type\":\"ListItem\",\"position\":2,\"name\":\"Shop\",\"item\":\"https:\\\/\\\/art-bijoux.com\\\/en\\\/shop\\\/\"},{\"@type\":\"ListItem\",\"position\":3,\"name\":\"DUO DE CARPES- Encres et aquarelle sur papier de murier\"}]},{\"@type\":\"WebSite\",\"@id\":\"https:\\\/\\\/art-bijoux.com\\\/en\\\/#website\",\"url\":\"https:\\\/\\\/art-bijoux.com\\\/en\\\/\",\"name\":\"art-bijoux\",\"description\":\"Osez porter \\\/ offrir un vitrail unique \u00e0 prix abordable\",\"publisher\":{\"@id\":\"https:\\\/\\\/art-bijoux.com\\\/en\\\/#organization\"},\"potentialAction\":[{\"@type\":\"SearchAction\",\"target\":{\"@type\":\"EntryPoint\",\"urlTemplate\":\"https:\\\/\\\/art-bijoux.com\\\/en\\\/?s={search_term_string}\"},\"query-input\":{\"@type\":\"PropertyValueSpecification\",\"valueRequired\":true,\"valueName\":\"search_term_string\"}}],\"inLanguage\":\"en-US\"},{\"@type\":\"Organization\",\"@id\":\"https:\\\/\\\/art-bijoux.com\\\/en\\\/#organization\",\"name\":\"art-bijoux\",\"url\":\"https:\\\/\\\/art-bijoux.com\\\/en\\\/\",\"logo\":{\"@type\":\"ImageObject\",\"inLanguage\":\"en-US\",\"@id\":\"https:\\\/\\\/art-bijoux.com\\\/en\\\/#\\\/schema\\\/logo\\\/image\\\/\",\"url\":\"https:\\\/\\\/art-bijoux.com\\\/wp-content\\\/uploads\\\/2024\\\/06\\\/Art-Bijoux-Logo-Small.png\",\"contentUrl\":\"https:\\\/\\\/art-bijoux.com\\\/wp-content\\\/uploads\\\/2024\\\/06\\\/Art-Bijoux-Logo-Small.png\",\"width\":722,\"height\":137,\"caption\":\"art-bijoux\"},\"image\":{\"@id\":\"https:\\\/\\\/art-bijoux.com\\\/en\\\/#\\\/schema\\\/logo\\\/image\\\/\"}}]}<\/script>\n<!-- \/ Yoast SEO plugin. -->","yoast_head_json":{"title":"DUO DE CARPES- Encres et aquarelle sur papier de murier - art-bijoux","description":"Tableau duo de carpes \u00e0 l\u2019encre et aquarelle sur papier de m\u00fbrier, cadre en carton recycl\u00e9, \u0153uvre unique inspir\u00e9e du Japon.","robots":{"index":"index","follow":"follow","max-snippet":"max-snippet:-1","max-image-preview":"max-image-preview:large","max-video-preview":"max-video-preview:-1"},"canonical":"https:\/\/art-bijoux.com\/en\/boutique\/duo-de-carpes-encres-et-aquarelle-sur-papier-de-murier\/","og_locale":"en_US","og_type":"article","og_title":"DUO DE CARPES- Encres et aquarelle sur papier de murier - art-bijoux","og_description":"Tableau duo de carpes \u00e0 l\u2019encre et aquarelle sur papier de m\u00fbrier, cadre en carton recycl\u00e9, \u0153uvre unique inspir\u00e9e du Japon.","og_url":"https:\/\/art-bijoux.com\/en\/boutique\/duo-de-carpes-encres-et-aquarelle-sur-papier-de-murier\/","og_site_name":"art-bijoux","article_modified_time":"2026-03-24T09:20:34+00:00","og_image":[{"width":1441,"height":2560,"url":"https:\/\/art-bijoux.com\/wp-content\/uploads\/2026\/03\/20260323_153237-scaled.jpg","type":"image\/jpeg"}],"twitter_card":"summary_large_image","twitter_misc":{"Est. reading time":"2 minutes"},"schema":{"@context":"https:\/\/schema.org","@graph":[{"@type":"WebPage","@id":"https:\/\/art-bijoux.com\/en\/boutique\/duo-de-carpes-encres-et-aquarelle-sur-papier-de-murier\/","url":"https:\/\/art-bijoux.com\/en\/boutique\/duo-de-carpes-encres-et-aquarelle-sur-papier-de-murier\/","name":"DUO DE CARPES- Encres et aquarelle sur papier de murier - art-bijoux","isPartOf":{"@id":"https:\/\/art-bijoux.com\/en\/#website"},"primaryImageOfPage":{"@id":"https:\/\/art-bijoux.com\/en\/boutique\/duo-de-carpes-encres-et-aquarelle-sur-papier-de-murier\/#primaryimage"},"image":{"@id":"https:\/\/art-bijoux.com\/en\/boutique\/duo-de-carpes-encres-et-aquarelle-sur-papier-de-murier\/#primaryimage"},"thumbnailUrl":"https:\/\/art-bijoux.com\/wp-content\/uploads\/2026\/03\/20260323_153237-scaled.jpg","datePublished":"2026-03-24T09:05:14+00:00","dateModified":"2026-03-24T09:20:34+00:00","description":"Tableau duo de carpes \u00e0 l\u2019encre et aquarelle sur papier de m\u00fbrier, cadre en carton recycl\u00e9, \u0153uvre unique inspir\u00e9e du Japon.","breadcrumb":{"@id":"https:\/\/art-bijoux.com\/en\/boutique\/duo-de-carpes-encres-et-aquarelle-sur-papier-de-murier\/#breadcrumb"},"inLanguage":"en-US","potentialAction":[{"@type":"ReadAction","target":["https:\/\/art-bijoux.com\/en\/boutique\/duo-de-carpes-encres-et-aquarelle-sur-papier-de-murier\/"]}]},{"@type":"ImageObject","inLanguage":"en-US","@id":"https:\/\/art-bijoux.com\/en\/boutique\/duo-de-carpes-encres-et-aquarelle-sur-papier-de-murier\/#primaryimage","url":"https:\/\/art-bijoux.com\/wp-content\/uploads\/2026\/03\/20260323_153237-scaled.jpg","contentUrl":"https:\/\/art-bijoux.com\/wp-content\/uploads\/2026\/03\/20260323_153237-scaled.jpg","width":1441,"height":2560,"caption":"Duo de carpes, encres et aquarelles sur papier de murier"},{"@type":"BreadcrumbList","@id":"https:\/\/art-bijoux.com\/en\/boutique\/duo-de-carpes-encres-et-aquarelle-sur-papier-de-murier\/#breadcrumb","itemListElement":[{"@type":"ListItem","position":1,"name":"Accueil","item":"https:\/\/art-bijoux.com\/en\/home\/"},{"@type":"ListItem","position":2,"name":"Shop","item":"https:\/\/art-bijoux.com\/en\/shop\/"},{"@type":"ListItem","position":3,"name":"DUO DE CARPES- Encres et aquarelle sur papier de murier"}]},{"@type":"WebSite","@id":"https:\/\/art-bijoux.com\/en\/#website","url":"https:\/\/art-bijoux.com\/en\/","name":"art-bijoux","description":"Osez porter \/ offrir un vitrail unique \u00e0 prix abordable","publisher":{"@id":"https:\/\/art-bijoux.com\/en\/#organization"},"potentialAction":[{"@type":"SearchAction","target":{"@type":"EntryPoint","urlTemplate":"https:\/\/art-bijoux.com\/en\/?s={search_term_string}"},"query-input":{"@type":"PropertyValueSpecification","valueRequired":true,"valueName":"search_term_string"}}],"inLanguage":"en-US"},{"@type":"Organization","@id":"https:\/\/art-bijoux.com\/en\/#organization","name":"art-bijoux","url":"https:\/\/art-bijoux.com\/en\/","logo":{"@type":"ImageObject","inLanguage":"en-US","@id":"https:\/\/art-bijoux.com\/en\/#\/schema\/logo\/image\/","url":"https:\/\/art-bijoux.com\/wp-content\/uploads\/2024\/06\/Art-Bijoux-Logo-Small.png","contentUrl":"https:\/\/art-bijoux.com\/wp-content\/uploads\/2024\/06\/Art-Bijoux-Logo-Small.png","width":722,"height":137,"caption":"art-bijoux"},"image":{"@id":"https:\/\/art-bijoux.com\/en\/#\/schema\/logo\/image\/"}}]}},"_links":{"self":[{"href":"https:\/\/art-bijoux.com\/en\/wp-json\/wp\/v2\/product\/6391","targetHints":{"allow":["GET"]}}],"collection":[{"href":"https:\/\/art-bijoux.com\/en\/wp-json\/wp\/v2\/product"}],"about":[{"href":"https:\/\/art-bijoux.com\/en\/wp-json\/wp\/v2\/types\/product"}],"replies":[{"embeddable":true,"href":"https:\/\/art-bijoux.com\/en\/wp-json\/wp\/v2\/comments?post=6391"}],"version-history":[{"count":1,"href":"https:\/\/art-bijoux.com\/en\/wp-json\/wp\/v2\/product\/6391\/revisions"}],"predecessor-version":[{"id":6398,"href":"https:\/\/art-bijoux.com\/en\/wp-json\/wp\/v2\/product\/6391\/revisions\/6398"}],"wp:featuredmedia":[{"embeddable":true,"href":"https:\/\/art-bijoux.com\/en\/wp-json\/wp\/v2\/media\/6392"}],"wp:attachment":[{"href":"https:\/\/art-bijoux.com\/en\/wp-json\/wp\/v2\/media?parent=6391"}],"wp:term":[{"taxonomy":"product_brand","embeddable":true,"href":"https:\/\/art-bijoux.com\/en\/wp-json\/wp\/v2\/product_brand?post=6391"},{"taxonomy":"product_cat","embeddable":true,"href":"https:\/\/art-bijoux.com\/en\/wp-json\/wp\/v2\/product_cat?post=6391"},{"taxonomy":"product_tag","embeddable":true,"href":"https:\/\/art-bijoux.com\/en\/wp-json\/wp\/v2\/product_tag?post=6391"}],"curies":[{"name":"wp","href":"https:\/\/api.w.org\/{rel}","templated":true}]}}